{"id":9902,"date":"2025-04-02T10:58:15","date_gmt":"2025-04-02T07:58:15","guid":{"rendered":"https:\/\/biopark.ee\/?page_id=9902"},"modified":"2025-05-05T19:19:45","modified_gmt":"2025-05-05T16:19:45","slug":"empowering-women-in-agrifood-ewa-2025","status":"publish","type":"page","link":"https:\/\/biopark.ee\/et\/empowering-women-in-agrifood-ewa-2025\/","title":{"rendered":"Empowering Women in Agrifood (EWA)"},"content":{"rendered":"<div  class='flex_column av-4ufq4h-112d9bb452dd1817f57e0515ebb6e76a av_one_full  avia-builder-el-0  el_before_av_hr  avia-builder-el-first  first flex_column_div'     ><style type=\"text\/css\" data-created_by=\"avia_inline_auto\" id=\"style-css-av-lk5c416c-40a77b73aa152bb4081d158da417bace\">\n.avia-image-container.av-lk5c416c-40a77b73aa152bb4081d158da417bace img.avia_image{\nbox-shadow:none;\n}\n.avia-image-container.av-lk5c416c-40a77b73aa152bb4081d158da417bace .av-image-caption-overlay-center{\ncolor:#ffffff;\n}\n<\/style>\n<div  class='avia-image-container av-lk5c416c-40a77b73aa152bb4081d158da417bace av-styling- avia-align-center  avia-builder-el-1  avia-builder-el-no-sibling'   itemprop=\"image\" itemscope=\"itemscope\" itemtype=\"https:\/\/schema.org\/ImageObject\" ><div class=\"avia-image-container-inner\"><div class=\"avia-image-overlay-wrap\"><img decoding=\"async\" class='wp-image-9905 avia-img-lazy-loading-not-9905 avia_image' src=\"https:\/\/biopark.ee\/wp-content\/uploads\/2025\/04\/EWA_web-megabanner_1990x525px-1.jpg\" alt='' title='EWA_web-megabanner_1990x525px (1)'  height=\"525\" width=\"1990\"  itemprop=\"thumbnailUrl\" srcset=\"https:\/\/biopark.ee\/wp-content\/uploads\/2025\/04\/EWA_web-megabanner_1990x525px-1.jpg 1990w, https:\/\/biopark.ee\/wp-content\/uploads\/2025\/04\/EWA_web-megabanner_1990x525px-1-300x79.jpg 300w, https:\/\/biopark.ee\/wp-content\/uploads\/2025\/04\/EWA_web-megabanner_1990x525px-1-1030x272.jpg 1030w, https:\/\/biopark.ee\/wp-content\/uploads\/2025\/04\/EWA_web-megabanner_1990x525px-1-768x203.jpg 768w, https:\/\/biopark.ee\/wp-content\/uploads\/2025\/04\/EWA_web-megabanner_1990x525px-1-1536x405.jpg 1536w, https:\/\/biopark.ee\/wp-content\/uploads\/2025\/04\/EWA_web-megabanner_1990x525px-1-18x5.jpg 18w, https:\/\/biopark.ee\/wp-content\/uploads\/2025\/04\/EWA_web-megabanner_1990x525px-1-1500x396.jpg 1500w, https:\/\/biopark.ee\/wp-content\/uploads\/2025\/04\/EWA_web-megabanner_1990x525px-1-705x186.jpg 705w\" sizes=\"(max-width: 1990px) 100vw, 1990px\" \/><\/div><\/div><\/div><\/div>\n\n<style type=\"text\/css\" data-created_by=\"avia_inline_auto\" id=\"style-css-av-lk5c5l1b-f1d930ecfc7f5133fef4b50ea2edbf08\">\n#top .hr.av-lk5c5l1b-f1d930ecfc7f5133fef4b50ea2edbf08{\nmargin-top:30px;\nmargin-bottom:30px;\n}\n.hr.av-lk5c5l1b-f1d930ecfc7f5133fef4b50ea2edbf08 .hr-inner{\nwidth:100%;\nborder-color:#3ca2d1;\n}\n<\/style>\n<div  class='hr av-lk5c5l1b-f1d930ecfc7f5133fef4b50ea2edbf08 hr-custom  avia-builder-el-2  el_after_av_one_full  el_before_av_one_full  hr-center hr-icon-no'><span class='hr-inner inner-border-av-border-thin'><span class=\"hr-inner-style\"><\/span><\/span><\/div>\n<div  class='flex_column av-2dyhwx-335d0eead19236ed929809c130699b4e av_one_full  avia-builder-el-3  el_after_av_hr  el_before_av_hr  first flex_column_div'     ><style type=\"text\/css\" data-created_by=\"avia_inline_auto\" id=\"style-css-av-lk5c2vdt-c2f13bf727ba7b9ec9c45f1e5924bb4c\">\n#top .av_textblock_section.av-lk5c2vdt-c2f13bf727ba7b9ec9c45f1e5924bb4c .avia_textblock{\nfont-size:16px;\n}\n<\/style>\n<section  class='av_textblock_section av-lk5c2vdt-c2f13bf727ba7b9ec9c45f1e5924bb4c'   itemscope=\"itemscope\" itemtype=\"https:\/\/schema.org\/CreativeWork\" ><div class='avia_textblock'  itemprop=\"text\" ><h1 class=\"entry-title\">K\u00e4ivitus alustavatele naisettev\u00f5tjatele p\u00f5llumajandus- ja toidusektoris suunatud EWA programm<\/h1>\n<p class=\"entry-title\">Tartu Biotehnoloogia Park koost\u00f6\u00f6s EIT Food RIS programmiga EWA (Empowering Women in Agrifood) kutsub osalema naisettev\u00f5tjatele suunatud arenguprogrammis, mille <strong>eesm\u00e4rgiks on pakkuda terviklikku tuge naisettev\u00f5tjatele nende karj\u00e4\u00e4ri algfaasis ning v\u00e4hendada soolist ebav\u00f5rdsust p\u00f5llumajandus- ja toidusektoris.<\/strong> EIT ehk Euroopa Innovatsiooni- ja Tehnoloogiainstituudi poolt ellu kutsutud ja rahastatud programm viiakse l\u00e4bi sel aastal samaaegselt 13 Euroopa riigis ning teist korda Eestis. EIT Food tegevust toetab Euroopa Innovatsiooni- ja Tehnoloogiainstituut (EIT), mis on s\u00f5ltumatu Euroopa Liidu asutus.<\/p>\n<p><strong>Kellele programm m\u00f5eldud on?<\/strong><\/p>\n<p class=\"entry-title\"><strong>V\u00f5imalus programmiga liituda on k\u00fcmnel \u00e4riideed omaval ja ettev\u00f5tlusega alustada soovival v\u00f5i juba oma ettev\u00f5tlusega alustanud naisel Eestis.<\/strong> Ainus kriteerium programmi kandideerimisel juba tegutseva ettev\u00f5tte puhul on see, et ettev\u00f5te on asutatud v\u00e4hem kui 3 aastat tagasi ja kaasatud investeeringute maht ei ole suurem kui 60&nbsp;000 eurot.<\/p>\n<p><strong>Ajakava<\/strong><\/p>\n<p class=\"entry-title\"><strong>Alates 27. m\u00e4rtsist kuni 25. maini toimub programmi kandideerimine<\/strong> ning sobilike kandidaatide v\u00e4ljavalimine, mille j\u00e4rel k\u00e4ivitub juunist kuni novembrini kestev oma ettev\u00f5tlusega alustamist ja selle edasiarendamist toetav 6-kuuline arenguprogramm. Programm on \u00fclesehitatud 1:1-le toimuva koolituse p\u00f5him\u00f5ttel, st pakutakse personaalset mentorlust erinevate valdkondade (sh \u00e4riarendus, turundus) ekspertidelt. Toimuvad ka programmi toetavad koolitused, mis on suunatud k\u00f5igile osalejatele.<\/p>\n<p class=\"entry-title\">Programmiga liitujatelt oodatakse lisaks motivatsioonile programmis osaleda ja ettev\u00f5tlusega tegeleda valmidust panustada <strong>igakuiselt v\u00e4hemalt 6 tundi<\/strong> kokkuleppel mentoriga personaalselt toimuvale koolitusele. Programmi valitud osalejatele viiakse l\u00e4bi ka mitmeid lisakoolitusi, sh matchmaking \u00fcritus enne arenguprogrammi k\u00e4ivitumist juunikuus, masterclass koolitus oktoobris ja pitching \u00fcritus ehk l\u00f5ppv\u00f5istlus programmi l\u00f5pus novembris.<\/p>\n<p class=\"entry-title\"><strong>Auhinnad<\/strong><\/p>\n<p class=\"entry-title\">L\u00f5ppv\u00f5istlusel selguvad kaks parimat, kellele on etten\u00e4htud <strong>auhinnafond suuruses 15 000 eurot &#8211; 10 000 eurot v\u00f5itjale ja 5000 eurot teise koha saajale.<\/strong> EWA programmis osalejatel on unikaalne v\u00f5imalus saada \u00fchtlasi ligip\u00e4\u00e4s erinevatele EIT Food programmi v\u00f5rgustikele, koost\u00f6\u00f6- ja rahastusv\u00f5imalustele tulevikus, kuna programmi raames l\u00e4biviidavatele \u00fcritustele kaasatakse ka investorite esindajaid.<\/p>\n<p class=\"entry-title\">EWA koolitusprogramm viiakse l\u00e4bi <strong>eesti keeles<\/strong> ja samuti on eesti keelne programmiga liitumiseks avatud taotlemiskeskkond.<\/p>\n<p><strong>T\u00e4psem info ja kandideerimine<\/strong><\/p>\n<p class=\"entry-title\">\ud83d\udc49 T\u00e4psemat infot on v\u00f5imalik leida veebist\ud83d\udd17 <a href=\"https:\/\/www.eitfood.eu\/projects\/ewa-empowering-women-in-agrifood\">EWA | Empowering Women in Agrifood &#8211; EIT Food<\/a> ja link taotluste keskkonnale asub siin: \ud83d\udd17 <a href=\"https:\/\/www.f6s.com\/ewa-2025-eesti\/apply\">https:\/\/www.f6s.com\/ewa-2025-eesti\/apply<\/a><\/p>\n<p><strong>Mis on EIT Food?<\/strong><\/p>\n<p>EIT Food on maailma suurim ja d\u00fcnaamilisem toiduinnovatsiooni kogukond. Kiirendame innovatsiooni eesm\u00e4rgiga luua tuleviku jaoks sobiv toidus\u00fcsteem, mis toodab tervislikku ja j\u00e4tkusuutlikku toitu k\u00f5igile.<\/p>\n<p>Euroopa Innovatsiooni- ja Tehnoloogiainstituudi (EIT), s\u00f5ltumatu Euroopa Liidu asutuse toel investeerime projektidesse, organisatsioonidesse ja \u00fcksikisikutesse, kes jagavad meie eesm\u00e4rke tervisliku ja j\u00e4tkusuutliku toidus\u00fcsteemi arendamise nimel. Toetame ettev\u00f5tete ja \u00fclikoolide innovatsioonipotentsiaali ning loome ja laiendame p\u00f5llumajandus- ja toidut\u00f6\u00f6stuse idufirmasid, et tuua turule uusi tehnoloogiaid ja tooteid. Varustame ettev\u00f5tjaid ja spetsialiste toidus\u00fcsteemi muutmiseks vajalike oskustega ja asetame tarbijad oma t\u00f6\u00f6 keskmesse, aidates luua usaldust \u00fchendades nad uuesti nende poolt tarbitava toidu p\u00e4ritoluga.<\/p>\n<p>Oleme \u00fcks \u00fcheksast innovatsioonikogukonnast, mille asutas Euroopa Innovatsiooni- ja Tehnoloogiainstituut (EIT), mis on 2008. aastal loodud s\u00f5ltumatu EL-i asutus eesm\u00e4rgiga edendada innovatsiooni ja ettev\u00f5tlust kogu Euroopas.<\/p>\n<p>Lisateavet on v\u00f5imalik leida veebist&nbsp; <a href=\"http:\/\/www.eitfood.eu\/\">www.eitfood.eu<\/a> v\u00f5i j\u00e4lgige meid sotsiaalmeedias: <a href=\"https:\/\/twitter.com\/EITFood?_ga=2.19224251.261832472.1628493662-1654997525.1603886917&amp;_gac=1.184488404.1626678032.Cj0KCQjwxdSHBhCdARIsAG6zhlXoWrs_vpBdp5D9JMMwd5rvSfB_Mwm0-Dmo8MwY-iNI4LagJxFWGbcaAi4uEALw_wcB\">Twitter<\/a>, <a href=\"https:\/\/www.facebook.com\/EITFood.eu\/?_ga=2.19224251.261832472.1628493662-1654997525.1603886917&amp;_gac=1.184488404.1626678032.Cj0KCQjwxdSHBhCdARIsAG6zhlXoWrs_vpBdp5D9JMMwd5rvSfB_Mwm0-Dmo8MwY-iNI4LagJxFWGbcaAi4uEALw_wcB\">Facebook<\/a>, <a href=\"https:\/\/www.linkedin.com\/company\/eit-food?_ga=2.19224251.261832472.1628493662-1654997525.1603886917&amp;_gac=1.184488404.1626678032.Cj0KCQjwxdSHBhCdARIsAG6zhlXoWrs_vpBdp5D9JMMwd5rvSfB_Mwm0-Dmo8MwY-iNI4LagJxFWGbcaAi4uEALw_wcB\">LinkedIn<\/a>, <a href=\"https:\/\/www.youtube.com\/c\/EITFood\/featured?_ga=2.19224251.261832472.1628493662-1654997525.1603886917&amp;_gac=1.184488404.1626678032.Cj0KCQjwxdSHBhCdARIsAG6zhlXoWrs_vpBdp5D9JMMwd5rvSfB_Mwm0-Dmo8MwY-iNI4LagJxFWGbcaAi4uEALw_wcB\">YouTube<\/a>; <a href=\"https:\/\/www.instagram.com\/food.unfolded\/?hl=en&amp;_ga=2.19224251.261832472.1628493662-1654997525.1603886917&amp;_gac=1.184488404.1626678032.Cj0KCQjwxdSHBhCdARIsAG6zhlXoWrs_vpBdp5D9JMMwd5rvSfB_Mwm0-Dmo8MwY-iNI4LagJxFWGbcaAi4uEALw_wcB\">Instagram.&nbsp;<\/a>&nbsp;<\/p>\n<p><strong>K\u00fcsimuste korral v\u00f5tke meiega julgelt \u00fchendust: <\/strong><\/p>\n<p>Maris V\u00e4li-T\u00e4ht<br \/>\nEmail: <a href=\"mailto:maris@biopark.ee\">maris@biopark.ee<\/a><a class=\"mail-link\" data-enc-email=\"znevf&#091;at&#093;ovbcnex.rr\" data-wpel-link=\"ignore\"><br \/>\nTel: 5662 1301<\/a><\/p>\n<p>Keiu K\u00e4\u00e4ra<br \/>\nEmail: <a href=\"mailto:keiu@biopark.ee\">keiu@biopark.ee<\/a><a class=\"mail-link\" data-enc-email=\"znevf&#091;at&#093;ovbcnex.rr\" data-wpel-link=\"ignore\"><br \/>\nTel: 522 1392<\/a><\/p>\n<\/div><\/section><\/div>\n<style type=\"text\/css\" data-created_by=\"avia_inline_auto\" id=\"style-css-av-2tz4f2-8d8c232d587ac99b30773411d350bc89\">\n#top .hr.av-2tz4f2-8d8c232d587ac99b30773411d350bc89{\nmargin-top:30px;\nmargin-bottom:30px;\n}\n.hr.av-2tz4f2-8d8c232d587ac99b30773411d350bc89 .hr-inner{\nwidth:100%;\nborder-color:#3ca2d1;\n}\n<\/style>\n<div  class='hr av-2tz4f2-8d8c232d587ac99b30773411d350bc89 hr-custom  avia-builder-el-5  el_after_av_one_full  el_before_av_one_full  hr-center hr-icon-no'><span class='hr-inner inner-border-av-border-thin'><span class=\"hr-inner-style\"><\/span><\/span><\/div><\/p>\n<div  class='flex_column av-atvf2-40979bb86ec36833bb400e351d20b9c2 av_one_full  avia-builder-el-6  el_after_av_hr  avia-builder-el-last  first flex_column_div'     ><div  class='avia-button-wrap avia-button-center  avia-builder-el-7  avia-builder-el-no-sibling'>\n<style type=\"text\/css\" data-created_by=\"avia_inline_auto\" id=\"style-css-av-m8znbzb3-d99e1930ae945338e8862419082efca9\">\n#top #wrap_all .avia-button.av-m8znbzb3-d99e1930ae945338e8862419082efca9:hover{\ncolor:white;\ntransition:all 0.4s ease-in-out;\n}\n<\/style>\n<a href='https:\/\/biopark.ee\/et\/empowering-women-in-agrifood-ewa\/' class='avia-color-theme-color avia-font-color-theme-color avia-button avia-button-fullwidth av-m8znbzb3-d99e1930ae945338e8862419082efca9 avia-icon_select-no avia-color-theme-color'  target=\"_blank\"  rel=\"noopener noreferrer\" ><span class='avia_iconbox_title' >Vaata ka 2023. aastal l\u00e4biviidud EWA programmi<\/span><span class='avia_button_background avia-button avia-button-fullwidth avia-color-theme-color-highlight'><\/span><\/a><\/div><\/div>","protected":false},"excerpt":{"rendered":"","protected":false},"author":17,"featured_media":0,"parent":0,"menu_order":0,"comment_status":"closed","ping_status":"closed","template":"","meta":{"_acf_changed":false,"om_disable_all_campaigns":false,"_monsterinsights_skip_tracking":false,"_monsterinsights_sitenote_active":false,"_monsterinsights_sitenote_note":"","_monsterinsights_sitenote_category":0,"_uf_show_specific_survey":0,"_uf_disable_surveys":false,"ngg_post_thumbnail":0,"_themeisle_gutenberg_block_has_review":false,"footnotes":"","_links_to":"","_links_to_target":""},"class_list":["post-9902","page","type-page","status-publish","hentry"],"acf":[],"yoast_head":"<!-- This site is optimized with the Yoast SEO plugin v22.3 - https:\/\/yoast.com\/wordpress\/plugins\/seo\/ -->\n<title>Empowering Women in Agrifood (EWA) - BioPark<\/title>\n<meta name=\"robots\" content=\"index, follow, max-snippet:-1, max-image-preview:large, max-video-preview:-1\" \/>\n<link rel=\"canonical\" href=\"https:\/\/biopark.ee\/et\/empowering-women-in-agrifood-ewa-2025\/\" \/>\n<meta property=\"og:locale\" content=\"et_EE\" \/>\n<meta property=\"og:type\" content=\"article\" \/>\n<meta property=\"og:title\" content=\"Empowering Women in Agrifood (EWA) - BioPark\" \/>\n<meta property=\"og:url\" content=\"https:\/\/biopark.ee\/et\/empowering-women-in-agrifood-ewa-2025\/\" \/>\n<meta property=\"og:site_name\" content=\"BioPark\" \/>\n<meta property=\"article:modified_time\" content=\"2025-05-05T16:19:45+00:00\" \/>\n<meta name=\"twitter:label1\" content=\"Est. reading time\" \/>\n\t<meta name=\"twitter:data1\" content=\"3 minutit\" \/>\n<script type=\"application\/ld+json\" class=\"yoast-schema-graph\">{\"@context\":\"https:\/\/schema.org\",\"@graph\":[{\"@type\":\"WebPage\",\"@id\":\"https:\/\/biopark.ee\/empowering-women-in-agrifood-ewa-2025\/\",\"url\":\"https:\/\/biopark.ee\/empowering-women-in-agrifood-ewa-2025\/\",\"name\":\"Empowering Women in Agrifood (EWA) - BioPark\",\"isPartOf\":{\"@id\":\"https:\/\/biopark.ee\/#website\"},\"datePublished\":\"2025-04-02T07:58:15+00:00\",\"dateModified\":\"2025-05-05T16:19:45+00:00\",\"breadcrumb\":{\"@id\":\"https:\/\/biopark.ee\/empowering-women-in-agrifood-ewa-2025\/#breadcrumb\"},\"inLanguage\":\"et\",\"potentialAction\":[{\"@type\":\"ReadAction\",\"target\":[\"https:\/\/biopark.ee\/empowering-women-in-agrifood-ewa-2025\/\"]}]},{\"@type\":\"BreadcrumbList\",\"@id\":\"https:\/\/biopark.ee\/empowering-women-in-agrifood-ewa-2025\/#breadcrumb\",\"itemListElement\":[{\"@type\":\"ListItem\",\"position\":1,\"name\":\"Home\",\"item\":\"https:\/\/biopark.ee\/avaleht\/\"},{\"@type\":\"ListItem\",\"position\":2,\"name\":\"Empowering Women in Agrifood (EWA)\"}]},{\"@type\":\"WebSite\",\"@id\":\"https:\/\/biopark.ee\/#website\",\"url\":\"https:\/\/biopark.ee\/\",\"name\":\"BioPark\",\"description\":\"\",\"potentialAction\":[{\"@type\":\"SearchAction\",\"target\":{\"@type\":\"EntryPoint\",\"urlTemplate\":\"https:\/\/biopark.ee\/?s={search_term_string}\"},\"query-input\":\"required name=search_term_string\"}],\"inLanguage\":\"et\"}]}<\/script>\n<!-- \/ Yoast SEO plugin. -->","yoast_head_json":{"title":"Empowering Women in Agrifood (EWA) - BioPark","robots":{"index":"index","follow":"follow","max-snippet":"max-snippet:-1","max-image-preview":"max-image-preview:large","max-video-preview":"max-video-preview:-1"},"canonical":"https:\/\/biopark.ee\/et\/empowering-women-in-agrifood-ewa-2025\/","og_locale":"et_EE","og_type":"article","og_title":"Empowering Women in Agrifood (EWA) - BioPark","og_url":"https:\/\/biopark.ee\/et\/empowering-women-in-agrifood-ewa-2025\/","og_site_name":"BioPark","article_modified_time":"2025-05-05T16:19:45+00:00","twitter_misc":{"Est. reading time":"3 minutit"},"schema":{"@context":"https:\/\/schema.org","@graph":[{"@type":"WebPage","@id":"https:\/\/biopark.ee\/empowering-women-in-agrifood-ewa-2025\/","url":"https:\/\/biopark.ee\/empowering-women-in-agrifood-ewa-2025\/","name":"Empowering Women in Agrifood (EWA) - BioPark","isPartOf":{"@id":"https:\/\/biopark.ee\/#website"},"datePublished":"2025-04-02T07:58:15+00:00","dateModified":"2025-05-05T16:19:45+00:00","breadcrumb":{"@id":"https:\/\/biopark.ee\/empowering-women-in-agrifood-ewa-2025\/#breadcrumb"},"inLanguage":"et","potentialAction":[{"@type":"ReadAction","target":["https:\/\/biopark.ee\/empowering-women-in-agrifood-ewa-2025\/"]}]},{"@type":"BreadcrumbList","@id":"https:\/\/biopark.ee\/empowering-women-in-agrifood-ewa-2025\/#breadcrumb","itemListElement":[{"@type":"ListItem","position":1,"name":"Home","item":"https:\/\/biopark.ee\/avaleht\/"},{"@type":"ListItem","position":2,"name":"Empowering Women in Agrifood (EWA)"}]},{"@type":"WebSite","@id":"https:\/\/biopark.ee\/#website","url":"https:\/\/biopark.ee\/","name":"BioPark","description":"","potentialAction":[{"@type":"SearchAction","target":{"@type":"EntryPoint","urlTemplate":"https:\/\/biopark.ee\/?s={search_term_string}"},"query-input":"required name=search_term_string"}],"inLanguage":"et"}]}},"_links":{"self":[{"href":"https:\/\/biopark.ee\/et\/wp-json\/wp\/v2\/pages\/9902","targetHints":{"allow":["GET"]}}],"collection":[{"href":"https:\/\/biopark.ee\/et\/wp-json\/wp\/v2\/pages"}],"about":[{"href":"https:\/\/biopark.ee\/et\/wp-json\/wp\/v2\/types\/page"}],"author":[{"embeddable":true,"href":"https:\/\/biopark.ee\/et\/wp-json\/wp\/v2\/users\/17"}],"replies":[{"embeddable":true,"href":"https:\/\/biopark.ee\/et\/wp-json\/wp\/v2\/comments?post=9902"}],"version-history":[{"count":15,"href":"https:\/\/biopark.ee\/et\/wp-json\/wp\/v2\/pages\/9902\/revisions"}],"predecessor-version":[{"id":10003,"href":"https:\/\/biopark.ee\/et\/wp-json\/wp\/v2\/pages\/9902\/revisions\/10003"}],"wp:attachment":[{"href":"https:\/\/biopark.ee\/et\/wp-json\/wp\/v2\/media?parent=9902"}],"curies":[{"name":"wp","href":"https:\/\/api.w.org\/{rel}","templated":true}]}}