{"id":6677,"date":"2023-07-01T15:43:31","date_gmt":"2023-07-01T12:43:31","guid":{"rendered":"https:\/\/biopark.ee\/?page_id=6677"},"modified":"2023-08-10T17:01:36","modified_gmt":"2023-08-10T14:01:36","slug":"kismet","status":"publish","type":"page","link":"https:\/\/biopark.ee\/et\/kismet\/","title":{"rendered":"KISMET"},"content":{"rendered":"<div id='av_section_1'  class='avia-section av-3s24b9-c40a0ec221f49b8c70504aa8a48304d2 main_color avia-section-default avia-no-border-styling  avia-builder-el-0  avia-builder-el-no-sibling  avia-bg-style-scroll container_wrap fullsize'  ><div class='container av-section-cont-open' ><main  role=\"main\" itemprop=\"mainContentOfPage\"  class='template-page content  av-content-full alpha units'><div class='post-entry post-entry-type-page post-entry-6677'><div class='entry-content-wrapper clearfix'>\n\n<style type=\"text\/css\" data-created_by=\"avia_inline_auto\" id=\"style-css-av-ljjzxdhh-1c5a29b2ae776c288831da354bc72410\">\n#top .av_textblock_section.av-ljjzxdhh-1c5a29b2ae776c288831da354bc72410 .avia_textblock{\nfont-size:30px;\ncolor:#3ca2d1;\n}\n<\/style>\n<section  class='av_textblock_section av-ljjzxdhh-1c5a29b2ae776c288831da354bc72410'   itemscope=\"itemscope\" itemtype=\"https:\/\/schema.org\/CreativeWork\" ><div class='avia_textblock av_inherit_color'  itemprop=\"text\" ><p><strong>KISMET<\/strong><\/p>\n<\/div><\/section>\n\n<style type=\"text\/css\" data-created_by=\"avia_inline_auto\" id=\"style-css-av-ljjzxnx8-41b38a781446138c91b6238019586687\">\n#top .hr.av-ljjzxnx8-41b38a781446138c91b6238019586687{\nmargin-top:30px;\nmargin-bottom:30px;\n}\n.hr.av-ljjzxnx8-41b38a781446138c91b6238019586687 .hr-inner{\nwidth:100%;\nborder-color:#3ca2d1;\n}\n<\/style>\n<div  class='hr av-ljjzxnx8-41b38a781446138c91b6238019586687 hr-custom  avia-builder-el-2  el_after_av_textblock  el_before_av_two_third  hr-center hr-icon-no'><span class='hr-inner inner-border-av-border-thin'><span class=\"hr-inner-style\"><\/span><\/span><\/div>\n<div class='flex_column_table av-ljk0208h-14a25015a1203860a4e86b0477738f5c sc-av_two_third av-equal-height-column-flextable'><div  class='flex_column av-ljk0208h-14a25015a1203860a4e86b0477738f5c av_two_third  avia-builder-el-3  el_after_av_hr  el_before_av_one_third  first flex_column_table_cell av-equal-height-column av-align-middle'     ><section  class='av_textblock_section av-ljk002nl-bb8665315b9115c90d6a49335ae88d6d'   itemscope=\"itemscope\" itemtype=\"https:\/\/schema.org\/CreativeWork\" ><div class='avia_textblock'  itemprop=\"text\" ><p>Projekti peamine eesm\u00e4rk on muuta L\u00e4\u00e4nemere-\u00e4\u00e4rsete linnade ja piirkondade praegused ebasoodsad toidus\u00fcsteemid j\u00e4tkusuutlikuks. Projekti raames k\u00e4sitletakse v\u00e4ljakutset, et kohalikel ja piirkondlikel omavalitsustel puudub sageli suutlikkus, nad vajavad uusi impulsse v\u00f5i uuenduslikke lahendusi, et realiseerida \u00fcmaramat ja j\u00e4tkusuutlikumat toidukeskkonda. Kuna see sihtr\u00fchm on eri valdkondade, n\u00e4iteks ettev\u00f5tluse edendamise, tervishoiu, hangete, toidupoliitika v\u00f5i keskkonna jaoks v\u00f5tmet\u00e4htsusega, pakub KISMET neile konkreetseid vahendeid ja t\u00f6\u00f6riistu, et teha paremat koost\u00f6\u00f6d valitsemise, n\u00f5udluse ja tootmise poolega.<\/p>\n<\/div><\/section><\/div><div class='av-flex-placeholder'><\/div><div  class='flex_column av-312411-c7ba58636b8e339c2eed6b46c7920a22 av_one_third  avia-builder-el-5  el_after_av_two_third  el_before_av_one_full  flex_column_table_cell av-equal-height-column av-align-middle'     ><style type=\"text\/css\" data-created_by=\"avia_inline_auto\" id=\"style-css-av-ljk01sv8-55e2c90c467a5e876aba8f37dcdc29d8\">\n.avia-image-container.av-ljk01sv8-55e2c90c467a5e876aba8f37dcdc29d8 img.avia_image{\nbox-shadow:none;\n}\n.avia-image-container.av-ljk01sv8-55e2c90c467a5e876aba8f37dcdc29d8 .av-image-caption-overlay-center{\ncolor:#ffffff;\n}\n<\/style>\n<div  class='avia-image-container av-ljk01sv8-55e2c90c467a5e876aba8f37dcdc29d8 av-styling- avia-align-center  avia-builder-el-6  avia-builder-el-no-sibling'   itemprop=\"image\" itemscope=\"itemscope\" itemtype=\"https:\/\/schema.org\/ImageObject\" ><div class=\"avia-image-container-inner\"><div class=\"avia-image-overlay-wrap\"><img decoding=\"async\" class='wp-image-6683 avia-img-lazy-loading-not-6683 avia_image' src=\"https:\/\/biopark.ee\/wp-content\/uploads\/2023\/07\/KIMSET-300x127.jpg\" alt='' title='KIMSET'  height=\"127\" width=\"300\"  itemprop=\"thumbnailUrl\" srcset=\"https:\/\/biopark.ee\/wp-content\/uploads\/2023\/07\/KIMSET-300x127.jpg 300w, https:\/\/biopark.ee\/wp-content\/uploads\/2023\/07\/KIMSET-1030x436.jpg 1030w, https:\/\/biopark.ee\/wp-content\/uploads\/2023\/07\/KIMSET-768x325.jpg 768w, https:\/\/biopark.ee\/wp-content\/uploads\/2023\/07\/KIMSET-1536x650.jpg 1536w, https:\/\/biopark.ee\/wp-content\/uploads\/2023\/07\/KIMSET-1500x634.jpg 1500w, https:\/\/biopark.ee\/wp-content\/uploads\/2023\/07\/KIMSET-705x298.jpg 705w, https:\/\/biopark.ee\/wp-content\/uploads\/2023\/07\/KIMSET.jpg 1830w\" sizes=\"(max-width: 300px) 100vw, 300px\" \/><\/div><\/div><\/div><\/div><\/div><!--close column table wrapper. Autoclose: 1 --><div  class='flex_column av-3arwmd-8623ccc11ffb8a9ffe3e3c93964b35f5 av_one_full  avia-builder-el-7  el_after_av_one_third  avia-builder-el-last  first flex_column_div  column-top-margin'     ><section  class='av_textblock_section av-ljjzur7r-d067f8bb1980c1020d504b5832381c2b'   itemscope=\"itemscope\" itemtype=\"https:\/\/schema.org\/CreativeWork\" ><div class='avia_textblock'  itemprop=\"text\" ><table>\n<tbody>\n<tr>\n<td>Title<\/td>\n<td><strong>Sustainable Food Environments<\/strong><\/td>\n<\/tr>\n<tr>\n<td>Abbreviation<\/td>\n<td>KISMET<\/td>\n<\/tr>\n<tr>\n<td>Lead Partner<\/td>\n<td>City of Hamburg (DE)<\/td>\n<\/tr>\n<tr>\n<td>Programme<\/td>\n<td>Interreg Baltic Sea Region programme 2021-2027<\/td>\n<\/tr>\n<tr>\n<td>Partners<\/td>\n<td>1.\u00a0Steinbeis Transfer GmbH (DE)<br \/>\n2.\u00a0S\u00f6dert\u00e4lje municipality (SE)<br \/>\n3. Foodworks Association (DE)<br \/>\n4. Vidzeme Planning Region (LV)<br \/>\n5.\u00a0Vejle Municipality (DK)<br \/>\n6.\u00a0Beras InternationalFoundation (SE)<br \/>\n7.\u00a0Tartu Biotechnology Park (EE)<br \/>\n8. ScanBalt (EE)<br \/>\n9.\u00a0Public Institution Lithuanian Innovation Centre (LT)<br \/>\n10. Food Innovation Center (DK)<br \/>\n11. Prizztech Ltd. (FI)<br \/>\n12. South-Eastern Finland University of Applied Sciences, Xamk (FI)<br \/>\n13.\u00a0Steinbeis Wissens- undTechnologietransfer GmbH (DE)<\/td>\n<\/tr>\n<tr>\n<td><strong>Eesm\u00e4rk<\/strong><\/td>\n<td><strong>T\u00f6\u00f6tada v\u00e4lja ja piloteerida programm, mis aitab kaasa j\u00e4tkusuutlikku toidus\u00f5bralikku keskkonna loomisele ja viia see ellu kohalikes innovatsiooni\u00f6kos\u00fcsteemides.<\/strong><\/td>\n<\/tr>\n<tr>\n<td>Tegevused<\/td>\n<td class=\" translation-block\">1. T\u00f6\u00f6tada v\u00e4lja osalus-, juhtimis- ja integratsioonimoodulid, et tuua erinevad sidusr\u00fchmad kokku;\n2. Koguda sidusr\u00fchmade teadmisi, ressursse ja huve, kaasates neid \u00fchisesse teadus- ja innovatsioonikavasse;\n3. T\u00f6\u00f6tada v\u00e4lja suunised n\u00f5udluse juhtimiseks, tarbijate harimiseks ja tarbijate ja tootjate koost\u00f6\u00f6 edendamiseks, sealhulgas j\u00e4tkusuutlike, ringmajandusele orienteeritud riiklike toiduhangete v\u00e4ljat\u00f6\u00f6tamiseks;\n4. T\u00f6\u00f6tada v\u00e4lja suunised pakkumise juhtimise kohta, toetades tootmismudelite muutmist, mille eesm\u00e4rk on toiduaines\u00fcsteemide p\u00f5hjalik muutmine.<\/td>\n<\/tr>\n<tr>\n<td>Tulemused<\/td>\n<td class=\" translation-block\">1. Programm, mis koosneb kolmest komponendist ja mida saab kasutada mitte ainult projekti partnerlinnades\/piirkondades, vaid mida saab korrata ka teistes v\u00e4lja t\u00f6\u00f6tatud linnades\/piirkondades;\n2. S\u00e4\u00e4stva toidu tootmist toetav keskkond, mida edendatakse institutsioonide suutlikkuse tugevdamise kaudu;\n3. Koost\u00f6\u00f6 tootjate vahel uute toodete v\u00e4ljat\u00f6\u00f6tamiseks.<\/td>\n<\/tr>\n<tr>\n<td>Eelarve<\/td>\n<td>3 627 012 EUR<\/td>\n<\/tr>\n<tr>\n<td>Rakendusperiood<\/td>\n<td>01.01.2023.-31.12.2025.<\/td>\n<\/tr>\n<tr>\n<td>Kontaktisik<\/td>\n<td><strong>\u00a0<\/strong><strong>Maris V\u00e4li-T\u00e4ht<br \/>\n<\/strong>+372 56621301<br \/>\n<a href=\"mailto:maris@biopark.ee\">maris@biopark.ee<\/a><\/td>\n<\/tr>\n<tr>\n<td>Projekti veebileht<\/td>\n<td><a href=\"https:\/\/interreg-baltic.eu\/project\/kismet\/\">https:\/\/interreg-baltic.eu\/project\/kismet\/<\/a><\/td>\n<\/tr>\n<\/tbody>\n<\/table>\n<\/div><\/section><\/div>","protected":false},"excerpt":{"rendered":"","protected":false},"author":17,"featured_media":0,"parent":0,"menu_order":0,"comment_status":"closed","ping_status":"closed","template":"","meta":{"_acf_changed":false,"om_disable_all_campaigns":false,"_monsterinsights_skip_tracking":false,"_monsterinsights_sitenote_active":false,"_monsterinsights_sitenote_note":"","_monsterinsights_sitenote_category":0,"_uf_show_specific_survey":0,"_uf_disable_surveys":false,"ngg_post_thumbnail":0,"_themeisle_gutenberg_block_has_review":false,"footnotes":"","_links_to":"","_links_to_target":""},"class_list":["post-6677","page","type-page","status-publish","hentry"],"acf":[],"yoast_head":"<!-- This site is optimized with the Yoast SEO plugin v22.3 - https:\/\/yoast.com\/wordpress\/plugins\/seo\/ -->\n<title>KISMET - BioPark<\/title>\n<meta name=\"robots\" content=\"index, follow, max-snippet:-1, max-image-preview:large, max-video-preview:-1\" \/>\n<link rel=\"canonical\" href=\"https:\/\/biopark.ee\/et\/kismet\/\" \/>\n<meta property=\"og:locale\" content=\"et_EE\" \/>\n<meta property=\"og:type\" content=\"article\" \/>\n<meta property=\"og:title\" content=\"KISMET - BioPark\" \/>\n<meta property=\"og:url\" content=\"https:\/\/biopark.ee\/et\/kismet\/\" \/>\n<meta property=\"og:site_name\" content=\"BioPark\" \/>\n<meta property=\"article:modified_time\" content=\"2023-08-10T14:01:36+00:00\" \/>\n<meta name=\"twitter:label1\" content=\"Est. reading time\" \/>\n\t<meta name=\"twitter:data1\" content=\"14 minutit\" \/>\n<script type=\"application\/ld+json\" class=\"yoast-schema-graph\">{\"@context\":\"https:\/\/schema.org\",\"@graph\":[{\"@type\":\"WebPage\",\"@id\":\"https:\/\/biopark.ee\/kismet\/\",\"url\":\"https:\/\/biopark.ee\/kismet\/\",\"name\":\"KISMET - BioPark\",\"isPartOf\":{\"@id\":\"https:\/\/biopark.ee\/#website\"},\"datePublished\":\"2023-07-01T12:43:31+00:00\",\"dateModified\":\"2023-08-10T14:01:36+00:00\",\"breadcrumb\":{\"@id\":\"https:\/\/biopark.ee\/kismet\/#breadcrumb\"},\"inLanguage\":\"et\",\"potentialAction\":[{\"@type\":\"ReadAction\",\"target\":[\"https:\/\/biopark.ee\/kismet\/\"]}]},{\"@type\":\"BreadcrumbList\",\"@id\":\"https:\/\/biopark.ee\/kismet\/#breadcrumb\",\"itemListElement\":[{\"@type\":\"ListItem\",\"position\":1,\"name\":\"Home\",\"item\":\"https:\/\/biopark.ee\/avaleht\/\"},{\"@type\":\"ListItem\",\"position\":2,\"name\":\"KISMET\"}]},{\"@type\":\"WebSite\",\"@id\":\"https:\/\/biopark.ee\/#website\",\"url\":\"https:\/\/biopark.ee\/\",\"name\":\"BioPark\",\"description\":\"\",\"potentialAction\":[{\"@type\":\"SearchAction\",\"target\":{\"@type\":\"EntryPoint\",\"urlTemplate\":\"https:\/\/biopark.ee\/?s={search_term_string}\"},\"query-input\":\"required name=search_term_string\"}],\"inLanguage\":\"et\"}]}<\/script>\n<!-- \/ Yoast SEO plugin. -->","yoast_head_json":{"title":"KISMET - BioPark","robots":{"index":"index","follow":"follow","max-snippet":"max-snippet:-1","max-image-preview":"max-image-preview:large","max-video-preview":"max-video-preview:-1"},"canonical":"https:\/\/biopark.ee\/et\/kismet\/","og_locale":"et_EE","og_type":"article","og_title":"KISMET - BioPark","og_url":"https:\/\/biopark.ee\/et\/kismet\/","og_site_name":"BioPark","article_modified_time":"2023-08-10T14:01:36+00:00","twitter_misc":{"Est. reading time":"14 minutit"},"schema":{"@context":"https:\/\/schema.org","@graph":[{"@type":"WebPage","@id":"https:\/\/biopark.ee\/kismet\/","url":"https:\/\/biopark.ee\/kismet\/","name":"KISMET - BioPark","isPartOf":{"@id":"https:\/\/biopark.ee\/#website"},"datePublished":"2023-07-01T12:43:31+00:00","dateModified":"2023-08-10T14:01:36+00:00","breadcrumb":{"@id":"https:\/\/biopark.ee\/kismet\/#breadcrumb"},"inLanguage":"et","potentialAction":[{"@type":"ReadAction","target":["https:\/\/biopark.ee\/kismet\/"]}]},{"@type":"BreadcrumbList","@id":"https:\/\/biopark.ee\/kismet\/#breadcrumb","itemListElement":[{"@type":"ListItem","position":1,"name":"Home","item":"https:\/\/biopark.ee\/avaleht\/"},{"@type":"ListItem","position":2,"name":"KISMET"}]},{"@type":"WebSite","@id":"https:\/\/biopark.ee\/#website","url":"https:\/\/biopark.ee\/","name":"BioPark","description":"","potentialAction":[{"@type":"SearchAction","target":{"@type":"EntryPoint","urlTemplate":"https:\/\/biopark.ee\/?s={search_term_string}"},"query-input":"required name=search_term_string"}],"inLanguage":"et"}]}},"_links":{"self":[{"href":"https:\/\/biopark.ee\/et\/wp-json\/wp\/v2\/pages\/6677","targetHints":{"allow":["GET"]}}],"collection":[{"href":"https:\/\/biopark.ee\/et\/wp-json\/wp\/v2\/pages"}],"about":[{"href":"https:\/\/biopark.ee\/et\/wp-json\/wp\/v2\/types\/page"}],"author":[{"embeddable":true,"href":"https:\/\/biopark.ee\/et\/wp-json\/wp\/v2\/users\/17"}],"replies":[{"embeddable":true,"href":"https:\/\/biopark.ee\/et\/wp-json\/wp\/v2\/comments?post=6677"}],"version-history":[{"count":6,"href":"https:\/\/biopark.ee\/et\/wp-json\/wp\/v2\/pages\/6677\/revisions"}],"predecessor-version":[{"id":7271,"href":"https:\/\/biopark.ee\/et\/wp-json\/wp\/v2\/pages\/6677\/revisions\/7271"}],"wp:attachment":[{"href":"https:\/\/biopark.ee\/et\/wp-json\/wp\/v2\/media?parent=6677"}],"curies":[{"name":"wp","href":"https:\/\/api.w.org\/{rel}","templated":true}]}}