{"id":660,"date":"2014-09-15T08:40:11","date_gmt":"2014-09-15T05:40:11","guid":{"rendered":"https:\/\/biopark.ee\/?page_id=660"},"modified":"2024-07-24T09:55:11","modified_gmt":"2024-07-24T06:55:11","slug":"kontaktid","status":"publish","type":"page","link":"https:\/\/biopark.ee\/et\/tutvustus\/kontaktid\/","title":{"rendered":"Kontaktid"},"content":{"rendered":"<p><strong>Tartu Biotehnoloogia Park<\/strong><br \/>\nTiigi 61b, Tartu 50410<\/p>\n<p>Sven Parkel<br \/>\ntegevjuht<br \/>\ne-post: <a href=\"mailto:sven@biopark.ee\">sven@biopark.ee<\/a><br \/>\ntel: +372 7383 053<\/p>\n<p>Jaanus Pikani<br \/>\njuhatuse liige<br \/>\ne-post: <a href=\"mailto: jaanus@biopark.ee\">jaanus@biopark.ee<\/a><br \/>\ntel: +372 7383 053<\/p>\n<p>Triin Vakker<br \/>\nprojektijuht<br \/>\ne-post: <a href=\"mailto:triin@biopark.ee\">triin@biopark.ee<\/a><br \/>\ntel: +372 7383 053<\/p>\n<p>Maris V\u00e4li-T\u00e4ht<br \/>\nprojektijuht<br \/>\ne-post: <a href=\"mailto:maris@biopark.ee\">maris@biopark.ee<\/a><br \/>\ntel: +372 7383 053<\/p>\n<p>Keiu K\u00e4\u00e4ra<br \/>\nprojektijuht<br \/>\ne-post: <a href=\"mailto:keiu@biopark.ee\">keiu@biopark.ee<\/a><br \/>\ntel: +372 7383 053<\/p>\n<p><strong>BioMed SA<\/strong><br \/>\nTiigi 61b, Tartu 50410<\/p>\n<p>Sven Parkel<br \/>\njuhataja<br \/>\ne-post: <a href=\"mailto:sven@biopark.ee\">sven@biopark.ee<\/a><\/p>\n<p><strong>Biotehnoloogia Park Kinnisvara AS<\/strong><\/p>\n<p>Andrus Tasa<br \/>\njuhataja<br \/>\ne-post: <a href=\"mailto: andrus.tasa@tbdpharmatech.com\">andrus.tasa@tbdpharmatech.com<\/a><\/p>","protected":false},"excerpt":{"rendered":"<p>Tartu Biotehnoloogia Park Tiigi 61b, Tartu 50410 Sven Parkel tegevjuht e-post: sven@biopark.ee tel: +372 7383 053 Jaanus Pikani juhatuse liige e-post: jaanus@biopark.ee tel: +372 7383 053 Triin Vakker projektijuht e-post: triin@biopark.ee tel: +372 7383 053 Maris V\u00e4li-T\u00e4ht projektijuht e-post: maris@biopark.ee tel: +372 7383 053 Keiu K\u00e4\u00e4ra projektijuht e-post: keiu@biopark.ee tel: +372 7383 053 BioMed SA [&hellip;]<\/p>","protected":false},"author":1,"featured_media":671,"parent":152,"menu_order":15,"comment_status":"closed","ping_status":"closed","template":"","meta":{"_acf_changed":false,"om_disable_all_campaigns":false,"_monsterinsights_skip_tracking":false,"_monsterinsights_sitenote_active":false,"_monsterinsights_sitenote_note":"","_monsterinsights_sitenote_category":0,"_uf_show_specific_survey":0,"_uf_disable_surveys":false,"ngg_post_thumbnail":0,"_themeisle_gutenberg_block_has_review":false,"footnotes":"","_links_to":"","_links_to_target":""},"class_list":["post-660","page","type-page","status-publish","has-post-thumbnail","hentry"],"acf":[],"yoast_head":"<!-- This site is optimized with the Yoast SEO plugin v22.3 - https:\/\/yoast.com\/wordpress\/plugins\/seo\/ -->\n<title>Kontaktid - BioPark<\/title>\n<meta name=\"robots\" content=\"index, follow, max-snippet:-1, max-image-preview:large, max-video-preview:-1\" \/>\n<link rel=\"canonical\" href=\"https:\/\/biopark.ee\/et\/tutvustus\/kontaktid\/\" \/>\n<meta property=\"og:locale\" content=\"et_EE\" \/>\n<meta property=\"og:type\" content=\"article\" \/>\n<meta property=\"og:title\" content=\"Kontaktid - BioPark\" \/>\n<meta property=\"og:description\" content=\"Tartu Biotehnoloogia Park Tiigi 61b, Tartu 50410 Sven Parkel tegevjuht e-post: sven@biopark.ee tel: +372 7383 053 Jaanus Pikani juhatuse liige e-post: jaanus@biopark.ee tel: +372 7383 053 Triin Vakker projektijuht e-post: triin@biopark.ee tel: +372 7383 053 Maris V\u00e4li-T\u00e4ht projektijuht e-post: maris@biopark.ee tel: +372 7383 053 Keiu K\u00e4\u00e4ra projektijuht e-post: keiu@biopark.ee tel: +372 7383 053 BioMed SA [&hellip;]\" \/>\n<meta property=\"og:url\" content=\"https:\/\/biopark.ee\/et\/tutvustus\/kontaktid\/\" \/>\n<meta property=\"og:site_name\" content=\"BioPark\" \/>\n<meta property=\"article:modified_time\" content=\"2024-07-24T06:55:11+00:00\" \/>\n<meta property=\"og:image\" content=\"https:\/\/biopark.ee\/wp-content\/uploads\/2014\/09\/map.jpg\" \/>\n\t<meta property=\"og:image:width\" content=\"500\" \/>\n\t<meta property=\"og:image:height\" content=\"341\" \/>\n\t<meta property=\"og:image:type\" content=\"image\/jpeg\" \/>\n<meta name=\"twitter:label1\" content=\"Est. reading time\" \/>\n\t<meta name=\"twitter:data1\" content=\"1 minut\" \/>\n<script type=\"application\/ld+json\" class=\"yoast-schema-graph\">{\"@context\":\"https:\/\/schema.org\",\"@graph\":[{\"@type\":\"WebPage\",\"@id\":\"https:\/\/biopark.ee\/tutvustus\/kontaktid\/\",\"url\":\"https:\/\/biopark.ee\/tutvustus\/kontaktid\/\",\"name\":\"Kontaktid - BioPark\",\"isPartOf\":{\"@id\":\"https:\/\/biopark.ee\/#website\"},\"primaryImageOfPage\":{\"@id\":\"https:\/\/biopark.ee\/tutvustus\/kontaktid\/#primaryimage\"},\"image\":{\"@id\":\"https:\/\/biopark.ee\/tutvustus\/kontaktid\/#primaryimage\"},\"thumbnailUrl\":\"https:\/\/biopark.ee\/wp-content\/uploads\/2014\/09\/map.jpg\",\"datePublished\":\"2014-09-15T05:40:11+00:00\",\"dateModified\":\"2024-07-24T06:55:11+00:00\",\"breadcrumb\":{\"@id\":\"https:\/\/biopark.ee\/tutvustus\/kontaktid\/#breadcrumb\"},\"inLanguage\":\"et\",\"potentialAction\":[{\"@type\":\"ReadAction\",\"target\":[\"https:\/\/biopark.ee\/tutvustus\/kontaktid\/\"]}]},{\"@type\":\"ImageObject\",\"inLanguage\":\"et\",\"@id\":\"https:\/\/biopark.ee\/tutvustus\/kontaktid\/#primaryimage\",\"url\":\"https:\/\/biopark.ee\/wp-content\/uploads\/2014\/09\/map.jpg\",\"contentUrl\":\"https:\/\/biopark.ee\/wp-content\/uploads\/2014\/09\/map.jpg\",\"width\":500,\"height\":341},{\"@type\":\"BreadcrumbList\",\"@id\":\"https:\/\/biopark.ee\/tutvustus\/kontaktid\/#breadcrumb\",\"itemListElement\":[{\"@type\":\"ListItem\",\"position\":1,\"name\":\"Home\",\"item\":\"https:\/\/biopark.ee\/avaleht\/\"},{\"@type\":\"ListItem\",\"position\":2,\"name\":\"Tutvustus\",\"item\":\"https:\/\/biopark.ee\/tutvustus\/\"},{\"@type\":\"ListItem\",\"position\":3,\"name\":\"Kontaktid\"}]},{\"@type\":\"WebSite\",\"@id\":\"https:\/\/biopark.ee\/#website\",\"url\":\"https:\/\/biopark.ee\/\",\"name\":\"BioPark\",\"description\":\"\",\"potentialAction\":[{\"@type\":\"SearchAction\",\"target\":{\"@type\":\"EntryPoint\",\"urlTemplate\":\"https:\/\/biopark.ee\/?s={search_term_string}\"},\"query-input\":\"required name=search_term_string\"}],\"inLanguage\":\"et\"}]}<\/script>\n<!-- \/ Yoast SEO plugin. -->","yoast_head_json":{"title":"Kontaktid - BioPark","robots":{"index":"index","follow":"follow","max-snippet":"max-snippet:-1","max-image-preview":"max-image-preview:large","max-video-preview":"max-video-preview:-1"},"canonical":"https:\/\/biopark.ee\/et\/tutvustus\/kontaktid\/","og_locale":"et_EE","og_type":"article","og_title":"Kontaktid - BioPark","og_description":"Tartu Biotehnoloogia Park Tiigi 61b, Tartu 50410 Sven Parkel tegevjuht e-post: sven@biopark.ee tel: +372 7383 053 Jaanus Pikani juhatuse liige e-post: jaanus@biopark.ee tel: +372 7383 053 Triin Vakker projektijuht e-post: triin@biopark.ee tel: +372 7383 053 Maris V\u00e4li-T\u00e4ht projektijuht e-post: maris@biopark.ee tel: +372 7383 053 Keiu K\u00e4\u00e4ra projektijuht e-post: keiu@biopark.ee tel: +372 7383 053 BioMed SA [&hellip;]","og_url":"https:\/\/biopark.ee\/et\/tutvustus\/kontaktid\/","og_site_name":"BioPark","article_modified_time":"2024-07-24T06:55:11+00:00","og_image":[{"width":500,"height":341,"url":"https:\/\/biopark.ee\/wp-content\/uploads\/2014\/09\/map.jpg","type":"image\/jpeg"}],"twitter_misc":{"Est. reading time":"1 minut"},"schema":{"@context":"https:\/\/schema.org","@graph":[{"@type":"WebPage","@id":"https:\/\/biopark.ee\/tutvustus\/kontaktid\/","url":"https:\/\/biopark.ee\/tutvustus\/kontaktid\/","name":"Kontaktid - BioPark","isPartOf":{"@id":"https:\/\/biopark.ee\/#website"},"primaryImageOfPage":{"@id":"https:\/\/biopark.ee\/tutvustus\/kontaktid\/#primaryimage"},"image":{"@id":"https:\/\/biopark.ee\/tutvustus\/kontaktid\/#primaryimage"},"thumbnailUrl":"https:\/\/biopark.ee\/wp-content\/uploads\/2014\/09\/map.jpg","datePublished":"2014-09-15T05:40:11+00:00","dateModified":"2024-07-24T06:55:11+00:00","breadcrumb":{"@id":"https:\/\/biopark.ee\/tutvustus\/kontaktid\/#breadcrumb"},"inLanguage":"et","potentialAction":[{"@type":"ReadAction","target":["https:\/\/biopark.ee\/tutvustus\/kontaktid\/"]}]},{"@type":"ImageObject","inLanguage":"et","@id":"https:\/\/biopark.ee\/tutvustus\/kontaktid\/#primaryimage","url":"https:\/\/biopark.ee\/wp-content\/uploads\/2014\/09\/map.jpg","contentUrl":"https:\/\/biopark.ee\/wp-content\/uploads\/2014\/09\/map.jpg","width":500,"height":341},{"@type":"BreadcrumbList","@id":"https:\/\/biopark.ee\/tutvustus\/kontaktid\/#breadcrumb","itemListElement":[{"@type":"ListItem","position":1,"name":"Home","item":"https:\/\/biopark.ee\/avaleht\/"},{"@type":"ListItem","position":2,"name":"Tutvustus","item":"https:\/\/biopark.ee\/tutvustus\/"},{"@type":"ListItem","position":3,"name":"Kontaktid"}]},{"@type":"WebSite","@id":"https:\/\/biopark.ee\/#website","url":"https:\/\/biopark.ee\/","name":"BioPark","description":"","potentialAction":[{"@type":"SearchAction","target":{"@type":"EntryPoint","urlTemplate":"https:\/\/biopark.ee\/?s={search_term_string}"},"query-input":"required name=search_term_string"}],"inLanguage":"et"}]}},"_links":{"self":[{"href":"https:\/\/biopark.ee\/et\/wp-json\/wp\/v2\/pages\/660","targetHints":{"allow":["GET"]}}],"collection":[{"href":"https:\/\/biopark.ee\/et\/wp-json\/wp\/v2\/pages"}],"about":[{"href":"https:\/\/biopark.ee\/et\/wp-json\/wp\/v2\/types\/page"}],"author":[{"embeddable":true,"href":"https:\/\/biopark.ee\/et\/wp-json\/wp\/v2\/users\/1"}],"replies":[{"embeddable":true,"href":"https:\/\/biopark.ee\/et\/wp-json\/wp\/v2\/comments?post=660"}],"version-history":[{"count":40,"href":"https:\/\/biopark.ee\/et\/wp-json\/wp\/v2\/pages\/660\/revisions"}],"predecessor-version":[{"id":6299,"href":"https:\/\/biopark.ee\/et\/wp-json\/wp\/v2\/pages\/660\/revisions\/6299"}],"up":[{"embeddable":true,"href":"https:\/\/biopark.ee\/et\/wp-json\/wp\/v2\/pages\/152"}],"wp:featuredmedia":[{"embeddable":true,"href":"https:\/\/biopark.ee\/et\/wp-json\/wp\/v2\/media\/671"}],"wp:attachment":[{"href":"https:\/\/biopark.ee\/et\/wp-json\/wp\/v2\/media?parent=660"}],"curies":[{"name":"wp","href":"https:\/\/api.w.org\/{rel}","templated":true}]}}