{"id":6494,"date":"2023-06-29T16:11:26","date_gmt":"2023-06-29T13:11:26","guid":{"rendered":"https:\/\/biopark.ee\/?page_id=6494"},"modified":"2025-04-08T09:56:47","modified_gmt":"2025-04-08T06:56:47","slug":"foodtechnology","status":"publish","type":"page","link":"https:\/\/biopark.ee\/et\/foodtechnology\/","title":{"rendered":"Toidutehnoloogia"},"content":{"rendered":"<style type=\"text\/css\" data-created_by=\"avia_inline_auto\" id=\"style-css-av-ljh5wjv9-140c67d7f80aa5b5f73037265ceef579\">\n#top .av_textblock_section.av-ljh5wjv9-140c67d7f80aa5b5f73037265ceef579 .avia_textblock{\nfont-size:30px;\ncolor:#3ca2d1;\ntext-align:left;\n}\n<\/style>\n<section  class='av_textblock_section av-ljh5wjv9-140c67d7f80aa5b5f73037265ceef579'   itemscope=\"itemscope\" itemtype=\"https:\/\/schema.org\/CreativeWork\" ><div class='avia_textblock av_inherit_color'  itemprop=\"text\" ><p><strong>Toidutehnoloogia<\/strong><\/p>\n<\/div><\/section>\n\n<style type=\"text\/css\" data-created_by=\"avia_inline_auto\" id=\"style-css-av-4o98ke-db1c11492cf2607c5bcb8d45ec08d777\">\n#top .hr.av-4o98ke-db1c11492cf2607c5bcb8d45ec08d777{\nmargin-top:30px;\nmargin-bottom:30px;\n}\n.hr.av-4o98ke-db1c11492cf2607c5bcb8d45ec08d777 .hr-inner{\nwidth:100%;\nborder-color:#3ca2d1;\n}\n<\/style>\n<div  class='hr av-4o98ke-db1c11492cf2607c5bcb8d45ec08d777 hr-custom  avia-builder-el-1  el_after_av_textblock  el_before_av_one_half  hr-center hr-icon-no'><span class='hr-inner inner-border-av-border-thin'><span class=\"hr-inner-style\"><\/span><\/span><\/div>\n<div class='flex_column_table av-ljh5zdmd-3c2c08dcdcfebc843336e0b27f8b396b sc-av_one_half av-equal-height-column-flextable'><div  class='flex_column av-ljh5zdmd-3c2c08dcdcfebc843336e0b27f8b396b av_one_half  avia-builder-el-2  el_after_av_hr  el_before_av_one_half  first flex_column_table_cell av-equal-height-column av-align-middle'     ><style type=\"text\/css\" data-created_by=\"avia_inline_auto\" id=\"style-css-av-ljh5yt38-27927064bb0ee450b0c845a1812ba0c4\">\n.avia-image-container.av-ljh5yt38-27927064bb0ee450b0c845a1812ba0c4 img.avia_image{\nbox-shadow:none;\n}\n.avia-image-container.av-ljh5yt38-27927064bb0ee450b0c845a1812ba0c4 .av-image-caption-overlay-center{\ncolor:#ffffff;\n}\n<\/style>\n<div  class='avia-image-container av-ljh5yt38-27927064bb0ee450b0c845a1812ba0c4 av-styling- avia_animated_image av-animated-when-visible-95 pop-up avia-align-center  avia-builder-el-3  avia-builder-el-no-sibling'   itemprop=\"image\" itemscope=\"itemscope\" itemtype=\"https:\/\/schema.org\/ImageObject\" ><div class=\"avia-image-container-inner\"><div class=\"avia-image-overlay-wrap\"><a href=\"https:\/\/interreg-baltic.eu\/project\/kismet\/\" class='avia_image' target=\"_blank\" rel=\"noopener noreferrer\"><img decoding=\"async\" class='wp-image-6495 avia-img-lazy-loading-not-6495 avia_image' src=\"https:\/\/biopark.ee\/wp-content\/uploads\/2023\/06\/transparent-KISMET_Logo_Standard_small-300x300.png\" alt='' title='transparent-KISMET_Logo_Standard_small'  height=\"300\" width=\"300\"  itemprop=\"thumbnailUrl\" srcset=\"https:\/\/biopark.ee\/wp-content\/uploads\/2023\/06\/transparent-KISMET_Logo_Standard_small-300x300.png 300w, https:\/\/biopark.ee\/wp-content\/uploads\/2023\/06\/transparent-KISMET_Logo_Standard_small-80x80.png 80w, https:\/\/biopark.ee\/wp-content\/uploads\/2023\/06\/transparent-KISMET_Logo_Standard_small-36x36.png 36w, https:\/\/biopark.ee\/wp-content\/uploads\/2023\/06\/transparent-KISMET_Logo_Standard_small-180x180.png 180w, https:\/\/biopark.ee\/wp-content\/uploads\/2023\/06\/transparent-KISMET_Logo_Standard_small.png 610w\" sizes=\"(max-width: 300px) 100vw, 300px\" \/><\/a><\/div><\/div><\/div><\/div>\n<div class='av-flex-placeholder'><\/div><div  class='flex_column av-35pxjy-821d164e568f34639ab103220202f55b av_one_half  avia-builder-el-4  el_after_av_one_half  el_before_av_one_half  flex_column_table_cell av-equal-height-column av-align-middle'     ><p>\n<style type=\"text\/css\" data-created_by=\"avia_inline_auto\" id=\"style-css-av-ljh5z6hp-83c4a49b0a8f6a002a5fa72a5afe4520\">\n#top .av_textblock_section.av-ljh5z6hp-83c4a49b0a8f6a002a5fa72a5afe4520 .avia_textblock{\nfont-size:20px;\n}\n<\/style>\n<section  class='av_textblock_section av-ljh5z6hp-83c4a49b0a8f6a002a5fa72a5afe4520'   itemscope=\"itemscope\" itemtype=\"https:\/\/schema.org\/CreativeWork\" ><div class='avia_textblock'  itemprop=\"text\" ><p>Projekti peamine eesm\u00e4rk on muuta L\u00e4\u00e4nemere-\u00e4\u00e4rsete linnade ja piirkondade praegused ebasoodsad toidus\u00fcsteemid j\u00e4tkusuutlikuks. Projekti raames k\u00e4sitletakse v\u00e4ljakutset, et kohalikel ja piirkondlikel omavalitsustel puudub sageli suutlikkus, nad vajavad uusi impulsse v\u00f5i uuenduslikke lahendusi, et realiseerida \u00fcmaramat ja j\u00e4tkusuutlikumat toidukeskkonda. Kuna see sihtr\u00fchm on eri valdkondade, n\u00e4iteks ettev\u00f5tluse edendamise, tervishoiu, hangete, toidupoliitika v\u00f5i keskkonna jaoks v\u00f5tmet\u00e4htsusega, pakub KISMET neile konkreetseid vahendeid ja t\u00f6\u00f6riistu, et teha paremat koost\u00f6\u00f6d valitsemise, n\u00f5udluse ja tootmise poolega.<\/p>\n<\/div><\/section><br \/>\n<div  class='avia-button-wrap av-ljk18drf-e475e35201df683f0f5b7be78b60d9a9-wrap avia-button-center  avia-builder-el-6  el_after_av_textblock  avia-builder-el-last'><a href='https:\/\/biopark.ee\/et\/kismet\/'  class='avia-button av-ljk18drf-e475e35201df683f0f5b7be78b60d9a9 avia-icon_select-no avia-size-small avia-position-center avia-color-dark'  ><span class='avia_iconbox_title' >Loe rohkem<\/span><\/a><\/div><\/p><\/div><\/div><!--close column table wrapper. Autoclose: 1 -->\n<div class='flex_column_table av-85c71q-430c16b7f05ca2d6b413a0328f0503e3 sc-av_one_half av-equal-height-column-flextable'><div  class='flex_column av-85c71q-430c16b7f05ca2d6b413a0328f0503e3 av_one_half  avia-builder-el-7  el_after_av_one_half  el_before_av_one_half  first flex_column_table_cell av-equal-height-column av-align-middle  column-top-margin'     ><style type=\"text\/css\" data-created_by=\"avia_inline_auto\" id=\"style-css-av-ljh61qyu-7ea1420435a85a084a99c5a578da0c9d\">\n.avia-image-container.av-ljh61qyu-7ea1420435a85a084a99c5a578da0c9d img.avia_image{\nbox-shadow:none;\n}\n.avia-image-container.av-ljh61qyu-7ea1420435a85a084a99c5a578da0c9d .av-image-caption-overlay-center{\ncolor:#ffffff;\n}\n<\/style>\n<div  class='avia-image-container av-ljh61qyu-7ea1420435a85a084a99c5a578da0c9d av-styling- avia_animated_image av-animated-when-visible-95 pop-up avia-align-center  avia-builder-el-8  avia-builder-el-no-sibling'   itemprop=\"image\" itemscope=\"itemscope\" itemtype=\"https:\/\/schema.org\/ImageObject\" ><div class=\"avia-image-container-inner\"><div class=\"avia-image-overlay-wrap\"><a href=\"https:\/\/wastelesseu.com\" class='avia_image' target=\"_blank\" rel=\"noopener noreferrer\"><img decoding=\"async\" class='wp-image-6499 avia-img-lazy-loading-not-6499 avia_image' src=\"https:\/\/biopark.ee\/wp-content\/uploads\/2023\/06\/wastelessEU-300x300.png\" alt='' title='wastelessEU'  height=\"300\" width=\"300\"  itemprop=\"thumbnailUrl\" srcset=\"https:\/\/biopark.ee\/wp-content\/uploads\/2023\/06\/wastelessEU-300x300.png 300w, https:\/\/biopark.ee\/wp-content\/uploads\/2023\/06\/wastelessEU-1030x1030.png 1030w, https:\/\/biopark.ee\/wp-content\/uploads\/2023\/06\/wastelessEU-80x80.png 80w, https:\/\/biopark.ee\/wp-content\/uploads\/2023\/06\/wastelessEU-768x768.png 768w, https:\/\/biopark.ee\/wp-content\/uploads\/2023\/06\/wastelessEU-36x36.png 36w, https:\/\/biopark.ee\/wp-content\/uploads\/2023\/06\/wastelessEU-180x180.png 180w, https:\/\/biopark.ee\/wp-content\/uploads\/2023\/06\/wastelessEU-705x705.png 705w, https:\/\/biopark.ee\/wp-content\/uploads\/2023\/06\/wastelessEU.png 1500w\" sizes=\"(max-width: 300px) 100vw, 300px\" \/><\/a><\/div><\/div><\/div><\/div>\n<div class='av-flex-placeholder'><\/div><div  class='flex_column av-624i72-fbca253795712f89cc906470220e132c av_one_half  avia-builder-el-9  el_after_av_one_half  el_before_av_one_half  flex_column_table_cell av-equal-height-column av-align-middle  column-top-margin'     ><p>\n<style type=\"text\/css\" data-created_by=\"avia_inline_auto\" id=\"style-css-av-ljh6287y-0acc01f9500a9b306a975f245690fc7a\">\n#top .av_textblock_section.av-ljh6287y-0acc01f9500a9b306a975f245690fc7a .avia_textblock{\nfont-size:20px;\n}\n<\/style>\n<section  class='av_textblock_section av-ljh6287y-0acc01f9500a9b306a975f245690fc7a'   itemscope=\"itemscope\" itemtype=\"https:\/\/schema.org\/CreativeWork\" ><div class='avia_textblock'  itemprop=\"text\" ><p>WASTELESS (2023-2025) aims to develop tools and recommendations for measuring and monitoring food losses and waste (FLW) which will ultimately contribute to its reduction by at least 20% annually. The main objective of the project is to develop tools to measure FLW in critical and less-known food supply chains and propose ways of quantifying the data. At the same time, it will develop an innovative set of decision-support tools for all those working along the food chain across the EU, to enable reduction and re-use of food waste in the long term. WASTELESS will carry out five case studies to understand utilisation and role\/contribution of specific food groups such as fruits and vegetables, fruit juices, processed meat, dairy products and cereals in the FLW.<\/p>\n<\/div><\/section><br \/>\n<div  class='avia-button-wrap av-lkb6miwj-2f02c34836ac19e615b424852e8e9541-wrap avia-button-center  avia-builder-el-11  el_after_av_textblock  avia-builder-el-last'><a href='https:\/\/wastelesseu.com' class='avia-button av-lkb6miwj-2f02c34836ac19e615b424852e8e9541 avia-icon_select-no avia-size-small avia-position-center avia-color-dark' target=\"_blank\" rel=\"noopener noreferrer\"><span class='avia_iconbox_title' >Loe rohkem<\/span><\/a><\/div><\/p><\/div><\/div><!--close column table wrapper. Autoclose: 1 -->\n<div class='flex_column_table av-40ttwu-8edbc672bd416803a07a8af1117ac1d8 sc-av_one_half av-equal-height-column-flextable'><div  class='flex_column av-40ttwu-8edbc672bd416803a07a8af1117ac1d8 av_one_half  avia-builder-el-12  el_after_av_one_half  el_before_av_one_half  first flex_column_table_cell av-equal-height-column av-align-middle  column-top-margin'     ><style type=\"text\/css\" data-created_by=\"avia_inline_auto\" id=\"style-css-av-ljh62rl4-2b5ba620772ce0e5a2e5db862ade3a0f\">\n.avia-image-container.av-ljh62rl4-2b5ba620772ce0e5a2e5db862ade3a0f img.avia_image{\nbox-shadow:none;\n}\n.avia-image-container.av-ljh62rl4-2b5ba620772ce0e5a2e5db862ade3a0f .av-image-caption-overlay-center{\ncolor:#ffffff;\n}\n<\/style>\n<div  class='avia-image-container av-ljh62rl4-2b5ba620772ce0e5a2e5db862ade3a0f av-styling- avia_animated_image av-animated-when-visible-95 pop-up avia-align-center  avia-builder-el-13  avia-builder-el-no-sibling'   itemprop=\"image\" itemscope=\"itemscope\" itemtype=\"https:\/\/schema.org\/ImageObject\" ><div class=\"avia-image-container-inner\"><div class=\"avia-image-overlay-wrap\"><a href=\"https:\/\/www.eitfood.eu\" class='avia_image' target=\"_blank\" rel=\"noopener noreferrer\"><img decoding=\"async\" class='wp-image-6786 avia-img-lazy-loading-not-6786 avia_image' src=\"https:\/\/biopark.ee\/wp-content\/uploads\/2023\/07\/EIT-Food-EU-Logo-RGB-Portrait-e1642600224186-300x181.jpg\" alt='' title='EIT-Food-EU-Logo-RGB-Portrait-e1642600224186'  height=\"181\" width=\"300\"  itemprop=\"thumbnailUrl\" srcset=\"https:\/\/biopark.ee\/wp-content\/uploads\/2023\/07\/EIT-Food-EU-Logo-RGB-Portrait-e1642600224186-300x181.jpg 300w, https:\/\/biopark.ee\/wp-content\/uploads\/2023\/07\/EIT-Food-EU-Logo-RGB-Portrait-e1642600224186.jpg 400w\" sizes=\"(max-width: 300px) 100vw, 300px\" \/><\/a><\/div><\/div><\/div><\/div>\n<div class='av-flex-placeholder'><\/div><div  class='flex_column av-2ebcku-65d30e48544b2b2752fe80c4d2eeef61 av_one_half  avia-builder-el-14  el_after_av_one_half  el_before_av_one_half  flex_column_table_cell av-equal-height-column av-align-middle  column-top-margin'     ><p>\n<style type=\"text\/css\" data-created_by=\"avia_inline_auto\" id=\"style-css-av-ljh63ywj-0d7e1459984857616f5767f0b880da8e\">\n#top .av_textblock_section.av-ljh63ywj-0d7e1459984857616f5767f0b880da8e .avia_textblock{\nfont-size:20px;\n}\n<\/style>\n<section  class='av_textblock_section av-ljh63ywj-0d7e1459984857616f5767f0b880da8e'   itemscope=\"itemscope\" itemtype=\"https:\/\/schema.org\/CreativeWork\" ><div class='avia_textblock'  itemprop=\"text\" ><p>We create connections right across the food system that stimulate new ideas and innovations to drive change: between startups and corporates; between food entrepreneurs and investors; between consumers and industry; between research and action; between ideas and reality; between present and future.&nbsp;Supported by the EU, we invest in projects, organisations and individuals that share our goals for a healthy and sustainable food system.&nbsp;Our innovation projects are delivered with a combination of industry, education and research partners to improve environmental and health outcomes by developing solutions in the most promising food innovation areas.<\/p>\n<\/div><\/section><br \/>\n<div  class='avia-button-wrap av-ljk1d5n8-2ff721245195659bf355acb710c3074f-wrap avia-button-center  avia-builder-el-16  el_after_av_textblock  avia-builder-el-last'><a href='https:\/\/biopark.ee\/et\/projects-old\/eit-food\/'  class='avia-button av-ljk1d5n8-2ff721245195659bf355acb710c3074f avia-icon_select-no avia-size-small avia-position-center avia-color-dark'  ><span class='avia_iconbox_title' >Loe rohkem<\/span><\/a><\/div><\/p><\/div><\/div><!--close column table wrapper. Autoclose: 1 -->\n<div class='flex_column_table av-47e8pq-7a1e6f440a95d076b3207448429a9b95 sc-av_one_half av-equal-height-column-flextable'><div  class='flex_column av-47e8pq-7a1e6f440a95d076b3207448429a9b95 av_one_half  avia-builder-el-17  el_after_av_one_half  el_before_av_one_half  first flex_column_table_cell av-equal-height-column av-align-middle  column-top-margin'     ><style type=\"text\/css\" data-created_by=\"avia_inline_auto\" id=\"style-css-av-lkb6fscn-203c6f41a045072ca9f4a023cf147431\">\n.avia-image-container.av-lkb6fscn-203c6f41a045072ca9f4a023cf147431 img.avia_image{\nbox-shadow:none;\n}\n.avia-image-container.av-lkb6fscn-203c6f41a045072ca9f4a023cf147431 .av-image-caption-overlay-center{\ncolor:#ffffff;\n}\n<\/style>\n<div  class='avia-image-container av-lkb6fscn-203c6f41a045072ca9f4a023cf147431 av-styling- avia_animated_image av-animated-when-visible-95 pop-up avia-align-center  avia-builder-el-18  avia-builder-el-no-sibling'   itemprop=\"image\" itemscope=\"itemscope\" itemtype=\"https:\/\/schema.org\/ImageObject\" ><div class=\"avia-image-container-inner\"><div class=\"avia-image-overlay-wrap\"><a href=\"https:\/\/www.eitfood.eu\/projects\/ewa-empowering-women-in-agrifood-2022\" class='avia_image' target=\"_blank\" rel=\"noopener noreferrer\"><img decoding=\"async\" class='wp-image-6907 avia-img-lazy-loading-not-6907 avia_image' src=\"https:\/\/biopark.ee\/wp-content\/uploads\/2023\/07\/EWA-web1990x525px-ENG-1-1030x272.jpg\" alt='' title='EWA-web1990x525px-ENG (1)'  height=\"272\" width=\"1030\"  itemprop=\"thumbnailUrl\" srcset=\"https:\/\/biopark.ee\/wp-content\/uploads\/2023\/07\/EWA-web1990x525px-ENG-1-1030x272.jpg 1030w, https:\/\/biopark.ee\/wp-content\/uploads\/2023\/07\/EWA-web1990x525px-ENG-1-300x79.jpg 300w, https:\/\/biopark.ee\/wp-content\/uploads\/2023\/07\/EWA-web1990x525px-ENG-1-768x203.jpg 768w, https:\/\/biopark.ee\/wp-content\/uploads\/2023\/07\/EWA-web1990x525px-ENG-1-1536x405.jpg 1536w, https:\/\/biopark.ee\/wp-content\/uploads\/2023\/07\/EWA-web1990x525px-ENG-1-1500x396.jpg 1500w, https:\/\/biopark.ee\/wp-content\/uploads\/2023\/07\/EWA-web1990x525px-ENG-1-705x186.jpg 705w, https:\/\/biopark.ee\/wp-content\/uploads\/2023\/07\/EWA-web1990x525px-ENG-1.jpg 1990w\" sizes=\"(max-width: 1030px) 100vw, 1030px\" \/><\/a><\/div><\/div><\/div><\/div>\n<div class='av-flex-placeholder'><\/div><div  class='flex_column av-2l0wke-b3f31224f89be4607a17c8112dbafc48 av_one_half  avia-builder-el-19  el_after_av_one_half  avia-builder-el-last  flex_column_table_cell av-equal-height-column av-align-middle  column-top-margin'     ><p>\n<style type=\"text\/css\" data-created_by=\"avia_inline_auto\" id=\"style-css-av-lkb6glq4-522db6140a75f1d39a7511317848b369\">\n#top .av_textblock_section.av-lkb6glq4-522db6140a75f1d39a7511317848b369 .avia_textblock{\nfont-size:20px;\n}\n<\/style>\n<section  class='av_textblock_section av-lkb6glq4-522db6140a75f1d39a7511317848b369'   itemscope=\"itemscope\" itemtype=\"https:\/\/schema.org\/CreativeWork\" ><div class='avia_textblock'  itemprop=\"text\" ><p><b>130 talented female entrepreneurs&nbsp;<\/b>from&nbsp;<b>13 countries (Albania, Estonia, Greece, Italy, North Macedonia, Poland, Portugal, Romania, Serbia, Slovenia, Spain, Turkey and Ukraine)<\/b>&nbsp;with modest to moderate innovation rates will go through a&nbsp;<b>6-months&nbsp;entrepreneurial programme<\/b>&nbsp;tailored to create business solutions for specific challenges in agrifood.&nbsp;After this period, they will have&nbsp;the required&nbsp;<b>knowledge, confidence and&nbsp;support to meet and exceed their aspirations<\/b>, leading them to successfully start and develop sustainable businesses.&nbsp;&nbsp;The programme is designed for women regardless of their age, family situation, experience in business. We just need your idea and willingness to revolutionize the food system together with us!<\/p>\n<\/div><\/section><br \/>\n<div  class='avia-button-wrap av-lkb6hhaz-bcb1ec4135ae4db35f24cc044a602868-wrap avia-button-center  avia-builder-el-21  el_after_av_textblock  avia-builder-el-last'><a href='https:\/\/www.eitfood.eu\/projects\/ewa-empowering-women-in-agrifood' class='avia-button av-lkb6hhaz-bcb1ec4135ae4db35f24cc044a602868 avia-icon_select-no avia-size-small avia-position-center avia-color-dark' target=\"_blank\" rel=\"noopener noreferrer\"><span class='avia_iconbox_title' >Loe rohkem<\/span><\/a><\/div><\/p><\/div><\/div><!--close column table wrapper. Autoclose: 1 -->","protected":false},"excerpt":{"rendered":"","protected":false},"author":17,"featured_media":0,"parent":0,"menu_order":0,"comment_status":"closed","ping_status":"closed","template":"","meta":{"_acf_changed":false,"om_disable_all_campaigns":false,"_monsterinsights_skip_tracking":false,"_monsterinsights_sitenote_active":false,"_monsterinsights_sitenote_note":"","_monsterinsights_sitenote_category":0,"_uf_show_specific_survey":0,"_uf_disable_surveys":false,"ngg_post_thumbnail":0,"_themeisle_gutenberg_block_has_review":false,"footnotes":"","_links_to":"","_links_to_target":""},"class_list":["post-6494","page","type-page","status-publish","hentry"],"acf":[],"yoast_head":"<!-- This site is optimized with the Yoast SEO plugin v22.3 - https:\/\/yoast.com\/wordpress\/plugins\/seo\/ -->\n<title>Food technology - BioPark<\/title>\n<meta name=\"robots\" content=\"index, follow, max-snippet:-1, max-image-preview:large, max-video-preview:-1\" \/>\n<link rel=\"canonical\" href=\"https:\/\/biopark.ee\/et\/foodtechnology\/\" \/>\n<meta property=\"og:locale\" content=\"et_EE\" \/>\n<meta property=\"og:type\" content=\"article\" \/>\n<meta property=\"og:title\" content=\"Food technology - BioPark\" \/>\n<meta property=\"og:url\" content=\"https:\/\/biopark.ee\/et\/foodtechnology\/\" \/>\n<meta property=\"og:site_name\" content=\"BioPark\" \/>\n<meta property=\"article:modified_time\" content=\"2025-04-08T06:56:47+00:00\" \/>\n<meta name=\"twitter:label1\" content=\"Est. reading time\" \/>\n\t<meta name=\"twitter:data1\" content=\"3 minutit\" \/>\n<script type=\"application\/ld+json\" class=\"yoast-schema-graph\">{\"@context\":\"https:\/\/schema.org\",\"@graph\":[{\"@type\":\"WebPage\",\"@id\":\"https:\/\/biopark.ee\/foodtechnology\/\",\"url\":\"https:\/\/biopark.ee\/foodtechnology\/\",\"name\":\"Food technology - BioPark\",\"isPartOf\":{\"@id\":\"https:\/\/biopark.ee\/#website\"},\"datePublished\":\"2023-06-29T13:11:26+00:00\",\"dateModified\":\"2025-04-08T06:56:47+00:00\",\"breadcrumb\":{\"@id\":\"https:\/\/biopark.ee\/foodtechnology\/#breadcrumb\"},\"inLanguage\":\"et\",\"potentialAction\":[{\"@type\":\"ReadAction\",\"target\":[\"https:\/\/biopark.ee\/foodtechnology\/\"]}]},{\"@type\":\"BreadcrumbList\",\"@id\":\"https:\/\/biopark.ee\/foodtechnology\/#breadcrumb\",\"itemListElement\":[{\"@type\":\"ListItem\",\"position\":1,\"name\":\"Home\",\"item\":\"https:\/\/biopark.ee\/avaleht\/\"},{\"@type\":\"ListItem\",\"position\":2,\"name\":\"Food technology\"}]},{\"@type\":\"WebSite\",\"@id\":\"https:\/\/biopark.ee\/#website\",\"url\":\"https:\/\/biopark.ee\/\",\"name\":\"BioPark\",\"description\":\"\",\"potentialAction\":[{\"@type\":\"SearchAction\",\"target\":{\"@type\":\"EntryPoint\",\"urlTemplate\":\"https:\/\/biopark.ee\/?s={search_term_string}\"},\"query-input\":\"required name=search_term_string\"}],\"inLanguage\":\"et\"}]}<\/script>\n<!-- \/ Yoast SEO plugin. -->","yoast_head_json":{"title":"Food technology - BioPark","robots":{"index":"index","follow":"follow","max-snippet":"max-snippet:-1","max-image-preview":"max-image-preview:large","max-video-preview":"max-video-preview:-1"},"canonical":"https:\/\/biopark.ee\/et\/foodtechnology\/","og_locale":"et_EE","og_type":"article","og_title":"Food technology - BioPark","og_url":"https:\/\/biopark.ee\/et\/foodtechnology\/","og_site_name":"BioPark","article_modified_time":"2025-04-08T06:56:47+00:00","twitter_misc":{"Est. reading time":"3 minutit"},"schema":{"@context":"https:\/\/schema.org","@graph":[{"@type":"WebPage","@id":"https:\/\/biopark.ee\/foodtechnology\/","url":"https:\/\/biopark.ee\/foodtechnology\/","name":"Food technology - BioPark","isPartOf":{"@id":"https:\/\/biopark.ee\/#website"},"datePublished":"2023-06-29T13:11:26+00:00","dateModified":"2025-04-08T06:56:47+00:00","breadcrumb":{"@id":"https:\/\/biopark.ee\/foodtechnology\/#breadcrumb"},"inLanguage":"et","potentialAction":[{"@type":"ReadAction","target":["https:\/\/biopark.ee\/foodtechnology\/"]}]},{"@type":"BreadcrumbList","@id":"https:\/\/biopark.ee\/foodtechnology\/#breadcrumb","itemListElement":[{"@type":"ListItem","position":1,"name":"Home","item":"https:\/\/biopark.ee\/avaleht\/"},{"@type":"ListItem","position":2,"name":"Food technology"}]},{"@type":"WebSite","@id":"https:\/\/biopark.ee\/#website","url":"https:\/\/biopark.ee\/","name":"BioPark","description":"","potentialAction":[{"@type":"SearchAction","target":{"@type":"EntryPoint","urlTemplate":"https:\/\/biopark.ee\/?s={search_term_string}"},"query-input":"required name=search_term_string"}],"inLanguage":"et"}]}},"_links":{"self":[{"href":"https:\/\/biopark.ee\/et\/wp-json\/wp\/v2\/pages\/6494","targetHints":{"allow":["GET"]}}],"collection":[{"href":"https:\/\/biopark.ee\/et\/wp-json\/wp\/v2\/pages"}],"about":[{"href":"https:\/\/biopark.ee\/et\/wp-json\/wp\/v2\/types\/page"}],"author":[{"embeddable":true,"href":"https:\/\/biopark.ee\/et\/wp-json\/wp\/v2\/users\/17"}],"replies":[{"embeddable":true,"href":"https:\/\/biopark.ee\/et\/wp-json\/wp\/v2\/comments?post=6494"}],"version-history":[{"count":17,"href":"https:\/\/biopark.ee\/et\/wp-json\/wp\/v2\/pages\/6494\/revisions"}],"predecessor-version":[{"id":10925,"href":"https:\/\/biopark.ee\/et\/wp-json\/wp\/v2\/pages\/6494\/revisions\/10925"}],"wp:attachment":[{"href":"https:\/\/biopark.ee\/et\/wp-json\/wp\/v2\/media?parent=6494"}],"curies":[{"name":"wp","href":"https:\/\/api.w.org\/{rel}","templated":true}]}}