{"id":6461,"date":"2023-06-29T14:51:30","date_gmt":"2023-06-29T11:51:30","guid":{"rendered":"https:\/\/biopark.ee\/?page_id=6461"},"modified":"2024-05-03T09:06:26","modified_gmt":"2024-05-03T06:06:26","slug":"meist-2","status":"publish","type":"page","link":"https:\/\/biopark.ee\/et\/meist-2\/","title":{"rendered":"Meist"},"content":{"rendered":"<div  class='flex_column av-2e4hn1-2a15e5d5494529827976701bf5a5b010 av_one_full  avia-builder-el-0  el_before_av_one_full  avia-builder-el-first  first flex_column_div'     ><p>\n<style type=\"text\/css\" data-created_by=\"avia_inline_auto\" id=\"style-css-av-ljh6k00o-ef80d6f44f7ad5aafa20b9b76853a61c\">\n#top .av_textblock_section.av-ljh6k00o-ef80d6f44f7ad5aafa20b9b76853a61c .avia_textblock{\nfont-size:30px;\ncolor:#3ca2d1;\n}\n<\/style>\n<section  class='av_textblock_section av-ljh6k00o-ef80d6f44f7ad5aafa20b9b76853a61c'   itemscope=\"itemscope\" itemtype=\"https:\/\/schema.org\/CreativeWork\" ><div class='avia_textblock av_inherit_color'  itemprop=\"text\" ><p><strong>Meist<\/strong><\/p>\n<\/div><\/section><br \/>\n\n<style type=\"text\/css\" data-created_by=\"avia_inline_auto\" id=\"style-css-av-ljh6kakc-955e283138ac229fe4463b82a860b712\">\n#top .hr.av-ljh6kakc-955e283138ac229fe4463b82a860b712{\nmargin-top:30px;\nmargin-bottom:30px;\n}\n.hr.av-ljh6kakc-955e283138ac229fe4463b82a860b712 .hr-inner{\nwidth:100&amp;;\nborder-color:#3ca2d1;\n}\n<\/style>\n<div  class='hr av-ljh6kakc-955e283138ac229fe4463b82a860b712 hr-custom  avia-builder-el-2  el_after_av_textblock  el_before_av_textblock  hr-center hr-icon-no'><span class='hr-inner inner-border-av-border-thin'><span class=\"hr-inner-style\"><\/span><\/span><\/div><br \/>\n<section  class='av_textblock_section av-ljh36fe3-14c1069a028470ee6a0348cc5bf0cfc9'   itemscope=\"itemscope\" itemtype=\"https:\/\/schema.org\/CreativeWork\" ><div class='avia_textblock'  itemprop=\"text\" ><p><strong>Tartu Biotechnology Park (TBP) provides physical infrastructure as well as business development and consultancy services to companies and R&amp;D institutions in the fields of biotechnology, medicine and veterinary medicine. It supports companies in finding cooperation partners and is active in establishing new companies.<\/strong><\/p>\n<p>TBP tegevuse alustalad on kvaliteet, koost\u00f6\u00f6, kompetents ning informatsioon ja innovatsioon.\nTBP eesm\u00e4rgiks on soodsa ja areneva keskkonna loomine biotehnoloogia alase ettev\u00f5tluse edendamiseks Eestis.<\/p>\n<p>Pakkumaks klientidele paremaid teenuseid osaleb TBP Euroopa Liidu ning Eesti riigi poolt finantseeritavates programmides ja projektides. Projektide raames arendatakse koost\u00f6\u00f6d Eesti ja v\u00e4lismaa biotehnoloogia ettev\u00f5tete, teadus- ja arendusasutuste, sihtasutuste ning teiste organisatsioonidega, sh riigistruktuuride ja kohalike omavalitsustega.<\/p>\n<p>2005.a. septembris avati TBP-s BioMed inkubaator, mis toetab biotehnoloogia-, meditsiini- ja veterinaarmeditsiini valdkonna alustavaid ettev\u00f5tteid.<\/p>\n<p>Alates 2005.a. kuulub TBP Balti mere \u00e4\u00e4rseid riike \u00fchendavasse organisatsiooni ScanBalt ning on nimetatud organisatsiooni kontaktpunktiks Eestis.<\/p>\n<\/div><\/section><\/p><\/div>\n<div  class='flex_column av-2p0akt-3b1b19503eeb8a15e3ec9feb7b35ab65 av_one_full  avia-builder-el-4  el_after_av_one_full  avia-builder-el-last  first flex_column_div  column-top-margin'     ><style type=\"text\/css\" data-created_by=\"avia_inline_auto\" id=\"style-css-av-blg4t-89b1b259d96a5c6f1ab52bbaa94ff616\">\n#top .av_textblock_section.av-blg4t-89b1b259d96a5c6f1ab52bbaa94ff616 .avia_textblock{\nfont-size:30px;\ncolor:#3ca2d1;\n}\n<\/style>\n<section  class='av_textblock_section av-blg4t-89b1b259d96a5c6f1ab52bbaa94ff616'   itemscope=\"itemscope\" itemtype=\"https:\/\/schema.org\/CreativeWork\" ><div class='avia_textblock av_inherit_color'  itemprop=\"text\" ><p style=\"text-align: center;\"><strong>Partnerid<\/strong><\/p>\n<\/div><\/section><br \/>\n<div  class='avia-logo-element-container av-lvq9uvzr-c32b878de7e485049b5af8e450f240f3 av-border-deactivate avia-logo-slider avia-content-slider avia-smallarrow-slider avia-content-slider-active noHover avia-content-slider-even  avia-builder-el-6  el_after_av_textblock  avia-builder-el-last  av-slideshow-ui av-control-default av-nav-arrows-visible av-nav-dots-visible av-no-slider-navigation av-slideshow-autoplay av-loop-endless av-loop-manual-endless avia-content-slider1' data-slideshow-options=\"{&quot;animation&quot;:&quot;slide&quot;,&quot;autoplay&quot;:true,&quot;loop_autoplay&quot;:&quot;endless&quot;,&quot;interval&quot;:5,&quot;loop_manual&quot;:&quot;manual-endless&quot;,&quot;autoplay_stopper&quot;:false,&quot;noNavigation&quot;:false,&quot;bg_slider&quot;:false,&quot;keep_padding&quot;:&quot;&quot;,&quot;hoverpause&quot;:false,&quot;show_slide_delay&quot;:0}\"><div class='avia-smallarrow-slider-heading  no-logo-slider-heading'><div class='new-special-heading'>&nbsp;<\/div><\/div><div class=\"avia-content-slider-inner\"><div class=\"slide-entry-wrap\"><div  class='slide-entry av-av_partner_logo-191e82b05b173d97d69572d856456a60 flex_column no_margin av_one_fourth real-thumbnail post-entry slide-entry-overview slide-loop-1 slide-parity-odd  first'><a href=\"https:\/\/www.eitfood.eu\" data-rel='slide-1' class='slide-image' title='' target=\"_blank\" rel=\"noopener noreferrer\"><img decoding=\"async\" width=\"180\" height=\"180\" src=\"https:\/\/biopark.ee\/wp-content\/uploads\/2023\/07\/eitfood_sq-180x180.jpg\" class=\"wp-image-6796 avia-img-lazy-loading-not-6796 attachment-square size-square\" alt=\"\" srcset=\"https:\/\/biopark.ee\/wp-content\/uploads\/2023\/07\/eitfood_sq-180x180.jpg 180w, https:\/\/biopark.ee\/wp-content\/uploads\/2023\/07\/eitfood_sq-300x300.jpg 300w, https:\/\/biopark.ee\/wp-content\/uploads\/2023\/07\/eitfood_sq-80x80.jpg 80w, https:\/\/biopark.ee\/wp-content\/uploads\/2023\/07\/eitfood_sq-36x36.jpg 36w, https:\/\/biopark.ee\/wp-content\/uploads\/2023\/07\/eitfood_sq.jpg 400w\" sizes=\"(max-width: 180px) 100vw, 180px\" \/><\/a><\/div><div  class='slide-entry av-av_partner_logo-d5225c8aaadf5e497d6bc6bdbee20831 flex_column no_margin av_one_fourth real-thumbnail post-entry slide-entry-overview slide-loop-2 slide-parity-even'><a href=\"https:\/\/tartu.ee\/et\" data-rel='slide-1' class='slide-image' title='' target=\"_blank\" rel=\"noopener noreferrer\"><img decoding=\"async\" width=\"180\" height=\"180\" src=\"https:\/\/biopark.ee\/wp-content\/uploads\/2023\/06\/tartu-1280x1280-1-180x180.png\" class=\"wp-image-6423 avia-img-lazy-loading-not-6423 attachment-square size-square\" alt=\"\" srcset=\"https:\/\/biopark.ee\/wp-content\/uploads\/2023\/06\/tartu-1280x1280-1-180x180.png 180w, https:\/\/biopark.ee\/wp-content\/uploads\/2023\/06\/tartu-1280x1280-1-300x300.png 300w, https:\/\/biopark.ee\/wp-content\/uploads\/2023\/06\/tartu-1280x1280-1-1030x1030.png 1030w, https:\/\/biopark.ee\/wp-content\/uploads\/2023\/06\/tartu-1280x1280-1-80x80.png 80w, https:\/\/biopark.ee\/wp-content\/uploads\/2023\/06\/tartu-1280x1280-1-768x768.png 768w, https:\/\/biopark.ee\/wp-content\/uploads\/2023\/06\/tartu-1280x1280-1-36x36.png 36w, https:\/\/biopark.ee\/wp-content\/uploads\/2023\/06\/tartu-1280x1280-1-705x705.png 705w, https:\/\/biopark.ee\/wp-content\/uploads\/2023\/06\/tartu-1280x1280-1.png 1280w\" sizes=\"(max-width: 180px) 100vw, 180px\" \/><\/a><\/div><div  class='slide-entry av-av_partner_logo-2438b50d2e9628fe07e2c0bc938b4c6c flex_column no_margin av_one_fourth real-thumbnail post-entry slide-entry-overview slide-loop-3 slide-parity-odd'><a href=\"https:\/\/scanbalt.org\" data-rel='slide-1' class='slide-image' title='' target=\"_blank\" rel=\"noopener noreferrer\"><img decoding=\"async\" width=\"180\" height=\"180\" src=\"https:\/\/biopark.ee\/wp-content\/uploads\/2023\/06\/scanbalt-1280x1280-1-180x180.png\" class=\"wp-image-6421 avia-img-lazy-loading-not-6421 attachment-square size-square\" alt=\"\" srcset=\"https:\/\/biopark.ee\/wp-content\/uploads\/2023\/06\/scanbalt-1280x1280-1-180x180.png 180w, https:\/\/biopark.ee\/wp-content\/uploads\/2023\/06\/scanbalt-1280x1280-1-300x300.png 300w, https:\/\/biopark.ee\/wp-content\/uploads\/2023\/06\/scanbalt-1280x1280-1-1030x1030.png 1030w, https:\/\/biopark.ee\/wp-content\/uploads\/2023\/06\/scanbalt-1280x1280-1-80x80.png 80w, https:\/\/biopark.ee\/wp-content\/uploads\/2023\/06\/scanbalt-1280x1280-1-768x768.png 768w, https:\/\/biopark.ee\/wp-content\/uploads\/2023\/06\/scanbalt-1280x1280-1-36x36.png 36w, https:\/\/biopark.ee\/wp-content\/uploads\/2023\/06\/scanbalt-1280x1280-1-705x705.png 705w, https:\/\/biopark.ee\/wp-content\/uploads\/2023\/06\/scanbalt-1280x1280-1.png 1280w\" sizes=\"(max-width: 180px) 100vw, 180px\" \/><\/a><\/div><div  class='slide-entry av-av_partner_logo-41c56f3a00c1a47919bd1ca7f7e18d62 flex_column no_margin av_one_fourth real-thumbnail post-entry slide-entry-overview slide-loop-4 slide-parity-even post-entry-last'><a href=\"https:\/\/eithealth.eu\" data-rel='slide-1' class='slide-image' title='' target=\"_blank\" rel=\"noopener noreferrer\"><img decoding=\"async\" width=\"180\" height=\"180\" src=\"https:\/\/biopark.ee\/wp-content\/uploads\/2023\/07\/eithealth_sq-180x180.jpg\" class=\"wp-image-6797 avia-img-lazy-loading-not-6797 attachment-square size-square\" alt=\"\" srcset=\"https:\/\/biopark.ee\/wp-content\/uploads\/2023\/07\/eithealth_sq-180x180.jpg 180w, https:\/\/biopark.ee\/wp-content\/uploads\/2023\/07\/eithealth_sq-300x300.jpg 300w, https:\/\/biopark.ee\/wp-content\/uploads\/2023\/07\/eithealth_sq-80x80.jpg 80w, https:\/\/biopark.ee\/wp-content\/uploads\/2023\/07\/eithealth_sq-768x768.jpg 768w, https:\/\/biopark.ee\/wp-content\/uploads\/2023\/07\/eithealth_sq-36x36.jpg 36w, https:\/\/biopark.ee\/wp-content\/uploads\/2023\/07\/eithealth_sq-705x705.jpg 705w, https:\/\/biopark.ee\/wp-content\/uploads\/2023\/07\/eithealth_sq.jpg 1024w\" sizes=\"(max-width: 180px) 100vw, 180px\" \/><\/a><\/div><\/div><\/div><\/div><\/p><\/div>","protected":false},"excerpt":{"rendered":"","protected":false},"author":17,"featured_media":0,"parent":0,"menu_order":0,"comment_status":"closed","ping_status":"closed","template":"","meta":{"_acf_changed":false,"om_disable_all_campaigns":false,"_monsterinsights_skip_tracking":false,"_monsterinsights_sitenote_active":false,"_monsterinsights_sitenote_note":"","_monsterinsights_sitenote_category":0,"_uf_show_specific_survey":0,"_uf_disable_surveys":false,"ngg_post_thumbnail":0,"_themeisle_gutenberg_block_has_review":false,"footnotes":"","_links_to":"","_links_to_target":""},"class_list":["post-6461","page","type-page","status-publish","hentry"],"acf":[],"yoast_head":"<!-- This site is optimized with the Yoast SEO plugin v22.3 - https:\/\/yoast.com\/wordpress\/plugins\/seo\/ -->\n<title>About Us - BioPark<\/title>\n<meta name=\"robots\" content=\"index, follow, max-snippet:-1, max-image-preview:large, max-video-preview:-1\" \/>\n<link rel=\"canonical\" href=\"https:\/\/biopark.ee\/et\/meist-2\/\" \/>\n<meta property=\"og:locale\" content=\"et_EE\" \/>\n<meta property=\"og:type\" content=\"article\" \/>\n<meta property=\"og:title\" content=\"About Us - BioPark\" \/>\n<meta property=\"og:url\" content=\"https:\/\/biopark.ee\/et\/meist-2\/\" \/>\n<meta property=\"og:site_name\" content=\"BioPark\" \/>\n<meta property=\"article:modified_time\" content=\"2024-05-03T06:06:26+00:00\" \/>\n<meta name=\"twitter:label1\" content=\"Est. reading time\" \/>\n\t<meta name=\"twitter:data1\" content=\"3 minutit\" \/>\n<script type=\"application\/ld+json\" class=\"yoast-schema-graph\">{\"@context\":\"https:\/\/schema.org\",\"@graph\":[{\"@type\":\"WebPage\",\"@id\":\"https:\/\/biopark.ee\/meist-2\/\",\"url\":\"https:\/\/biopark.ee\/meist-2\/\",\"name\":\"About Us - BioPark\",\"isPartOf\":{\"@id\":\"https:\/\/biopark.ee\/#website\"},\"datePublished\":\"2023-06-29T11:51:30+00:00\",\"dateModified\":\"2024-05-03T06:06:26+00:00\",\"breadcrumb\":{\"@id\":\"https:\/\/biopark.ee\/meist-2\/#breadcrumb\"},\"inLanguage\":\"et\",\"potentialAction\":[{\"@type\":\"ReadAction\",\"target\":[\"https:\/\/biopark.ee\/meist-2\/\"]}]},{\"@type\":\"BreadcrumbList\",\"@id\":\"https:\/\/biopark.ee\/meist-2\/#breadcrumb\",\"itemListElement\":[{\"@type\":\"ListItem\",\"position\":1,\"name\":\"Home\",\"item\":\"https:\/\/biopark.ee\/avaleht\/\"},{\"@type\":\"ListItem\",\"position\":2,\"name\":\"About Us\"}]},{\"@type\":\"WebSite\",\"@id\":\"https:\/\/biopark.ee\/#website\",\"url\":\"https:\/\/biopark.ee\/\",\"name\":\"BioPark\",\"description\":\"\",\"potentialAction\":[{\"@type\":\"SearchAction\",\"target\":{\"@type\":\"EntryPoint\",\"urlTemplate\":\"https:\/\/biopark.ee\/?s={search_term_string}\"},\"query-input\":\"required name=search_term_string\"}],\"inLanguage\":\"et\"}]}<\/script>\n<!-- \/ Yoast SEO plugin. -->","yoast_head_json":{"title":"About Us - BioPark","robots":{"index":"index","follow":"follow","max-snippet":"max-snippet:-1","max-image-preview":"max-image-preview:large","max-video-preview":"max-video-preview:-1"},"canonical":"https:\/\/biopark.ee\/et\/meist-2\/","og_locale":"et_EE","og_type":"article","og_title":"About Us - BioPark","og_url":"https:\/\/biopark.ee\/et\/meist-2\/","og_site_name":"BioPark","article_modified_time":"2024-05-03T06:06:26+00:00","twitter_misc":{"Est. reading time":"3 minutit"},"schema":{"@context":"https:\/\/schema.org","@graph":[{"@type":"WebPage","@id":"https:\/\/biopark.ee\/meist-2\/","url":"https:\/\/biopark.ee\/meist-2\/","name":"About Us - BioPark","isPartOf":{"@id":"https:\/\/biopark.ee\/#website"},"datePublished":"2023-06-29T11:51:30+00:00","dateModified":"2024-05-03T06:06:26+00:00","breadcrumb":{"@id":"https:\/\/biopark.ee\/meist-2\/#breadcrumb"},"inLanguage":"et","potentialAction":[{"@type":"ReadAction","target":["https:\/\/biopark.ee\/meist-2\/"]}]},{"@type":"BreadcrumbList","@id":"https:\/\/biopark.ee\/meist-2\/#breadcrumb","itemListElement":[{"@type":"ListItem","position":1,"name":"Home","item":"https:\/\/biopark.ee\/avaleht\/"},{"@type":"ListItem","position":2,"name":"About Us"}]},{"@type":"WebSite","@id":"https:\/\/biopark.ee\/#website","url":"https:\/\/biopark.ee\/","name":"BioPark","description":"","potentialAction":[{"@type":"SearchAction","target":{"@type":"EntryPoint","urlTemplate":"https:\/\/biopark.ee\/?s={search_term_string}"},"query-input":"required name=search_term_string"}],"inLanguage":"et"}]}},"_links":{"self":[{"href":"https:\/\/biopark.ee\/et\/wp-json\/wp\/v2\/pages\/6461","targetHints":{"allow":["GET"]}}],"collection":[{"href":"https:\/\/biopark.ee\/et\/wp-json\/wp\/v2\/pages"}],"about":[{"href":"https:\/\/biopark.ee\/et\/wp-json\/wp\/v2\/types\/page"}],"author":[{"embeddable":true,"href":"https:\/\/biopark.ee\/et\/wp-json\/wp\/v2\/users\/17"}],"replies":[{"embeddable":true,"href":"https:\/\/biopark.ee\/et\/wp-json\/wp\/v2\/comments?post=6461"}],"version-history":[{"count":24,"href":"https:\/\/biopark.ee\/et\/wp-json\/wp\/v2\/pages\/6461\/revisions"}],"predecessor-version":[{"id":8921,"href":"https:\/\/biopark.ee\/et\/wp-json\/wp\/v2\/pages\/6461\/revisions\/8921"}],"wp:attachment":[{"href":"https:\/\/biopark.ee\/et\/wp-json\/wp\/v2\/media?parent=6461"}],"curies":[{"name":"wp","href":"https:\/\/api.w.org\/{rel}","templated":true}]}}