{"id":64,"date":"2014-07-30T13:19:32","date_gmt":"2014-07-30T10:19:32","guid":{"rendered":"https:\/\/biopark.ee\/?page_id=64"},"modified":"2014-09-15T13:52:36","modified_gmt":"2014-09-15T10:52:36","slug":"inkubatsiooni-taotlusvorm","status":"publish","type":"page","link":"https:\/\/biopark.ee\/et\/biomed-sa\/inkubatsiooni-taotlusvorm\/","title":{"rendered":"Inkubatsiooni taotlusvorm"},"content":{"rendered":"<p>*\u00a0Kohustuslikud infov\u00e4ljad.<br \/>\n\n<div class=\"wpcf7 no-js\" id=\"wpcf7-f361-o1\" lang=\"et\" dir=\"ltr\">\n<div class=\"screen-reader-response\"><p role=\"status\" aria-live=\"polite\" aria-atomic=\"true\"><\/p> <ul><\/ul><\/div>\n<form action=\"\/et\/wp-json\/wp\/v2\/pages\/64#wpcf7-f361-o1\" method=\"post\" class=\"wpcf7-form init use-floating-validation-tip\" aria-label=\"Contact form\" novalidate=\"novalidate\" data-status=\"init\" data-trp-original-action=\"\/et\/wp-json\/wp\/v2\/pages\/64#wpcf7-f361-o1\">\n<div style=\"display: none;\">\n<input type=\"hidden\" name=\"_wpcf7\" value=\"361\" \/>\n<input type=\"hidden\" name=\"_wpcf7_version\" value=\"5.9.3\" \/>\n<input type=\"hidden\" name=\"_wpcf7_locale\" value=\"et\" \/>\n<input type=\"hidden\" name=\"_wpcf7_unit_tag\" value=\"wpcf7-f361-o1\" \/>\n<input type=\"hidden\" name=\"_wpcf7_container_post\" value=\"0\" \/>\n<input type=\"hidden\" name=\"_wpcf7_posted_data_hash\" value=\"\" \/>\n<input type=\"hidden\" name=\"_wpcf7_recaptcha_response\" value=\"\" \/>\n<\/div>\n<div class=\"form-half alpha\">\n\t<p><span class=\"wpcf7-form-control-wrap\" data-name=\"your-name\"><input size=\"40\" class=\"wpcf7-form-control wpcf7-text wpcf7-validates-as-required\" aria-required=\"true\" aria-invalid=\"false\" placeholder=\"NIMI *\" value=\"\" type=\"text\" name=\"your-name\" \/><\/span>\n\t<\/p>\n\t<p><span class=\"wpcf7-form-control-wrap\" data-name=\"your-email\"><input size=\"40\" class=\"wpcf7-form-control wpcf7-email wpcf7-validates-as-required wpcf7-text wpcf7-validates-as-email\" aria-required=\"true\" aria-invalid=\"false\" placeholder=\"EMAIL *\" value=\"\" type=\"email\" name=\"your-email\" \/><\/span>\n\t<\/p>\n\t<p><span class=\"wpcf7-form-control-wrap\" data-name=\"text-109\"><input size=\"40\" class=\"wpcf7-form-control wpcf7-text wpcf7-validates-as-required\" aria-required=\"true\" aria-invalid=\"false\" placeholder=\"TELEFONINUMBER *\" value=\"\" type=\"text\" name=\"text-109\" \/><\/span>\n\t<\/p>\n\t<p><span class=\"wpcf7-form-control-wrap\" data-name=\"your-subject\"><input size=\"40\" class=\"wpcf7-form-control wpcf7-text\" aria-invalid=\"false\" placeholder=\"ETTEV\u00d5TE (olemasolul)\" value=\"\" type=\"text\" name=\"your-subject\" \/><\/span>\n\t<\/p>\n\t<p><input class=\"wpcf7-form-control wpcf7-submit has-spinner button green\" type=\"submit\" value=\"Saada\" \/>\n\t<\/p>\n<\/div>\n<div class=\"form-half omega\">\n\t<p><span class=\"wpcf7-form-control-wrap\" data-name=\"your-message\"><textarea cols=\"40\" rows=\"10\" class=\"wpcf7-form-control wpcf7-textarea wpcf7-validates-as-required\" aria-required=\"true\" aria-invalid=\"false\" placeholder=\"\u00c4RIIDEE L\u00dcHIKIRJELDUS *\" name=\"your-message\"><\/textarea><\/span>\n\t<\/p>\n\t<p class=\"captcha-wrap\"><input type=\"hidden\" name=\"_wpcf7_captcha_challenge_captcha-889\" value=\"2760702961\" \/><img decoding=\"async\" class=\"wpcf7-form-control wpcf7-captchac wpcf7-captcha-captcha-889\" width=\"60\" height=\"20\" alt=\"captcha\" src=\"https:\/\/biopark.ee\/wp-content\/uploads\/wpcf7_captcha\/2760702961.png\" \/><span class=\"wpcf7-form-control-wrap\" data-name=\"captcha-889\"><input size=\"40\" class=\"wpcf7-form-control wpcf7-captchar captcha-input\" autocomplete=\"off\" aria-invalid=\"false\" placeholder=\"SISESTAGE TURVAKOOD *\" value=\"\" type=\"text\" name=\"captcha-889\" \/><\/span>\n\t<\/p>\n<\/div>\n<div class=\"clear\">\n<\/div><div class=\"wpcf7-response-output\" aria-hidden=\"true\"><\/div>\n<input type=\"hidden\" name=\"trp-form-language\" value=\"et\"\/><\/form>\n<\/div>\n<br \/>\nSobivate kandidaatidega v\u00f5tame \u00fchendust ja lepime kokku kohtumise. Kohtumisele tulles palume l\u00e4bi m\u00f5elda j\u00e4rgnevad k\u00fcsimused&#8230;<br \/>\n&#8211; Mis on Teie toote\/teenuse eeliseks teiste ees?<br \/>\n&#8211; Kes on potentsiaalsed kliendid, miks eelistavad nad Teie toodet\/teenust?<br \/>\n&#8211; Millised on Teie eesm\u00e4rgid j\u00e4rgnevaks 2-3 aastaks?<br \/>\n&#8211; Milline on hetkel olemasolev (v\u00f5tme)meeskond ning kompetentsid?<br \/>\n&#8211; Milline peaks olema BioMed inkubaatori roll?<\/p>","protected":false},"excerpt":{"rendered":"<p>*\u00a0Kohustuslikud infov\u00e4ljad. Sobivate kandidaatidega v\u00f5tame \u00fchendust ja lepime kokku kohtumise. Kohtumisele tulles palume l\u00e4bi m\u00f5elda j\u00e4rgnevad k\u00fcsimused&#8230; &#8211; Mis on Teie toote\/teenuse eeliseks teiste ees? &#8211; Kes on potentsiaalsed kliendid, miks eelistavad nad Teie toodet\/teenust? &#8211; Millised on Teie eesm\u00e4rgid j\u00e4rgnevaks 2-3 aastaks? &#8211; Milline on hetkel olemasolev (v\u00f5tme)meeskond ning kompetentsid? &#8211; Milline peaks olema [&hellip;]<\/p>","protected":false},"author":1,"featured_media":0,"parent":39,"menu_order":60,"comment_status":"closed","ping_status":"closed","template":"page-templates\/orange-template.php","meta":{"_acf_changed":false,"om_disable_all_campaigns":false,"_monsterinsights_skip_tracking":false,"_monsterinsights_sitenote_active":false,"_monsterinsights_sitenote_note":"","_monsterinsights_sitenote_category":0,"_uf_show_specific_survey":0,"_uf_disable_surveys":false,"ngg_post_thumbnail":0,"_themeisle_gutenberg_block_has_review":false,"footnotes":"","_links_to":"","_links_to_target":""},"class_list":["post-64","page","type-page","status-publish","hentry"],"acf":[],"yoast_head":"<!-- This site is optimized with the Yoast SEO plugin v22.3 - https:\/\/yoast.com\/wordpress\/plugins\/seo\/ -->\n<title>Inkubatsiooni taotlusvorm - BioPark<\/title>\n<meta name=\"robots\" content=\"index, follow, max-snippet:-1, max-image-preview:large, max-video-preview:-1\" \/>\n<link rel=\"canonical\" href=\"https:\/\/biopark.ee\/et\/biomed-sa\/inkubatsiooni-taotlusvorm\/\" \/>\n<meta property=\"og:locale\" content=\"et_EE\" \/>\n<meta property=\"og:type\" content=\"article\" \/>\n<meta property=\"og:title\" content=\"Inkubatsiooni taotlusvorm - BioPark\" \/>\n<meta property=\"og:description\" content=\"*\u00a0Kohustuslikud infov\u00e4ljad. Sobivate kandidaatidega v\u00f5tame \u00fchendust ja lepime kokku kohtumise. Kohtumisele tulles palume l\u00e4bi m\u00f5elda j\u00e4rgnevad k\u00fcsimused&#8230; &#8211; Mis on Teie toote\/teenuse eeliseks teiste ees? &#8211; Kes on potentsiaalsed kliendid, miks eelistavad nad Teie toodet\/teenust? &#8211; Millised on Teie eesm\u00e4rgid j\u00e4rgnevaks 2-3 aastaks? &#8211; Milline on hetkel olemasolev (v\u00f5tme)meeskond ning kompetentsid? &#8211; Milline peaks olema [&hellip;]\" \/>\n<meta property=\"og:url\" content=\"https:\/\/biopark.ee\/et\/biomed-sa\/inkubatsiooni-taotlusvorm\/\" \/>\n<meta property=\"og:site_name\" content=\"BioPark\" \/>\n<meta property=\"article:modified_time\" content=\"2014-09-15T10:52:36+00:00\" \/>\n<script type=\"application\/ld+json\" class=\"yoast-schema-graph\">{\"@context\":\"https:\/\/schema.org\",\"@graph\":[{\"@type\":\"WebPage\",\"@id\":\"https:\/\/biopark.ee\/biomed-sa\/inkubatsiooni-taotlusvorm\/\",\"url\":\"https:\/\/biopark.ee\/biomed-sa\/inkubatsiooni-taotlusvorm\/\",\"name\":\"Inkubatsiooni taotlusvorm - BioPark\",\"isPartOf\":{\"@id\":\"https:\/\/biopark.ee\/#website\"},\"datePublished\":\"2014-07-30T10:19:32+00:00\",\"dateModified\":\"2014-09-15T10:52:36+00:00\",\"breadcrumb\":{\"@id\":\"https:\/\/biopark.ee\/biomed-sa\/inkubatsiooni-taotlusvorm\/#breadcrumb\"},\"inLanguage\":\"et\",\"potentialAction\":[{\"@type\":\"ReadAction\",\"target\":[\"https:\/\/biopark.ee\/biomed-sa\/inkubatsiooni-taotlusvorm\/\"]}]},{\"@type\":\"BreadcrumbList\",\"@id\":\"https:\/\/biopark.ee\/biomed-sa\/inkubatsiooni-taotlusvorm\/#breadcrumb\",\"itemListElement\":[{\"@type\":\"ListItem\",\"position\":1,\"name\":\"Home\",\"item\":\"https:\/\/biopark.ee\/avaleht\/\"},{\"@type\":\"ListItem\",\"position\":2,\"name\":\"BioMed inkubaator\",\"item\":\"https:\/\/biopark.ee\/biomed-sa\/\"},{\"@type\":\"ListItem\",\"position\":3,\"name\":\"Inkubatsiooni taotlusvorm\"}]},{\"@type\":\"WebSite\",\"@id\":\"https:\/\/biopark.ee\/#website\",\"url\":\"https:\/\/biopark.ee\/\",\"name\":\"BioPark\",\"description\":\"\",\"potentialAction\":[{\"@type\":\"SearchAction\",\"target\":{\"@type\":\"EntryPoint\",\"urlTemplate\":\"https:\/\/biopark.ee\/?s={search_term_string}\"},\"query-input\":\"required name=search_term_string\"}],\"inLanguage\":\"et\"}]}<\/script>\n<!-- \/ Yoast SEO plugin. -->","yoast_head_json":{"title":"Inkubatsiooni taotlusvorm - BioPark","robots":{"index":"index","follow":"follow","max-snippet":"max-snippet:-1","max-image-preview":"max-image-preview:large","max-video-preview":"max-video-preview:-1"},"canonical":"https:\/\/biopark.ee\/et\/biomed-sa\/inkubatsiooni-taotlusvorm\/","og_locale":"et_EE","og_type":"article","og_title":"Inkubatsiooni taotlusvorm - BioPark","og_description":"*\u00a0Kohustuslikud infov\u00e4ljad. Sobivate kandidaatidega v\u00f5tame \u00fchendust ja lepime kokku kohtumise. Kohtumisele tulles palume l\u00e4bi m\u00f5elda j\u00e4rgnevad k\u00fcsimused&#8230; &#8211; Mis on Teie toote\/teenuse eeliseks teiste ees? &#8211; Kes on potentsiaalsed kliendid, miks eelistavad nad Teie toodet\/teenust? &#8211; Millised on Teie eesm\u00e4rgid j\u00e4rgnevaks 2-3 aastaks? &#8211; Milline on hetkel olemasolev (v\u00f5tme)meeskond ning kompetentsid? &#8211; Milline peaks olema [&hellip;]","og_url":"https:\/\/biopark.ee\/et\/biomed-sa\/inkubatsiooni-taotlusvorm\/","og_site_name":"BioPark","article_modified_time":"2014-09-15T10:52:36+00:00","schema":{"@context":"https:\/\/schema.org","@graph":[{"@type":"WebPage","@id":"https:\/\/biopark.ee\/biomed-sa\/inkubatsiooni-taotlusvorm\/","url":"https:\/\/biopark.ee\/biomed-sa\/inkubatsiooni-taotlusvorm\/","name":"Inkubatsiooni taotlusvorm - BioPark","isPartOf":{"@id":"https:\/\/biopark.ee\/#website"},"datePublished":"2014-07-30T10:19:32+00:00","dateModified":"2014-09-15T10:52:36+00:00","breadcrumb":{"@id":"https:\/\/biopark.ee\/biomed-sa\/inkubatsiooni-taotlusvorm\/#breadcrumb"},"inLanguage":"et","potentialAction":[{"@type":"ReadAction","target":["https:\/\/biopark.ee\/biomed-sa\/inkubatsiooni-taotlusvorm\/"]}]},{"@type":"BreadcrumbList","@id":"https:\/\/biopark.ee\/biomed-sa\/inkubatsiooni-taotlusvorm\/#breadcrumb","itemListElement":[{"@type":"ListItem","position":1,"name":"Home","item":"https:\/\/biopark.ee\/avaleht\/"},{"@type":"ListItem","position":2,"name":"BioMed inkubaator","item":"https:\/\/biopark.ee\/biomed-sa\/"},{"@type":"ListItem","position":3,"name":"Inkubatsiooni taotlusvorm"}]},{"@type":"WebSite","@id":"https:\/\/biopark.ee\/#website","url":"https:\/\/biopark.ee\/","name":"BioPark","description":"","potentialAction":[{"@type":"SearchAction","target":{"@type":"EntryPoint","urlTemplate":"https:\/\/biopark.ee\/?s={search_term_string}"},"query-input":"required name=search_term_string"}],"inLanguage":"et"}]}},"_links":{"self":[{"href":"https:\/\/biopark.ee\/et\/wp-json\/wp\/v2\/pages\/64","targetHints":{"allow":["GET"]}}],"collection":[{"href":"https:\/\/biopark.ee\/et\/wp-json\/wp\/v2\/pages"}],"about":[{"href":"https:\/\/biopark.ee\/et\/wp-json\/wp\/v2\/types\/page"}],"author":[{"embeddable":true,"href":"https:\/\/biopark.ee\/et\/wp-json\/wp\/v2\/users\/1"}],"replies":[{"embeddable":true,"href":"https:\/\/biopark.ee\/et\/wp-json\/wp\/v2\/comments?post=64"}],"version-history":[{"count":5,"href":"https:\/\/biopark.ee\/et\/wp-json\/wp\/v2\/pages\/64\/revisions"}],"predecessor-version":[{"id":6575,"href":"https:\/\/biopark.ee\/et\/wp-json\/wp\/v2\/pages\/64\/revisions\/6575"}],"up":[{"embeddable":true,"href":"https:\/\/biopark.ee\/et\/wp-json\/wp\/v2\/pages\/39"}],"wp:attachment":[{"href":"https:\/\/biopark.ee\/et\/wp-json\/wp\/v2\/media?parent=64"}],"curies":[{"name":"wp","href":"https:\/\/api.w.org\/{rel}","templated":true}]}}