{"id":6235,"date":"2023-05-04T10:10:33","date_gmt":"2023-05-04T07:10:33","guid":{"rendered":"https:\/\/biopark.ee\/?page_id=6235"},"modified":"2023-08-10T17:00:54","modified_gmt":"2023-08-10T14:00:54","slug":"clinical-artificial-intelligence-based-diagnostics-caidx","status":"publish","type":"page","link":"https:\/\/biopark.ee\/et\/clinical-artificial-intelligence-based-diagnostics-caidx\/","title":{"rendered":"Clinical Artificial Intelligence-based Diagnostics (CAIDX)"},"content":{"rendered":"<style type=\"text\/css\" data-created_by=\"avia_inline_auto\" id=\"style-css-av-ljk11xzg-29170dba0dd4796cb0c634d558474b46\">\n#top .av_textblock_section.av-ljk11xzg-29170dba0dd4796cb0c634d558474b46 .avia_textblock{\nfont-size:30px;\ncolor:#3ca2d1;\n}\n<\/style>\n<section  class='av_textblock_section av-ljk11xzg-29170dba0dd4796cb0c634d558474b46'   itemscope=\"itemscope\" itemtype=\"https:\/\/schema.org\/CreativeWork\" ><div class='avia_textblock av_inherit_color'  itemprop=\"text\" ><p><strong>Clinical Artificial Intelligence-based Diagnostics (CAIDX)<\/strong><\/p>\n<\/div><\/section>\n\n<style type=\"text\/css\" data-created_by=\"avia_inline_auto\" id=\"style-css-av-ljk127q5-dac25a621aee8293c7de0974e446b9b6\">\n#top .hr.av-ljk127q5-dac25a621aee8293c7de0974e446b9b6{\nmargin-top:30px;\nmargin-bottom:30px;\n}\n.hr.av-ljk127q5-dac25a621aee8293c7de0974e446b9b6 .hr-inner{\nwidth:100%;\nborder-color:#3ca2d1;\n}\n<\/style>\n<div  class='hr av-ljk127q5-dac25a621aee8293c7de0974e446b9b6 hr-custom  avia-builder-el-1  el_after_av_textblock  el_before_av_textblock  hr-center hr-icon-no'><span class='hr-inner inner-border-av-border-thin'><span class=\"hr-inner-style\"><\/span><\/span><\/div>\n<section  class='av_textblock_section av-2t3bm3-a7fdb85354b574ef52f8bf858c1d2b56'   itemscope=\"itemscope\" itemtype=\"https:\/\/schema.org\/CreativeWork\" ><div class='avia_textblock'  itemprop=\"text\" ><div class=\"intro\"><a href=\"https:\/\/biopark.ee\/wp-content\/uploads\/2023\/05\/CAIDX.png\"><img decoding=\"async\" class=\"wp-image-6236 alignright\" src=\"https:\/\/biopark.ee\/wp-content\/uploads\/2023\/05\/CAIDX.png\" alt=\"\" width=\"309\" height=\"151\" srcset=\"https:\/\/biopark.ee\/wp-content\/uploads\/2023\/05\/CAIDX.png 980w, https:\/\/biopark.ee\/wp-content\/uploads\/2023\/05\/CAIDX-300x147.png 300w, https:\/\/biopark.ee\/wp-content\/uploads\/2023\/05\/CAIDX-768x375.png 768w, https:\/\/biopark.ee\/wp-content\/uploads\/2023\/05\/CAIDX-174x85.png 174w\" sizes=\"(max-width: 309px) 100vw, 309px\" \/><\/a>Projekt CAIDX loob koost\u00f6\u00f6 tehisintellektil (AI) p\u00f5hinevate diagnostika lahenduste pakkujate ja tervishoiuasutuste vahel, et aidata tervishoiut\u00f6\u00f6tajatel integreerida AI ja seel\u00e4bi parandada diagnostikat ja ravi.<\/div>\n<div><\/div>\n<div id=\"summary\" class=\"summary\">\n<div class=\"title\"><strong>Projekti kokkuv\u00f5te<\/strong><\/div>\n<div class=\"value\">Digitaliseerimine suureneb kiiresti k\u00f5igis sektorites, sealhulgas tervishoiusektoris. See v\u00f5ib avaldada positiivset m\u00f5ju, suurendades tervishoiusektori reageerimisv\u00f5imet ja vastupanuv\u00f5imet (diagnostika kiiruse ja t\u00e4psuse suurendamine, ressursside optimeerimine). Tervishoiusektoris arendatakse intensiivselt v\u00e4lja tehisintellekti ja andmep\u00f5hiseid diagnostikavahendeid, kuid nende kasutuselev\u00f5tt on mitmel p\u00f5hjusel keeruline:<\/div>\n<div class=\"value\">\u2013 Haiglad\/arstid n\u00e4evad tehisintellekti musta kastina ja ei m\u00f5ista kasutatavate algoritmide loogikat;<\/div>\n<div class=\"value\">\u2013 T\u00f6\u00f6stus ei pruugi m\u00f5ista kliinilisi vajadusi, mist\u00f5ttu pakuvad nad vahendeid, mis ei vasta kasutajate vajadustele;<\/div>\n<div class=\"value\">\u2013 Haiglatel ei ole teadmisi, et hankida ja s\u00f5lmida lepinguid nende t\u00f6\u00f6riistade kohta, mis p\u00f5hinevad valideeritud teaduslikel<\/div>\n<div class=\"value\">\u2013 Haiglad vajavad toetust vahendite v\u00e4ljat\u00f6\u00f6tamisel koos lahenduste pakkujatega ja nende turvalist rakendamist olemasolevatesse IT-platvormidesse, \u00fchendamist patsientide andmetega ja nende sobitamist t\u00f6\u00f6voogudesse;<\/div>\n<div class=\"value\">\u2013 personal ei ole valmis lahendusi kasutusele v\u00f5tma ega ole koolitatud nende kasutamiseks ja parimaks kasutamiseks.<\/div>\n<div><\/div>\n<div class=\"value\">CAIDXi eesm\u00e4rk on luua tingimused, et h\u00f5lbustada tehisintellekti ja andmep\u00f5histe diagnostikavahendite kasutuselev\u00f5ttu tervishoius (ja eelk\u00f5ige haiglates), keskendudes \u00fchisarendusele, lepingute s\u00f5lmimisele, omandamisele ja suutlikkuse suurendamisele. T\u00f6\u00f6tades v\u00e4lja standardmenetlused selliste tehisintellekti rakenduste arendamiseks, katsetamiseks ja rakendamiseks, parandavad ja toetavad meie lahendused kultuurimuutust, mis on vajalik tehisintellekti potentsiaali avamiseks tervishoiusektoris.<\/div>\n<div><\/div>\n<div><strong>Programm:<\/strong><\/div>\n<div>Interreg Baltic Sea Region Programme 2021-2027<\/div>\n<\/div>\n<div><\/div>\n<div><strong>Rakendusperiood:\u00a0<\/strong><\/div>\n<div>\n<div class=\"value\">Jaanuar 2023 - Detsember 2025<\/div>\n<\/div>\n<div id=\"summary\" class=\"summary\">\n<div><\/div>\n<div><strong>Eelarve: <\/strong><\/div>\n<div>2.91\u20ac Million<\/div>\n<div><\/div>\n<\/div>\n<div>\n<div id=\"partner-accordion-1\" class=\"e-control e-accordion e-lib e-acrdn-root e-keyboard\" role=\"presentation\" aria-disabled=\"false\" aria-multiselectable=\"false\">\n<div id=\"acrdn_item_0\" class=\"e-acrdn-item e-select\" role=\"row\" aria-expanded=\"false\">\n<div id=\"acrdn_header_1\" class=\"e-acrdn-header\" tabindex=\"0\" role=\"heading\" aria-label=\"collapsed\" aria-disabled=\"false\" aria-level=\"7\">\n<div class=\"e-acrdn-header-content\">\n<div>\n<div id=\"partner_title_0\" class=\"title\"><strong><span class=\"lead\">Juhtparnter: <\/span><\/strong>Innovatsioonikliinik, Aalborgi \u00dclikooli Kliinikum, P\u00f5hja-Taani piirkond (DK).<\/div>\n<div><strong>Partnerid:\u00a0<\/strong><\/div>\n<\/div>\n<\/div>\n<\/div>\n<\/div>\n<div id=\"acrdn_item_2\" class=\"e-acrdn-item e-select\" role=\"row\" aria-expanded=\"false\">\n<div id=\"acrdn_header_3\" class=\"e-acrdn-header\" tabindex=\"0\" role=\"heading\" aria-label=\"collapsed\" aria-disabled=\"false\" aria-level=\"7\">\n<div class=\"e-acrdn-header-content\">\n<div>\n<div id=\"partner_title_1\" class=\"title\">1. Wroclaw Technology Park (PL)<\/div>\n<\/div>\n<\/div>\n<div class=\"e-toggle-icon\">2. BioCon Valley\u00ae GmbH (DE)<\/div>\n<\/div>\n<\/div>\n<div id=\"acrdn_item_4\" class=\"e-acrdn-item e-select\" role=\"row\" aria-expanded=\"false\">\n<div id=\"acrdn_header_5\" class=\"e-acrdn-header\" tabindex=\"0\" role=\"heading\" aria-label=\"collapsed\" aria-disabled=\"false\" aria-level=\"7\">\n<div class=\"e-toggle-icon\">3. Tartu BT Park O\u00dc (EE)<\/div>\n<\/div>\n<\/div>\n<div id=\"acrdn_item_6\" class=\"e-acrdn-item e-select\" role=\"row\" aria-expanded=\"false\">\n<div id=\"acrdn_header_7\" class=\"e-acrdn-header\" tabindex=\"0\" role=\"heading\" aria-label=\"collapsed\" aria-disabled=\"false\" aria-level=\"7\">\n<div class=\"e-toggle-icon\">4. Turku Science Park Ltd (FI)<\/div>\n<div class=\"e-toggle-icon\">5. Lower Silesian Centre of Oncology, Pulmonology and Hematology (PL)<\/div>\n<div class=\"e-toggle-icon\">6. Region Skane (SE)<\/div>\n<\/div>\n<\/div>\n<div id=\"acrdn_item_12\" class=\"e-acrdn-item e-select\" role=\"row\" aria-expanded=\"false\">\n<div id=\"acrdn_header_13\" class=\"e-acrdn-header\" tabindex=\"0\" role=\"heading\" aria-label=\"collapsed\" aria-disabled=\"false\" aria-level=\"7\">\n<div class=\"e-toggle-icon\">7. Innovation Skane (SE)<\/div>\n<\/div>\n<\/div>\n<\/div>\n<div id=\"partner-accordion-2\" class=\"e-control e-accordion e-lib e-acrdn-root e-keyboard\" role=\"presentation\" aria-disabled=\"false\" aria-multiselectable=\"false\">\n<div id=\"acrdn_item_14\" class=\"e-acrdn-item e-select\" role=\"row\" aria-expanded=\"false\">\n<div id=\"acrdn_header_15\" class=\"e-acrdn-header\" tabindex=\"0\" role=\"heading\" aria-label=\"collapsed\" aria-disabled=\"false\" aria-level=\"6\">\n<div class=\"e-toggle-icon\">8. Rostock University Medical Centre (DE)<\/div>\n<\/div>\n<\/div>\n<div id=\"acrdn_item_16\" class=\"e-acrdn-item e-select\" role=\"row\" aria-expanded=\"false\">\n<div id=\"acrdn_header_17\" class=\"e-acrdn-header\" tabindex=\"0\" role=\"heading\" aria-label=\"collapsed\" aria-disabled=\"false\" aria-level=\"6\">\n<div class=\"e-toggle-icon\">9. AUH Innovation, Aarhus University Hospital, Central Denmark Region (DK)<\/div>\n<\/div>\n<\/div>\n<div id=\"acrdn_item_18\" class=\"e-acrdn-item e-select\" role=\"row\" aria-expanded=\"false\">\n<div id=\"acrdn_header_19\" class=\"e-acrdn-header\" tabindex=\"0\" role=\"heading\" aria-label=\"collapsed\" aria-disabled=\"false\" aria-level=\"6\">\n<div class=\"e-toggle-icon\">10. Danish Life Science Cluster (DK)<\/div>\n<\/div>\n<\/div>\n<div id=\"acrdn_item_20\" class=\"e-acrdn-item e-select\" role=\"row\" aria-expanded=\"false\">\n<div id=\"acrdn_header_21\" class=\"e-acrdn-header\" tabindex=\"0\" role=\"heading\" aria-label=\"collapsed\" aria-disabled=\"false\" aria-level=\"6\">\n<div class=\"e-toggle-icon\">11. University of Rostock (DE)<\/div>\n<\/div>\n<\/div>\n<div id=\"acrdn_item_22\" class=\"e-acrdn-item e-select\" role=\"row\" aria-expanded=\"false\">\n<div id=\"acrdn_header_23\" class=\"e-acrdn-header\" tabindex=\"0\" role=\"heading\" aria-label=\"collapsed\" aria-disabled=\"false\" aria-level=\"6\">\n<div class=\"e-toggle-icon\">12. The Wellbeing Services County of Southwest Finland (FI)<\/div>\n<\/div>\n<\/div>\n<\/div>\n<\/div>\n<div><\/div>\n<div><strong>Kontakt:<\/strong><\/div>\n<div>Triin Vakker<\/div>\n<div>+372 5554 0773<\/div>\n<div><a href=\"mailto:triin@biopark.ee\">triin@biopark.ee\u00a0<\/a><\/div>\n<div><\/div>\n<div>Projekti veebileht:<\/div>\n<div><a href=\"https:\/\/interreg-baltic.eu\/project\/caidx\/\">https:\/\/interreg-baltic.eu\/project\/caidx\/<\/a><\/div>\n<div><\/div>\n<div>J\u00e4lgi CAIDX'it <a href=\"https:\/\/www.linkedin.com\/company\/caidx\/\">LinkedIn<\/a><\/div>\n<\/div><\/section>","protected":false},"excerpt":{"rendered":"","protected":false},"author":13,"featured_media":0,"parent":0,"menu_order":0,"comment_status":"closed","ping_status":"closed","template":"","meta":{"_acf_changed":false,"om_disable_all_campaigns":false,"_monsterinsights_skip_tracking":false,"_monsterinsights_sitenote_active":false,"_monsterinsights_sitenote_note":"","_monsterinsights_sitenote_category":0,"_uf_show_specific_survey":0,"_uf_disable_surveys":false,"ngg_post_thumbnail":0,"_themeisle_gutenberg_block_has_review":false,"footnotes":"","_links_to":"","_links_to_target":""},"class_list":["post-6235","page","type-page","status-publish","hentry"],"acf":[],"yoast_head":"<!-- This site is optimized with the Yoast SEO plugin v22.3 - https:\/\/yoast.com\/wordpress\/plugins\/seo\/ -->\n<title>Clinical Artificial Intelligence-based Diagnostics (CAIDX) - BioPark<\/title>\n<meta name=\"robots\" content=\"index, follow, max-snippet:-1, max-image-preview:large, max-video-preview:-1\" \/>\n<link rel=\"canonical\" href=\"https:\/\/biopark.ee\/et\/clinical-artificial-intelligence-based-diagnostics-caidx\/\" \/>\n<meta property=\"og:locale\" content=\"et_EE\" \/>\n<meta property=\"og:type\" content=\"article\" \/>\n<meta property=\"og:title\" content=\"Clinical Artificial Intelligence-based Diagnostics (CAIDX) - BioPark\" \/>\n<meta property=\"og:url\" content=\"https:\/\/biopark.ee\/et\/clinical-artificial-intelligence-based-diagnostics-caidx\/\" \/>\n<meta property=\"og:site_name\" content=\"BioPark\" \/>\n<meta property=\"article:modified_time\" content=\"2023-08-10T14:00:54+00:00\" \/>\n<meta property=\"og:image\" content=\"https:\/\/biopark.ee\/wp-content\/uploads\/2023\/05\/CAIDX.png\" \/>\n<meta name=\"twitter:label1\" content=\"Est. reading time\" \/>\n\t<meta name=\"twitter:data1\" content=\"3 minutit\" \/>\n<script type=\"application\/ld+json\" class=\"yoast-schema-graph\">{\"@context\":\"https:\/\/schema.org\",\"@graph\":[{\"@type\":\"WebPage\",\"@id\":\"https:\/\/biopark.ee\/clinical-artificial-intelligence-based-diagnostics-caidx\/\",\"url\":\"https:\/\/biopark.ee\/clinical-artificial-intelligence-based-diagnostics-caidx\/\",\"name\":\"Clinical Artificial Intelligence-based Diagnostics (CAIDX) - BioPark\",\"isPartOf\":{\"@id\":\"https:\/\/biopark.ee\/#website\"},\"primaryImageOfPage\":{\"@id\":\"https:\/\/biopark.ee\/clinical-artificial-intelligence-based-diagnostics-caidx\/#primaryimage\"},\"image\":{\"@id\":\"https:\/\/biopark.ee\/clinical-artificial-intelligence-based-diagnostics-caidx\/#primaryimage\"},\"thumbnailUrl\":\"https:\/\/biopark.ee\/wp-content\/uploads\/2023\/05\/CAIDX.png\",\"datePublished\":\"2023-05-04T07:10:33+00:00\",\"dateModified\":\"2023-08-10T14:00:54+00:00\",\"breadcrumb\":{\"@id\":\"https:\/\/biopark.ee\/clinical-artificial-intelligence-based-diagnostics-caidx\/#breadcrumb\"},\"inLanguage\":\"et\",\"potentialAction\":[{\"@type\":\"ReadAction\",\"target\":[\"https:\/\/biopark.ee\/clinical-artificial-intelligence-based-diagnostics-caidx\/\"]}]},{\"@type\":\"ImageObject\",\"inLanguage\":\"et\",\"@id\":\"https:\/\/biopark.ee\/clinical-artificial-intelligence-based-diagnostics-caidx\/#primaryimage\",\"url\":\"https:\/\/biopark.ee\/wp-content\/uploads\/2023\/05\/CAIDX.png\",\"contentUrl\":\"https:\/\/biopark.ee\/wp-content\/uploads\/2023\/05\/CAIDX.png\",\"width\":980,\"height\":479},{\"@type\":\"BreadcrumbList\",\"@id\":\"https:\/\/biopark.ee\/clinical-artificial-intelligence-based-diagnostics-caidx\/#breadcrumb\",\"itemListElement\":[{\"@type\":\"ListItem\",\"position\":1,\"name\":\"Home\",\"item\":\"https:\/\/biopark.ee\/avaleht\/\"},{\"@type\":\"ListItem\",\"position\":2,\"name\":\"Clinical Artificial Intelligence-based Diagnostics (CAIDX)\"}]},{\"@type\":\"WebSite\",\"@id\":\"https:\/\/biopark.ee\/#website\",\"url\":\"https:\/\/biopark.ee\/\",\"name\":\"BioPark\",\"description\":\"\",\"potentialAction\":[{\"@type\":\"SearchAction\",\"target\":{\"@type\":\"EntryPoint\",\"urlTemplate\":\"https:\/\/biopark.ee\/?s={search_term_string}\"},\"query-input\":\"required name=search_term_string\"}],\"inLanguage\":\"et\"}]}<\/script>\n<!-- \/ Yoast SEO plugin. -->","yoast_head_json":{"title":"Clinical Artificial Intelligence-based Diagnostics (CAIDX) - BioPark","robots":{"index":"index","follow":"follow","max-snippet":"max-snippet:-1","max-image-preview":"max-image-preview:large","max-video-preview":"max-video-preview:-1"},"canonical":"https:\/\/biopark.ee\/et\/clinical-artificial-intelligence-based-diagnostics-caidx\/","og_locale":"et_EE","og_type":"article","og_title":"Clinical Artificial Intelligence-based Diagnostics (CAIDX) - BioPark","og_url":"https:\/\/biopark.ee\/et\/clinical-artificial-intelligence-based-diagnostics-caidx\/","og_site_name":"BioPark","article_modified_time":"2023-08-10T14:00:54+00:00","og_image":[{"url":"https:\/\/biopark.ee\/wp-content\/uploads\/2023\/05\/CAIDX.png"}],"twitter_misc":{"Est. reading time":"3 minutit"},"schema":{"@context":"https:\/\/schema.org","@graph":[{"@type":"WebPage","@id":"https:\/\/biopark.ee\/clinical-artificial-intelligence-based-diagnostics-caidx\/","url":"https:\/\/biopark.ee\/clinical-artificial-intelligence-based-diagnostics-caidx\/","name":"Clinical Artificial Intelligence-based Diagnostics (CAIDX) - BioPark","isPartOf":{"@id":"https:\/\/biopark.ee\/#website"},"primaryImageOfPage":{"@id":"https:\/\/biopark.ee\/clinical-artificial-intelligence-based-diagnostics-caidx\/#primaryimage"},"image":{"@id":"https:\/\/biopark.ee\/clinical-artificial-intelligence-based-diagnostics-caidx\/#primaryimage"},"thumbnailUrl":"https:\/\/biopark.ee\/wp-content\/uploads\/2023\/05\/CAIDX.png","datePublished":"2023-05-04T07:10:33+00:00","dateModified":"2023-08-10T14:00:54+00:00","breadcrumb":{"@id":"https:\/\/biopark.ee\/clinical-artificial-intelligence-based-diagnostics-caidx\/#breadcrumb"},"inLanguage":"et","potentialAction":[{"@type":"ReadAction","target":["https:\/\/biopark.ee\/clinical-artificial-intelligence-based-diagnostics-caidx\/"]}]},{"@type":"ImageObject","inLanguage":"et","@id":"https:\/\/biopark.ee\/clinical-artificial-intelligence-based-diagnostics-caidx\/#primaryimage","url":"https:\/\/biopark.ee\/wp-content\/uploads\/2023\/05\/CAIDX.png","contentUrl":"https:\/\/biopark.ee\/wp-content\/uploads\/2023\/05\/CAIDX.png","width":980,"height":479},{"@type":"BreadcrumbList","@id":"https:\/\/biopark.ee\/clinical-artificial-intelligence-based-diagnostics-caidx\/#breadcrumb","itemListElement":[{"@type":"ListItem","position":1,"name":"Home","item":"https:\/\/biopark.ee\/avaleht\/"},{"@type":"ListItem","position":2,"name":"Clinical Artificial Intelligence-based Diagnostics (CAIDX)"}]},{"@type":"WebSite","@id":"https:\/\/biopark.ee\/#website","url":"https:\/\/biopark.ee\/","name":"BioPark","description":"","potentialAction":[{"@type":"SearchAction","target":{"@type":"EntryPoint","urlTemplate":"https:\/\/biopark.ee\/?s={search_term_string}"},"query-input":"required name=search_term_string"}],"inLanguage":"et"}]}},"_links":{"self":[{"href":"https:\/\/biopark.ee\/et\/wp-json\/wp\/v2\/pages\/6235","targetHints":{"allow":["GET"]}}],"collection":[{"href":"https:\/\/biopark.ee\/et\/wp-json\/wp\/v2\/pages"}],"about":[{"href":"https:\/\/biopark.ee\/et\/wp-json\/wp\/v2\/types\/page"}],"author":[{"embeddable":true,"href":"https:\/\/biopark.ee\/et\/wp-json\/wp\/v2\/users\/13"}],"replies":[{"embeddable":true,"href":"https:\/\/biopark.ee\/et\/wp-json\/wp\/v2\/comments?post=6235"}],"version-history":[{"count":8,"href":"https:\/\/biopark.ee\/et\/wp-json\/wp\/v2\/pages\/6235\/revisions"}],"predecessor-version":[{"id":7269,"href":"https:\/\/biopark.ee\/et\/wp-json\/wp\/v2\/pages\/6235\/revisions\/7269"}],"wp:attachment":[{"href":"https:\/\/biopark.ee\/et\/wp-json\/wp\/v2\/media?parent=6235"}],"curies":[{"name":"wp","href":"https:\/\/api.w.org\/{rel}","templated":true}]}}