{"id":5576,"date":"2022-09-13T11:17:07","date_gmt":"2022-09-13T08:17:07","guid":{"rendered":"https:\/\/biopark.ee\/?page_id=5576"},"modified":"2023-08-21T15:19:38","modified_gmt":"2023-08-21T12:19:38","slug":"bluebio-clusters-bbc","status":"publish","type":"page","link":"https:\/\/biopark.ee\/et\/projects-old\/bluebio-clusters-bbc\/","title":{"rendered":"BlueBioClusters (BBC)"},"content":{"rendered":"<div id='av_section_1'  class='avia-section av-55zajc-62ef3d1a16b817d18bb843d49e7f9a76 main_color avia-section-default avia-no-border-styling  avia-builder-el-0  avia-builder-el-no-sibling  avia-bg-style-scroll container_wrap fullsize'  ><div class='container av-section-cont-open' ><main  role=\"main\" itemprop=\"mainContentOfPage\"  class='template-page content  av-content-full alpha units'><div class='post-entry post-entry-type-page post-entry-5576'><div class='entry-content-wrapper clearfix'>\n<div  class='flex_column av-4qi8iw-30afea266b72c6bb046d688ce4e7eaba av_one_full  avia-builder-el-1  avia-builder-el-no-sibling  first flex_column_div'     ><p>\n<style type=\"text\/css\" data-created_by=\"avia_inline_auto\" id=\"style-css-av-ljk0opjj-eed1b30816523960ac68166e144540a8\">\n#top .av_textblock_section.av-ljk0opjj-eed1b30816523960ac68166e144540a8 .avia_textblock{\nfont-size:30px;\ncolor:#3ca2d1;\n}\n<\/style>\n<section  class='av_textblock_section av-ljk0opjj-eed1b30816523960ac68166e144540a8'   itemscope=\"itemscope\" itemtype=\"https:\/\/schema.org\/CreativeWork\" ><div class='avia_textblock av_inherit_color'  itemprop=\"text\" ><p><strong>BlueBioClusters<\/strong><\/p>\n<\/div><\/section><br \/>\n\n<style type=\"text\/css\" data-created_by=\"avia_inline_auto\" id=\"style-css-av-ljk0p3ob-e41790d365534f470038955e9ca59c5a\">\n#top .hr.av-ljk0p3ob-e41790d365534f470038955e9ca59c5a{\nmargin-top:30px;\nmargin-bottom:30px;\n}\n.hr.av-ljk0p3ob-e41790d365534f470038955e9ca59c5a .hr-inner{\nwidth:100%;\nborder-color:#3ca2d1;\n}\n<\/style>\n<div  class='hr av-ljk0p3ob-e41790d365534f470038955e9ca59c5a hr-custom  avia-builder-el-3  el_after_av_textblock  el_before_av_textblock  hr-center hr-icon-no'><span class='hr-inner inner-border-av-border-thin'><span class=\"hr-inner-style\"><\/span><\/span><\/div><br \/>\n<section  class='av_textblock_section av-2b40mw-d6d3fe2744b704ccdae432949e7dffe4'   itemscope=\"itemscope\" itemtype=\"https:\/\/schema.org\/CreativeWork\" ><div class='avia_textblock'  itemprop=\"text\" ><p>Sinine Biomajandus k\u00e4tkeb endas mitmeid erilisi v\u00f5imalusi Euroopa rannikualade kogukondadele. Nendeks on nii ringlusel p\u00f5hinevad uuenduslikud \u00e4rimudelid; l\u00fchikesed, kohalikud tarneahelad, digitaalsed lahendused ja \u00f6kos\u00fcsteemi panused, mis k\u00f5ik saavad pakuda v\u00f5imalust stabiliseerida ja luua uusi ettev\u00f5tteid ja t\u00f6\u00f6kohti ka madalama haridustasemega inimestele; samal ajal muutes kauged maapiirkonnad huvitavateks, taaselustatud ja kliimas\u00f5bralikeks elukohtadeks.<\/p>\n<p><a href=\"https:\/\/biopark.ee\/wp-content\/uploads\/2022\/09\/BBC_projecttable-1226a2b9.webp\"><img decoding=\"async\" class=\"aligncenter wp-image-5581 size-full\" src=\"https:\/\/biopark.ee\/wp-content\/uploads\/2022\/09\/BBC_projecttable-1226a2b9.webp\" alt=\"\" width=\"600\" height=\"213\" srcset=\"https:\/\/biopark.ee\/wp-content\/uploads\/2022\/09\/BBC_projecttable-1226a2b9.webp 600w, https:\/\/biopark.ee\/wp-content\/uploads\/2022\/09\/BBC_projecttable-1226a2b9-300x107.webp 300w, https:\/\/biopark.ee\/wp-content\/uploads\/2022\/09\/BBC_projecttable-1226a2b9-230x82.webp 230w\" sizes=\"(max-width: 600px) 100vw, 600px\" \/><\/a><\/p>\n<p>BlueBioClusters liidab 13 tugiorganisatsiooni \u00fcheksast Euroopa regioonist, kes k\u00f5ik on tihedalt seotud idufirmade aitamise, erinevate teiste ettev\u00f5tete toetamise ning samuti poliitikakujundajatega, eesm\u00e4rgiga siniinnovaatsioonist parim esile tuua ning seda rakendada. Need asutused on oma j\u00f5ud \u00fchendanud selleks, et parendada, arendada ja elluviia uusi toetusmehhanisme ja meetodeid sinise biomajanduse edendamiseks:<\/p>\n<ul>\n<li>Tutvustada konkreetseid toimivaid sinise biomajanduse integreeritud ja ringlusel p\u00f5hinevaid v\u00e4\u00e4rtusahelate n\u00e4iteid, mis oleksid Euroopa rannikualade kogukondadele inspiratsiooniks ja eeskujuks<\/li>\n<li>Pakkuda t\u00f6\u00f6riistu ettev\u00f5tete\/piirkondade toetamiseks, et arvutada nende individuaalset panust \u00f6kos\u00fcsteemiteenustesse ja v\u00e4\u00e4rtustada neid teenuseid uudsete \u00f6koloogiliselt juhitud \u00e4rimudelite raames<\/li>\n<li>Pakkuda regionaalsetele sinimajanduse valdkonna bioettev\u00f5tetele ligip\u00e4\u00e4su neile vajalikele tehnoloogiatele<\/li>\n<li>Stimuleerida\/kiirendada uuendusliku, kaasava sinise biomajanduse arengut osalevates piirkondades\n<ul>\n<li>pakkudes individuaalset toetust rohkem kui 100 ettev\u00f5ttele<\/li>\n<li>organiseerides kohalikke \u00fchisloome t\u00f6\u00f6tubasid ja<\/li>\n<li>korraldades terve seeria rahvusvahelisi spetsiifilistele v\u00e4ljakutsetele suunatud bootcamp formaadis \u00fcritusi<\/li>\n<\/ul>\n<\/li>\n<li>Edendada sinise biomajanduse meetmeid piirkondlikes arengukavades ja nende poliitilist\/\u00fchiskondlikku kasutuselev\u00f5ttu tegevuskogukondade kaudu<\/li>\n<\/ul>\n<p>Me loodame oma projektitegevustega tuua pikaajalist m\u00f5ju neisse piirkondadesse, kaasates oma tegevustes otse sadu osalejaid kogukondadest, et stimuleerida kogukonna sisest ja kogukondade vahelist koost\u00f6\u00f6d ja viia ellu vajalikke muutusi.<\/p>\n<p>Projekt on finatntseeritud Horizon Europe, H-CL6-2021-GOV-01-09 Revitalization of European local communities with innovative bio-based business models and social innovation programmist kogusummas 2.5 miljonit eurot.<\/p>\n<p>Projekti kestus: 3 aastat | august 2022 \u2013 august 2025<\/p>\n<p>Rohkem infot:<a href=\"https:\/\/submariner-network.eu\/bbc\" target=\"_blank\" rel=\"noopener\"> SUBMARINER Network website<\/a>.<\/p>\n<p>Loe edasi Horizon Europe programmi kohta: <a href=\"https:\/\/research-and-innovation.ec.europa.eu\/funding\/funding-opportunities\/funding-programmes-and-open-calls\/horizon-europe_en\" target=\"_blank\" rel=\"noopener\"><u>https:\/\/research-and-innovation.ec.europa.eu\/<\/u><\/a><\/p>\n<p><a href=\"https:\/\/biopark.ee\/wp-content\/uploads\/2022\/09\/Funded-by-the-European-Union-emblem.png\"><img decoding=\"async\" class=\"alignnone size-medium wp-image-5579\" src=\"https:\/\/biopark.ee\/wp-content\/uploads\/2022\/09\/Funded-by-the-European-Union-emblem-300x63.png\" alt=\"\" width=\"300\" height=\"63\" srcset=\"https:\/\/biopark.ee\/wp-content\/uploads\/2022\/09\/Funded-by-the-European-Union-emblem-300x63.png 300w, https:\/\/biopark.ee\/wp-content\/uploads\/2022\/09\/Funded-by-the-European-Union-emblem-230x48.png 230w, https:\/\/biopark.ee\/wp-content\/uploads\/2022\/09\/Funded-by-the-European-Union-emblem.png 491w\" sizes=\"(max-width: 300px) 100vw, 300px\" \/><\/a><\/p>\n<p>Projekti kontakt Tartu Biotehnoloogia Pargis<br \/>\n<strong>Sven Parkel<\/strong><br \/>\n<span id=\"eeb-594290-752829\">sven@biopark.ee<\/span><br \/>\nTel.: +372 7 383 053<\/p>\n<\/div><\/section><\/p><\/div>","protected":false},"excerpt":{"rendered":"","protected":false},"author":6,"featured_media":0,"parent":419,"menu_order":0,"comment_status":"closed","ping_status":"closed","template":"","meta":{"_acf_changed":false,"om_disable_all_campaigns":false,"_monsterinsights_skip_tracking":false,"_monsterinsights_sitenote_active":false,"_monsterinsights_sitenote_note":"","_monsterinsights_sitenote_category":0,"_uf_show_specific_survey":0,"_uf_disable_surveys":false,"ngg_post_thumbnail":0,"_themeisle_gutenberg_block_has_review":false,"footnotes":"","_links_to":"","_links_to_target":""},"class_list":["post-5576","page","type-page","status-publish","hentry"],"acf":[],"yoast_head":"<!-- This site is optimized with the Yoast SEO plugin v22.3 - https:\/\/yoast.com\/wordpress\/plugins\/seo\/ -->\n<title>BlueBioClusters (BBC) - BioPark<\/title>\n<meta name=\"robots\" content=\"index, follow, max-snippet:-1, max-image-preview:large, max-video-preview:-1\" \/>\n<link rel=\"canonical\" href=\"https:\/\/biopark.ee\/et\/projects-old\/bluebio-clusters-bbc\/\" \/>\n<meta property=\"og:locale\" content=\"et_EE\" \/>\n<meta property=\"og:type\" content=\"article\" \/>\n<meta property=\"og:title\" content=\"BlueBioClusters (BBC) - BioPark\" \/>\n<meta property=\"og:url\" content=\"https:\/\/biopark.ee\/et\/projects-old\/bluebio-clusters-bbc\/\" \/>\n<meta property=\"og:site_name\" content=\"BioPark\" \/>\n<meta property=\"article:modified_time\" content=\"2023-08-21T12:19:38+00:00\" \/>\n<meta property=\"og:image\" content=\"https:\/\/biopark.ee\/wp-content\/uploads\/2022\/09\/BBC_projecttable-1226a2b9.webp\" \/>\n<meta name=\"twitter:label1\" content=\"Est. reading time\" \/>\n\t<meta name=\"twitter:data1\" content=\"2 minutit\" \/>\n<script type=\"application\/ld+json\" class=\"yoast-schema-graph\">{\"@context\":\"https:\/\/schema.org\",\"@graph\":[{\"@type\":\"WebPage\",\"@id\":\"https:\/\/biopark.ee\/projects-old\/bluebio-clusters-bbc\/\",\"url\":\"https:\/\/biopark.ee\/projects-old\/bluebio-clusters-bbc\/\",\"name\":\"BlueBioClusters (BBC) - BioPark\",\"isPartOf\":{\"@id\":\"https:\/\/biopark.ee\/#website\"},\"primaryImageOfPage\":{\"@id\":\"https:\/\/biopark.ee\/projects-old\/bluebio-clusters-bbc\/#primaryimage\"},\"image\":{\"@id\":\"https:\/\/biopark.ee\/projects-old\/bluebio-clusters-bbc\/#primaryimage\"},\"thumbnailUrl\":\"https:\/\/biopark.ee\/wp-content\/uploads\/2022\/09\/BBC_projecttable-1226a2b9.webp\",\"datePublished\":\"2022-09-13T08:17:07+00:00\",\"dateModified\":\"2023-08-21T12:19:38+00:00\",\"breadcrumb\":{\"@id\":\"https:\/\/biopark.ee\/projects-old\/bluebio-clusters-bbc\/#breadcrumb\"},\"inLanguage\":\"et\",\"potentialAction\":[{\"@type\":\"ReadAction\",\"target\":[\"https:\/\/biopark.ee\/projects-old\/bluebio-clusters-bbc\/\"]}]},{\"@type\":\"ImageObject\",\"inLanguage\":\"et\",\"@id\":\"https:\/\/biopark.ee\/projects-old\/bluebio-clusters-bbc\/#primaryimage\",\"url\":\"https:\/\/biopark.ee\/wp-content\/uploads\/2022\/09\/BBC_projecttable-1226a2b9.webp\",\"contentUrl\":\"https:\/\/biopark.ee\/wp-content\/uploads\/2022\/09\/BBC_projecttable-1226a2b9.webp\",\"width\":600,\"height\":213},{\"@type\":\"BreadcrumbList\",\"@id\":\"https:\/\/biopark.ee\/projects-old\/bluebio-clusters-bbc\/#breadcrumb\",\"itemListElement\":[{\"@type\":\"ListItem\",\"position\":1,\"name\":\"Home\",\"item\":\"https:\/\/biopark.ee\/avaleht\/\"},{\"@type\":\"ListItem\",\"position\":2,\"name\":\"Projects\",\"item\":\"https:\/\/biopark.ee\/projects-old\/\"},{\"@type\":\"ListItem\",\"position\":3,\"name\":\"BlueBioClusters (BBC)\"}]},{\"@type\":\"WebSite\",\"@id\":\"https:\/\/biopark.ee\/#website\",\"url\":\"https:\/\/biopark.ee\/\",\"name\":\"BioPark\",\"description\":\"\",\"potentialAction\":[{\"@type\":\"SearchAction\",\"target\":{\"@type\":\"EntryPoint\",\"urlTemplate\":\"https:\/\/biopark.ee\/?s={search_term_string}\"},\"query-input\":\"required name=search_term_string\"}],\"inLanguage\":\"et\"}]}<\/script>\n<!-- \/ Yoast SEO plugin. -->","yoast_head_json":{"title":"BlueBioClusters (BBC) - BioPark","robots":{"index":"index","follow":"follow","max-snippet":"max-snippet:-1","max-image-preview":"max-image-preview:large","max-video-preview":"max-video-preview:-1"},"canonical":"https:\/\/biopark.ee\/et\/projects-old\/bluebio-clusters-bbc\/","og_locale":"et_EE","og_type":"article","og_title":"BlueBioClusters (BBC) - BioPark","og_url":"https:\/\/biopark.ee\/et\/projects-old\/bluebio-clusters-bbc\/","og_site_name":"BioPark","article_modified_time":"2023-08-21T12:19:38+00:00","og_image":[{"url":"https:\/\/biopark.ee\/wp-content\/uploads\/2022\/09\/BBC_projecttable-1226a2b9.webp"}],"twitter_misc":{"Est. reading time":"2 minutit"},"schema":{"@context":"https:\/\/schema.org","@graph":[{"@type":"WebPage","@id":"https:\/\/biopark.ee\/projects-old\/bluebio-clusters-bbc\/","url":"https:\/\/biopark.ee\/projects-old\/bluebio-clusters-bbc\/","name":"BlueBioClusters (BBC) - BioPark","isPartOf":{"@id":"https:\/\/biopark.ee\/#website"},"primaryImageOfPage":{"@id":"https:\/\/biopark.ee\/projects-old\/bluebio-clusters-bbc\/#primaryimage"},"image":{"@id":"https:\/\/biopark.ee\/projects-old\/bluebio-clusters-bbc\/#primaryimage"},"thumbnailUrl":"https:\/\/biopark.ee\/wp-content\/uploads\/2022\/09\/BBC_projecttable-1226a2b9.webp","datePublished":"2022-09-13T08:17:07+00:00","dateModified":"2023-08-21T12:19:38+00:00","breadcrumb":{"@id":"https:\/\/biopark.ee\/projects-old\/bluebio-clusters-bbc\/#breadcrumb"},"inLanguage":"et","potentialAction":[{"@type":"ReadAction","target":["https:\/\/biopark.ee\/projects-old\/bluebio-clusters-bbc\/"]}]},{"@type":"ImageObject","inLanguage":"et","@id":"https:\/\/biopark.ee\/projects-old\/bluebio-clusters-bbc\/#primaryimage","url":"https:\/\/biopark.ee\/wp-content\/uploads\/2022\/09\/BBC_projecttable-1226a2b9.webp","contentUrl":"https:\/\/biopark.ee\/wp-content\/uploads\/2022\/09\/BBC_projecttable-1226a2b9.webp","width":600,"height":213},{"@type":"BreadcrumbList","@id":"https:\/\/biopark.ee\/projects-old\/bluebio-clusters-bbc\/#breadcrumb","itemListElement":[{"@type":"ListItem","position":1,"name":"Home","item":"https:\/\/biopark.ee\/avaleht\/"},{"@type":"ListItem","position":2,"name":"Projects","item":"https:\/\/biopark.ee\/projects-old\/"},{"@type":"ListItem","position":3,"name":"BlueBioClusters (BBC)"}]},{"@type":"WebSite","@id":"https:\/\/biopark.ee\/#website","url":"https:\/\/biopark.ee\/","name":"BioPark","description":"","potentialAction":[{"@type":"SearchAction","target":{"@type":"EntryPoint","urlTemplate":"https:\/\/biopark.ee\/?s={search_term_string}"},"query-input":"required name=search_term_string"}],"inLanguage":"et"}]}},"_links":{"self":[{"href":"https:\/\/biopark.ee\/et\/wp-json\/wp\/v2\/pages\/5576","targetHints":{"allow":["GET"]}}],"collection":[{"href":"https:\/\/biopark.ee\/et\/wp-json\/wp\/v2\/pages"}],"about":[{"href":"https:\/\/biopark.ee\/et\/wp-json\/wp\/v2\/types\/page"}],"author":[{"embeddable":true,"href":"https:\/\/biopark.ee\/et\/wp-json\/wp\/v2\/users\/6"}],"replies":[{"embeddable":true,"href":"https:\/\/biopark.ee\/et\/wp-json\/wp\/v2\/comments?post=5576"}],"version-history":[{"count":13,"href":"https:\/\/biopark.ee\/et\/wp-json\/wp\/v2\/pages\/5576\/revisions"}],"predecessor-version":[{"id":7319,"href":"https:\/\/biopark.ee\/et\/wp-json\/wp\/v2\/pages\/5576\/revisions\/7319"}],"up":[{"embeddable":true,"href":"https:\/\/biopark.ee\/et\/wp-json\/wp\/v2\/pages\/419"}],"wp:attachment":[{"href":"https:\/\/biopark.ee\/et\/wp-json\/wp\/v2\/media?parent=5576"}],"curies":[{"name":"wp","href":"https:\/\/api.w.org\/{rel}","templated":true}]}}