{"id":52,"date":"2014-07-30T13:17:21","date_gmt":"2014-07-30T10:17:21","guid":{"rendered":"https:\/\/biopark.ee\/?page_id=52"},"modified":"2014-08-27T12:01:47","modified_gmt":"2014-08-27T09:01:47","slug":"kontaktandmed","status":"publish","type":"page","link":"https:\/\/biopark.ee\/et\/investorile\/kontaktandmed\/","title":{"rendered":"Kontaktandmed"},"content":{"rendered":"<p>Mistahes k\u00fcsimuste korral palume \u00fchendust v\u00f5tta allolevatel kontaktandmetel.<\/p>\n<h6>Kontaktandmed:<\/h6>\n<p>Andrus Tasa e-post: <a href=\"mailto:atasa@ebc.ee\">atasa@ebc.ee<\/a><br \/>\nJaanus Pikani e-post: <a href=\"mailto:jaanus@biopark.ee\">jaanus@biopark.ee<\/a><\/p>","protected":false},"excerpt":{"rendered":"<p>Mistahes k\u00fcsimuste korral palume \u00fchendust v\u00f5tta allolevatel kontaktandmetel. Kontaktandmed: Andrus Tasa e-post: atasa@ebc.ee Jaanus Pikani e-post: jaanus@biopark.ee<\/p>","protected":false},"author":1,"featured_media":0,"parent":41,"menu_order":30,"comment_status":"closed","ping_status":"closed","template":"","meta":{"_acf_changed":false,"om_disable_all_campaigns":false,"_monsterinsights_skip_tracking":false,"_monsterinsights_sitenote_active":false,"_monsterinsights_sitenote_note":"","_monsterinsights_sitenote_category":0,"_uf_show_specific_survey":0,"_uf_disable_surveys":false,"ngg_post_thumbnail":0,"_themeisle_gutenberg_block_has_review":false,"footnotes":"","_links_to":"","_links_to_target":""},"class_list":["post-52","page","type-page","status-publish","hentry"],"acf":[],"yoast_head":"<!-- This site is optimized with the Yoast SEO plugin v22.3 - https:\/\/yoast.com\/wordpress\/plugins\/seo\/ -->\n<title>Kontaktandmed - BioPark<\/title>\n<meta name=\"robots\" content=\"index, follow, max-snippet:-1, max-image-preview:large, max-video-preview:-1\" \/>\n<link rel=\"canonical\" href=\"https:\/\/biopark.ee\/et\/investorile\/kontaktandmed\/\" \/>\n<meta property=\"og:locale\" content=\"et_EE\" \/>\n<meta property=\"og:type\" content=\"article\" \/>\n<meta property=\"og:title\" content=\"Kontaktandmed - BioPark\" \/>\n<meta property=\"og:description\" content=\"Mistahes k\u00fcsimuste korral palume \u00fchendust v\u00f5tta allolevatel kontaktandmetel. Kontaktandmed: Andrus Tasa e-post: atasa@ebc.ee Jaanus Pikani e-post: jaanus@biopark.ee\" \/>\n<meta property=\"og:url\" content=\"https:\/\/biopark.ee\/et\/investorile\/kontaktandmed\/\" \/>\n<meta property=\"og:site_name\" content=\"BioPark\" \/>\n<meta property=\"article:modified_time\" content=\"2014-08-27T09:01:47+00:00\" \/>\n<script type=\"application\/ld+json\" class=\"yoast-schema-graph\">{\"@context\":\"https:\/\/schema.org\",\"@graph\":[{\"@type\":\"WebPage\",\"@id\":\"https:\/\/biopark.ee\/investorile\/kontaktandmed\/\",\"url\":\"https:\/\/biopark.ee\/investorile\/kontaktandmed\/\",\"name\":\"Kontaktandmed - BioPark\",\"isPartOf\":{\"@id\":\"https:\/\/biopark.ee\/#website\"},\"datePublished\":\"2014-07-30T10:17:21+00:00\",\"dateModified\":\"2014-08-27T09:01:47+00:00\",\"breadcrumb\":{\"@id\":\"https:\/\/biopark.ee\/investorile\/kontaktandmed\/#breadcrumb\"},\"inLanguage\":\"et\",\"potentialAction\":[{\"@type\":\"ReadAction\",\"target\":[\"https:\/\/biopark.ee\/investorile\/kontaktandmed\/\"]}]},{\"@type\":\"BreadcrumbList\",\"@id\":\"https:\/\/biopark.ee\/investorile\/kontaktandmed\/#breadcrumb\",\"itemListElement\":[{\"@type\":\"ListItem\",\"position\":1,\"name\":\"Home\",\"item\":\"https:\/\/biopark.ee\/avaleht\/\"},{\"@type\":\"ListItem\",\"position\":2,\"name\":\"Investorile\",\"item\":\"https:\/\/biopark.ee\/investorile\/tartu-ja-tbp-tutvustus\/\"},{\"@type\":\"ListItem\",\"position\":3,\"name\":\"Kontaktandmed\"}]},{\"@type\":\"WebSite\",\"@id\":\"https:\/\/biopark.ee\/#website\",\"url\":\"https:\/\/biopark.ee\/\",\"name\":\"BioPark\",\"description\":\"\",\"potentialAction\":[{\"@type\":\"SearchAction\",\"target\":{\"@type\":\"EntryPoint\",\"urlTemplate\":\"https:\/\/biopark.ee\/?s={search_term_string}\"},\"query-input\":\"required name=search_term_string\"}],\"inLanguage\":\"et\"}]}<\/script>\n<!-- \/ Yoast SEO plugin. -->","yoast_head_json":{"title":"Kontaktandmed - BioPark","robots":{"index":"index","follow":"follow","max-snippet":"max-snippet:-1","max-image-preview":"max-image-preview:large","max-video-preview":"max-video-preview:-1"},"canonical":"https:\/\/biopark.ee\/et\/investorile\/kontaktandmed\/","og_locale":"et_EE","og_type":"article","og_title":"Kontaktandmed - BioPark","og_description":"Mistahes k\u00fcsimuste korral palume \u00fchendust v\u00f5tta allolevatel kontaktandmetel. Kontaktandmed: Andrus Tasa e-post: atasa@ebc.ee Jaanus Pikani e-post: jaanus@biopark.ee","og_url":"https:\/\/biopark.ee\/et\/investorile\/kontaktandmed\/","og_site_name":"BioPark","article_modified_time":"2014-08-27T09:01:47+00:00","schema":{"@context":"https:\/\/schema.org","@graph":[{"@type":"WebPage","@id":"https:\/\/biopark.ee\/investorile\/kontaktandmed\/","url":"https:\/\/biopark.ee\/investorile\/kontaktandmed\/","name":"Kontaktandmed - BioPark","isPartOf":{"@id":"https:\/\/biopark.ee\/#website"},"datePublished":"2014-07-30T10:17:21+00:00","dateModified":"2014-08-27T09:01:47+00:00","breadcrumb":{"@id":"https:\/\/biopark.ee\/investorile\/kontaktandmed\/#breadcrumb"},"inLanguage":"et","potentialAction":[{"@type":"ReadAction","target":["https:\/\/biopark.ee\/investorile\/kontaktandmed\/"]}]},{"@type":"BreadcrumbList","@id":"https:\/\/biopark.ee\/investorile\/kontaktandmed\/#breadcrumb","itemListElement":[{"@type":"ListItem","position":1,"name":"Home","item":"https:\/\/biopark.ee\/avaleht\/"},{"@type":"ListItem","position":2,"name":"Investorile","item":"https:\/\/biopark.ee\/investorile\/tartu-ja-tbp-tutvustus\/"},{"@type":"ListItem","position":3,"name":"Kontaktandmed"}]},{"@type":"WebSite","@id":"https:\/\/biopark.ee\/#website","url":"https:\/\/biopark.ee\/","name":"BioPark","description":"","potentialAction":[{"@type":"SearchAction","target":{"@type":"EntryPoint","urlTemplate":"https:\/\/biopark.ee\/?s={search_term_string}"},"query-input":"required name=search_term_string"}],"inLanguage":"et"}]}},"_links":{"self":[{"href":"https:\/\/biopark.ee\/et\/wp-json\/wp\/v2\/pages\/52","targetHints":{"allow":["GET"]}}],"collection":[{"href":"https:\/\/biopark.ee\/et\/wp-json\/wp\/v2\/pages"}],"about":[{"href":"https:\/\/biopark.ee\/et\/wp-json\/wp\/v2\/types\/page"}],"author":[{"embeddable":true,"href":"https:\/\/biopark.ee\/et\/wp-json\/wp\/v2\/users\/1"}],"replies":[{"embeddable":true,"href":"https:\/\/biopark.ee\/et\/wp-json\/wp\/v2\/comments?post=52"}],"version-history":[{"count":3,"href":"https:\/\/biopark.ee\/et\/wp-json\/wp\/v2\/pages\/52\/revisions"}],"predecessor-version":[{"id":530,"href":"https:\/\/biopark.ee\/et\/wp-json\/wp\/v2\/pages\/52\/revisions\/530"}],"up":[{"embeddable":true,"href":"https:\/\/biopark.ee\/et\/wp-json\/wp\/v2\/pages\/41"}],"wp:attachment":[{"href":"https:\/\/biopark.ee\/et\/wp-json\/wp\/v2\/media?parent=52"}],"curies":[{"name":"wp","href":"https:\/\/api.w.org\/{rel}","templated":true}]}}