{"id":507,"date":"2014-08-27T11:45:40","date_gmt":"2014-08-27T08:45:40","guid":{"rendered":"https:\/\/biopark.ee\/?page_id=507"},"modified":"2020-12-14T15:50:37","modified_gmt":"2020-12-14T13:50:37","slug":"veterinary-medicine","status":"publish","type":"page","link":"https:\/\/biopark.ee\/et\/biomed-incubator\/list-inkubants\/veterinary-medicine\/","title":{"rendered":"Veterinary medicine"},"content":{"rendered":"<h5>Winsect O\u00dc<\/h5>\n<p><strong>Established:<\/strong> 2015<br \/>\n<strong>Activities:<\/strong> Technologies to grow insects, animal feed production.&nbsp; Winsect O\u00dc grows insects (mealworms) and produces high-quality protein powder, animal feed, insect oil and as byproduct fertilizers.<br \/>\n<strong>Kontakt: <\/strong>Kristi Zilensk,&nbsp;Aivar Tagasaar<br \/>\n<span class=\"mapMarker\" data-location=\"59.400225,24.703208\"><strong>Address:<\/strong> Retke tee 28-6, Tallinn<\/span><br \/>\n<strong>Phone:<\/strong> +372 50 105 71&nbsp;<br \/>\n<strong>Email: <\/strong>aivar@winsect.ee <u><\/u><br \/>\n<span class=\"mapMarker\" data-location=\"58.374288,26.710169\"><strong>Website:<\/strong> <a href=\"https:\/\/bugimine.com\/company\/\">https:\/\/bugimine.com\/<\/a><strong><br \/>\n<\/strong><\/span><span class=\"mapMarker\" data-location=\"58.374288,26.710169\"><strong>Status:<\/strong> incubation<\/span><\/p>\n<h5><strong>Power Algae O\u00dc<\/strong><\/h5>\n<p><strong>Established:<\/strong> 2013<br \/>\n<strong>Activity: <\/strong>Fotobioreaktorite arendamine CO2 eraldamiseks korstnagaasidest mikrovetikate kasvatamiseks.<br \/>\nPower Algae tegeleb fotobioreaktorite arendamise ja m\u00fc\u00fcgiga. Fotobioreaktorite abil on v\u00f5imalik siduda t\u00f6\u00f6stuste heitgaasides sisaldavat CO2 ja suunata see biomassi kasvatamisesse, sealjuures v\u00e4hendada \u00f5hu saastust.<br \/>\n<strong>Kontakt: <\/strong>Liina Joller-Vahter<br \/>\n<strong>Address:<\/strong>&nbsp;<span class=\"mapMarker\" data-location=\"58.356329,26.679093\">Riia tn 181a<\/span>, Tartu<br \/>\n<strong>Phone:<\/strong>&nbsp;+372 517 5504<br \/>\n<strong>Email:&nbsp;<\/strong>&nbsp;<a href=\"mailto:liina.joller@gmail.com\">liina.joller@gmail.com<\/a><br \/>\n<span class=\"mapMarker\" data-location=\"58.374288,26.710169\"><strong>Website: <\/strong><a href=\"http:\/\/poweralgae.edicy.co\/en\">http:\/\/poweralgae.edicy.co\/en<\/a><strong><br \/>\n<\/strong><\/span><span class=\"mapMarker\" data-location=\"58.374288,26.710169\"><strong>Status:<\/strong> alumni<\/span><\/p>\n<h5>Hesa Vet Medical O\u00dc<\/h5>\n<p><strong>Established:<\/strong>&nbsp;2013<br \/>\n<strong>Sector:<\/strong> veterinary medicine<br \/>\nHesa Vet Medical O\u00dc is a company whose goals are veterinary anesthesia, analgesia and intensive care, improving the quality in Estonia, Latvia, Lithuania, and thereby help to provide better welfare for animals.<br \/>\n<strong>Kontakt:<\/strong>&nbsp;N\u00e4ituse 22B-18, Tartu<br \/>\n<strong>Telephone:<\/strong> +372 53481479<br \/>\n<strong>Homepage:&nbsp;<\/strong><a href=\"http:\/\/hesavetmedical.edicy.co\/et\" target=\"_blank\" rel=\"noopener\">http:\/\/hesavetmedical.edicy.co\/et<\/a> ; Status: Alumni<\/p>","protected":false},"excerpt":{"rendered":"<p>Winsect O\u00dc Established: 2015 Activities: Technologies to grow insects, animal feed production.&nbsp; Winsect O\u00dc grows insects (mealworms) and produces high-quality protein powder, animal feed, insect oil and as byproduct fertilizers. Contact: Kristi Zilensk,&nbsp;Aivar Tagasaar Address: Retke tee 28-6, Tallinn Phone: +372 50 105 71&nbsp; Email: aivar@winsect.ee Website: https:\/\/bugimine.com\/ Status: incubation Power Algae O\u00dc Established: 2013 [&hellip;]<\/p>","protected":false},"author":1,"featured_media":0,"parent":467,"menu_order":80,"comment_status":"closed","ping_status":"closed","template":"page-templates\/orange-template.php","meta":{"_acf_changed":false,"om_disable_all_campaigns":false,"_monsterinsights_skip_tracking":false,"_monsterinsights_sitenote_active":false,"_monsterinsights_sitenote_note":"","_monsterinsights_sitenote_category":0,"_uf_show_specific_survey":0,"_uf_disable_surveys":false,"ngg_post_thumbnail":0,"_themeisle_gutenberg_block_has_review":false,"footnotes":"","_links_to":"","_links_to_target":""},"class_list":["post-507","page","type-page","status-publish","hentry"],"acf":[],"yoast_head":"<!-- This site is optimized with the Yoast SEO plugin v22.3 - https:\/\/yoast.com\/wordpress\/plugins\/seo\/ -->\n<title>Veterinary medicine - BioPark<\/title>\n<meta name=\"robots\" content=\"index, follow, max-snippet:-1, max-image-preview:large, max-video-preview:-1\" \/>\n<link rel=\"canonical\" href=\"https:\/\/biopark.ee\/et\/biomed-incubator\/list-inkubants\/veterinary-medicine\/?lang=en\" \/>\n<meta property=\"og:locale\" content=\"et_EE\" \/>\n<meta property=\"og:type\" content=\"article\" \/>\n<meta property=\"og:title\" content=\"Veterinary medicine - BioPark\" \/>\n<meta property=\"og:description\" content=\"Winsect O\u00dc Established: 2015 Activities: Technologies to grow insects, animal feed production.&nbsp; Winsect O\u00dc grows insects (mealworms) and produces high-quality protein powder, animal feed, insect oil and as byproduct fertilizers. Contact: Kristi Zilensk,&nbsp;Aivar Tagasaar Address: Retke tee 28-6, Tallinn Phone: +372 50 105 71&nbsp; Email: aivar@winsect.ee Website: https:\/\/bugimine.com\/ Status: incubation Power Algae O\u00dc Established: 2013 [&hellip;]\" \/>\n<meta property=\"og:url\" content=\"https:\/\/biopark.ee\/et\/biomed-incubator\/list-inkubants\/veterinary-medicine\/?lang=en\" \/>\n<meta property=\"og:site_name\" content=\"BioPark\" \/>\n<meta property=\"article:modified_time\" content=\"2020-12-14T13:50:37+00:00\" \/>\n<meta name=\"twitter:label1\" content=\"Est. reading time\" \/>\n\t<meta name=\"twitter:data1\" content=\"1 minut\" \/>\n<script type=\"application\/ld+json\" class=\"yoast-schema-graph\">{\"@context\":\"https:\/\/schema.org\",\"@graph\":[{\"@type\":\"WebPage\",\"@id\":\"https:\/\/biopark.ee\/biomed-incubator\/list-inkubants\/veterinary-medicine\/?lang=en\",\"url\":\"https:\/\/biopark.ee\/biomed-incubator\/list-inkubants\/veterinary-medicine\/?lang=en\",\"name\":\"Veterinary medicine - BioPark\",\"isPartOf\":{\"@id\":\"https:\/\/biopark.ee\/#website\"},\"datePublished\":\"2014-08-27T08:45:40+00:00\",\"dateModified\":\"2020-12-14T13:50:37+00:00\",\"breadcrumb\":{\"@id\":\"https:\/\/biopark.ee\/biomed-incubator\/list-inkubants\/veterinary-medicine\/?lang=en#breadcrumb\"},\"inLanguage\":\"et\",\"potentialAction\":[{\"@type\":\"ReadAction\",\"target\":[\"https:\/\/biopark.ee\/biomed-incubator\/list-inkubants\/veterinary-medicine\/?lang=en\"]}]},{\"@type\":\"BreadcrumbList\",\"@id\":\"https:\/\/biopark.ee\/biomed-incubator\/list-inkubants\/veterinary-medicine\/?lang=en#breadcrumb\",\"itemListElement\":[{\"@type\":\"ListItem\",\"position\":1,\"name\":\"Home\",\"item\":\"https:\/\/biopark.ee\/avaleht\/\"},{\"@type\":\"ListItem\",\"position\":2,\"name\":\"Biomed incubator\",\"item\":\"https:\/\/biopark.ee\/biomed-incubator\/?lang=en\"},{\"@type\":\"ListItem\",\"position\":3,\"name\":\"List of inkubants\",\"item\":\"https:\/\/biopark.ee\/biomed-incubator\/list-inkubants\/?lang=en\"},{\"@type\":\"ListItem\",\"position\":4,\"name\":\"Veterinary medicine\"}]},{\"@type\":\"WebSite\",\"@id\":\"https:\/\/biopark.ee\/#website\",\"url\":\"https:\/\/biopark.ee\/\",\"name\":\"BioPark\",\"description\":\"\",\"potentialAction\":[{\"@type\":\"SearchAction\",\"target\":{\"@type\":\"EntryPoint\",\"urlTemplate\":\"https:\/\/biopark.ee\/?s={search_term_string}\"},\"query-input\":\"required name=search_term_string\"}],\"inLanguage\":\"et\"}]}<\/script>\n<!-- \/ Yoast SEO plugin. -->","yoast_head_json":{"title":"Veterinary medicine - BioPark","robots":{"index":"index","follow":"follow","max-snippet":"max-snippet:-1","max-image-preview":"max-image-preview:large","max-video-preview":"max-video-preview:-1"},"canonical":"https:\/\/biopark.ee\/et\/biomed-incubator\/list-inkubants\/veterinary-medicine\/?lang=en","og_locale":"et_EE","og_type":"article","og_title":"Veterinary medicine - BioPark","og_description":"Winsect O\u00dc Established: 2015 Activities: Technologies to grow insects, animal feed production.&nbsp; Winsect O\u00dc grows insects (mealworms) and produces high-quality protein powder, animal feed, insect oil and as byproduct fertilizers. Contact: Kristi Zilensk,&nbsp;Aivar Tagasaar Address: Retke tee 28-6, Tallinn Phone: +372 50 105 71&nbsp; Email: aivar@winsect.ee Website: https:\/\/bugimine.com\/ Status: incubation Power Algae O\u00dc Established: 2013 [&hellip;]","og_url":"https:\/\/biopark.ee\/et\/biomed-incubator\/list-inkubants\/veterinary-medicine\/?lang=en","og_site_name":"BioPark","article_modified_time":"2020-12-14T13:50:37+00:00","twitter_misc":{"Est. reading time":"1 minut"},"schema":{"@context":"https:\/\/schema.org","@graph":[{"@type":"WebPage","@id":"https:\/\/biopark.ee\/biomed-incubator\/list-inkubants\/veterinary-medicine\/?lang=en","url":"https:\/\/biopark.ee\/biomed-incubator\/list-inkubants\/veterinary-medicine\/?lang=en","name":"Veterinary medicine - BioPark","isPartOf":{"@id":"https:\/\/biopark.ee\/#website"},"datePublished":"2014-08-27T08:45:40+00:00","dateModified":"2020-12-14T13:50:37+00:00","breadcrumb":{"@id":"https:\/\/biopark.ee\/biomed-incubator\/list-inkubants\/veterinary-medicine\/?lang=en#breadcrumb"},"inLanguage":"et","potentialAction":[{"@type":"ReadAction","target":["https:\/\/biopark.ee\/biomed-incubator\/list-inkubants\/veterinary-medicine\/?lang=en"]}]},{"@type":"BreadcrumbList","@id":"https:\/\/biopark.ee\/biomed-incubator\/list-inkubants\/veterinary-medicine\/?lang=en#breadcrumb","itemListElement":[{"@type":"ListItem","position":1,"name":"Home","item":"https:\/\/biopark.ee\/avaleht\/"},{"@type":"ListItem","position":2,"name":"Biomed incubator","item":"https:\/\/biopark.ee\/biomed-incubator\/?lang=en"},{"@type":"ListItem","position":3,"name":"List of inkubants","item":"https:\/\/biopark.ee\/biomed-incubator\/list-inkubants\/?lang=en"},{"@type":"ListItem","position":4,"name":"Veterinary medicine"}]},{"@type":"WebSite","@id":"https:\/\/biopark.ee\/#website","url":"https:\/\/biopark.ee\/","name":"BioPark","description":"","potentialAction":[{"@type":"SearchAction","target":{"@type":"EntryPoint","urlTemplate":"https:\/\/biopark.ee\/?s={search_term_string}"},"query-input":"required name=search_term_string"}],"inLanguage":"et"}]}},"_links":{"self":[{"href":"https:\/\/biopark.ee\/et\/wp-json\/wp\/v2\/pages\/507","targetHints":{"allow":["GET"]}}],"collection":[{"href":"https:\/\/biopark.ee\/et\/wp-json\/wp\/v2\/pages"}],"about":[{"href":"https:\/\/biopark.ee\/et\/wp-json\/wp\/v2\/types\/page"}],"author":[{"embeddable":true,"href":"https:\/\/biopark.ee\/et\/wp-json\/wp\/v2\/users\/1"}],"replies":[{"embeddable":true,"href":"https:\/\/biopark.ee\/et\/wp-json\/wp\/v2\/comments?post=507"}],"version-history":[{"count":5,"href":"https:\/\/biopark.ee\/et\/wp-json\/wp\/v2\/pages\/507\/revisions"}],"predecessor-version":[{"id":4105,"href":"https:\/\/biopark.ee\/et\/wp-json\/wp\/v2\/pages\/507\/revisions\/4105"}],"up":[{"embeddable":true,"href":"https:\/\/biopark.ee\/et\/wp-json\/wp\/v2\/pages\/467"}],"wp:attachment":[{"href":"https:\/\/biopark.ee\/et\/wp-json\/wp\/v2\/media?parent=507"}],"curies":[{"name":"wp","href":"https:\/\/api.w.org\/{rel}","templated":true}]}}