{"id":48,"date":"2014-07-30T13:16:51","date_gmt":"2014-07-30T10:16:51","guid":{"rendered":"https:\/\/biopark.ee\/?page_id=48"},"modified":"2014-09-23T11:38:46","modified_gmt":"2014-09-23T08:38:46","slug":"tartu-ja-tbp-tutvustus","status":"publish","type":"page","link":"https:\/\/biopark.ee\/et\/investorile\/tartu-ja-tbp-tutvustus\/","title":{"rendered":"Tartu ja Tartu Biotehnoloogia Pargi tutvustus"},"content":{"rendered":"<p>Tartu on Eesti meditsiini ja biotehnoloogia valdkonna keskuseks. Tartu \u00dclikoolis on eluteadustel silmapaistev ajalugu \u2013 meditsiiniteaduseid on \u00f5petatud siin alates \u00fclikooli asutamisest aastal 1632. Kaugele ulatuv ajalugu, mitmed k\u00f5rgkoolid (Tartu \u00dclikool, Eesti Maa\u00fclikool ja Tartu Tervishoiu K\u00f5rgkool) ning rahvusvaheliselt tunnustatud teadlased on muutnud Tartu Eesti oluliseimaks teaduslinnaks meditsiini, biotehnoloogia ja keemia valdkonnas.<\/p>\n<p>Peale N\u00f5ukogude okupatsiooni l\u00f5ppu on toimunud kiire uute tehnoloogiate areng ning Eesti on saavutanud olulise koha globaalses majanduses. Eesti tugevusteks on liberaalne majandus ja ettev\u00f5tlust soodustav keskkond. Biotehnoloogia alane seadusandlus on Eestis h\u00e4sti v\u00e4lja t\u00f6\u00f6tatud ning koosk\u00f5las Euroopa Liidu seadusandlusega. Biotehnoloogia ja meditsiini sektori edasine areng on \u00fcks valitsuse proriteete.<\/p>\n<p>Tartu Biotehnoloogia Park (TBP) on asutatud 2001. aasta detsembris. TBP pakub arendus- ja konsultatsiooniteenuseid biotehnoloogia, meditsiini ja veterinaarmeditsiini ettev\u00f5tetele ning teadusasutustele, rendib tegevuseks ruume, toetab koost\u00f6\u00f6sidemete s\u00f5lmimisel ning on aktiivselt tegev uute ettev\u00f5tete asutamisel.<\/p>\n<p>Biotehnoloogia ja Meditsiini Ettev\u00f5tluse Arendamise Sihtasutus \u201eBioMed SA\u201c asutati 2009. aasta m\u00e4rtsis Tartu Biotehnoloogia Park AS-i poolt.\u00a0Sihtasutuse eesm\u00e4rkideks on:<\/p>\n<ul>\n<li>Innovatiivse ning teadus-ja\/v\u00f5i tehnoloogiamahuka ettev\u00f5tluse edendamine r\u00f5huga eluteadustele ja meditsiinile;<\/li>\n<li>Innovaatiliste ja teadus-ja\/v\u00f5i tehnoloogiamahukate ettev\u00f5tete arendamise ja selleks vajaliku tugikeskkonna loomine;<\/li>\n<li>Koost\u00f6\u00f6 teiste kodu- ja v\u00e4lismaiste sihtasutuste, mittetulundus\u00fchingute, ettev\u00f5tete ning riiklike ja rahvusvaheliste organisatsioonidega BioMed SA eesm\u00e4rke j\u00e4rgivates tegevustes.<\/li>\n<\/ul>","protected":false},"excerpt":{"rendered":"<p>Tartu on Eesti meditsiini ja biotehnoloogia valdkonna keskuseks. Tartu \u00dclikoolis on eluteadustel silmapaistev ajalugu \u2013 meditsiiniteaduseid on \u00f5petatud siin alates \u00fclikooli asutamisest aastal 1632. Kaugele ulatuv ajalugu, mitmed k\u00f5rgkoolid (Tartu \u00dclikool, Eesti Maa\u00fclikool ja Tartu Tervishoiu K\u00f5rgkool) ning rahvusvaheliselt tunnustatud teadlased on muutnud Tartu Eesti oluliseimaks teaduslinnaks meditsiini, biotehnoloogia ja keemia valdkonnas. Peale N\u00f5ukogude okupatsiooni [&hellip;]<\/p>","protected":false},"author":1,"featured_media":0,"parent":41,"menu_order":10,"comment_status":"closed","ping_status":"closed","template":"page-templates\/green-template.php","meta":{"_acf_changed":false,"om_disable_all_campaigns":false,"_monsterinsights_skip_tracking":false,"_monsterinsights_sitenote_active":false,"_monsterinsights_sitenote_note":"","_monsterinsights_sitenote_category":0,"_uf_show_specific_survey":0,"_uf_disable_surveys":false,"ngg_post_thumbnail":0,"_themeisle_gutenberg_block_has_review":false,"footnotes":"","_links_to":"","_links_to_target":""},"class_list":["post-48","page","type-page","status-publish","hentry"],"acf":[],"yoast_head":"<!-- This site is optimized with the Yoast SEO plugin v22.3 - https:\/\/yoast.com\/wordpress\/plugins\/seo\/ -->\n<title>Tartu ja Tartu Biotehnoloogia Pargi tutvustus - BioPark<\/title>\n<meta name=\"robots\" content=\"index, follow, max-snippet:-1, max-image-preview:large, max-video-preview:-1\" \/>\n<link rel=\"canonical\" href=\"https:\/\/biopark.ee\/et\/investorile\/tartu-ja-tbp-tutvustus\/\" \/>\n<meta property=\"og:locale\" content=\"et_EE\" \/>\n<meta property=\"og:type\" content=\"article\" \/>\n<meta property=\"og:title\" content=\"Tartu ja Tartu Biotehnoloogia Pargi tutvustus - BioPark\" \/>\n<meta property=\"og:description\" content=\"Tartu on Eesti meditsiini ja biotehnoloogia valdkonna keskuseks. Tartu \u00dclikoolis on eluteadustel silmapaistev ajalugu \u2013 meditsiiniteaduseid on \u00f5petatud siin alates \u00fclikooli asutamisest aastal 1632. Kaugele ulatuv ajalugu, mitmed k\u00f5rgkoolid (Tartu \u00dclikool, Eesti Maa\u00fclikool ja Tartu Tervishoiu K\u00f5rgkool) ning rahvusvaheliselt tunnustatud teadlased on muutnud Tartu Eesti oluliseimaks teaduslinnaks meditsiini, biotehnoloogia ja keemia valdkonnas. Peale N\u00f5ukogude okupatsiooni [&hellip;]\" \/>\n<meta property=\"og:url\" content=\"https:\/\/biopark.ee\/et\/investorile\/tartu-ja-tbp-tutvustus\/\" \/>\n<meta property=\"og:site_name\" content=\"BioPark\" \/>\n<meta property=\"article:modified_time\" content=\"2014-09-23T08:38:46+00:00\" \/>\n<meta name=\"twitter:label1\" content=\"Est. reading time\" \/>\n\t<meta name=\"twitter:data1\" content=\"1 minut\" \/>\n<script type=\"application\/ld+json\" class=\"yoast-schema-graph\">{\"@context\":\"https:\/\/schema.org\",\"@graph\":[{\"@type\":\"WebPage\",\"@id\":\"https:\/\/biopark.ee\/investorile\/tartu-ja-tbp-tutvustus\/\",\"url\":\"https:\/\/biopark.ee\/investorile\/tartu-ja-tbp-tutvustus\/\",\"name\":\"Tartu ja Tartu Biotehnoloogia Pargi tutvustus - BioPark\",\"isPartOf\":{\"@id\":\"https:\/\/biopark.ee\/#website\"},\"datePublished\":\"2014-07-30T10:16:51+00:00\",\"dateModified\":\"2014-09-23T08:38:46+00:00\",\"breadcrumb\":{\"@id\":\"https:\/\/biopark.ee\/investorile\/tartu-ja-tbp-tutvustus\/#breadcrumb\"},\"inLanguage\":\"et\",\"potentialAction\":[{\"@type\":\"ReadAction\",\"target\":[\"https:\/\/biopark.ee\/investorile\/tartu-ja-tbp-tutvustus\/\"]}]},{\"@type\":\"BreadcrumbList\",\"@id\":\"https:\/\/biopark.ee\/investorile\/tartu-ja-tbp-tutvustus\/#breadcrumb\",\"itemListElement\":[{\"@type\":\"ListItem\",\"position\":1,\"name\":\"Home\",\"item\":\"https:\/\/biopark.ee\/avaleht\/\"},{\"@type\":\"ListItem\",\"position\":2,\"name\":\"Investorile\",\"item\":\"https:\/\/biopark.ee\/investorile\/tartu-ja-tbp-tutvustus\/\"},{\"@type\":\"ListItem\",\"position\":3,\"name\":\"Tartu ja Tartu Biotehnoloogia Pargi tutvustus\"}]},{\"@type\":\"WebSite\",\"@id\":\"https:\/\/biopark.ee\/#website\",\"url\":\"https:\/\/biopark.ee\/\",\"name\":\"BioPark\",\"description\":\"\",\"potentialAction\":[{\"@type\":\"SearchAction\",\"target\":{\"@type\":\"EntryPoint\",\"urlTemplate\":\"https:\/\/biopark.ee\/?s={search_term_string}\"},\"query-input\":\"required name=search_term_string\"}],\"inLanguage\":\"et\"}]}<\/script>\n<!-- \/ Yoast SEO plugin. -->","yoast_head_json":{"title":"Tartu ja Tartu Biotehnoloogia Pargi tutvustus - BioPark","robots":{"index":"index","follow":"follow","max-snippet":"max-snippet:-1","max-image-preview":"max-image-preview:large","max-video-preview":"max-video-preview:-1"},"canonical":"https:\/\/biopark.ee\/et\/investorile\/tartu-ja-tbp-tutvustus\/","og_locale":"et_EE","og_type":"article","og_title":"Tartu ja Tartu Biotehnoloogia Pargi tutvustus - BioPark","og_description":"Tartu on Eesti meditsiini ja biotehnoloogia valdkonna keskuseks. Tartu \u00dclikoolis on eluteadustel silmapaistev ajalugu \u2013 meditsiiniteaduseid on \u00f5petatud siin alates \u00fclikooli asutamisest aastal 1632. Kaugele ulatuv ajalugu, mitmed k\u00f5rgkoolid (Tartu \u00dclikool, Eesti Maa\u00fclikool ja Tartu Tervishoiu K\u00f5rgkool) ning rahvusvaheliselt tunnustatud teadlased on muutnud Tartu Eesti oluliseimaks teaduslinnaks meditsiini, biotehnoloogia ja keemia valdkonnas. Peale N\u00f5ukogude okupatsiooni [&hellip;]","og_url":"https:\/\/biopark.ee\/et\/investorile\/tartu-ja-tbp-tutvustus\/","og_site_name":"BioPark","article_modified_time":"2014-09-23T08:38:46+00:00","twitter_misc":{"Est. reading time":"1 minut"},"schema":{"@context":"https:\/\/schema.org","@graph":[{"@type":"WebPage","@id":"https:\/\/biopark.ee\/investorile\/tartu-ja-tbp-tutvustus\/","url":"https:\/\/biopark.ee\/investorile\/tartu-ja-tbp-tutvustus\/","name":"Tartu ja Tartu Biotehnoloogia Pargi tutvustus - BioPark","isPartOf":{"@id":"https:\/\/biopark.ee\/#website"},"datePublished":"2014-07-30T10:16:51+00:00","dateModified":"2014-09-23T08:38:46+00:00","breadcrumb":{"@id":"https:\/\/biopark.ee\/investorile\/tartu-ja-tbp-tutvustus\/#breadcrumb"},"inLanguage":"et","potentialAction":[{"@type":"ReadAction","target":["https:\/\/biopark.ee\/investorile\/tartu-ja-tbp-tutvustus\/"]}]},{"@type":"BreadcrumbList","@id":"https:\/\/biopark.ee\/investorile\/tartu-ja-tbp-tutvustus\/#breadcrumb","itemListElement":[{"@type":"ListItem","position":1,"name":"Home","item":"https:\/\/biopark.ee\/avaleht\/"},{"@type":"ListItem","position":2,"name":"Investorile","item":"https:\/\/biopark.ee\/investorile\/tartu-ja-tbp-tutvustus\/"},{"@type":"ListItem","position":3,"name":"Tartu ja Tartu Biotehnoloogia Pargi tutvustus"}]},{"@type":"WebSite","@id":"https:\/\/biopark.ee\/#website","url":"https:\/\/biopark.ee\/","name":"BioPark","description":"","potentialAction":[{"@type":"SearchAction","target":{"@type":"EntryPoint","urlTemplate":"https:\/\/biopark.ee\/?s={search_term_string}"},"query-input":"required name=search_term_string"}],"inLanguage":"et"}]}},"_links":{"self":[{"href":"https:\/\/biopark.ee\/et\/wp-json\/wp\/v2\/pages\/48","targetHints":{"allow":["GET"]}}],"collection":[{"href":"https:\/\/biopark.ee\/et\/wp-json\/wp\/v2\/pages"}],"about":[{"href":"https:\/\/biopark.ee\/et\/wp-json\/wp\/v2\/types\/page"}],"author":[{"embeddable":true,"href":"https:\/\/biopark.ee\/et\/wp-json\/wp\/v2\/users\/1"}],"replies":[{"embeddable":true,"href":"https:\/\/biopark.ee\/et\/wp-json\/wp\/v2\/comments?post=48"}],"version-history":[{"count":6,"href":"https:\/\/biopark.ee\/et\/wp-json\/wp\/v2\/pages\/48\/revisions"}],"predecessor-version":[{"id":727,"href":"https:\/\/biopark.ee\/et\/wp-json\/wp\/v2\/pages\/48\/revisions\/727"}],"up":[{"embeddable":true,"href":"https:\/\/biopark.ee\/et\/wp-json\/wp\/v2\/pages\/41"}],"wp:attachment":[{"href":"https:\/\/biopark.ee\/et\/wp-json\/wp\/v2\/media?parent=48"}],"curies":[{"name":"wp","href":"https:\/\/api.w.org\/{rel}","templated":true}]}}