{"id":478,"date":"2014-08-27T11:24:23","date_gmt":"2014-08-27T08:24:23","guid":{"rendered":"https:\/\/biopark.ee\/?page_id=478"},"modified":"2021-10-04T11:48:14","modified_gmt":"2021-10-04T08:48:14","slug":"laboratory-medicine-diagnostics","status":"publish","type":"page","link":"https:\/\/biopark.ee\/et\/biomed-incubator\/list-inkubants\/laboratory-medicine-diagnostics\/","title":{"rendered":"Digihealth, laboratory medicine, diagnostics"},"content":{"rendered":"<h5>Migrevention O\u00dc<\/h5>\n<p><strong>Established:<\/strong> 2019<br \/>\n<strong>Activities: <\/strong><span style=\"font-size: 10.5pt; font-family: 'Open Sans',sans-serif; color: black;\">Migrevention O\u00dc is creating tools to manage migraine and headache better for patients and specialists.&nbsp;<br \/>\nMigrevention Migraine and Headache Diary App is available from early 2021 and Migrevention Premium from July 2021 in <a href=\"https:\/\/apple.co\/2OEP3aa?utm_source=migrevention.com&amp;utm_medium=webpage&amp;utm_campaign=landingPage&amp;utm_content=appStoreBadge\">AppStore<\/a> and <a href=\"https:\/\/play.google.com\/store\/apps\/details?id=com.migreventionapp&amp;referrer=utm_source%3Dmigrevention.com%26utm_medium%3Dwebpage%26utm_content%3DplayBadge%26utm_campaign%3DlandingPage\">GooglePlay<\/a>.&nbsp;<br \/>\nMigrevention digital headache clinic solution has gone through clinical pilot study in Tartu University Hospital and undergoes further clinical studies from autumn 2021 with the goal to obtain MDR certificate.&nbsp;<br \/>\n<\/span><strong>Kontakt:<\/strong> R\u00e4\u00e4gu tn 10b-1 Tallinn Harjumaa 10620<br \/>\n<strong>Phone:<\/strong> +372 52 96&nbsp;923<br \/>\n<strong>E-mail<\/strong> <a href=\"mailto:info@migrevention.com\">info@migrevention.com<\/a><br \/>\n<strong>Website:<\/strong> <a href=\"https:\/\/migrevention.com\/\">https:\/\/migrevention.com\/<\/a><br \/>\n<strong>Status:<\/strong> incubation<\/p>\n<h5>GenDiTest O\u00dc<\/h5>\n<p><strong>Established:&nbsp;<\/strong>2010<br \/>\n<strong>Activities:<\/strong>&nbsp;The development of diagnostic tests in oncology and pre-Pregnancy<br \/>\nThe company gives to its customers the opportunity to evaluate the efficacy of cancer treatment, thereby saving costs and increasing the effectiveness of treatment. Prenatal diagnosis and pathology diagnosis at early stages of development gives patients accurate information about potential problems, allowing them to deal in a timely manner.<br \/>\n<strong>Kontakt:<\/strong> Vanemuise 21A, Tartu<br \/>\n<strong>Telephone:<\/strong>&nbsp;+372 7343256<br \/>\n<strong>Status:<\/strong> incubation<\/p>\n<h5><strong>Kinasera O\u00dc<\/strong><\/h5>\n<p><strong>Established:<\/strong> 2006.&nbsp;<br \/>\n<strong>Activities: <\/strong>Development of cancer tests<br \/>\nKinasera tegeleb proteiinkinaaside sondide arendamisega, mis suudavad blokeerida kinaaside aktiivsuse sinna p\u00f6\u00f6rdumatult sidudes, olles samas heaks vahendiks kinaaside aktiivsuse m\u00e4\u00e4ramisel. Need sondid on kasutatavad proteiinkinaaside mustrite m\u00e4\u00e4ramiseks v\u00e4hi ja tervetes eksosoomides, mist\u00f5ttu saab v\u00f5imalikuks eristada v\u00e4hkkoe eksosoome ja terveid eksosoome. Metoodika omab potentsiaali kasutamiseks diagnostikas.<br \/>\n<strong>Kontakt: <\/strong>Raiko Uri<br \/>\n<span class=\"mapMarker\" data-location=\"59.431886,24.745087\"><strong>Address:<\/strong> Pikk tn 45, Tartu<\/span><br \/>\n<strong>Tel.<\/strong> +372 505 6213<br \/>\n<strong>E-mail<\/strong> <a href=\"mailto:info@kinasera.com\">info@kinasera.com<\/a><br \/>\n<strong>Website:<\/strong> <a href=\"http:\/\/www.kinasera.com\/\">http:\/\/www.kinasera.com\/<\/a><br \/>\n<strong>Status:<\/strong> incubation<\/p>\n<h5><strong>RNAexact O\u00dc<\/strong><\/h5>\n<p><strong>Established:<\/strong> 2016<br \/>\n<strong>Activities: <\/strong>Developing, sale and mediation of laboratory reagent.<br \/>\nRNAexact has developed its first reagent that brings RNA-molecules to the cells and sells it for laboratory use in Estonia and foreign countries. In additiona to this company acts as mediator to several laboratory reagent selling companies.<br \/>\n<strong>Kontakt:<\/strong> Ana Rebane<br \/>\n<span class=\"mapMarker\" data-location=\"59.431886,24.745087\"><strong>Address:<\/strong> Taaram\u00e4e tn 11,Maramaa k\u00fcla<\/span><br \/>\n<strong>Tel.<\/strong> +372 56 266 022<br \/>\n<strong>E-mail <\/strong><a href=\"mailto:rnaexact@rnaexact.com\">rnaexact@rnaexact.com<\/a><br \/>\n<strong>Website:<\/strong> <a href=\"https:\/\/www.rnaexact.com\/\">https:\/\/www.rnaexact.com\/<\/a><br \/>\n<strong>Status:<\/strong> incubation<\/p>\n<h5>Leidurid O\u00dc<\/h5>\n<p><strong>Established:&nbsp;<\/strong>2009<br \/>\n<strong>Sector:<\/strong>&nbsp;&nbsp;Research and development on natural sciences and engineering<br \/>\nThe company offers a particulary biotechnology\/microbiology field of expertise, which enables customers to their development or client projects to overcome encountered technological problems, improve development outcomes or time.<br \/>\n<strong>Kontakt:<\/strong>&nbsp;Ringtee 3-19, Tartu<br \/>\n<strong>Telephone:<\/strong> +372 5153309<br \/>\n<strong>E-mail<\/strong> <a href=\"mailto: anurk@ebc.ee\" target=\"_blank\" rel=\"noopener\">anurk@ebc.ee<\/a><br \/>\n<strong>Status:<\/strong> incubation<\/p>\n<h5>Probiotech O\u00dc<\/h5>\n<p><strong>Established:<\/strong>&nbsp;2010<br \/>\n<strong>Sector:<\/strong>&nbsp;quality laboratory services for conducting clinical trials<br \/>\nThe company has devices to do high performance liquid chromatography (HPLC) analysis and mass spectrometry (LC-MS\/MS) analysis in Tartu. The company offers a number of services including the development and production of generic drugs.<br \/>\n<strong>Kontakt:<\/strong>&nbsp;Tartu Biotechnology Park,&nbsp;Tiigi 61B, Tartu<br \/>\n<strong>Telephone:<\/strong>&nbsp;+372 7121737<br \/>\n<strong>Fax:<\/strong>&nbsp;+372 6410816<br \/>\n<strong>Homepage:<\/strong>&nbsp;<a href=\"http:\/\/est.probiotech.org\/\" target=\"_blank\" rel=\"noopener\">http:\/\/est.probiotech.org\/ <\/a>&nbsp;<br \/>\nStatus: Alumni<\/p>","protected":false},"excerpt":{"rendered":"<p>Migrevention O\u00dc Established: 2019 Activities: Migrevention O\u00dc is creating tools to manage migraine and headache better for patients and specialists.&nbsp; Migrevention Migraine and Headache Diary App is available from early 2021 and Migrevention Premium from July 2021 in AppStore and GooglePlay.&nbsp; Migrevention digital headache clinic solution has gone through clinical pilot study in Tartu University [&hellip;]<\/p>","protected":false},"author":1,"featured_media":0,"parent":467,"menu_order":30,"comment_status":"closed","ping_status":"closed","template":"page-templates\/orange-template.php","meta":{"_acf_changed":false,"om_disable_all_campaigns":false,"_monsterinsights_skip_tracking":false,"_monsterinsights_sitenote_active":false,"_monsterinsights_sitenote_note":"","_monsterinsights_sitenote_category":0,"_uf_show_specific_survey":0,"_uf_disable_surveys":false,"ngg_post_thumbnail":0,"_themeisle_gutenberg_block_has_review":false,"footnotes":"","_links_to":"","_links_to_target":""},"class_list":["post-478","page","type-page","status-publish","hentry"],"acf":[],"yoast_head":"<!-- This site is optimized with the Yoast SEO plugin v22.3 - https:\/\/yoast.com\/wordpress\/plugins\/seo\/ -->\n<title>Digihealth, laboratory medicine, diagnostics - BioPark<\/title>\n<meta name=\"robots\" content=\"index, follow, max-snippet:-1, max-image-preview:large, max-video-preview:-1\" \/>\n<link rel=\"canonical\" href=\"https:\/\/biopark.ee\/et\/biomed-incubator\/list-inkubants\/laboratory-medicine-diagnostics\/?lang=en\" \/>\n<meta property=\"og:locale\" content=\"et_EE\" \/>\n<meta property=\"og:type\" content=\"article\" \/>\n<meta property=\"og:title\" content=\"Digihealth, laboratory medicine, diagnostics - BioPark\" \/>\n<meta property=\"og:description\" content=\"Migrevention O\u00dc Established: 2019 Activities: Migrevention O\u00dc is creating tools to manage migraine and headache better for patients and specialists.&nbsp; Migrevention Migraine and Headache Diary App is available from early 2021 and Migrevention Premium from July 2021 in AppStore and GooglePlay.&nbsp; Migrevention digital headache clinic solution has gone through clinical pilot study in Tartu University [&hellip;]\" \/>\n<meta property=\"og:url\" content=\"https:\/\/biopark.ee\/et\/biomed-incubator\/list-inkubants\/laboratory-medicine-diagnostics\/?lang=en\" \/>\n<meta property=\"og:site_name\" content=\"BioPark\" \/>\n<meta property=\"article:modified_time\" content=\"2021-10-04T08:48:14+00:00\" \/>\n<meta name=\"twitter:label1\" content=\"Est. reading time\" \/>\n\t<meta name=\"twitter:data1\" content=\"2 minutit\" \/>\n<script type=\"application\/ld+json\" class=\"yoast-schema-graph\">{\"@context\":\"https:\/\/schema.org\",\"@graph\":[{\"@type\":\"WebPage\",\"@id\":\"https:\/\/biopark.ee\/biomed-incubator\/list-inkubants\/laboratory-medicine-diagnostics\/?lang=en\",\"url\":\"https:\/\/biopark.ee\/biomed-incubator\/list-inkubants\/laboratory-medicine-diagnostics\/?lang=en\",\"name\":\"Digihealth, laboratory medicine, diagnostics - BioPark\",\"isPartOf\":{\"@id\":\"https:\/\/biopark.ee\/#website\"},\"datePublished\":\"2014-08-27T08:24:23+00:00\",\"dateModified\":\"2021-10-04T08:48:14+00:00\",\"breadcrumb\":{\"@id\":\"https:\/\/biopark.ee\/biomed-incubator\/list-inkubants\/laboratory-medicine-diagnostics\/?lang=en#breadcrumb\"},\"inLanguage\":\"et\",\"potentialAction\":[{\"@type\":\"ReadAction\",\"target\":[\"https:\/\/biopark.ee\/biomed-incubator\/list-inkubants\/laboratory-medicine-diagnostics\/?lang=en\"]}]},{\"@type\":\"BreadcrumbList\",\"@id\":\"https:\/\/biopark.ee\/biomed-incubator\/list-inkubants\/laboratory-medicine-diagnostics\/?lang=en#breadcrumb\",\"itemListElement\":[{\"@type\":\"ListItem\",\"position\":1,\"name\":\"Home\",\"item\":\"https:\/\/biopark.ee\/avaleht\/\"},{\"@type\":\"ListItem\",\"position\":2,\"name\":\"Biomed incubator\",\"item\":\"https:\/\/biopark.ee\/biomed-incubator\/?lang=en\"},{\"@type\":\"ListItem\",\"position\":3,\"name\":\"List of inkubants\",\"item\":\"https:\/\/biopark.ee\/biomed-incubator\/list-inkubants\/?lang=en\"},{\"@type\":\"ListItem\",\"position\":4,\"name\":\"Digihealth, laboratory medicine, diagnostics\"}]},{\"@type\":\"WebSite\",\"@id\":\"https:\/\/biopark.ee\/#website\",\"url\":\"https:\/\/biopark.ee\/\",\"name\":\"BioPark\",\"description\":\"\",\"potentialAction\":[{\"@type\":\"SearchAction\",\"target\":{\"@type\":\"EntryPoint\",\"urlTemplate\":\"https:\/\/biopark.ee\/?s={search_term_string}\"},\"query-input\":\"required name=search_term_string\"}],\"inLanguage\":\"et\"}]}<\/script>\n<!-- \/ Yoast SEO plugin. -->","yoast_head_json":{"title":"Digihealth, laboratory medicine, diagnostics - BioPark","robots":{"index":"index","follow":"follow","max-snippet":"max-snippet:-1","max-image-preview":"max-image-preview:large","max-video-preview":"max-video-preview:-1"},"canonical":"https:\/\/biopark.ee\/et\/biomed-incubator\/list-inkubants\/laboratory-medicine-diagnostics\/?lang=en","og_locale":"et_EE","og_type":"article","og_title":"Digihealth, laboratory medicine, diagnostics - BioPark","og_description":"Migrevention O\u00dc Established: 2019 Activities: Migrevention O\u00dc is creating tools to manage migraine and headache better for patients and specialists.&nbsp; Migrevention Migraine and Headache Diary App is available from early 2021 and Migrevention Premium from July 2021 in AppStore and GooglePlay.&nbsp; Migrevention digital headache clinic solution has gone through clinical pilot study in Tartu University [&hellip;]","og_url":"https:\/\/biopark.ee\/et\/biomed-incubator\/list-inkubants\/laboratory-medicine-diagnostics\/?lang=en","og_site_name":"BioPark","article_modified_time":"2021-10-04T08:48:14+00:00","twitter_misc":{"Est. reading time":"2 minutit"},"schema":{"@context":"https:\/\/schema.org","@graph":[{"@type":"WebPage","@id":"https:\/\/biopark.ee\/biomed-incubator\/list-inkubants\/laboratory-medicine-diagnostics\/?lang=en","url":"https:\/\/biopark.ee\/biomed-incubator\/list-inkubants\/laboratory-medicine-diagnostics\/?lang=en","name":"Digihealth, laboratory medicine, diagnostics - BioPark","isPartOf":{"@id":"https:\/\/biopark.ee\/#website"},"datePublished":"2014-08-27T08:24:23+00:00","dateModified":"2021-10-04T08:48:14+00:00","breadcrumb":{"@id":"https:\/\/biopark.ee\/biomed-incubator\/list-inkubants\/laboratory-medicine-diagnostics\/?lang=en#breadcrumb"},"inLanguage":"et","potentialAction":[{"@type":"ReadAction","target":["https:\/\/biopark.ee\/biomed-incubator\/list-inkubants\/laboratory-medicine-diagnostics\/?lang=en"]}]},{"@type":"BreadcrumbList","@id":"https:\/\/biopark.ee\/biomed-incubator\/list-inkubants\/laboratory-medicine-diagnostics\/?lang=en#breadcrumb","itemListElement":[{"@type":"ListItem","position":1,"name":"Home","item":"https:\/\/biopark.ee\/avaleht\/"},{"@type":"ListItem","position":2,"name":"Biomed incubator","item":"https:\/\/biopark.ee\/biomed-incubator\/?lang=en"},{"@type":"ListItem","position":3,"name":"List of inkubants","item":"https:\/\/biopark.ee\/biomed-incubator\/list-inkubants\/?lang=en"},{"@type":"ListItem","position":4,"name":"Digihealth, laboratory medicine, diagnostics"}]},{"@type":"WebSite","@id":"https:\/\/biopark.ee\/#website","url":"https:\/\/biopark.ee\/","name":"BioPark","description":"","potentialAction":[{"@type":"SearchAction","target":{"@type":"EntryPoint","urlTemplate":"https:\/\/biopark.ee\/?s={search_term_string}"},"query-input":"required name=search_term_string"}],"inLanguage":"et"}]}},"_links":{"self":[{"href":"https:\/\/biopark.ee\/et\/wp-json\/wp\/v2\/pages\/478","targetHints":{"allow":["GET"]}}],"collection":[{"href":"https:\/\/biopark.ee\/et\/wp-json\/wp\/v2\/pages"}],"about":[{"href":"https:\/\/biopark.ee\/et\/wp-json\/wp\/v2\/types\/page"}],"author":[{"embeddable":true,"href":"https:\/\/biopark.ee\/et\/wp-json\/wp\/v2\/users\/1"}],"replies":[{"embeddable":true,"href":"https:\/\/biopark.ee\/et\/wp-json\/wp\/v2\/comments?post=478"}],"version-history":[{"count":10,"href":"https:\/\/biopark.ee\/et\/wp-json\/wp\/v2\/pages\/478\/revisions"}],"predecessor-version":[{"id":4982,"href":"https:\/\/biopark.ee\/et\/wp-json\/wp\/v2\/pages\/478\/revisions\/4982"}],"up":[{"embeddable":true,"href":"https:\/\/biopark.ee\/et\/wp-json\/wp\/v2\/pages\/467"}],"wp:attachment":[{"href":"https:\/\/biopark.ee\/et\/wp-json\/wp\/v2\/media?parent=478"}],"curies":[{"name":"wp","href":"https:\/\/api.w.org\/{rel}","templated":true}]}}