{"id":448,"date":"2014-08-27T10:56:52","date_gmt":"2014-08-27T07:56:52","guid":{"rendered":"https:\/\/biopark.ee\/?page_id=448"},"modified":"2023-07-03T16:02:00","modified_gmt":"2023-07-03T13:02:00","slug":"incubation","status":"publish","type":"page","link":"https:\/\/biopark.ee\/et\/incubation\/","title":{"rendered":"Inkubatsioon"},"content":{"rendered":"<style type=\"text\/css\" data-created_by=\"avia_inline_auto\" id=\"style-css-av-ljigqr80-e4742792d1191575363acf8e50809917\">\n#top .av_textblock_section.av-ljigqr80-e4742792d1191575363acf8e50809917 .avia_textblock{\nfont-size:30px;\ncolor:#3ca2d1;\n}\n<\/style>\n<section  class='av_textblock_section av-ljigqr80-e4742792d1191575363acf8e50809917'   itemscope=\"itemscope\" itemtype=\"https:\/\/schema.org\/CreativeWork\" ><div class='avia_textblock av_inherit_color'  itemprop=\"text\" ><p><strong>Inkubatsioon<\/strong><\/p>\n<\/div><\/section>\n\n<style type=\"text\/css\" data-created_by=\"avia_inline_auto\" id=\"style-css-av-ljigr9te-5e9d11745f6870429704acb08b7cbe49\">\n#top .hr.av-ljigr9te-5e9d11745f6870429704acb08b7cbe49{\nmargin-top:30px;\nmargin-bottom:30px;\n}\n.hr.av-ljigr9te-5e9d11745f6870429704acb08b7cbe49 .hr-inner{\nwidth:100%;\nborder-color:#3ca2d1;\n}\n<\/style>\n<div  class='hr av-ljigr9te-5e9d11745f6870429704acb08b7cbe49 hr-custom  avia-builder-el-1  el_after_av_textblock  el_before_av_textblock  hr-center hr-icon-no'><span class='hr-inner inner-border-av-border-thin'><span class=\"hr-inner-style\"><\/span><\/span><\/div>\n<section  class='av_textblock_section av-oveo-c93f991513e2ae0c077596009d75dbf1'   itemscope=\"itemscope\" itemtype=\"https:\/\/schema.org\/CreativeWork\" ><div class='avia_textblock'  itemprop=\"text\" ><p>Ettev\u00f5tlusinkubaator BioMed on asutatud eesm\u00e4rgiga toetada uute eluteaduste valdkonna ettev\u00f5tte loomist ja nende edu kiirendamist inkubatsiooni programmi kaudu, kus konsultandid pakuvad alustavatele ettev\u00f5tjatele eriteadmisi, koost\u00f6\u00f6v\u00f5rgustikke ja vajalikke vahendeid (ruumid, seadmed, jne), et muuta ettev\u00f5tted edukaks. Inkubatsioon h\u00f5lmab erinevaid protsesse, mis aitavad v\u00e4hendada alustavate firmade eba\u00f5nnestumisriske ja ennek\u00f5ike kiirendada suurema potentsiaaliga t\u00f6\u00f6h\u00f5ivet ja j\u00f5ukust loovate ettev\u00f5tete kasvu.<\/p>\n<p>Ettev\u00f5tete inkubatsioon on Tartu Biotehnoloogia Pargi \u00fcks olulisematest tegevusvaldkondadest. BioMed inkubaatori eesm\u00e4rgiks on luua sobivad tingimused ja keskkond eluteaduste valdkonna ettev\u00f5tete kiireks kasvuks ja arenguks. Seda eesm\u00e4rki soovime saavutada l\u00e4bi k\u00f5rgetasemeliste infrastruktuuriteenuste ning vajalike \u00e4riarendus- ja konsultatsiooniteenuste pakkumise. TBP on keskendunud eelk\u00f5ige eluteaduste valdkonna (biotehnoloogia, meditsiin, agro-biotehnoloogia jm.) ning eluteaduste sidussektorite (nt. meditsiinivaldkonna IT rakendused) innovaatiliste ettev\u00f5tete teenindamisele. BioMed inkubaator on avatud ka ettev\u00f5tetele v\u00e4ljaspoolt Tartut \u2013 st. ettev\u00f5tlusinkubaatori teenuste kasutamiseks ei pea asuma Tartu Biotehnoloogia Pargis (v\u00f5imalus on ka nn. virtuaalseks inkubatsiooniks).<\/p>\n<p class=\"_04xlpA direction-ltr align-justify para-style-body\"><span class=\"WdYUQQ text-decoration-none text-strikethrough-none\">Tartu Biotehnoloogia Pargi Biomed inkubaator pakub inkubandile j\u00e4rgmisi teenuseid:<\/span><\/p>\n<ul>\n<li><span class=\"WdYUQQ text-decoration-none text-strikethrough-none\">projektide koostamine ja esitamine<\/span><\/li>\n<li><span class=\"WdYUQQ text-decoration-none text-strikethrough-none\">ettev\u00f5tete ja teadusasutuste koost\u00f6\u00f6 korraldamine&nbsp;<\/span><\/li>\n<li><span class=\"WdYUQQ text-decoration-none text-strikethrough-none\">koost\u00f6\u00f6partnerite leidmine<\/span><\/li>\n<li><span class=\"WdYUQQ text-decoration-none text-strikethrough-none\">\u00e4riplaani koostamine, turu- ja riskianal\u00fc\u00fcs<\/span><\/li>\n<li><span class=\"WdYUQQ text-decoration-none text-strikethrough-none\">investeerimisv\u00f5imaluste tuvastamine<\/span><\/li>\n<li><span class=\"WdYUQQ text-decoration-none text-strikethrough-none\">seminaride ja treeningprogrammide korraldamine<\/span><\/li>\n<\/ul>\n<\/div><\/section>\n\n<style type=\"text\/css\" data-created_by=\"avia_inline_auto\" id=\"style-css-av-ljigrvw2-7bd84c2d12683ac97c7c9f2d4c6bdf39\">\n#top .av_textblock_section.av-ljigrvw2-7bd84c2d12683ac97c7c9f2d4c6bdf39 .avia_textblock{\nfont-size:30px;\ncolor:#3ca2d1;\n}\n<\/style>\n<section  class='av_textblock_section av-ljigrvw2-7bd84c2d12683ac97c7c9f2d4c6bdf39'   itemscope=\"itemscope\" itemtype=\"https:\/\/schema.org\/CreativeWork\" ><div class='avia_textblock av_inherit_color'  itemprop=\"text\" ><p><strong>Taotlusvorm<\/strong><\/p>\n<\/div><\/section>\n<section  class='av_textblock_section av-ljigpx1t-6dcfd8e0f0eee1724ac0390bb71fec6a'   itemscope=\"itemscope\" itemtype=\"https:\/\/schema.org\/CreativeWork\" ><div class='avia_textblock'  itemprop=\"text\" ><p>*&nbsp;Mandatory fields.<br \/>\n\n<div class=\"wpcf7 no-js\" id=\"wpcf7-f361-o1\" lang=\"et\" dir=\"ltr\">\n<div class=\"screen-reader-response\"><p role=\"status\" aria-live=\"polite\" aria-atomic=\"true\"><\/p> <ul><\/ul><\/div>\n<form action=\"\/et\/wp-json\/wp\/v2\/pages\/448#wpcf7-f361-o1\" method=\"post\" class=\"wpcf7-form init use-floating-validation-tip\" aria-label=\"Contact form\" novalidate=\"novalidate\" data-status=\"init\" data-trp-original-action=\"\/et\/wp-json\/wp\/v2\/pages\/448#wpcf7-f361-o1\">\n<div style=\"display: none;\">\n<input type=\"hidden\" name=\"_wpcf7\" value=\"361\" \/>\n<input type=\"hidden\" name=\"_wpcf7_version\" value=\"5.9.3\" \/>\n<input type=\"hidden\" name=\"_wpcf7_locale\" value=\"et\" \/>\n<input type=\"hidden\" name=\"_wpcf7_unit_tag\" value=\"wpcf7-f361-o1\" \/>\n<input type=\"hidden\" name=\"_wpcf7_container_post\" value=\"0\" \/>\n<input type=\"hidden\" name=\"_wpcf7_posted_data_hash\" value=\"\" \/>\n<input type=\"hidden\" name=\"_wpcf7_recaptcha_response\" value=\"\" \/>\n<\/div>\n<div class=\"form-half alpha\">\n\t<p><span class=\"wpcf7-form-control-wrap\" data-name=\"your-name\"><input size=\"40\" class=\"wpcf7-form-control wpcf7-text wpcf7-validates-as-required\" aria-required=\"true\" aria-invalid=\"false\" placeholder=\"NIMI *\" value=\"\" type=\"text\" name=\"your-name\" \/><\/span>\n\t<\/p>\n\t<p><span class=\"wpcf7-form-control-wrap\" data-name=\"your-email\"><input size=\"40\" class=\"wpcf7-form-control wpcf7-email wpcf7-validates-as-required wpcf7-text wpcf7-validates-as-email\" aria-required=\"true\" aria-invalid=\"false\" placeholder=\"EMAIL *\" value=\"\" type=\"email\" name=\"your-email\" \/><\/span>\n\t<\/p>\n\t<p><span class=\"wpcf7-form-control-wrap\" data-name=\"text-109\"><input size=\"40\" class=\"wpcf7-form-control wpcf7-text wpcf7-validates-as-required\" aria-required=\"true\" aria-invalid=\"false\" placeholder=\"TELEFONINUMBER *\" value=\"\" type=\"text\" name=\"text-109\" \/><\/span>\n\t<\/p>\n\t<p><span class=\"wpcf7-form-control-wrap\" data-name=\"your-subject\"><input size=\"40\" class=\"wpcf7-form-control wpcf7-text\" aria-invalid=\"false\" placeholder=\"ETTEV\u00d5TE (olemasolul)\" value=\"\" type=\"text\" name=\"your-subject\" \/><\/span>\n\t<\/p>\n\t<p><input class=\"wpcf7-form-control wpcf7-submit has-spinner button green\" type=\"submit\" value=\"Saada\" \/>\n\t<\/p>\n<\/div>\n<div class=\"form-half omega\">\n\t<p><span class=\"wpcf7-form-control-wrap\" data-name=\"your-message\"><textarea cols=\"40\" rows=\"10\" class=\"wpcf7-form-control wpcf7-textarea wpcf7-validates-as-required\" aria-required=\"true\" aria-invalid=\"false\" placeholder=\"\u00c4RIIDEE L\u00dcHIKIRJELDUS *\" name=\"your-message\"><\/textarea><\/span>\n\t<\/p>\n\t<p class=\"captcha-wrap\"><input type=\"hidden\" name=\"_wpcf7_captcha_challenge_captcha-889\" value=\"3854381593\" \/><img decoding=\"async\" class=\"wpcf7-form-control wpcf7-captchac wpcf7-captcha-captcha-889\" width=\"60\" height=\"20\" alt=\"captcha\" src=\"https:\/\/biopark.ee\/wp-content\/uploads\/wpcf7_captcha\/3854381593.png\" \/><span class=\"wpcf7-form-control-wrap\" data-name=\"captcha-889\"><input size=\"40\" class=\"wpcf7-form-control wpcf7-captchar captcha-input\" autocomplete=\"off\" aria-invalid=\"false\" placeholder=\"SISESTAGE TURVAKOOD *\" value=\"\" type=\"text\" name=\"captcha-889\" \/><\/span>\n\t<\/p>\n<\/div>\n<div class=\"clear\">\n<\/div><div class=\"wpcf7-response-output\" aria-hidden=\"true\"><\/div>\n<input type=\"hidden\" name=\"trp-form-language\" value=\"et\"\/><\/form>\n<\/div>\n<\/p>\n<p>Sobivate kandidaatidega v\u00f5tame \u00fchendust ja lepime kokku kohtumise. Kohtumisele tulles palume l\u00e4bi m\u00f5elda j\u00e4rgnevad k\u00fcsimused\u2026<\/p>\n<p>Mis on Teie toote\/teenuse eeliseks teiste ees?<br \/>\nKes on potentsiaalsed kliendid, miks eelistavad nad Teie toodet\/teenust?<br \/>\nMillised on Teie eesm\u00e4rgid j\u00e4rgnevaks 2-3 aastaks?<br \/>\nMilline on hetkel olemasolev (v\u00f5tme)meeskond ning kompetentsid?<br \/>\nMilline peaks olema BioMed inkubaatori roll?<\/p>\n<\/div><\/section>","protected":false},"excerpt":{"rendered":"","protected":false},"author":1,"featured_media":0,"parent":0,"menu_order":20,"comment_status":"closed","ping_status":"closed","template":"","meta":{"_acf_changed":false,"om_disable_all_campaigns":false,"_monsterinsights_skip_tracking":false,"_monsterinsights_sitenote_active":false,"_monsterinsights_sitenote_note":"","_monsterinsights_sitenote_category":0,"_uf_show_specific_survey":0,"_uf_disable_surveys":false,"ngg_post_thumbnail":0,"_themeisle_gutenberg_block_has_review":false,"footnotes":"","_links_to":"","_links_to_target":""},"class_list":["post-448","page","type-page","status-publish","hentry"],"acf":[],"yoast_head":"<!-- This site is optimized with the Yoast SEO plugin v22.3 - https:\/\/yoast.com\/wordpress\/plugins\/seo\/ -->\n<title>Incubation - BioPark<\/title>\n<meta name=\"description\" content=\"Business Incubator is designed to create new businesses and accelerate their success through incubation program\" \/>\n<meta name=\"robots\" content=\"index, follow, max-snippet:-1, max-image-preview:large, max-video-preview:-1\" \/>\n<link rel=\"canonical\" href=\"https:\/\/biopark.ee\/et\/incubation\/\" \/>\n<meta property=\"og:locale\" content=\"et_EE\" \/>\n<meta property=\"og:type\" content=\"article\" \/>\n<meta property=\"og:title\" content=\"Incubation - BioPark\" \/>\n<meta property=\"og:description\" content=\"Business Incubator is designed to create new businesses and accelerate their success through incubation program\" \/>\n<meta property=\"og:url\" content=\"https:\/\/biopark.ee\/et\/incubation\/\" \/>\n<meta property=\"og:site_name\" content=\"BioPark\" \/>\n<meta property=\"article:modified_time\" content=\"2023-07-03T13:02:00+00:00\" \/>\n<meta name=\"twitter:label1\" content=\"Est. reading time\" \/>\n\t<meta name=\"twitter:data1\" content=\"4 minutit\" \/>\n<script type=\"application\/ld+json\" class=\"yoast-schema-graph\">{\"@context\":\"https:\/\/schema.org\",\"@graph\":[{\"@type\":\"WebPage\",\"@id\":\"https:\/\/biopark.ee\/incubation\/\",\"url\":\"https:\/\/biopark.ee\/incubation\/\",\"name\":\"Incubation - BioPark\",\"isPartOf\":{\"@id\":\"https:\/\/biopark.ee\/#website\"},\"datePublished\":\"2014-08-27T07:56:52+00:00\",\"dateModified\":\"2023-07-03T13:02:00+00:00\",\"description\":\"Business Incubator is designed to create new businesses and accelerate their success through incubation program\",\"breadcrumb\":{\"@id\":\"https:\/\/biopark.ee\/incubation\/#breadcrumb\"},\"inLanguage\":\"et\",\"potentialAction\":[{\"@type\":\"ReadAction\",\"target\":[\"https:\/\/biopark.ee\/incubation\/\"]}]},{\"@type\":\"BreadcrumbList\",\"@id\":\"https:\/\/biopark.ee\/incubation\/#breadcrumb\",\"itemListElement\":[{\"@type\":\"ListItem\",\"position\":1,\"name\":\"Home\",\"item\":\"https:\/\/biopark.ee\/avaleht\/\"},{\"@type\":\"ListItem\",\"position\":2,\"name\":\"Incubation\"}]},{\"@type\":\"WebSite\",\"@id\":\"https:\/\/biopark.ee\/#website\",\"url\":\"https:\/\/biopark.ee\/\",\"name\":\"BioPark\",\"description\":\"\",\"potentialAction\":[{\"@type\":\"SearchAction\",\"target\":{\"@type\":\"EntryPoint\",\"urlTemplate\":\"https:\/\/biopark.ee\/?s={search_term_string}\"},\"query-input\":\"required name=search_term_string\"}],\"inLanguage\":\"et\"}]}<\/script>\n<!-- \/ Yoast SEO plugin. -->","yoast_head_json":{"title":"Incubation - BioPark","description":"Business Incubator is designed to create new businesses and accelerate their success through incubation program","robots":{"index":"index","follow":"follow","max-snippet":"max-snippet:-1","max-image-preview":"max-image-preview:large","max-video-preview":"max-video-preview:-1"},"canonical":"https:\/\/biopark.ee\/et\/incubation\/","og_locale":"et_EE","og_type":"article","og_title":"Incubation - BioPark","og_description":"Business Incubator is designed to create new businesses and accelerate their success through incubation program","og_url":"https:\/\/biopark.ee\/et\/incubation\/","og_site_name":"BioPark","article_modified_time":"2023-07-03T13:02:00+00:00","twitter_misc":{"Est. reading time":"4 minutit"},"schema":{"@context":"https:\/\/schema.org","@graph":[{"@type":"WebPage","@id":"https:\/\/biopark.ee\/incubation\/","url":"https:\/\/biopark.ee\/incubation\/","name":"Incubation - BioPark","isPartOf":{"@id":"https:\/\/biopark.ee\/#website"},"datePublished":"2014-08-27T07:56:52+00:00","dateModified":"2023-07-03T13:02:00+00:00","description":"Business Incubator is designed to create new businesses and accelerate their success through incubation program","breadcrumb":{"@id":"https:\/\/biopark.ee\/incubation\/#breadcrumb"},"inLanguage":"et","potentialAction":[{"@type":"ReadAction","target":["https:\/\/biopark.ee\/incubation\/"]}]},{"@type":"BreadcrumbList","@id":"https:\/\/biopark.ee\/incubation\/#breadcrumb","itemListElement":[{"@type":"ListItem","position":1,"name":"Home","item":"https:\/\/biopark.ee\/avaleht\/"},{"@type":"ListItem","position":2,"name":"Incubation"}]},{"@type":"WebSite","@id":"https:\/\/biopark.ee\/#website","url":"https:\/\/biopark.ee\/","name":"BioPark","description":"","potentialAction":[{"@type":"SearchAction","target":{"@type":"EntryPoint","urlTemplate":"https:\/\/biopark.ee\/?s={search_term_string}"},"query-input":"required name=search_term_string"}],"inLanguage":"et"}]}},"_links":{"self":[{"href":"https:\/\/biopark.ee\/et\/wp-json\/wp\/v2\/pages\/448","targetHints":{"allow":["GET"]}}],"collection":[{"href":"https:\/\/biopark.ee\/et\/wp-json\/wp\/v2\/pages"}],"about":[{"href":"https:\/\/biopark.ee\/et\/wp-json\/wp\/v2\/types\/page"}],"author":[{"embeddable":true,"href":"https:\/\/biopark.ee\/et\/wp-json\/wp\/v2\/users\/1"}],"replies":[{"embeddable":true,"href":"https:\/\/biopark.ee\/et\/wp-json\/wp\/v2\/comments?post=448"}],"version-history":[{"count":9,"href":"https:\/\/biopark.ee\/et\/wp-json\/wp\/v2\/pages\/448\/revisions"}],"predecessor-version":[{"id":8490,"href":"https:\/\/biopark.ee\/et\/wp-json\/wp\/v2\/pages\/448\/revisions\/8490"}],"wp:attachment":[{"href":"https:\/\/biopark.ee\/et\/wp-json\/wp\/v2\/media?parent=448"}],"curies":[{"name":"wp","href":"https:\/\/api.w.org\/{rel}","templated":true}]}}