{"id":4170,"date":"2021-01-21T12:30:16","date_gmt":"2021-01-21T10:30:16","guid":{"rendered":"https:\/\/biopark.ee\/?page_id=4170"},"modified":"2023-05-04T17:14:43","modified_gmt":"2023-05-04T14:14:43","slug":"loppenud-projektid","status":"publish","type":"page","link":"https:\/\/biopark.ee\/et\/projektid\/loppenud-projektid\/","title":{"rendered":"L\u00f5ppenud projektid"},"content":{"rendered":"<ul>\n<li><a href=\"https:\/\/www.submariner-network.eu\/balticbluebioalliance\" target=\"_blank\" rel=\"noopener\"><span class=\"VIiyi\" lang=\"et\"><span class=\"JLqJ4b ChMk0b\" data-language-for-alternatives=\"et\" data-language-to-translate-into=\"en\" data-phrase-index=\"0\">Baltic Blue Biotechnology Alliance<\/span><\/span><\/a><\/li>\n<li><a href=\"https:\/\/biomarker.nu\/about\/bic\" target=\"_blank\" rel=\"noopener\">BIC<\/a><\/li>\n<li><a href=\"https:\/\/scanbalt.org\/scanbalt-news\/bshr-healthport-proposed-process-selecting-supporting-innovative-life-science-business-ideas-baltic-sea-region\/\" target=\"_blank\" rel=\"noopener noreferrer\">BSHR HealthPort<\/a><\/li>\n<li><a href=\"http:\/\/www.bfcc-project.eu\/\" target=\"_blank\" rel=\"noopener\">Baltic Fracture Competence Centre<\/a> (BFCC)<\/li>\n<li>CB Health Access&nbsp;<\/li>\n<li><a href=\"http:\/\/www.cowin4u.eu\/\" target=\"_blank\" rel=\"noopener noreferrer\">COWIN<\/a><\/li>\n<li><a href=\"https:\/\/www.facebook.com\/bioboostestlat\/?fref=ts\" target=\"_blank\" rel=\"noopener noreferrer\">EstLat BioBoost<\/a><\/li>\n<li><a href=\"http:\/\/tartu.archimedes.ee\/projektid\/?act=vaata&amp;id=32\" target=\"_blank\" rel=\"noopener\">Ettev\u00f5tlus\u00f5pe T\u00dc ja TT\u00dc bio\u00f5ppekavades<\/a><\/li>\n<li><a href=\"http:\/\/www.foodmicrosystems.eu\/\" target=\"_blank\" rel=\"noopener noreferrer\">FoodMicroSystems<\/a><\/li>\n<li><a href=\"http:\/\/www.scanbalt.org\/projects\/finalised+projects\/pathos\" target=\"_blank\" rel=\"noopener noreferrer\">PATHOS<\/a><\/li>\n<li><a href=\"http:\/\/www.submariner-project.eu\/\" target=\"_blank\" rel=\"noopener noreferrer\">SUBMARINER<\/a><\/li>\n<li><a href=\"http:\/\/ccht.ee\/\" target=\"_blank\" rel=\"noopener noreferrer\">Tervisetehnoloogiate Arenduskeskus AS&nbsp;<\/a><\/li>\n<li><a href=\"https:\/\/biopark.ee\/et\/projektid\/baltic-blue-biotechnology-alliance\/\" target=\"_blank\" rel=\"noopener noreferrer\">Baltic Blue Biotechnology Alliance+&nbsp;<\/a><\/li>\n<li><a href=\"https:\/\/biopark.ee\/et\/projektid\/cluster-excellence-in-life-sciences-internationalisation-of-smes-celis\/\">Cluster Excellence in Life Sciences &#8211; internationalisation of SMEs (CELIS)<\/a><\/li>\n<li><a href=\"https:\/\/biopark.ee\/et\/projektid\/gen-era\/\">GEN.ERA<\/a><\/li>\n<li><a href=\"https:\/\/biopark.ee\/et\/projektid\/bic-bridge\/\">Biomarkerite Kommertsialiseerimine (BIC Bridge)<\/a><\/li>\n<li><a href=\"https:\/\/biopark.ee\/et\/projektid\/eizi\/\">Euroopa Innovatsioonitsoon Indias (EIZI)<\/a><\/li>\n<\/ul>","protected":false},"excerpt":{"rendered":"<p>Baltic Blue Biotechnology Alliance BIC BSHR HealthPort Baltic Fracture Competence Centre (BFCC) CB Health Access&nbsp; COWIN EstLat BioBoost Ettev\u00f5tlus\u00f5pe T\u00dc ja TT\u00dc bio\u00f5ppekavades FoodMicroSystems PATHOS SUBMARINER Tervisetehnoloogiate Arenduskeskus AS&nbsp; Baltic Blue Biotechnology Alliance+&nbsp; Cluster Excellence in Life Sciences &#8211; internationalisation of SMEs (CELIS) GEN.ERA Biomarkerite Kommertsialiseerimine (BIC Bridge) Euroopa Innovatsioonitsoon Indias (EIZI)<\/p>","protected":false},"author":1,"featured_media":0,"parent":13,"menu_order":0,"comment_status":"closed","ping_status":"closed","template":"","meta":{"_acf_changed":false,"om_disable_all_campaigns":false,"_monsterinsights_skip_tracking":false,"_monsterinsights_sitenote_active":false,"_monsterinsights_sitenote_note":"","_monsterinsights_sitenote_category":0,"_uf_show_specific_survey":0,"_uf_disable_surveys":false,"ngg_post_thumbnail":0,"_themeisle_gutenberg_block_has_review":false,"footnotes":"","_links_to":"","_links_to_target":""},"class_list":["post-4170","page","type-page","status-publish","hentry"],"acf":[],"yoast_head":"<!-- This site is optimized with the Yoast SEO plugin v22.3 - https:\/\/yoast.com\/wordpress\/plugins\/seo\/ -->\n<title>L\u00f5ppenud projektid - BioPark<\/title>\n<meta name=\"robots\" content=\"index, follow, max-snippet:-1, max-image-preview:large, max-video-preview:-1\" \/>\n<link rel=\"canonical\" href=\"https:\/\/biopark.ee\/et\/projektid\/loppenud-projektid\/\" \/>\n<meta property=\"og:locale\" content=\"et_EE\" \/>\n<meta property=\"og:type\" content=\"article\" \/>\n<meta property=\"og:title\" content=\"L\u00f5ppenud projektid - BioPark\" \/>\n<meta property=\"og:description\" content=\"Baltic Blue Biotechnology Alliance BIC BSHR HealthPort Baltic Fracture Competence Centre (BFCC) CB Health Access&nbsp; COWIN EstLat BioBoost Ettev\u00f5tlus\u00f5pe T\u00dc ja TT\u00dc bio\u00f5ppekavades FoodMicroSystems PATHOS SUBMARINER Tervisetehnoloogiate Arenduskeskus AS&nbsp; Baltic Blue Biotechnology Alliance+&nbsp; Cluster Excellence in Life Sciences &#8211; internationalisation of SMEs (CELIS) GEN.ERA Biomarkerite Kommertsialiseerimine (BIC Bridge) Euroopa Innovatsioonitsoon Indias (EIZI)\" \/>\n<meta property=\"og:url\" content=\"https:\/\/biopark.ee\/et\/projektid\/loppenud-projektid\/\" \/>\n<meta property=\"og:site_name\" content=\"BioPark\" \/>\n<meta property=\"article:modified_time\" content=\"2023-05-04T14:14:43+00:00\" \/>\n<meta name=\"twitter:label1\" content=\"Est. reading time\" \/>\n\t<meta name=\"twitter:data1\" content=\"1 minut\" \/>\n<script type=\"application\/ld+json\" class=\"yoast-schema-graph\">{\"@context\":\"https:\/\/schema.org\",\"@graph\":[{\"@type\":\"WebPage\",\"@id\":\"https:\/\/biopark.ee\/projektid\/loppenud-projektid\/\",\"url\":\"https:\/\/biopark.ee\/projektid\/loppenud-projektid\/\",\"name\":\"L\u00f5ppenud projektid - BioPark\",\"isPartOf\":{\"@id\":\"https:\/\/biopark.ee\/#website\"},\"datePublished\":\"2021-01-21T10:30:16+00:00\",\"dateModified\":\"2023-05-04T14:14:43+00:00\",\"breadcrumb\":{\"@id\":\"https:\/\/biopark.ee\/projektid\/loppenud-projektid\/#breadcrumb\"},\"inLanguage\":\"et\",\"potentialAction\":[{\"@type\":\"ReadAction\",\"target\":[\"https:\/\/biopark.ee\/projektid\/loppenud-projektid\/\"]}]},{\"@type\":\"BreadcrumbList\",\"@id\":\"https:\/\/biopark.ee\/projektid\/loppenud-projektid\/#breadcrumb\",\"itemListElement\":[{\"@type\":\"ListItem\",\"position\":1,\"name\":\"Home\",\"item\":\"https:\/\/biopark.ee\/avaleht\/\"},{\"@type\":\"ListItem\",\"position\":2,\"name\":\"Projektid\",\"item\":\"https:\/\/biopark.ee\/projektid\/\"},{\"@type\":\"ListItem\",\"position\":3,\"name\":\"L\u00f5ppenud projektid\"}]},{\"@type\":\"WebSite\",\"@id\":\"https:\/\/biopark.ee\/#website\",\"url\":\"https:\/\/biopark.ee\/\",\"name\":\"BioPark\",\"description\":\"\",\"potentialAction\":[{\"@type\":\"SearchAction\",\"target\":{\"@type\":\"EntryPoint\",\"urlTemplate\":\"https:\/\/biopark.ee\/?s={search_term_string}\"},\"query-input\":\"required name=search_term_string\"}],\"inLanguage\":\"et\"}]}<\/script>\n<!-- \/ Yoast SEO plugin. -->","yoast_head_json":{"title":"L\u00f5ppenud projektid - BioPark","robots":{"index":"index","follow":"follow","max-snippet":"max-snippet:-1","max-image-preview":"max-image-preview:large","max-video-preview":"max-video-preview:-1"},"canonical":"https:\/\/biopark.ee\/et\/projektid\/loppenud-projektid\/","og_locale":"et_EE","og_type":"article","og_title":"L\u00f5ppenud projektid - BioPark","og_description":"Baltic Blue Biotechnology Alliance BIC BSHR HealthPort Baltic Fracture Competence Centre (BFCC) CB Health Access&nbsp; COWIN EstLat BioBoost Ettev\u00f5tlus\u00f5pe T\u00dc ja TT\u00dc bio\u00f5ppekavades FoodMicroSystems PATHOS SUBMARINER Tervisetehnoloogiate Arenduskeskus AS&nbsp; Baltic Blue Biotechnology Alliance+&nbsp; Cluster Excellence in Life Sciences &#8211; internationalisation of SMEs (CELIS) GEN.ERA Biomarkerite Kommertsialiseerimine (BIC Bridge) Euroopa Innovatsioonitsoon Indias (EIZI)","og_url":"https:\/\/biopark.ee\/et\/projektid\/loppenud-projektid\/","og_site_name":"BioPark","article_modified_time":"2023-05-04T14:14:43+00:00","twitter_misc":{"Est. reading time":"1 minut"},"schema":{"@context":"https:\/\/schema.org","@graph":[{"@type":"WebPage","@id":"https:\/\/biopark.ee\/projektid\/loppenud-projektid\/","url":"https:\/\/biopark.ee\/projektid\/loppenud-projektid\/","name":"L\u00f5ppenud projektid - BioPark","isPartOf":{"@id":"https:\/\/biopark.ee\/#website"},"datePublished":"2021-01-21T10:30:16+00:00","dateModified":"2023-05-04T14:14:43+00:00","breadcrumb":{"@id":"https:\/\/biopark.ee\/projektid\/loppenud-projektid\/#breadcrumb"},"inLanguage":"et","potentialAction":[{"@type":"ReadAction","target":["https:\/\/biopark.ee\/projektid\/loppenud-projektid\/"]}]},{"@type":"BreadcrumbList","@id":"https:\/\/biopark.ee\/projektid\/loppenud-projektid\/#breadcrumb","itemListElement":[{"@type":"ListItem","position":1,"name":"Home","item":"https:\/\/biopark.ee\/avaleht\/"},{"@type":"ListItem","position":2,"name":"Projektid","item":"https:\/\/biopark.ee\/projektid\/"},{"@type":"ListItem","position":3,"name":"L\u00f5ppenud projektid"}]},{"@type":"WebSite","@id":"https:\/\/biopark.ee\/#website","url":"https:\/\/biopark.ee\/","name":"BioPark","description":"","potentialAction":[{"@type":"SearchAction","target":{"@type":"EntryPoint","urlTemplate":"https:\/\/biopark.ee\/?s={search_term_string}"},"query-input":"required name=search_term_string"}],"inLanguage":"et"}]}},"_links":{"self":[{"href":"https:\/\/biopark.ee\/et\/wp-json\/wp\/v2\/pages\/4170","targetHints":{"allow":["GET"]}}],"collection":[{"href":"https:\/\/biopark.ee\/et\/wp-json\/wp\/v2\/pages"}],"about":[{"href":"https:\/\/biopark.ee\/et\/wp-json\/wp\/v2\/types\/page"}],"author":[{"embeddable":true,"href":"https:\/\/biopark.ee\/et\/wp-json\/wp\/v2\/users\/1"}],"replies":[{"embeddable":true,"href":"https:\/\/biopark.ee\/et\/wp-json\/wp\/v2\/comments?post=4170"}],"version-history":[{"count":11,"href":"https:\/\/biopark.ee\/et\/wp-json\/wp\/v2\/pages\/4170\/revisions"}],"predecessor-version":[{"id":6163,"href":"https:\/\/biopark.ee\/et\/wp-json\/wp\/v2\/pages\/4170\/revisions\/6163"}],"up":[{"embeddable":true,"href":"https:\/\/biopark.ee\/et\/wp-json\/wp\/v2\/pages\/13"}],"wp:attachment":[{"href":"https:\/\/biopark.ee\/et\/wp-json\/wp\/v2\/media?parent=4170"}],"curies":[{"name":"wp","href":"https:\/\/api.w.org\/{rel}","templated":true}]}}