{"id":408,"date":"2014-08-27T10:10:01","date_gmt":"2014-08-27T07:10:01","guid":{"rendered":"https:\/\/biopark.ee\/?page_id=408"},"modified":"2014-09-12T15:28:02","modified_gmt":"2014-09-12T12:28:02","slug":"teenused-valisettevotetele-eestisse-asumisel","status":"publish","type":"page","link":"https:\/\/biopark.ee\/et\/teenused\/teenused-valisettevotetele-eestisse-asumisel\/","title":{"rendered":"Teenused v\u00e4lisettev\u00f5tetele Eestisse asumisel"},"content":{"rendered":"<h6>Teenused v\u00e4lisettev\u00f5tetele Eestisse asumisel<\/h6>\n<p>V\u00e4lisettev\u00f5tte Eestise asumisel aitame sobiva rendipinna leidmisel, dokumentatsiooni ja asjaajamise korraldamisel, t\u00f6\u00f6tajate ja uute koost\u00f6\u00f6partnerite leidmisel.<\/p>\n<p><span style=\"color: #000000;\">T\u00e4psem info:<\/span><br style=\"color: #000000;\" \/><span style=\"color: #000000;\">e-post:\u00a0<\/span><a style=\"color: #73b843;\" href=\"mailto: biopark@biopark.ee\">biopark@biopark.ee<\/a><\/p>","protected":false},"excerpt":{"rendered":"<p>Teenused v\u00e4lisettev\u00f5tetele Eestisse asumisel V\u00e4lisettev\u00f5tte Eestise asumisel aitame sobiva rendipinna leidmisel, dokumentatsiooni ja asjaajamise korraldamisel, t\u00f6\u00f6tajate ja uute koost\u00f6\u00f6partnerite leidmisel. T\u00e4psem info:e-post:\u00a0biopark@biopark.ee<\/p>","protected":false},"author":1,"featured_media":0,"parent":11,"menu_order":30,"comment_status":"closed","ping_status":"closed","template":"","meta":{"_acf_changed":false,"om_disable_all_campaigns":false,"_monsterinsights_skip_tracking":false,"_monsterinsights_sitenote_active":false,"_monsterinsights_sitenote_note":"","_monsterinsights_sitenote_category":0,"_uf_show_specific_survey":0,"_uf_disable_surveys":false,"ngg_post_thumbnail":0,"_themeisle_gutenberg_block_has_review":false,"footnotes":"","_links_to":"","_links_to_target":""},"class_list":["post-408","page","type-page","status-publish","hentry"],"acf":[],"yoast_head":"<!-- This site is optimized with the Yoast SEO plugin v22.3 - https:\/\/yoast.com\/wordpress\/plugins\/seo\/ -->\n<title>Teenused v\u00e4lisettev\u00f5tetele Eestisse asumisel - BioPark<\/title>\n<meta name=\"robots\" content=\"index, follow, max-snippet:-1, max-image-preview:large, max-video-preview:-1\" \/>\n<link rel=\"canonical\" href=\"https:\/\/biopark.ee\/et\/teenused\/teenused-valisettevotetele-eestisse-asumisel\/\" \/>\n<meta property=\"og:locale\" content=\"et_EE\" \/>\n<meta property=\"og:type\" content=\"article\" \/>\n<meta property=\"og:title\" content=\"Teenused v\u00e4lisettev\u00f5tetele Eestisse asumisel - BioPark\" \/>\n<meta property=\"og:description\" content=\"Teenused v\u00e4lisettev\u00f5tetele Eestisse asumisel V\u00e4lisettev\u00f5tte Eestise asumisel aitame sobiva rendipinna leidmisel, dokumentatsiooni ja asjaajamise korraldamisel, t\u00f6\u00f6tajate ja uute koost\u00f6\u00f6partnerite leidmisel. T\u00e4psem info:e-post:\u00a0biopark@biopark.ee\" \/>\n<meta property=\"og:url\" content=\"https:\/\/biopark.ee\/et\/teenused\/teenused-valisettevotetele-eestisse-asumisel\/\" \/>\n<meta property=\"og:site_name\" content=\"BioPark\" \/>\n<meta property=\"article:modified_time\" content=\"2014-09-12T12:28:02+00:00\" \/>\n<script type=\"application\/ld+json\" class=\"yoast-schema-graph\">{\"@context\":\"https:\/\/schema.org\",\"@graph\":[{\"@type\":\"WebPage\",\"@id\":\"https:\/\/biopark.ee\/teenused\/teenused-valisettevotetele-eestisse-asumisel\/\",\"url\":\"https:\/\/biopark.ee\/teenused\/teenused-valisettevotetele-eestisse-asumisel\/\",\"name\":\"Teenused v\u00e4lisettev\u00f5tetele Eestisse asumisel - BioPark\",\"isPartOf\":{\"@id\":\"https:\/\/biopark.ee\/#website\"},\"datePublished\":\"2014-08-27T07:10:01+00:00\",\"dateModified\":\"2014-09-12T12:28:02+00:00\",\"breadcrumb\":{\"@id\":\"https:\/\/biopark.ee\/teenused\/teenused-valisettevotetele-eestisse-asumisel\/#breadcrumb\"},\"inLanguage\":\"et\",\"potentialAction\":[{\"@type\":\"ReadAction\",\"target\":[\"https:\/\/biopark.ee\/teenused\/teenused-valisettevotetele-eestisse-asumisel\/\"]}]},{\"@type\":\"BreadcrumbList\",\"@id\":\"https:\/\/biopark.ee\/teenused\/teenused-valisettevotetele-eestisse-asumisel\/#breadcrumb\",\"itemListElement\":[{\"@type\":\"ListItem\",\"position\":1,\"name\":\"Home\",\"item\":\"https:\/\/biopark.ee\/avaleht\/\"},{\"@type\":\"ListItem\",\"position\":2,\"name\":\"Teenused\",\"item\":\"https:\/\/biopark.ee\/teenused\/\"},{\"@type\":\"ListItem\",\"position\":3,\"name\":\"Teenused v\u00e4lisettev\u00f5tetele Eestisse asumisel\"}]},{\"@type\":\"WebSite\",\"@id\":\"https:\/\/biopark.ee\/#website\",\"url\":\"https:\/\/biopark.ee\/\",\"name\":\"BioPark\",\"description\":\"\",\"potentialAction\":[{\"@type\":\"SearchAction\",\"target\":{\"@type\":\"EntryPoint\",\"urlTemplate\":\"https:\/\/biopark.ee\/?s={search_term_string}\"},\"query-input\":\"required name=search_term_string\"}],\"inLanguage\":\"et\"}]}<\/script>\n<!-- \/ Yoast SEO plugin. -->","yoast_head_json":{"title":"Teenused v\u00e4lisettev\u00f5tetele Eestisse asumisel - BioPark","robots":{"index":"index","follow":"follow","max-snippet":"max-snippet:-1","max-image-preview":"max-image-preview:large","max-video-preview":"max-video-preview:-1"},"canonical":"https:\/\/biopark.ee\/et\/teenused\/teenused-valisettevotetele-eestisse-asumisel\/","og_locale":"et_EE","og_type":"article","og_title":"Teenused v\u00e4lisettev\u00f5tetele Eestisse asumisel - BioPark","og_description":"Teenused v\u00e4lisettev\u00f5tetele Eestisse asumisel V\u00e4lisettev\u00f5tte Eestise asumisel aitame sobiva rendipinna leidmisel, dokumentatsiooni ja asjaajamise korraldamisel, t\u00f6\u00f6tajate ja uute koost\u00f6\u00f6partnerite leidmisel. T\u00e4psem info:e-post:\u00a0biopark@biopark.ee","og_url":"https:\/\/biopark.ee\/et\/teenused\/teenused-valisettevotetele-eestisse-asumisel\/","og_site_name":"BioPark","article_modified_time":"2014-09-12T12:28:02+00:00","schema":{"@context":"https:\/\/schema.org","@graph":[{"@type":"WebPage","@id":"https:\/\/biopark.ee\/teenused\/teenused-valisettevotetele-eestisse-asumisel\/","url":"https:\/\/biopark.ee\/teenused\/teenused-valisettevotetele-eestisse-asumisel\/","name":"Teenused v\u00e4lisettev\u00f5tetele Eestisse asumisel - BioPark","isPartOf":{"@id":"https:\/\/biopark.ee\/#website"},"datePublished":"2014-08-27T07:10:01+00:00","dateModified":"2014-09-12T12:28:02+00:00","breadcrumb":{"@id":"https:\/\/biopark.ee\/teenused\/teenused-valisettevotetele-eestisse-asumisel\/#breadcrumb"},"inLanguage":"et","potentialAction":[{"@type":"ReadAction","target":["https:\/\/biopark.ee\/teenused\/teenused-valisettevotetele-eestisse-asumisel\/"]}]},{"@type":"BreadcrumbList","@id":"https:\/\/biopark.ee\/teenused\/teenused-valisettevotetele-eestisse-asumisel\/#breadcrumb","itemListElement":[{"@type":"ListItem","position":1,"name":"Home","item":"https:\/\/biopark.ee\/avaleht\/"},{"@type":"ListItem","position":2,"name":"Teenused","item":"https:\/\/biopark.ee\/teenused\/"},{"@type":"ListItem","position":3,"name":"Teenused v\u00e4lisettev\u00f5tetele Eestisse asumisel"}]},{"@type":"WebSite","@id":"https:\/\/biopark.ee\/#website","url":"https:\/\/biopark.ee\/","name":"BioPark","description":"","potentialAction":[{"@type":"SearchAction","target":{"@type":"EntryPoint","urlTemplate":"https:\/\/biopark.ee\/?s={search_term_string}"},"query-input":"required name=search_term_string"}],"inLanguage":"et"}]}},"_links":{"self":[{"href":"https:\/\/biopark.ee\/et\/wp-json\/wp\/v2\/pages\/408","targetHints":{"allow":["GET"]}}],"collection":[{"href":"https:\/\/biopark.ee\/et\/wp-json\/wp\/v2\/pages"}],"about":[{"href":"https:\/\/biopark.ee\/et\/wp-json\/wp\/v2\/types\/page"}],"author":[{"embeddable":true,"href":"https:\/\/biopark.ee\/et\/wp-json\/wp\/v2\/users\/1"}],"replies":[{"embeddable":true,"href":"https:\/\/biopark.ee\/et\/wp-json\/wp\/v2\/comments?post=408"}],"version-history":[{"count":2,"href":"https:\/\/biopark.ee\/et\/wp-json\/wp\/v2\/pages\/408\/revisions"}],"predecessor-version":[{"id":656,"href":"https:\/\/biopark.ee\/et\/wp-json\/wp\/v2\/pages\/408\/revisions\/656"}],"up":[{"embeddable":true,"href":"https:\/\/biopark.ee\/et\/wp-json\/wp\/v2\/pages\/11"}],"wp:attachment":[{"href":"https:\/\/biopark.ee\/et\/wp-json\/wp\/v2\/media?parent=408"}],"curies":[{"name":"wp","href":"https:\/\/api.w.org\/{rel}","templated":true}]}}