{"id":39,"date":"2014-07-30T12:20:01","date_gmt":"2014-07-30T09:20:01","guid":{"rendered":"https:\/\/biopark.ee\/?page_id=39"},"modified":"2019-02-14T14:22:10","modified_gmt":"2019-02-14T12:22:10","slug":"biomed-sa","status":"publish","type":"page","link":"https:\/\/biopark.ee\/et\/biomed-sa\/","title":{"rendered":"BioMed inkubaator"},"content":{"rendered":"<p>2005. aastal loodud ettev\u00f5tlusinkubaator BioMed on asutatud eesm\u00e4rgiga toetada uute eluteaduste valdkonna ettev\u00f5tte loomist ja nende edu kiirendamist inkubatsiooni programmi kaudu, kus konsultandid pakuvad alustavatele ettev\u00f5tjatele eriteadmisi, koost\u00f6\u00f6v\u00f5rgustikke ja vajalikke vahendeid (ruumid, seadmed, jne), et muuta ettev\u00f5tted edukaks. Inkubatsioon h\u00f5lmab erinevaid protsesse, mis aitavad v\u00e4hendada alustavate firmade eba\u00f5nnestumisriske ja ennek\u00f5ike kiirendada suurema potentsiaaliga t\u00f6\u00f6h\u00f5ivet ja j\u00f5ukust loovate ettev\u00f5tete kasvu.<\/p>\n<p>Ettev\u00f5tete inkubatsioon on&nbsp;Tartu Biotehnoloogia Pargi \u00fcks olulisematest tegevusvaldkondadest.&nbsp;BioMed inkubaatori eesm\u00e4rgiks on luua sobivad tingimused ja keskkond eluteaduste valdkonna ettev\u00f5tete kiireks kasvuks ja arenguks. Seda eesm\u00e4rki soovime saavutada l\u00e4bi&nbsp;k\u00f5rgetasemeliste infrastruktuuriteenuste ning vajalike \u00e4riarendus- ja konsultatsiooniteenuste pakkumise. TBP on&nbsp;keskendunud eelk\u00f5ige eluteaduste valdkonna (biotehnoloogia, meditsiin, agro-biotehnoloogia jm.)&nbsp;ning eluteaduste sidussektorite&nbsp;(nt. meditsiinivaldkonna IT rakendused)&nbsp;innovaatiliste ettev\u00f5tete teenindamisele. BioMed inkubaator on avatud ka ettev\u00f5tetele v\u00e4ljaspoolt Tartut &#8211; st. ettev\u00f5tlusinkubaatori teenuste kasutamiseks ei pea asuma Tartu Biotehnoloogia Pargis (v\u00f5imalus on ka nn. virtuaalseks inkubatsiooniks).<\/p>","protected":false},"excerpt":{"rendered":"<p>2005. aastal loodud ettev\u00f5tlusinkubaator BioMed on asutatud eesm\u00e4rgiga toetada uute eluteaduste valdkonna ettev\u00f5tte loomist ja nende edu kiirendamist inkubatsiooni programmi kaudu, kus konsultandid pakuvad alustavatele ettev\u00f5tjatele eriteadmisi, koost\u00f6\u00f6v\u00f5rgustikke ja vajalikke vahendeid (ruumid, seadmed, jne), et muuta ettev\u00f5tted edukaks. Inkubatsioon h\u00f5lmab erinevaid protsesse, mis aitavad v\u00e4hendada alustavate firmade eba\u00f5nnestumisriske ja ennek\u00f5ike kiirendada suurema potentsiaaliga t\u00f6\u00f6h\u00f5ivet ja [&hellip;]<\/p>","protected":false},"author":1,"featured_media":0,"parent":0,"menu_order":70,"comment_status":"closed","ping_status":"closed","template":"page-templates\/orange-template.php","meta":{"_acf_changed":false,"om_disable_all_campaigns":false,"_monsterinsights_skip_tracking":false,"_monsterinsights_sitenote_active":false,"_monsterinsights_sitenote_note":"","_monsterinsights_sitenote_category":0,"_uf_show_specific_survey":0,"_uf_disable_surveys":false,"ngg_post_thumbnail":0,"_themeisle_gutenberg_block_has_review":false,"footnotes":"","_links_to":"","_links_to_target":""},"class_list":["post-39","page","type-page","status-publish","hentry"],"acf":[],"yoast_head":"<!-- This site is optimized with the Yoast SEO plugin v22.3 - https:\/\/yoast.com\/wordpress\/plugins\/seo\/ -->\n<title>BioMed inkubaator - BioPark<\/title>\n<meta name=\"robots\" content=\"index, follow, max-snippet:-1, max-image-preview:large, max-video-preview:-1\" \/>\n<link rel=\"canonical\" href=\"https:\/\/biopark.ee\/et\/biomed-sa\/\" \/>\n<meta property=\"og:locale\" content=\"et_EE\" \/>\n<meta property=\"og:type\" content=\"article\" \/>\n<meta property=\"og:title\" content=\"BioMed inkubaator - BioPark\" \/>\n<meta property=\"og:description\" content=\"2005. aastal loodud ettev\u00f5tlusinkubaator BioMed on asutatud eesm\u00e4rgiga toetada uute eluteaduste valdkonna ettev\u00f5tte loomist ja nende edu kiirendamist inkubatsiooni programmi kaudu, kus konsultandid pakuvad alustavatele ettev\u00f5tjatele eriteadmisi, koost\u00f6\u00f6v\u00f5rgustikke ja vajalikke vahendeid (ruumid, seadmed, jne), et muuta ettev\u00f5tted edukaks. Inkubatsioon h\u00f5lmab erinevaid protsesse, mis aitavad v\u00e4hendada alustavate firmade eba\u00f5nnestumisriske ja ennek\u00f5ike kiirendada suurema potentsiaaliga t\u00f6\u00f6h\u00f5ivet ja [&hellip;]\" \/>\n<meta property=\"og:url\" content=\"https:\/\/biopark.ee\/et\/biomed-sa\/\" \/>\n<meta property=\"og:site_name\" content=\"BioPark\" \/>\n<meta property=\"article:modified_time\" content=\"2019-02-14T12:22:10+00:00\" \/>\n<meta name=\"twitter:label1\" content=\"Est. reading time\" \/>\n\t<meta name=\"twitter:data1\" content=\"1 minut\" \/>\n<script type=\"application\/ld+json\" class=\"yoast-schema-graph\">{\"@context\":\"https:\/\/schema.org\",\"@graph\":[{\"@type\":\"WebPage\",\"@id\":\"https:\/\/biopark.ee\/biomed-sa\/\",\"url\":\"https:\/\/biopark.ee\/biomed-sa\/\",\"name\":\"BioMed inkubaator - BioPark\",\"isPartOf\":{\"@id\":\"https:\/\/biopark.ee\/#website\"},\"datePublished\":\"2014-07-30T09:20:01+00:00\",\"dateModified\":\"2019-02-14T12:22:10+00:00\",\"breadcrumb\":{\"@id\":\"https:\/\/biopark.ee\/biomed-sa\/#breadcrumb\"},\"inLanguage\":\"et\",\"potentialAction\":[{\"@type\":\"ReadAction\",\"target\":[\"https:\/\/biopark.ee\/biomed-sa\/\"]}]},{\"@type\":\"BreadcrumbList\",\"@id\":\"https:\/\/biopark.ee\/biomed-sa\/#breadcrumb\",\"itemListElement\":[{\"@type\":\"ListItem\",\"position\":1,\"name\":\"Home\",\"item\":\"https:\/\/biopark.ee\/avaleht\/\"},{\"@type\":\"ListItem\",\"position\":2,\"name\":\"BioMed inkubaator\"}]},{\"@type\":\"WebSite\",\"@id\":\"https:\/\/biopark.ee\/#website\",\"url\":\"https:\/\/biopark.ee\/\",\"name\":\"BioPark\",\"description\":\"\",\"potentialAction\":[{\"@type\":\"SearchAction\",\"target\":{\"@type\":\"EntryPoint\",\"urlTemplate\":\"https:\/\/biopark.ee\/?s={search_term_string}\"},\"query-input\":\"required name=search_term_string\"}],\"inLanguage\":\"et\"}]}<\/script>\n<!-- \/ Yoast SEO plugin. -->","yoast_head_json":{"title":"BioMed inkubaator - BioPark","robots":{"index":"index","follow":"follow","max-snippet":"max-snippet:-1","max-image-preview":"max-image-preview:large","max-video-preview":"max-video-preview:-1"},"canonical":"https:\/\/biopark.ee\/et\/biomed-sa\/","og_locale":"et_EE","og_type":"article","og_title":"BioMed inkubaator - BioPark","og_description":"2005. aastal loodud ettev\u00f5tlusinkubaator BioMed on asutatud eesm\u00e4rgiga toetada uute eluteaduste valdkonna ettev\u00f5tte loomist ja nende edu kiirendamist inkubatsiooni programmi kaudu, kus konsultandid pakuvad alustavatele ettev\u00f5tjatele eriteadmisi, koost\u00f6\u00f6v\u00f5rgustikke ja vajalikke vahendeid (ruumid, seadmed, jne), et muuta ettev\u00f5tted edukaks. Inkubatsioon h\u00f5lmab erinevaid protsesse, mis aitavad v\u00e4hendada alustavate firmade eba\u00f5nnestumisriske ja ennek\u00f5ike kiirendada suurema potentsiaaliga t\u00f6\u00f6h\u00f5ivet ja [&hellip;]","og_url":"https:\/\/biopark.ee\/et\/biomed-sa\/","og_site_name":"BioPark","article_modified_time":"2019-02-14T12:22:10+00:00","twitter_misc":{"Est. reading time":"1 minut"},"schema":{"@context":"https:\/\/schema.org","@graph":[{"@type":"WebPage","@id":"https:\/\/biopark.ee\/biomed-sa\/","url":"https:\/\/biopark.ee\/biomed-sa\/","name":"BioMed inkubaator - BioPark","isPartOf":{"@id":"https:\/\/biopark.ee\/#website"},"datePublished":"2014-07-30T09:20:01+00:00","dateModified":"2019-02-14T12:22:10+00:00","breadcrumb":{"@id":"https:\/\/biopark.ee\/biomed-sa\/#breadcrumb"},"inLanguage":"et","potentialAction":[{"@type":"ReadAction","target":["https:\/\/biopark.ee\/biomed-sa\/"]}]},{"@type":"BreadcrumbList","@id":"https:\/\/biopark.ee\/biomed-sa\/#breadcrumb","itemListElement":[{"@type":"ListItem","position":1,"name":"Home","item":"https:\/\/biopark.ee\/avaleht\/"},{"@type":"ListItem","position":2,"name":"BioMed inkubaator"}]},{"@type":"WebSite","@id":"https:\/\/biopark.ee\/#website","url":"https:\/\/biopark.ee\/","name":"BioPark","description":"","potentialAction":[{"@type":"SearchAction","target":{"@type":"EntryPoint","urlTemplate":"https:\/\/biopark.ee\/?s={search_term_string}"},"query-input":"required name=search_term_string"}],"inLanguage":"et"}]}},"_links":{"self":[{"href":"https:\/\/biopark.ee\/et\/wp-json\/wp\/v2\/pages\/39","targetHints":{"allow":["GET"]}}],"collection":[{"href":"https:\/\/biopark.ee\/et\/wp-json\/wp\/v2\/pages"}],"about":[{"href":"https:\/\/biopark.ee\/et\/wp-json\/wp\/v2\/types\/page"}],"author":[{"embeddable":true,"href":"https:\/\/biopark.ee\/et\/wp-json\/wp\/v2\/users\/1"}],"replies":[{"embeddable":true,"href":"https:\/\/biopark.ee\/et\/wp-json\/wp\/v2\/comments?post=39"}],"version-history":[{"count":7,"href":"https:\/\/biopark.ee\/et\/wp-json\/wp\/v2\/pages\/39\/revisions"}],"predecessor-version":[{"id":2978,"href":"https:\/\/biopark.ee\/et\/wp-json\/wp\/v2\/pages\/39\/revisions\/2978"}],"wp:attachment":[{"href":"https:\/\/biopark.ee\/et\/wp-json\/wp\/v2\/media?parent=39"}],"curies":[{"name":"wp","href":"https:\/\/api.w.org\/{rel}","templated":true}]}}