{"id":357,"date":"2014-08-13T13:40:06","date_gmt":"2014-08-13T10:40:06","guid":{"rendered":"https:\/\/biopark.ee\/?page_id=357"},"modified":"2020-12-14T15:37:32","modified_gmt":"2020-12-14T13:37:32","slug":"veterinaarmeditsiin","status":"publish","type":"page","link":"https:\/\/biopark.ee\/et\/biomed-sa\/inkubantide-nimekiri\/veterinaarmeditsiin\/","title":{"rendered":"Veterinaaria ja loomakasvatus sh. vesiviljelus ja sinine kasv"},"content":{"rendered":"<h5>Winsect O\u00dc<\/h5>\n<p><strong>Asutatud:<\/strong>&nbsp;2015. aasta jaanuaris<br \/>\n<strong>Tegevusvaldkonnad:<\/strong> putukakasvatustehnoloogiad, loomas\u00f6\u00f6t.<br \/>\nWinsect O\u00dc tegeleb putukakasvatusega (jahumardikad). Ettev\u00f5tte esmaseks eesm\u00e4rgiks on putukatest valgupulbri tootmine. Teine eesm\u00e4rk on hakata putukatest kitiini tootma, kuid see suund vajab keemiliselt arenenumat tootmistehnoloogiat.<br \/>\n<strong>Kontakt: <\/strong>Kristi Zilensk,&nbsp;Aivar Tagasaar<br \/>\n<span class=\"mapMarker\" data-location=\"59.400225,24.703208\"><strong>Aadress:<\/strong> Retke tee 28-6, Tallinn<\/span><br \/>\n<strong>Telefon:<\/strong> +372 50 105 71&nbsp;<br \/>\n<strong>Email: <\/strong>aivar@winsect.ee <u><\/u><br \/>\n<span class=\"mapMarker\" data-location=\"58.374288,26.710169\"><strong>Koduleht:<\/strong> <a href=\"https:\/\/bugimine.com\/company\/\">https:\/\/bugimine.com\/company\/<\/a><strong><br \/>\n<\/strong><\/span><span class=\"mapMarker\" data-location=\"58.374288,26.710169\"><strong>Staatus:<\/strong> inkubatsioon<\/span><\/p>\n<h5><strong>Power Algae O\u00dc<\/strong><\/h5>\n<p><strong>Asutatud:<\/strong>&nbsp;2013. aasta juulis<br \/>\n<strong>Tegevusvaldkonnad:&nbsp;<\/strong>Fotobioreaktorite arendamine CO2 eraldamiseks korstnagaasidest mikrovetikate kasvatamiseks.<br \/>\nPower Algae tegeleb fotobioreaktorite arendamise ja m\u00fc\u00fcgiga. Fotobioreaktorite abil on v\u00f5imalik siduda t\u00f6\u00f6stuste heitgaasides sisaldavat CO2 ja suunata see biomassi kasvatamisesse, sealjuures v\u00e4hendada \u00f5hu saastust.<br \/>\n<strong>Kontakt:&nbsp;<\/strong>Liina Joller-Vahter<br \/>\n<strong>Aadress:<\/strong>&nbsp;<span class=\"mapMarker\" data-location=\"58.356329,26.679093\">Riia tn 181a<\/span>, Tartu<br \/>\n<strong>Telefon:<\/strong>&nbsp;+372 517 5504<br \/>\n<strong>Email:&nbsp;<\/strong>&nbsp;<a href=\"mailto:liina.joller@gmail.com\">liina.joller@gmail.com<\/a><br \/>\n<span class=\"mapMarker\" data-location=\"58.374288,26.710169\"><strong>Koduleht:&nbsp;<\/strong><a href=\"http:\/\/poweralgae.edicy.co\/en\">http:\/\/poweralgae.edicy.co\/en<\/a><strong><br \/>\n<\/strong><\/span><span class=\"mapMarker\" data-location=\"58.374288,26.710169\"><strong>Staatus:<\/strong> vilistlane<\/span><\/p>\n<p><span style=\"color: #294d91; font-size: 22px; font-weight: bold;\">Hermela Foods&nbsp;O\u00dc<\/span><\/p>\n<p><strong>Asutatud:<\/strong>&nbsp;2015. aasta jaanuaris<br \/>\n<strong>Tegevusvaldkonnad:<\/strong>&nbsp;loomas\u00f6\u00f6t, veterinaaria<br \/>\n<strong>Kontakt:<\/strong>&nbsp;Timmi tee 2, Lohkva k\u00fcla, Luunja vald, Tartu maakond, 62207<br \/>\n<strong>Telefon:<\/strong> +372 55&nbsp;539 159<br \/>\n<strong>Email:<\/strong>&nbsp;<a href=\"mailto:kaire@hermela.ee\"><u>kaire@hermela.ee<\/u><\/a><br \/>\n<span class=\"mapMarker\" data-location=\"58.374288,26.710169\"><strong>Staatus:<\/strong> vilistlane<br \/>\n<\/span><\/p>","protected":false},"excerpt":{"rendered":"<p>Winsect O\u00dc Asutatud:&nbsp;2015. aasta jaanuaris Tegevusvaldkonnad: putukakasvatustehnoloogiad, loomas\u00f6\u00f6t. Winsect O\u00dc tegeleb putukakasvatusega (jahumardikad). Ettev\u00f5tte esmaseks eesm\u00e4rgiks on putukatest valgupulbri tootmine. Teine eesm\u00e4rk on hakata putukatest kitiini tootma, kuid see suund vajab keemiliselt arenenumat tootmistehnoloogiat. Kontakt: Kristi Zilensk,&nbsp;Aivar Tagasaar Aadress: Retke tee 28-6, Tallinn Telefon: +372 50 105 71&nbsp; Email: aivar@winsect.ee Koduleht: https:\/\/bugimine.com\/company\/ Staatus: inkubatsioon Power [&hellip;]<\/p>","protected":false},"author":1,"featured_media":0,"parent":62,"menu_order":80,"comment_status":"closed","ping_status":"closed","template":"page-templates\/orange-template.php","meta":{"_acf_changed":false,"om_disable_all_campaigns":false,"_monsterinsights_skip_tracking":false,"_monsterinsights_sitenote_active":false,"_monsterinsights_sitenote_note":"","_monsterinsights_sitenote_category":0,"_uf_show_specific_survey":0,"_uf_disable_surveys":false,"ngg_post_thumbnail":0,"_themeisle_gutenberg_block_has_review":false,"footnotes":"","_links_to":"","_links_to_target":""},"class_list":["post-357","page","type-page","status-publish","hentry"],"acf":[],"yoast_head":"<!-- This site is optimized with the Yoast SEO plugin v22.3 - https:\/\/yoast.com\/wordpress\/plugins\/seo\/ -->\n<title>Veterinaaria ja loomakasvatus sh. vesiviljelus ja sinine kasv - BioPark<\/title>\n<meta name=\"robots\" content=\"index, follow, max-snippet:-1, max-image-preview:large, max-video-preview:-1\" \/>\n<link rel=\"canonical\" href=\"https:\/\/biopark.ee\/et\/biomed-sa\/inkubantide-nimekiri\/veterinaarmeditsiin\/\" \/>\n<meta property=\"og:locale\" content=\"et_EE\" \/>\n<meta property=\"og:type\" content=\"article\" \/>\n<meta property=\"og:title\" content=\"Veterinaaria ja loomakasvatus sh. vesiviljelus ja sinine kasv - BioPark\" \/>\n<meta property=\"og:description\" content=\"Winsect O\u00dc Asutatud:&nbsp;2015. aasta jaanuaris Tegevusvaldkonnad: putukakasvatustehnoloogiad, loomas\u00f6\u00f6t. Winsect O\u00dc tegeleb putukakasvatusega (jahumardikad). Ettev\u00f5tte esmaseks eesm\u00e4rgiks on putukatest valgupulbri tootmine. Teine eesm\u00e4rk on hakata putukatest kitiini tootma, kuid see suund vajab keemiliselt arenenumat tootmistehnoloogiat. Kontakt: Kristi Zilensk,&nbsp;Aivar Tagasaar Aadress: Retke tee 28-6, Tallinn Telefon: +372 50 105 71&nbsp; Email: aivar@winsect.ee Koduleht: https:\/\/bugimine.com\/company\/ Staatus: inkubatsioon Power [&hellip;]\" \/>\n<meta property=\"og:url\" content=\"https:\/\/biopark.ee\/et\/biomed-sa\/inkubantide-nimekiri\/veterinaarmeditsiin\/\" \/>\n<meta property=\"og:site_name\" content=\"BioPark\" \/>\n<meta property=\"article:modified_time\" content=\"2020-12-14T13:37:32+00:00\" \/>\n<meta name=\"twitter:label1\" content=\"Est. reading time\" \/>\n\t<meta name=\"twitter:data1\" content=\"1 minut\" \/>\n<script type=\"application\/ld+json\" class=\"yoast-schema-graph\">{\"@context\":\"https:\/\/schema.org\",\"@graph\":[{\"@type\":\"WebPage\",\"@id\":\"https:\/\/biopark.ee\/biomed-sa\/inkubantide-nimekiri\/veterinaarmeditsiin\/\",\"url\":\"https:\/\/biopark.ee\/biomed-sa\/inkubantide-nimekiri\/veterinaarmeditsiin\/\",\"name\":\"Veterinaaria ja loomakasvatus sh. vesiviljelus ja sinine kasv - BioPark\",\"isPartOf\":{\"@id\":\"https:\/\/biopark.ee\/#website\"},\"datePublished\":\"2014-08-13T10:40:06+00:00\",\"dateModified\":\"2020-12-14T13:37:32+00:00\",\"breadcrumb\":{\"@id\":\"https:\/\/biopark.ee\/biomed-sa\/inkubantide-nimekiri\/veterinaarmeditsiin\/#breadcrumb\"},\"inLanguage\":\"et\",\"potentialAction\":[{\"@type\":\"ReadAction\",\"target\":[\"https:\/\/biopark.ee\/biomed-sa\/inkubantide-nimekiri\/veterinaarmeditsiin\/\"]}]},{\"@type\":\"BreadcrumbList\",\"@id\":\"https:\/\/biopark.ee\/biomed-sa\/inkubantide-nimekiri\/veterinaarmeditsiin\/#breadcrumb\",\"itemListElement\":[{\"@type\":\"ListItem\",\"position\":1,\"name\":\"Home\",\"item\":\"https:\/\/biopark.ee\/avaleht\/\"},{\"@type\":\"ListItem\",\"position\":2,\"name\":\"BioMed inkubaator\",\"item\":\"https:\/\/biopark.ee\/biomed-sa\/\"},{\"@type\":\"ListItem\",\"position\":3,\"name\":\"Inkubantide nimekiri\",\"item\":\"https:\/\/biopark.ee\/biomed-sa\/inkubantide-nimekiri\/\"},{\"@type\":\"ListItem\",\"position\":4,\"name\":\"Veterinaaria ja loomakasvatus sh. vesiviljelus ja sinine kasv\"}]},{\"@type\":\"WebSite\",\"@id\":\"https:\/\/biopark.ee\/#website\",\"url\":\"https:\/\/biopark.ee\/\",\"name\":\"BioPark\",\"description\":\"\",\"potentialAction\":[{\"@type\":\"SearchAction\",\"target\":{\"@type\":\"EntryPoint\",\"urlTemplate\":\"https:\/\/biopark.ee\/?s={search_term_string}\"},\"query-input\":\"required name=search_term_string\"}],\"inLanguage\":\"et\"}]}<\/script>\n<!-- \/ Yoast SEO plugin. -->","yoast_head_json":{"title":"Veterinaaria ja loomakasvatus sh. vesiviljelus ja sinine kasv - BioPark","robots":{"index":"index","follow":"follow","max-snippet":"max-snippet:-1","max-image-preview":"max-image-preview:large","max-video-preview":"max-video-preview:-1"},"canonical":"https:\/\/biopark.ee\/et\/biomed-sa\/inkubantide-nimekiri\/veterinaarmeditsiin\/","og_locale":"et_EE","og_type":"article","og_title":"Veterinaaria ja loomakasvatus sh. vesiviljelus ja sinine kasv - BioPark","og_description":"Winsect O\u00dc Asutatud:&nbsp;2015. aasta jaanuaris Tegevusvaldkonnad: putukakasvatustehnoloogiad, loomas\u00f6\u00f6t. Winsect O\u00dc tegeleb putukakasvatusega (jahumardikad). Ettev\u00f5tte esmaseks eesm\u00e4rgiks on putukatest valgupulbri tootmine. Teine eesm\u00e4rk on hakata putukatest kitiini tootma, kuid see suund vajab keemiliselt arenenumat tootmistehnoloogiat. Kontakt: Kristi Zilensk,&nbsp;Aivar Tagasaar Aadress: Retke tee 28-6, Tallinn Telefon: +372 50 105 71&nbsp; Email: aivar@winsect.ee Koduleht: https:\/\/bugimine.com\/company\/ Staatus: inkubatsioon Power [&hellip;]","og_url":"https:\/\/biopark.ee\/et\/biomed-sa\/inkubantide-nimekiri\/veterinaarmeditsiin\/","og_site_name":"BioPark","article_modified_time":"2020-12-14T13:37:32+00:00","twitter_misc":{"Est. reading time":"1 minut"},"schema":{"@context":"https:\/\/schema.org","@graph":[{"@type":"WebPage","@id":"https:\/\/biopark.ee\/biomed-sa\/inkubantide-nimekiri\/veterinaarmeditsiin\/","url":"https:\/\/biopark.ee\/biomed-sa\/inkubantide-nimekiri\/veterinaarmeditsiin\/","name":"Veterinaaria ja loomakasvatus sh. vesiviljelus ja sinine kasv - BioPark","isPartOf":{"@id":"https:\/\/biopark.ee\/#website"},"datePublished":"2014-08-13T10:40:06+00:00","dateModified":"2020-12-14T13:37:32+00:00","breadcrumb":{"@id":"https:\/\/biopark.ee\/biomed-sa\/inkubantide-nimekiri\/veterinaarmeditsiin\/#breadcrumb"},"inLanguage":"et","potentialAction":[{"@type":"ReadAction","target":["https:\/\/biopark.ee\/biomed-sa\/inkubantide-nimekiri\/veterinaarmeditsiin\/"]}]},{"@type":"BreadcrumbList","@id":"https:\/\/biopark.ee\/biomed-sa\/inkubantide-nimekiri\/veterinaarmeditsiin\/#breadcrumb","itemListElement":[{"@type":"ListItem","position":1,"name":"Home","item":"https:\/\/biopark.ee\/avaleht\/"},{"@type":"ListItem","position":2,"name":"BioMed inkubaator","item":"https:\/\/biopark.ee\/biomed-sa\/"},{"@type":"ListItem","position":3,"name":"Inkubantide nimekiri","item":"https:\/\/biopark.ee\/biomed-sa\/inkubantide-nimekiri\/"},{"@type":"ListItem","position":4,"name":"Veterinaaria ja loomakasvatus sh. vesiviljelus ja sinine kasv"}]},{"@type":"WebSite","@id":"https:\/\/biopark.ee\/#website","url":"https:\/\/biopark.ee\/","name":"BioPark","description":"","potentialAction":[{"@type":"SearchAction","target":{"@type":"EntryPoint","urlTemplate":"https:\/\/biopark.ee\/?s={search_term_string}"},"query-input":"required name=search_term_string"}],"inLanguage":"et"}]}},"_links":{"self":[{"href":"https:\/\/biopark.ee\/et\/wp-json\/wp\/v2\/pages\/357","targetHints":{"allow":["GET"]}}],"collection":[{"href":"https:\/\/biopark.ee\/et\/wp-json\/wp\/v2\/pages"}],"about":[{"href":"https:\/\/biopark.ee\/et\/wp-json\/wp\/v2\/types\/page"}],"author":[{"embeddable":true,"href":"https:\/\/biopark.ee\/et\/wp-json\/wp\/v2\/users\/1"}],"replies":[{"embeddable":true,"href":"https:\/\/biopark.ee\/et\/wp-json\/wp\/v2\/comments?post=357"}],"version-history":[{"count":19,"href":"https:\/\/biopark.ee\/et\/wp-json\/wp\/v2\/pages\/357\/revisions"}],"predecessor-version":[{"id":4101,"href":"https:\/\/biopark.ee\/et\/wp-json\/wp\/v2\/pages\/357\/revisions\/4101"}],"up":[{"embeddable":true,"href":"https:\/\/biopark.ee\/et\/wp-json\/wp\/v2\/pages\/62"}],"wp:attachment":[{"href":"https:\/\/biopark.ee\/et\/wp-json\/wp\/v2\/media?parent=357"}],"curies":[{"name":"wp","href":"https:\/\/api.w.org\/{rel}","templated":true}]}}