{"id":353,"date":"2014-08-13T13:34:53","date_gmt":"2014-08-13T10:34:53","guid":{"rendered":"https:\/\/biopark.ee\/?page_id=353"},"modified":"2023-04-14T10:13:35","modified_gmt":"2023-04-14T07:13:35","slug":"rehabilitatsioon","status":"publish","type":"page","link":"https:\/\/biopark.ee\/et\/biomed-sa\/inkubantide-nimekiri\/rehabilitatsioon\/","title":{"rendered":"Rehabilitatsioon"},"content":{"rendered":"<h5>Videov\u00f5imlemine O\u00dc<\/h5>\n<p><strong>Asutatud:<\/strong>&nbsp;2013. aasta mais<br \/>\n<strong>Tegevusvaldkonnad:<\/strong>&nbsp; IT lahenduste pakkumine f\u00fcsioteraapia valdkonnas.<br \/>\nEttev\u00f5te tegeleb professionaalse videov\u00f5imlemisportaali loomisega, mille abil taastusravi patsiendid v\u00f5imlevad kodustes tingimustes. Patsiendiga kohtudes koostavad f\u00fcsioterapeudid individuaalsed videokavad koduseks raviv\u00f5imlemiseks.<br \/>\n<strong>Kontakt:<\/strong>&nbsp;Tartu Biotehnoloogiapark,&nbsp;Tiigi tn 61B, Tartu<br \/>\n<strong>E-post:<\/strong>&nbsp;<a href=\"mailto:renemets@gmail.com \">renemets@gmail.com&nbsp;<\/a><br \/>\n<strong>Staatus:<\/strong> vilistlane<\/p>","protected":false},"excerpt":{"rendered":"<p>Videov\u00f5imlemine O\u00dc Asutatud:&nbsp;2013. aasta mais Tegevusvaldkonnad:&nbsp; IT lahenduste pakkumine f\u00fcsioteraapia valdkonnas. Ettev\u00f5te tegeleb professionaalse videov\u00f5imlemisportaali loomisega, mille abil taastusravi patsiendid v\u00f5imlevad kodustes tingimustes. Patsiendiga kohtudes koostavad f\u00fcsioterapeudid individuaalsed videokavad koduseks raviv\u00f5imlemiseks. Kontakt:&nbsp;Tartu Biotehnoloogiapark,&nbsp;Tiigi tn 61B, Tartu E-post:&nbsp;renemets@gmail.com&nbsp; Staatus: vilistlane<\/p>","protected":false},"author":1,"featured_media":0,"parent":62,"menu_order":60,"comment_status":"closed","ping_status":"closed","template":"page-templates\/orange-template.php","meta":{"_acf_changed":false,"om_disable_all_campaigns":false,"_monsterinsights_skip_tracking":false,"_monsterinsights_sitenote_active":false,"_monsterinsights_sitenote_note":"","_monsterinsights_sitenote_category":0,"_uf_show_specific_survey":0,"_uf_disable_surveys":false,"ngg_post_thumbnail":0,"_themeisle_gutenberg_block_has_review":false,"footnotes":"","_links_to":"","_links_to_target":""},"class_list":["post-353","page","type-page","status-publish","hentry"],"acf":[],"yoast_head":"<!-- This site is optimized with the Yoast SEO plugin v22.3 - https:\/\/yoast.com\/wordpress\/plugins\/seo\/ -->\n<title>Rehabilitatsioon - BioPark<\/title>\n<meta name=\"robots\" content=\"index, follow, max-snippet:-1, max-image-preview:large, max-video-preview:-1\" \/>\n<link rel=\"canonical\" href=\"https:\/\/biopark.ee\/et\/biomed-sa\/inkubantide-nimekiri\/rehabilitatsioon\/\" \/>\n<meta property=\"og:locale\" content=\"et_EE\" \/>\n<meta property=\"og:type\" content=\"article\" \/>\n<meta property=\"og:title\" content=\"Rehabilitatsioon - BioPark\" \/>\n<meta property=\"og:description\" content=\"Videov\u00f5imlemine O\u00dc Asutatud:&nbsp;2013. aasta mais Tegevusvaldkonnad:&nbsp; IT lahenduste pakkumine f\u00fcsioteraapia valdkonnas. Ettev\u00f5te tegeleb professionaalse videov\u00f5imlemisportaali loomisega, mille abil taastusravi patsiendid v\u00f5imlevad kodustes tingimustes. Patsiendiga kohtudes koostavad f\u00fcsioterapeudid individuaalsed videokavad koduseks raviv\u00f5imlemiseks. Kontakt:&nbsp;Tartu Biotehnoloogiapark,&nbsp;Tiigi tn 61B, Tartu E-post:&nbsp;renemets@gmail.com&nbsp; Staatus: vilistlane\" \/>\n<meta property=\"og:url\" content=\"https:\/\/biopark.ee\/et\/biomed-sa\/inkubantide-nimekiri\/rehabilitatsioon\/\" \/>\n<meta property=\"og:site_name\" content=\"BioPark\" \/>\n<meta property=\"article:modified_time\" content=\"2023-04-14T07:13:35+00:00\" \/>\n<meta name=\"twitter:label1\" content=\"Est. reading time\" \/>\n\t<meta name=\"twitter:data1\" content=\"1 minut\" \/>\n<script type=\"application\/ld+json\" class=\"yoast-schema-graph\">{\"@context\":\"https:\/\/schema.org\",\"@graph\":[{\"@type\":\"WebPage\",\"@id\":\"https:\/\/biopark.ee\/biomed-sa\/inkubantide-nimekiri\/rehabilitatsioon\/\",\"url\":\"https:\/\/biopark.ee\/biomed-sa\/inkubantide-nimekiri\/rehabilitatsioon\/\",\"name\":\"Rehabilitatsioon - BioPark\",\"isPartOf\":{\"@id\":\"https:\/\/biopark.ee\/#website\"},\"datePublished\":\"2014-08-13T10:34:53+00:00\",\"dateModified\":\"2023-04-14T07:13:35+00:00\",\"breadcrumb\":{\"@id\":\"https:\/\/biopark.ee\/biomed-sa\/inkubantide-nimekiri\/rehabilitatsioon\/#breadcrumb\"},\"inLanguage\":\"et\",\"potentialAction\":[{\"@type\":\"ReadAction\",\"target\":[\"https:\/\/biopark.ee\/biomed-sa\/inkubantide-nimekiri\/rehabilitatsioon\/\"]}]},{\"@type\":\"BreadcrumbList\",\"@id\":\"https:\/\/biopark.ee\/biomed-sa\/inkubantide-nimekiri\/rehabilitatsioon\/#breadcrumb\",\"itemListElement\":[{\"@type\":\"ListItem\",\"position\":1,\"name\":\"Home\",\"item\":\"https:\/\/biopark.ee\/avaleht\/\"},{\"@type\":\"ListItem\",\"position\":2,\"name\":\"BioMed inkubaator\",\"item\":\"https:\/\/biopark.ee\/biomed-sa\/\"},{\"@type\":\"ListItem\",\"position\":3,\"name\":\"Inkubantide nimekiri\",\"item\":\"https:\/\/biopark.ee\/biomed-sa\/inkubantide-nimekiri\/\"},{\"@type\":\"ListItem\",\"position\":4,\"name\":\"Rehabilitatsioon\"}]},{\"@type\":\"WebSite\",\"@id\":\"https:\/\/biopark.ee\/#website\",\"url\":\"https:\/\/biopark.ee\/\",\"name\":\"BioPark\",\"description\":\"\",\"potentialAction\":[{\"@type\":\"SearchAction\",\"target\":{\"@type\":\"EntryPoint\",\"urlTemplate\":\"https:\/\/biopark.ee\/?s={search_term_string}\"},\"query-input\":\"required name=search_term_string\"}],\"inLanguage\":\"et\"}]}<\/script>\n<!-- \/ Yoast SEO plugin. -->","yoast_head_json":{"title":"Rehabilitatsioon - BioPark","robots":{"index":"index","follow":"follow","max-snippet":"max-snippet:-1","max-image-preview":"max-image-preview:large","max-video-preview":"max-video-preview:-1"},"canonical":"https:\/\/biopark.ee\/et\/biomed-sa\/inkubantide-nimekiri\/rehabilitatsioon\/","og_locale":"et_EE","og_type":"article","og_title":"Rehabilitatsioon - BioPark","og_description":"Videov\u00f5imlemine O\u00dc Asutatud:&nbsp;2013. aasta mais Tegevusvaldkonnad:&nbsp; IT lahenduste pakkumine f\u00fcsioteraapia valdkonnas. Ettev\u00f5te tegeleb professionaalse videov\u00f5imlemisportaali loomisega, mille abil taastusravi patsiendid v\u00f5imlevad kodustes tingimustes. Patsiendiga kohtudes koostavad f\u00fcsioterapeudid individuaalsed videokavad koduseks raviv\u00f5imlemiseks. Kontakt:&nbsp;Tartu Biotehnoloogiapark,&nbsp;Tiigi tn 61B, Tartu E-post:&nbsp;renemets@gmail.com&nbsp; Staatus: vilistlane","og_url":"https:\/\/biopark.ee\/et\/biomed-sa\/inkubantide-nimekiri\/rehabilitatsioon\/","og_site_name":"BioPark","article_modified_time":"2023-04-14T07:13:35+00:00","twitter_misc":{"Est. reading time":"1 minut"},"schema":{"@context":"https:\/\/schema.org","@graph":[{"@type":"WebPage","@id":"https:\/\/biopark.ee\/biomed-sa\/inkubantide-nimekiri\/rehabilitatsioon\/","url":"https:\/\/biopark.ee\/biomed-sa\/inkubantide-nimekiri\/rehabilitatsioon\/","name":"Rehabilitatsioon - BioPark","isPartOf":{"@id":"https:\/\/biopark.ee\/#website"},"datePublished":"2014-08-13T10:34:53+00:00","dateModified":"2023-04-14T07:13:35+00:00","breadcrumb":{"@id":"https:\/\/biopark.ee\/biomed-sa\/inkubantide-nimekiri\/rehabilitatsioon\/#breadcrumb"},"inLanguage":"et","potentialAction":[{"@type":"ReadAction","target":["https:\/\/biopark.ee\/biomed-sa\/inkubantide-nimekiri\/rehabilitatsioon\/"]}]},{"@type":"BreadcrumbList","@id":"https:\/\/biopark.ee\/biomed-sa\/inkubantide-nimekiri\/rehabilitatsioon\/#breadcrumb","itemListElement":[{"@type":"ListItem","position":1,"name":"Home","item":"https:\/\/biopark.ee\/avaleht\/"},{"@type":"ListItem","position":2,"name":"BioMed inkubaator","item":"https:\/\/biopark.ee\/biomed-sa\/"},{"@type":"ListItem","position":3,"name":"Inkubantide nimekiri","item":"https:\/\/biopark.ee\/biomed-sa\/inkubantide-nimekiri\/"},{"@type":"ListItem","position":4,"name":"Rehabilitatsioon"}]},{"@type":"WebSite","@id":"https:\/\/biopark.ee\/#website","url":"https:\/\/biopark.ee\/","name":"BioPark","description":"","potentialAction":[{"@type":"SearchAction","target":{"@type":"EntryPoint","urlTemplate":"https:\/\/biopark.ee\/?s={search_term_string}"},"query-input":"required name=search_term_string"}],"inLanguage":"et"}]}},"_links":{"self":[{"href":"https:\/\/biopark.ee\/et\/wp-json\/wp\/v2\/pages\/353","targetHints":{"allow":["GET"]}}],"collection":[{"href":"https:\/\/biopark.ee\/et\/wp-json\/wp\/v2\/pages"}],"about":[{"href":"https:\/\/biopark.ee\/et\/wp-json\/wp\/v2\/types\/page"}],"author":[{"embeddable":true,"href":"https:\/\/biopark.ee\/et\/wp-json\/wp\/v2\/users\/1"}],"replies":[{"embeddable":true,"href":"https:\/\/biopark.ee\/et\/wp-json\/wp\/v2\/comments?post=353"}],"version-history":[{"count":3,"href":"https:\/\/biopark.ee\/et\/wp-json\/wp\/v2\/pages\/353\/revisions"}],"predecessor-version":[{"id":6195,"href":"https:\/\/biopark.ee\/et\/wp-json\/wp\/v2\/pages\/353\/revisions\/6195"}],"up":[{"embeddable":true,"href":"https:\/\/biopark.ee\/et\/wp-json\/wp\/v2\/pages\/62"}],"wp:attachment":[{"href":"https:\/\/biopark.ee\/et\/wp-json\/wp\/v2\/media?parent=353"}],"curies":[{"name":"wp","href":"https:\/\/api.w.org\/{rel}","templated":true}]}}