{"id":351,"date":"2014-08-13T13:33:49","date_gmt":"2014-08-13T10:33:49","guid":{"rendered":"https:\/\/biopark.ee\/?page_id=351"},"modified":"2019-01-03T13:01:16","modified_gmt":"2019-01-03T11:01:16","slug":"orgaaniline-keemia","status":"publish","type":"page","link":"https:\/\/biopark.ee\/et\/biomed-sa\/inkubantide-nimekiri\/orgaaniline-keemia\/","title":{"rendered":"Orgaaniline keemia"},"content":{"rendered":"<h5>ToxInvent O\u00dc<\/h5>\n<p><strong>Asutatud:<\/strong>&nbsp;2015. aasta veebruaris<br \/>\n<strong>Tegevusvaldkond:<\/strong>&nbsp;orgaaniline keemia, ravimiarendus<br \/>\n<strong>Kontakt:<\/strong> Tartu Biotehnoloogiapark,&nbsp;Tiigi 61B, Tartu<br \/>\n<strong>Staatus:<\/strong> inkubatsioon<\/p>\n<h5>TBD-Biodiscovery O\u00dc<\/h5>\n<p><strong>Asutatud:<\/strong>&nbsp;2006. aasta veebruaris<br \/>\n<strong>Tegevusvaldkond:<\/strong>&nbsp;arendust\u00f6\u00f6 ja v\u00e4ikesemahuline tootmine keemia-, farmaatsia- ja biotehnoloogia valdkonnas.<br \/>\nEttev\u00f5tte tooteportfelli kuuluvad keemilised \u00fchendid, mille puhul ettev\u00f5te omab IP \u00f5igusi.<br \/>\n<strong>Kontakt:<\/strong> Tartu Biotehnoloogiapark,&nbsp;Tiigi 61B, Tartu<br \/>\n<strong>Telefon:<\/strong>&nbsp;+372 7 424 240, +372 7 477 001<br \/>\n<strong>Faks:<\/strong>&nbsp;+372 7 366 099<br \/>\n<strong>E-mail<span style=\"color: #000000;\">&nbsp;<\/span><\/strong><a href=\"mailto: info@biodiscovery.eu\" target=\"_blank\" rel=\"noopener\"><span style=\"color: #000000;\">info@biodiscovery.eu<\/span> <\/a><br \/>\n<strong>Koduleht:<\/strong>&nbsp;<a href=\"http:\/\/www.biodiscovery.eu\" target=\"_blank\" rel=\"noopener\">www.biodiscovery.eu<\/a><br \/>\n<strong>Staatus:<\/strong> postinkubatsioon<\/p>\n<h5>KemInvent O\u00dc<\/h5>\n<p><strong>Asutatud:<\/strong>&nbsp;2014. aasta detsembris<br \/>\n<strong>Tegevusvaldkond:<\/strong>&nbsp;orgaaniline keemia, ravimiarendus<br \/>\n<strong>Kontakt:<\/strong> Tartu Biotehnoloogiapark,&nbsp;Tiigi 61B, Tartu<br \/>\n<strong>Staatus:<\/strong> vilistlane<br \/>\n\u200b<\/p>","protected":false},"excerpt":{"rendered":"<p>ToxInvent O\u00dc Asutatud:&nbsp;2015. aasta veebruaris Tegevusvaldkond:&nbsp;orgaaniline keemia, ravimiarendus Kontakt: Tartu Biotehnoloogiapark,&nbsp;Tiigi 61B, Tartu Staatus: inkubatsioon TBD-Biodiscovery O\u00dc Asutatud:&nbsp;2006. aasta veebruaris Tegevusvaldkond:&nbsp;arendust\u00f6\u00f6 ja v\u00e4ikesemahuline tootmine keemia-, farmaatsia- ja biotehnoloogia valdkonnas. Ettev\u00f5tte tooteportfelli kuuluvad keemilised \u00fchendid, mille puhul ettev\u00f5te omab IP \u00f5igusi. Kontakt: Tartu Biotehnoloogiapark,&nbsp;Tiigi 61B, Tartu Telefon:&nbsp;+372 7 424 240, +372 7 477 001 Faks:&nbsp;+372 7 [&hellip;]<\/p>","protected":false},"author":1,"featured_media":0,"parent":62,"menu_order":50,"comment_status":"closed","ping_status":"closed","template":"page-templates\/orange-template.php","meta":{"_acf_changed":false,"om_disable_all_campaigns":false,"_monsterinsights_skip_tracking":false,"_monsterinsights_sitenote_active":false,"_monsterinsights_sitenote_note":"","_monsterinsights_sitenote_category":0,"_uf_show_specific_survey":0,"_uf_disable_surveys":false,"ngg_post_thumbnail":0,"_themeisle_gutenberg_block_has_review":false,"footnotes":"","_links_to":"","_links_to_target":""},"class_list":["post-351","page","type-page","status-publish","hentry"],"acf":[],"yoast_head":"<!-- This site is optimized with the Yoast SEO plugin v22.3 - https:\/\/yoast.com\/wordpress\/plugins\/seo\/ -->\n<title>Orgaaniline keemia - BioPark<\/title>\n<meta name=\"robots\" content=\"index, follow, max-snippet:-1, max-image-preview:large, max-video-preview:-1\" \/>\n<link rel=\"canonical\" href=\"https:\/\/biopark.ee\/et\/biomed-sa\/inkubantide-nimekiri\/orgaaniline-keemia\/\" \/>\n<meta property=\"og:locale\" content=\"et_EE\" \/>\n<meta property=\"og:type\" content=\"article\" \/>\n<meta property=\"og:title\" content=\"Orgaaniline keemia - BioPark\" \/>\n<meta property=\"og:description\" content=\"ToxInvent O\u00dc Asutatud:&nbsp;2015. aasta veebruaris Tegevusvaldkond:&nbsp;orgaaniline keemia, ravimiarendus Kontakt: Tartu Biotehnoloogiapark,&nbsp;Tiigi 61B, Tartu Staatus: inkubatsioon TBD-Biodiscovery O\u00dc Asutatud:&nbsp;2006. aasta veebruaris Tegevusvaldkond:&nbsp;arendust\u00f6\u00f6 ja v\u00e4ikesemahuline tootmine keemia-, farmaatsia- ja biotehnoloogia valdkonnas. Ettev\u00f5tte tooteportfelli kuuluvad keemilised \u00fchendid, mille puhul ettev\u00f5te omab IP \u00f5igusi. Kontakt: Tartu Biotehnoloogiapark,&nbsp;Tiigi 61B, Tartu Telefon:&nbsp;+372 7 424 240, +372 7 477 001 Faks:&nbsp;+372 7 [&hellip;]\" \/>\n<meta property=\"og:url\" content=\"https:\/\/biopark.ee\/et\/biomed-sa\/inkubantide-nimekiri\/orgaaniline-keemia\/\" \/>\n<meta property=\"og:site_name\" content=\"BioPark\" \/>\n<meta property=\"article:modified_time\" content=\"2019-01-03T11:01:16+00:00\" \/>\n<script type=\"application\/ld+json\" class=\"yoast-schema-graph\">{\"@context\":\"https:\/\/schema.org\",\"@graph\":[{\"@type\":\"WebPage\",\"@id\":\"https:\/\/biopark.ee\/biomed-sa\/inkubantide-nimekiri\/orgaaniline-keemia\/\",\"url\":\"https:\/\/biopark.ee\/biomed-sa\/inkubantide-nimekiri\/orgaaniline-keemia\/\",\"name\":\"Orgaaniline keemia - BioPark\",\"isPartOf\":{\"@id\":\"https:\/\/biopark.ee\/#website\"},\"datePublished\":\"2014-08-13T10:33:49+00:00\",\"dateModified\":\"2019-01-03T11:01:16+00:00\",\"breadcrumb\":{\"@id\":\"https:\/\/biopark.ee\/biomed-sa\/inkubantide-nimekiri\/orgaaniline-keemia\/#breadcrumb\"},\"inLanguage\":\"et\",\"potentialAction\":[{\"@type\":\"ReadAction\",\"target\":[\"https:\/\/biopark.ee\/biomed-sa\/inkubantide-nimekiri\/orgaaniline-keemia\/\"]}]},{\"@type\":\"BreadcrumbList\",\"@id\":\"https:\/\/biopark.ee\/biomed-sa\/inkubantide-nimekiri\/orgaaniline-keemia\/#breadcrumb\",\"itemListElement\":[{\"@type\":\"ListItem\",\"position\":1,\"name\":\"Home\",\"item\":\"https:\/\/biopark.ee\/avaleht\/\"},{\"@type\":\"ListItem\",\"position\":2,\"name\":\"BioMed inkubaator\",\"item\":\"https:\/\/biopark.ee\/biomed-sa\/\"},{\"@type\":\"ListItem\",\"position\":3,\"name\":\"Inkubantide nimekiri\",\"item\":\"https:\/\/biopark.ee\/biomed-sa\/inkubantide-nimekiri\/\"},{\"@type\":\"ListItem\",\"position\":4,\"name\":\"Orgaaniline keemia\"}]},{\"@type\":\"WebSite\",\"@id\":\"https:\/\/biopark.ee\/#website\",\"url\":\"https:\/\/biopark.ee\/\",\"name\":\"BioPark\",\"description\":\"\",\"potentialAction\":[{\"@type\":\"SearchAction\",\"target\":{\"@type\":\"EntryPoint\",\"urlTemplate\":\"https:\/\/biopark.ee\/?s={search_term_string}\"},\"query-input\":\"required name=search_term_string\"}],\"inLanguage\":\"et\"}]}<\/script>\n<!-- \/ Yoast SEO plugin. -->","yoast_head_json":{"title":"Orgaaniline keemia - BioPark","robots":{"index":"index","follow":"follow","max-snippet":"max-snippet:-1","max-image-preview":"max-image-preview:large","max-video-preview":"max-video-preview:-1"},"canonical":"https:\/\/biopark.ee\/et\/biomed-sa\/inkubantide-nimekiri\/orgaaniline-keemia\/","og_locale":"et_EE","og_type":"article","og_title":"Orgaaniline keemia - BioPark","og_description":"ToxInvent O\u00dc Asutatud:&nbsp;2015. aasta veebruaris Tegevusvaldkond:&nbsp;orgaaniline keemia, ravimiarendus Kontakt: Tartu Biotehnoloogiapark,&nbsp;Tiigi 61B, Tartu Staatus: inkubatsioon TBD-Biodiscovery O\u00dc Asutatud:&nbsp;2006. aasta veebruaris Tegevusvaldkond:&nbsp;arendust\u00f6\u00f6 ja v\u00e4ikesemahuline tootmine keemia-, farmaatsia- ja biotehnoloogia valdkonnas. Ettev\u00f5tte tooteportfelli kuuluvad keemilised \u00fchendid, mille puhul ettev\u00f5te omab IP \u00f5igusi. Kontakt: Tartu Biotehnoloogiapark,&nbsp;Tiigi 61B, Tartu Telefon:&nbsp;+372 7 424 240, +372 7 477 001 Faks:&nbsp;+372 7 [&hellip;]","og_url":"https:\/\/biopark.ee\/et\/biomed-sa\/inkubantide-nimekiri\/orgaaniline-keemia\/","og_site_name":"BioPark","article_modified_time":"2019-01-03T11:01:16+00:00","schema":{"@context":"https:\/\/schema.org","@graph":[{"@type":"WebPage","@id":"https:\/\/biopark.ee\/biomed-sa\/inkubantide-nimekiri\/orgaaniline-keemia\/","url":"https:\/\/biopark.ee\/biomed-sa\/inkubantide-nimekiri\/orgaaniline-keemia\/","name":"Orgaaniline keemia - BioPark","isPartOf":{"@id":"https:\/\/biopark.ee\/#website"},"datePublished":"2014-08-13T10:33:49+00:00","dateModified":"2019-01-03T11:01:16+00:00","breadcrumb":{"@id":"https:\/\/biopark.ee\/biomed-sa\/inkubantide-nimekiri\/orgaaniline-keemia\/#breadcrumb"},"inLanguage":"et","potentialAction":[{"@type":"ReadAction","target":["https:\/\/biopark.ee\/biomed-sa\/inkubantide-nimekiri\/orgaaniline-keemia\/"]}]},{"@type":"BreadcrumbList","@id":"https:\/\/biopark.ee\/biomed-sa\/inkubantide-nimekiri\/orgaaniline-keemia\/#breadcrumb","itemListElement":[{"@type":"ListItem","position":1,"name":"Home","item":"https:\/\/biopark.ee\/avaleht\/"},{"@type":"ListItem","position":2,"name":"BioMed inkubaator","item":"https:\/\/biopark.ee\/biomed-sa\/"},{"@type":"ListItem","position":3,"name":"Inkubantide nimekiri","item":"https:\/\/biopark.ee\/biomed-sa\/inkubantide-nimekiri\/"},{"@type":"ListItem","position":4,"name":"Orgaaniline keemia"}]},{"@type":"WebSite","@id":"https:\/\/biopark.ee\/#website","url":"https:\/\/biopark.ee\/","name":"BioPark","description":"","potentialAction":[{"@type":"SearchAction","target":{"@type":"EntryPoint","urlTemplate":"https:\/\/biopark.ee\/?s={search_term_string}"},"query-input":"required name=search_term_string"}],"inLanguage":"et"}]}},"_links":{"self":[{"href":"https:\/\/biopark.ee\/et\/wp-json\/wp\/v2\/pages\/351","targetHints":{"allow":["GET"]}}],"collection":[{"href":"https:\/\/biopark.ee\/et\/wp-json\/wp\/v2\/pages"}],"about":[{"href":"https:\/\/biopark.ee\/et\/wp-json\/wp\/v2\/types\/page"}],"author":[{"embeddable":true,"href":"https:\/\/biopark.ee\/et\/wp-json\/wp\/v2\/users\/1"}],"replies":[{"embeddable":true,"href":"https:\/\/biopark.ee\/et\/wp-json\/wp\/v2\/comments?post=351"}],"version-history":[{"count":11,"href":"https:\/\/biopark.ee\/et\/wp-json\/wp\/v2\/pages\/351\/revisions"}],"predecessor-version":[{"id":2941,"href":"https:\/\/biopark.ee\/et\/wp-json\/wp\/v2\/pages\/351\/revisions\/2941"}],"up":[{"embeddable":true,"href":"https:\/\/biopark.ee\/et\/wp-json\/wp\/v2\/pages\/62"}],"wp:attachment":[{"href":"https:\/\/biopark.ee\/et\/wp-json\/wp\/v2\/media?parent=351"}],"curies":[{"name":"wp","href":"https:\/\/api.w.org\/{rel}","templated":true}]}}