{"id":349,"date":"2014-08-13T13:32:40","date_gmt":"2014-08-13T10:32:40","guid":{"rendered":"https:\/\/biopark.ee\/?page_id=349"},"modified":"2023-02-09T14:18:22","modified_gmt":"2023-02-09T12:18:22","slug":"looduskosmeetika","status":"publish","type":"page","link":"https:\/\/biopark.ee\/et\/biomed-sa\/inkubantide-nimekiri\/looduskosmeetika\/","title":{"rendered":"Looduskosmeetika"},"content":{"rendered":"<h5>Furcella O\u00dc<\/h5>\n<p><strong>Asutatud:<\/strong>&nbsp;2015. aasta septembris<br \/>\n<strong>Tegevusvaldkonnad:<\/strong>&nbsp;looduskosmeetika tootmine ja turustamine<br \/>\nBerrichi v\u00f5tmekomponentideks on vetikad ja super-\u00f5lid, mille p\u00f5hjal on loodud teadlaste abil looduskosmeetika retseptuur t\u00f5husate kreemide tarvis.<br \/>\n<strong>Kontakt: <\/strong>Kanali tee 6, 10112, Kesklinna linnaosa, Tallinn, Harju maakond<br \/>\n<strong>Telefon:<\/strong> +372 50 988 01<br \/>\n<strong>E-post: <\/strong><a href=\"https:\/\/berrichi.eu\/contact\/?v=a57b8491d1d8#\">hello@berrichi.ee<\/a><br \/>\n<strong>Koduleht:<\/strong> <a href=\"https:\/\/berrichi.ee\/\">https:\/\/berrichi.ee\/<\/a><br \/>\n<strong>Staatus:<\/strong> inkubatsioon<\/p>\n<h5>Vetik O\u00dc<\/h5>\n<p><strong>Asutatud:<\/strong>&nbsp;2017. aasta septembris<br \/>\n<strong>Tegevusvaldkonnad:<\/strong> punase v\u00e4rvaine tootmise tehnoloogia arendamine, biostimulandid taimekasvatuses<br \/>\nVetik O\u00dc arendab Eestis kasvavast punavetikast punase v\u00e4rvaine tootmise tehnoloogiat, mille abil on v\u00f5imalik kosmeetikatootjatel asendada ebatervislikke v\u00e4rvained loodusliku v\u00e4rvainega ja sealjuures lisada oma tootele ka nahka tervendavaid omadusi. K\u00f5rvalharuna toodetakse punavetikast biostimulante taimedele.<br \/>\n<strong>Kontakt: <\/strong><span class=\"mapMarker\" data-location=\"58.259473,22.598125\">Lahe, 93859, Muratsi k\u00fcla, Saaremaa vald, Saare maakond<\/span><br \/>\n<strong>Telefon:<\/strong> +372 55 540 888<br \/>\n<strong>E-post:<\/strong> <a href=\"mailto:valmar.kasuk@gmail.com\">valmar.kasuk@gmail.com<\/a><br \/>\n<strong>Koduleht:<\/strong> <a href=\"http:\/\/www.vetik.eu\">www.vetik.eu<\/a><br \/>\n<strong>Staatus:<\/strong> inkubatsioon<\/p>\n<h5>LoondSPA O\u00dc<\/h5>\n<p><strong>Asutatud:<\/strong>&nbsp;2017. aasta jaanuaris<br \/>\n<strong>Tegevusvaldkonnad:<\/strong>&nbsp;looduskosmeetika tootmine ja turustamine<br \/>\nLoond\u00b0 toodab p\u00f5hjamaist looduskosmeetika spaaspaakosmeetikat. Tooted on valminud koost\u00f6\u00f6s teadlaste ja wellness spaadega.&nbsp;<br \/>\n<strong>Kontakt: <\/strong><span class=\"mapMarker\" data-location=\"59.214997,24.700264\">Pentrem\u00e4e, 79831, Loone k\u00fcla, Kohila vald, Rapla maakond<\/span><br \/>\n<strong>Telefon:<\/strong> +372 56 561 411<br \/>\n<strong>E-post:<\/strong> <a href=\"mailto:info@loond.eu\">info@loond.eu<\/a><br \/>\n<strong>Koduleht:<\/strong> <a href=\"https:\/\/loond.eu\/\">https:\/\/loond.eu\/<\/a><br \/>\n<strong>Staatus:<\/strong> vilistlane<\/p>\n<h5>Neopafet O\u00dc (VOH brand)<\/h5>\n<p><strong>Asutatud:<\/strong> 2007. aasta juunis<br \/>\n<strong>Tegevusvaldkonnad:<\/strong> k\u00e4sit\u00f6\u00f6seepide v\u00e4ljat\u00f6\u00f6tamine, tootmine ja m\u00fc\u00fck. Vannitoa aksessuaaride tootmine\/m\u00fc\u00fck ning looduslike kehahooldustarvikute m\u00fc\u00fck.<br \/>\n<strong>Telefon:<\/strong> +372 555 600 32<br \/>\n<strong>E-post:<\/strong> <a class=\"elementor-button-link elementor-button elementor-size-sm\" role=\"button\" href=\"https:\/\/voh.ee\/kontakt\/#\"><span class=\"elementor-button-content-wrapper\"><span class=\"elementor-button-text\">info@voh.ee<\/span><\/span><\/a><br \/>\n<strong>Koduleht:<\/strong> <a href=\"https:\/\/www.voh.ee\/\">https:\/\/www.voh.ee\/<\/a><br \/>\n<strong>Staatus:<\/strong> vilistlane<\/p>\n<h5>Perfect Cosmetics O\u00dc<\/h5>\n<p><strong>Asutatud:<\/strong>&nbsp;2013. aasta jaanuaris<br \/>\n<strong>Tegevusvaldkonnad:<\/strong>&nbsp;looduskosmeetika tootmine ja turustamine<br \/>\nEttev\u00f5tte \u00e4riideeks on kohalikust toorainest pressitud kanepi\u00f5list vaid looduslikke koostisosi sisaldavate nahahooldusvahendite tootmine.<br \/>\n<strong>Kontakt: <\/strong><span class=\"mapMarker\" data-location=\"58.374288,26.710169\">Telise k\u00fcla \/ T\u00e4lln\u00e4s, Maikli, 91208, L\u00e4\u00e4ne-Nigula vald, L\u00e4\u00e4ne maakond<\/span><br \/>\n<strong>Telefon:<\/strong> +372 56 627&nbsp;889<br \/>\n<strong>E-post:<\/strong>&nbsp;<a href=\"mailto:info@luminordic.com \">info@luminordic.com&nbsp;<\/a><br \/>\n<strong>Koduleht:<\/strong>&nbsp;<a href=\"http:\/\/www.luminordic.com\/\" target=\"_blank\" rel=\"noopener noreferrer\">http:\/\/www.luminordic.com\/<\/a><br \/>\n<strong>Staatus:<\/strong> vilistlane<\/p>\n<h5>Perfect Oil O\u00dc<\/h5>\n<p><strong>Asutatud:<\/strong>&nbsp;2011. aasta detsembris<br \/>\n<strong>Tegevusvaldkonnad:<\/strong>&nbsp;kanepist erinevate toodete tootmine ja turustamine, t\u00f6\u00f6stuskanepikasvatuse arendamine Perfect Oil pakub l\u00e4bi oma arenduste toiduainete valdkonnas v\u00f5imalust rikastada ja tasakaalustada oma toidulauda nn. &#8216;supertoiduga&#8217;, mis katab ka inimeste vitamiini, mikroelementide ja asendamatute rasvhapete vajadused. Ettev\u00f5te pakub m\u00fc\u00fcgiks kanepiseemneid, kanepi\u00f5li, kanepi\u00f5likapsleid, kanepi proteiinipulbrit, kanepilosjooni jne.<br \/>\n<strong>Kontakt:<\/strong>&nbsp;Tartu Biotehnoloogia Park, Tiigi 61B, Tartu<br \/>\n<strong>E-post:<\/strong>&nbsp;<a href=\"mailto:kontakt@kanepitooted.ee \" target=\"_blank\" rel=\"noopener noreferrer\">kontakt@kanepitooted.ee <\/a><br \/>\n<strong>Koduleht:&nbsp;<\/strong><a href=\"http:\/\/kanepitooted.perfectplant.ee\/\" target=\"_blank\" rel=\"noopener noreferrer\">http:\/\/kanepitooted.perfectplant.ee\/<\/a><br \/>\n<strong>Staatus:<\/strong> vilistlane<\/p>\n<h5>\u00d6kokosmeetika O\u00dc<\/h5>\n<p><strong>Asutatud:<\/strong>&nbsp;2010. aasta novembris<br \/>\n<strong>Tegevusvaldkonnad:<\/strong>&nbsp;toodab ja arendab \u00f6kokosmeetika sarja, milesse kuuluvad k\u00fclmprotsess-seebid, kreemid, \u0161ampoonid, koorijad jne.<br \/>\nK\u00f5ik tooted valmivad k\u00e4sit\u00f6\u00f6na ja koosnevad valdavalt orgaanilisest toorainest. Maarja \u00f6kokosmeetika \u00f5lid ja vahad omavad s\u00f5ltumatu organisatsiooni Soil Association Organic sertifikaate ning kodumaised \u00fcrdid \u201e Eesti Mahe\u201c m\u00e4rki.<br \/>\n<strong>Kontakt:<\/strong> Ravila 59, Tartu<br \/>\n<strong>e-post:<\/strong>&nbsp;<a href=\"mailto:info@okokosmeetika.ee\" target=\"_blank\" rel=\"noopener noreferrer\">info@okokosmeetika.ee<\/a><br \/>\n<strong>Telefon:<\/strong> Eliko Kajak +372 5514925<br \/>\n<strong>Koduleht:&nbsp;<\/strong><a href=\"http:\/\/www.okokosmeetika.ee\/\" target=\"_blank\" rel=\"noopener noreferrer\">http:\/\/www.okokosmeetika.ee\/<\/a><br \/>\n<strong>Staatus:<\/strong> vilistlane<\/p>","protected":false},"excerpt":{"rendered":"<p>Furcella O\u00dc Asutatud:&nbsp;2015. aasta septembris Tegevusvaldkonnad:&nbsp;looduskosmeetika tootmine ja turustamine Berrichi v\u00f5tmekomponentideks on vetikad ja super-\u00f5lid, mille p\u00f5hjal on loodud teadlaste abil looduskosmeetika retseptuur t\u00f5husate kreemide tarvis. Kontakt: Kanali tee 6, 10112, Kesklinna linnaosa, Tallinn, Harju maakond Telefon: +372 50 988 01 E-post: hello@berrichi.ee Koduleht: https:\/\/berrichi.ee\/ Staatus: inkubatsioon Vetik O\u00dc Asutatud:&nbsp;2017. aasta septembris Tegevusvaldkonnad: punase v\u00e4rvaine [&hellip;]<\/p>","protected":false},"author":1,"featured_media":0,"parent":62,"menu_order":40,"comment_status":"closed","ping_status":"closed","template":"page-templates\/orange-template.php","meta":{"_acf_changed":false,"om_disable_all_campaigns":false,"_monsterinsights_skip_tracking":false,"_monsterinsights_sitenote_active":false,"_monsterinsights_sitenote_note":"","_monsterinsights_sitenote_category":0,"_uf_show_specific_survey":0,"_uf_disable_surveys":false,"ngg_post_thumbnail":0,"_themeisle_gutenberg_block_has_review":false,"footnotes":"","_links_to":"","_links_to_target":""},"class_list":["post-349","page","type-page","status-publish","hentry"],"acf":[],"yoast_head":"<!-- This site is optimized with the Yoast SEO plugin v22.3 - https:\/\/yoast.com\/wordpress\/plugins\/seo\/ -->\n<title>Looduskosmeetika - BioPark<\/title>\n<meta name=\"robots\" content=\"index, follow, max-snippet:-1, max-image-preview:large, max-video-preview:-1\" \/>\n<link rel=\"canonical\" href=\"https:\/\/biopark.ee\/et\/biomed-sa\/inkubantide-nimekiri\/looduskosmeetika\/\" \/>\n<meta property=\"og:locale\" content=\"et_EE\" \/>\n<meta property=\"og:type\" content=\"article\" \/>\n<meta property=\"og:title\" content=\"Looduskosmeetika - BioPark\" \/>\n<meta property=\"og:description\" content=\"Furcella O\u00dc Asutatud:&nbsp;2015. aasta septembris Tegevusvaldkonnad:&nbsp;looduskosmeetika tootmine ja turustamine Berrichi v\u00f5tmekomponentideks on vetikad ja super-\u00f5lid, mille p\u00f5hjal on loodud teadlaste abil looduskosmeetika retseptuur t\u00f5husate kreemide tarvis. Kontakt: Kanali tee 6, 10112, Kesklinna linnaosa, Tallinn, Harju maakond Telefon: +372 50 988 01 E-post: hello@berrichi.ee Koduleht: https:\/\/berrichi.ee\/ Staatus: inkubatsioon Vetik O\u00dc Asutatud:&nbsp;2017. aasta septembris Tegevusvaldkonnad: punase v\u00e4rvaine [&hellip;]\" \/>\n<meta property=\"og:url\" content=\"https:\/\/biopark.ee\/et\/biomed-sa\/inkubantide-nimekiri\/looduskosmeetika\/\" \/>\n<meta property=\"og:site_name\" content=\"BioPark\" \/>\n<meta property=\"article:modified_time\" content=\"2023-02-09T12:18:22+00:00\" \/>\n<meta name=\"twitter:label1\" content=\"Est. reading time\" \/>\n\t<meta name=\"twitter:data1\" content=\"2 minutit\" \/>\n<script type=\"application\/ld+json\" class=\"yoast-schema-graph\">{\"@context\":\"https:\/\/schema.org\",\"@graph\":[{\"@type\":\"WebPage\",\"@id\":\"https:\/\/biopark.ee\/biomed-sa\/inkubantide-nimekiri\/looduskosmeetika\/\",\"url\":\"https:\/\/biopark.ee\/biomed-sa\/inkubantide-nimekiri\/looduskosmeetika\/\",\"name\":\"Looduskosmeetika - BioPark\",\"isPartOf\":{\"@id\":\"https:\/\/biopark.ee\/#website\"},\"datePublished\":\"2014-08-13T10:32:40+00:00\",\"dateModified\":\"2023-02-09T12:18:22+00:00\",\"breadcrumb\":{\"@id\":\"https:\/\/biopark.ee\/biomed-sa\/inkubantide-nimekiri\/looduskosmeetika\/#breadcrumb\"},\"inLanguage\":\"et\",\"potentialAction\":[{\"@type\":\"ReadAction\",\"target\":[\"https:\/\/biopark.ee\/biomed-sa\/inkubantide-nimekiri\/looduskosmeetika\/\"]}]},{\"@type\":\"BreadcrumbList\",\"@id\":\"https:\/\/biopark.ee\/biomed-sa\/inkubantide-nimekiri\/looduskosmeetika\/#breadcrumb\",\"itemListElement\":[{\"@type\":\"ListItem\",\"position\":1,\"name\":\"Home\",\"item\":\"https:\/\/biopark.ee\/avaleht\/\"},{\"@type\":\"ListItem\",\"position\":2,\"name\":\"BioMed inkubaator\",\"item\":\"https:\/\/biopark.ee\/biomed-sa\/\"},{\"@type\":\"ListItem\",\"position\":3,\"name\":\"Inkubantide nimekiri\",\"item\":\"https:\/\/biopark.ee\/biomed-sa\/inkubantide-nimekiri\/\"},{\"@type\":\"ListItem\",\"position\":4,\"name\":\"Looduskosmeetika\"}]},{\"@type\":\"WebSite\",\"@id\":\"https:\/\/biopark.ee\/#website\",\"url\":\"https:\/\/biopark.ee\/\",\"name\":\"BioPark\",\"description\":\"\",\"potentialAction\":[{\"@type\":\"SearchAction\",\"target\":{\"@type\":\"EntryPoint\",\"urlTemplate\":\"https:\/\/biopark.ee\/?s={search_term_string}\"},\"query-input\":\"required name=search_term_string\"}],\"inLanguage\":\"et\"}]}<\/script>\n<!-- \/ Yoast SEO plugin. -->","yoast_head_json":{"title":"Looduskosmeetika - BioPark","robots":{"index":"index","follow":"follow","max-snippet":"max-snippet:-1","max-image-preview":"max-image-preview:large","max-video-preview":"max-video-preview:-1"},"canonical":"https:\/\/biopark.ee\/et\/biomed-sa\/inkubantide-nimekiri\/looduskosmeetika\/","og_locale":"et_EE","og_type":"article","og_title":"Looduskosmeetika - BioPark","og_description":"Furcella O\u00dc Asutatud:&nbsp;2015. aasta septembris Tegevusvaldkonnad:&nbsp;looduskosmeetika tootmine ja turustamine Berrichi v\u00f5tmekomponentideks on vetikad ja super-\u00f5lid, mille p\u00f5hjal on loodud teadlaste abil looduskosmeetika retseptuur t\u00f5husate kreemide tarvis. Kontakt: Kanali tee 6, 10112, Kesklinna linnaosa, Tallinn, Harju maakond Telefon: +372 50 988 01 E-post: hello@berrichi.ee Koduleht: https:\/\/berrichi.ee\/ Staatus: inkubatsioon Vetik O\u00dc Asutatud:&nbsp;2017. aasta septembris Tegevusvaldkonnad: punase v\u00e4rvaine [&hellip;]","og_url":"https:\/\/biopark.ee\/et\/biomed-sa\/inkubantide-nimekiri\/looduskosmeetika\/","og_site_name":"BioPark","article_modified_time":"2023-02-09T12:18:22+00:00","twitter_misc":{"Est. reading time":"2 minutit"},"schema":{"@context":"https:\/\/schema.org","@graph":[{"@type":"WebPage","@id":"https:\/\/biopark.ee\/biomed-sa\/inkubantide-nimekiri\/looduskosmeetika\/","url":"https:\/\/biopark.ee\/biomed-sa\/inkubantide-nimekiri\/looduskosmeetika\/","name":"Looduskosmeetika - BioPark","isPartOf":{"@id":"https:\/\/biopark.ee\/#website"},"datePublished":"2014-08-13T10:32:40+00:00","dateModified":"2023-02-09T12:18:22+00:00","breadcrumb":{"@id":"https:\/\/biopark.ee\/biomed-sa\/inkubantide-nimekiri\/looduskosmeetika\/#breadcrumb"},"inLanguage":"et","potentialAction":[{"@type":"ReadAction","target":["https:\/\/biopark.ee\/biomed-sa\/inkubantide-nimekiri\/looduskosmeetika\/"]}]},{"@type":"BreadcrumbList","@id":"https:\/\/biopark.ee\/biomed-sa\/inkubantide-nimekiri\/looduskosmeetika\/#breadcrumb","itemListElement":[{"@type":"ListItem","position":1,"name":"Home","item":"https:\/\/biopark.ee\/avaleht\/"},{"@type":"ListItem","position":2,"name":"BioMed inkubaator","item":"https:\/\/biopark.ee\/biomed-sa\/"},{"@type":"ListItem","position":3,"name":"Inkubantide nimekiri","item":"https:\/\/biopark.ee\/biomed-sa\/inkubantide-nimekiri\/"},{"@type":"ListItem","position":4,"name":"Looduskosmeetika"}]},{"@type":"WebSite","@id":"https:\/\/biopark.ee\/#website","url":"https:\/\/biopark.ee\/","name":"BioPark","description":"","potentialAction":[{"@type":"SearchAction","target":{"@type":"EntryPoint","urlTemplate":"https:\/\/biopark.ee\/?s={search_term_string}"},"query-input":"required name=search_term_string"}],"inLanguage":"et"}]}},"_links":{"self":[{"href":"https:\/\/biopark.ee\/et\/wp-json\/wp\/v2\/pages\/349","targetHints":{"allow":["GET"]}}],"collection":[{"href":"https:\/\/biopark.ee\/et\/wp-json\/wp\/v2\/pages"}],"about":[{"href":"https:\/\/biopark.ee\/et\/wp-json\/wp\/v2\/types\/page"}],"author":[{"embeddable":true,"href":"https:\/\/biopark.ee\/et\/wp-json\/wp\/v2\/users\/1"}],"replies":[{"embeddable":true,"href":"https:\/\/biopark.ee\/et\/wp-json\/wp\/v2\/comments?post=349"}],"version-history":[{"count":9,"href":"https:\/\/biopark.ee\/et\/wp-json\/wp\/v2\/pages\/349\/revisions"}],"predecessor-version":[{"id":6119,"href":"https:\/\/biopark.ee\/et\/wp-json\/wp\/v2\/pages\/349\/revisions\/6119"}],"up":[{"embeddable":true,"href":"https:\/\/biopark.ee\/et\/wp-json\/wp\/v2\/pages\/62"}],"wp:attachment":[{"href":"https:\/\/biopark.ee\/et\/wp-json\/wp\/v2\/media?parent=349"}],"curies":[{"name":"wp","href":"https:\/\/api.w.org\/{rel}","templated":true}]}}