{"id":347,"date":"2014-08-13T13:28:51","date_gmt":"2014-08-13T10:28:51","guid":{"rendered":"https:\/\/biopark.ee\/?page_id=347"},"modified":"2023-02-09T14:16:59","modified_gmt":"2023-02-09T12:16:59","slug":"laboratoorne-meditsiin-diagnostika","status":"publish","type":"page","link":"https:\/\/biopark.ee\/et\/biomed-sa\/inkubantide-nimekiri\/laboratoorne-meditsiin-diagnostika\/","title":{"rendered":"Digitervis, laboratoorne meditsiin, diagnostika"},"content":{"rendered":"<h5>Migrevention O\u00dc<\/h5>\n<p><strong>Asutatud:<\/strong> 2019<br \/>\n<strong>Activities: <\/strong><span class=\"VIiyi\" lang=\"et\"><span class=\"JLqJ4b ChMk0b\" data-language-for-alternatives=\"et\" data-language-to-translate-into=\"en\" data-phrase-index=\"0\">Migrevention O\u00dc loob vahendeid migreeni ja peavalu paremaks juhtimiseks nii patsientidele kui spetsialistidele.<\/span> <span class=\"JLqJ4b ChMk0b\" data-language-for-alternatives=\"et\" data-language-to-translate-into=\"en\" data-phrase-index=\"2\">Migreventioni Migreeni ja peavalu p\u00e4eviku rakendus on saadaval alates 2021. aasta algusest ja Migrevention Premium rakendus alates juulist 2021 &#8211; leia rakendused siit: <a href=\"https:\/\/apple.co\/2OEP3aa?utm_source=migrevention.com&amp;utm_medium=webpage&amp;utm_campaign=landingPage&amp;utm_content=appStoreBadge\">AppStore<\/a> \/<a href=\"https:\/\/play.google.com\/store\/apps\/details?id=com.migreventionapp&amp;referrer=utm_source%3Dmigrevention.com%26utm_medium%3Dwebpage%26utm_content%3DplayBadge%26utm_campaign%3DlandingPage\">GooglePlay<\/a>. <\/span><\/span><span class=\"VIiyi\" lang=\"et\"><span class=\"JLqJ4b ChMk0b\" data-language-for-alternatives=\"et\" data-language-to-translate-into=\"en\" data-phrase-index=\"0\">Migrevention digitaalse peavalukliiniku lahendus on l\u00e4binud kliinilise pilootuuringu Tartu \u00dclikooli Kliinikumis ja l\u00e4bib alates 2021. aasta s\u00fcgisest t\u00e4iendavaid kliinilisi uuringuid eesm\u00e4rgiga saada MDR -sertifikaat.<\/span><\/span><br \/>\n<strong>Kontakt: Katrina Laks<\/strong><br \/>\n<strong>Aadress<\/strong>: R\u00e4\u00e4gu tn 10b-1 Tallinn Harjumaa 10620<br \/>\n<strong>Tel.:<\/strong> +372 52 96&nbsp;923<br \/>\n<strong>E-post:<\/strong> <a href=\"mailto:info@migrevention.com\">info@migrevention.com<\/a><br \/>\n<strong>Koduleht:<\/strong> <a href=\"https:\/\/migrevention.com\/\">https:\/\/migrevention.com\/<\/a><br \/>\n<strong>Staatus:<\/strong> inkubatsioon<\/p>\n<h5><strong>RNAexact O\u00dc<\/strong><\/h5>\n<p><strong>Asutatud:<\/strong> 2016. aasta m\u00e4rtsis<br \/>\n<strong>Tegevusvaldkonnad:&nbsp;<\/strong>Laborireagentide v\u00e4ljat\u00f6\u00f6tamine, m\u00fc\u00fck ja vahendus.<br \/>\nRNAexact on v\u00e4lja t\u00f6\u00f6tanud oma esimese, RNA-molekule rakku viiva reagendi, ning m\u00fc\u00fcb seda laboratoorseks kasutamiseks nii Eestis kui v\u00e4lismaal. Lisaks ollakse vahendajaks mitmetele laborireagente m\u00fc\u00fcvatele ettev\u00f5tetele.<br \/>\n<strong>Kontakt:<\/strong> Ana Rebane<br \/>\n<span class=\"mapMarker\" data-location=\"59.431886,24.745087\"><strong>Aadress:<\/strong> Taaram\u00e4e tn 11,Maramaa k\u00fcla<\/span><br \/>\n<strong>Tel.<\/strong> +372 56 266 022<br \/>\n<strong>E-post: <\/strong><a href=\"mailto:rnaexact@rnaexact.com\">rnaexact@rnaexact.com<\/a><br \/>\n<strong>Koduleht:<\/strong> <a href=\"https:\/\/www.rnaexact.com\/\">https:\/\/www.rnaexact.com\/<\/a><br \/>\n<strong>Staatus:<\/strong> inkubatsioon<\/p>\n<h5><strong>Hydroduct O\u00dc&nbsp;<\/strong><\/h5>\n<p><strong>Asutatud:<\/strong> 2010. aasta juunis<br \/>\n<strong>Tegevusvaldkonnad: <\/strong>Rohevesinikumajanduse k\u00e4ivitamine<br \/>\n<strong>Kontakt: <\/strong>Jaanus Pikani<br \/>\n<span class=\"mapMarker\" data-location=\"59.431886,24.745087\"><strong>Aadress:<\/strong> P\u00e4rnu mnt 20, Tallinn<\/span><br \/>\n<strong>Tel.<\/strong> +372 505 6213<br \/>\n<strong>E-post:<\/strong> <a href=\"mailto:jaanus.pikani@eesti.ee\">jaanus.pikani@eesti.ee<\/a><u><\/u><br \/>\n<strong>Staatus:<\/strong> inkubatsioon<\/p>\n<h5>Leidurid O\u00dc<\/h5>\n<p><strong>Asutatud:&nbsp;<\/strong>2009. aasta oktoobris<br \/>\n<strong>Tegevusvaldkonnad:<\/strong>&nbsp; teadus- ja arendustegevus muude loodus- ja tehnikateaduste vallas<br \/>\nEttev\u00f5tte pakub eelk\u00f5ige biotehnoloogia\/mikrobioloogia alast kompetentsi, mis v\u00f5imaldab klientidel oma arendus- v\u00f5i kliendiprojektides \u00fcle saada tekkinud tehnoloogilistest probleemidest, arendustegevuse tulemeid parendada v\u00f5i arendustegevusega t\u00e4htaegselt v\u00f5i kiiremini valmis saada.<br \/>\n<strong>Kontakt:<\/strong>&nbsp;Ringtee 3-19, Tartu<br \/>\n<strong style=\"color: #000000;\">Telefon:<\/strong><span style=\"color: #000000;\">&nbsp;+372 51 53 309<\/span><br style=\"color: #000000;\"><strong style=\"color: #000000;\">E-mail<\/strong><span style=\"color: #000000;\">&nbsp;<\/span><a style=\"color: #73b843;\" href=\"mailto: anurk@ebc.ee\" target=\"_blank\" rel=\"noopener\">anurk@ebc.ee<\/a><br \/>\n<strong>Staatus:<\/strong> inkubatsioon<\/p>\n<h5><strong>Kinasera O\u00dc<\/strong><\/h5>\n<p><strong>Asutatud:<\/strong> 2006. aasta veebruaris<br \/>\n<strong>Tegevusvaldkonnad:&nbsp;<\/strong>V\u00e4hitestide arendus.<br \/>\nKinasera tegeleb proteiinkinaaside sondide arendamisega, mis suudavad blokeerida kinaaside aktiivsuse sinna p\u00f6\u00f6rdumatult sidudes, olles samas heaks vahendiks kinaaside aktiivsuse m\u00e4\u00e4ramisel. Need sondid on kasutatavad proteiinkinaaside mustrite m\u00e4\u00e4ramiseks v\u00e4hi ja tervetes eksosoomides, mist\u00f5ttu saab v\u00f5imalikuks eristada v\u00e4hkkoe eksosoome ja terveid eksosoome. Metoodika omab potentsiaali kasutamiseks diagnostikas.<br \/>\n<strong>Kontakt: <\/strong>Raiko Uri<br \/>\n<span class=\"mapMarker\" data-location=\"59.431886,24.745087\"><strong>Aadress:<\/strong> Pikk tn 45, Tartu<\/span><br \/>\n<strong>Tel.<\/strong> +372 505 6213<br \/>\n<strong>E-post:<\/strong> <a href=\"mailto:info@kinasera.com\">info@kinasera.com<\/a><br \/>\n<strong>Koduleht:<\/strong> <a href=\"http:\/\/www.kinasera.com\/\">http:\/\/www.kinasera.com\/<\/a><br \/>\n<strong>Staatus:<\/strong> vilistlane<\/p>\n<h5>Kvintest O\u00dc<\/h5>\n<p style=\"color: #2b2b2b; font-size: 14px; font-weight: 400;\"><strong>Asutatud:<\/strong>&nbsp;2016. aasta septembris<br \/>\n<strong>Tegevusvaldkonnad:<\/strong>&nbsp;Teadus- ja arendustegevus biotehnoloogia vallas.<br \/>\nEttev\u00f5te tegeleb<span class=\"tlid-translation translation\"><span title=\"\">&nbsp;ELISA formaadis seroloogiliste testide arendamisga.<\/span>&nbsp;Hetkel on t\u00f6\u00f6s endriometrioosi ja viljatuse testid.<br \/>\n<\/span><strong>Kontakt:&nbsp;<\/strong>Alar Aints<br \/>\n<strong>Aadress<\/strong>: Herne tn 41-2, 51007, Tartu<br \/>\n<strong>Telefon:<\/strong>&nbsp;+372 53 904 250<br \/>\n<strong>E-post:<\/strong>&nbsp;<a href=\"mailto:kvintestoy@gmail.com\">kvintestoy@gmail.com<\/a><br \/>\n<strong>Koduleht:<\/strong>&nbsp;<a href=\"http:\/\/www.kvintest.voog.com\">www.kvintest.voog.com<\/a><strong><br \/>\n<strong>Staatus: <\/strong><\/strong>vilistlane<\/p>","protected":false},"excerpt":{"rendered":"<p>Migrevention O\u00dc Asutatud: 2019 Activities: Migrevention O\u00dc loob vahendeid migreeni ja peavalu paremaks juhtimiseks nii patsientidele kui spetsialistidele. Migreventioni Migreeni ja peavalu p\u00e4eviku rakendus on saadaval alates 2021. aasta algusest ja Migrevention Premium rakendus alates juulist 2021 &#8211; leia rakendused siit: AppStore \/GooglePlay. Migrevention digitaalse peavalukliiniku lahendus on l\u00e4binud kliinilise pilootuuringu Tartu \u00dclikooli Kliinikumis ja [&hellip;]<\/p>","protected":false},"author":1,"featured_media":0,"parent":62,"menu_order":30,"comment_status":"closed","ping_status":"closed","template":"page-templates\/orange-template.php","meta":{"_acf_changed":false,"om_disable_all_campaigns":false,"_monsterinsights_skip_tracking":false,"_monsterinsights_sitenote_active":false,"_monsterinsights_sitenote_note":"","_monsterinsights_sitenote_category":0,"_uf_show_specific_survey":0,"_uf_disable_surveys":false,"ngg_post_thumbnail":0,"_themeisle_gutenberg_block_has_review":false,"footnotes":"","_links_to":"","_links_to_target":""},"class_list":["post-347","page","type-page","status-publish","hentry"],"acf":[],"yoast_head":"<!-- This site is optimized with the Yoast SEO plugin v22.3 - https:\/\/yoast.com\/wordpress\/plugins\/seo\/ -->\n<title>Digitervis, laboratoorne meditsiin, diagnostika - BioPark<\/title>\n<meta name=\"robots\" content=\"index, follow, max-snippet:-1, max-image-preview:large, max-video-preview:-1\" \/>\n<link rel=\"canonical\" href=\"https:\/\/biopark.ee\/et\/biomed-sa\/inkubantide-nimekiri\/laboratoorne-meditsiin-diagnostika\/\" \/>\n<meta property=\"og:locale\" content=\"et_EE\" \/>\n<meta property=\"og:type\" content=\"article\" \/>\n<meta property=\"og:title\" content=\"Digitervis, laboratoorne meditsiin, diagnostika - BioPark\" \/>\n<meta property=\"og:description\" content=\"Migrevention O\u00dc Asutatud: 2019 Activities: Migrevention O\u00dc loob vahendeid migreeni ja peavalu paremaks juhtimiseks nii patsientidele kui spetsialistidele. Migreventioni Migreeni ja peavalu p\u00e4eviku rakendus on saadaval alates 2021. aasta algusest ja Migrevention Premium rakendus alates juulist 2021 &#8211; leia rakendused siit: AppStore \/GooglePlay. Migrevention digitaalse peavalukliiniku lahendus on l\u00e4binud kliinilise pilootuuringu Tartu \u00dclikooli Kliinikumis ja [&hellip;]\" \/>\n<meta property=\"og:url\" content=\"https:\/\/biopark.ee\/et\/biomed-sa\/inkubantide-nimekiri\/laboratoorne-meditsiin-diagnostika\/\" \/>\n<meta property=\"og:site_name\" content=\"BioPark\" \/>\n<meta property=\"article:modified_time\" content=\"2023-02-09T12:16:59+00:00\" \/>\n<meta name=\"twitter:label1\" content=\"Est. reading time\" \/>\n\t<meta name=\"twitter:data1\" content=\"2 minutit\" \/>\n<script type=\"application\/ld+json\" class=\"yoast-schema-graph\">{\"@context\":\"https:\/\/schema.org\",\"@graph\":[{\"@type\":\"WebPage\",\"@id\":\"https:\/\/biopark.ee\/biomed-sa\/inkubantide-nimekiri\/laboratoorne-meditsiin-diagnostika\/\",\"url\":\"https:\/\/biopark.ee\/biomed-sa\/inkubantide-nimekiri\/laboratoorne-meditsiin-diagnostika\/\",\"name\":\"Digitervis, laboratoorne meditsiin, diagnostika - BioPark\",\"isPartOf\":{\"@id\":\"https:\/\/biopark.ee\/#website\"},\"datePublished\":\"2014-08-13T10:28:51+00:00\",\"dateModified\":\"2023-02-09T12:16:59+00:00\",\"breadcrumb\":{\"@id\":\"https:\/\/biopark.ee\/biomed-sa\/inkubantide-nimekiri\/laboratoorne-meditsiin-diagnostika\/#breadcrumb\"},\"inLanguage\":\"et\",\"potentialAction\":[{\"@type\":\"ReadAction\",\"target\":[\"https:\/\/biopark.ee\/biomed-sa\/inkubantide-nimekiri\/laboratoorne-meditsiin-diagnostika\/\"]}]},{\"@type\":\"BreadcrumbList\",\"@id\":\"https:\/\/biopark.ee\/biomed-sa\/inkubantide-nimekiri\/laboratoorne-meditsiin-diagnostika\/#breadcrumb\",\"itemListElement\":[{\"@type\":\"ListItem\",\"position\":1,\"name\":\"Home\",\"item\":\"https:\/\/biopark.ee\/avaleht\/\"},{\"@type\":\"ListItem\",\"position\":2,\"name\":\"BioMed inkubaator\",\"item\":\"https:\/\/biopark.ee\/biomed-sa\/\"},{\"@type\":\"ListItem\",\"position\":3,\"name\":\"Inkubantide nimekiri\",\"item\":\"https:\/\/biopark.ee\/biomed-sa\/inkubantide-nimekiri\/\"},{\"@type\":\"ListItem\",\"position\":4,\"name\":\"Digitervis, laboratoorne meditsiin, diagnostika\"}]},{\"@type\":\"WebSite\",\"@id\":\"https:\/\/biopark.ee\/#website\",\"url\":\"https:\/\/biopark.ee\/\",\"name\":\"BioPark\",\"description\":\"\",\"potentialAction\":[{\"@type\":\"SearchAction\",\"target\":{\"@type\":\"EntryPoint\",\"urlTemplate\":\"https:\/\/biopark.ee\/?s={search_term_string}\"},\"query-input\":\"required name=search_term_string\"}],\"inLanguage\":\"et\"}]}<\/script>\n<!-- \/ Yoast SEO plugin. -->","yoast_head_json":{"title":"Digitervis, laboratoorne meditsiin, diagnostika - BioPark","robots":{"index":"index","follow":"follow","max-snippet":"max-snippet:-1","max-image-preview":"max-image-preview:large","max-video-preview":"max-video-preview:-1"},"canonical":"https:\/\/biopark.ee\/et\/biomed-sa\/inkubantide-nimekiri\/laboratoorne-meditsiin-diagnostika\/","og_locale":"et_EE","og_type":"article","og_title":"Digitervis, laboratoorne meditsiin, diagnostika - BioPark","og_description":"Migrevention O\u00dc Asutatud: 2019 Activities: Migrevention O\u00dc loob vahendeid migreeni ja peavalu paremaks juhtimiseks nii patsientidele kui spetsialistidele. Migreventioni Migreeni ja peavalu p\u00e4eviku rakendus on saadaval alates 2021. aasta algusest ja Migrevention Premium rakendus alates juulist 2021 &#8211; leia rakendused siit: AppStore \/GooglePlay. Migrevention digitaalse peavalukliiniku lahendus on l\u00e4binud kliinilise pilootuuringu Tartu \u00dclikooli Kliinikumis ja [&hellip;]","og_url":"https:\/\/biopark.ee\/et\/biomed-sa\/inkubantide-nimekiri\/laboratoorne-meditsiin-diagnostika\/","og_site_name":"BioPark","article_modified_time":"2023-02-09T12:16:59+00:00","twitter_misc":{"Est. reading time":"2 minutit"},"schema":{"@context":"https:\/\/schema.org","@graph":[{"@type":"WebPage","@id":"https:\/\/biopark.ee\/biomed-sa\/inkubantide-nimekiri\/laboratoorne-meditsiin-diagnostika\/","url":"https:\/\/biopark.ee\/biomed-sa\/inkubantide-nimekiri\/laboratoorne-meditsiin-diagnostika\/","name":"Digitervis, laboratoorne meditsiin, diagnostika - BioPark","isPartOf":{"@id":"https:\/\/biopark.ee\/#website"},"datePublished":"2014-08-13T10:28:51+00:00","dateModified":"2023-02-09T12:16:59+00:00","breadcrumb":{"@id":"https:\/\/biopark.ee\/biomed-sa\/inkubantide-nimekiri\/laboratoorne-meditsiin-diagnostika\/#breadcrumb"},"inLanguage":"et","potentialAction":[{"@type":"ReadAction","target":["https:\/\/biopark.ee\/biomed-sa\/inkubantide-nimekiri\/laboratoorne-meditsiin-diagnostika\/"]}]},{"@type":"BreadcrumbList","@id":"https:\/\/biopark.ee\/biomed-sa\/inkubantide-nimekiri\/laboratoorne-meditsiin-diagnostika\/#breadcrumb","itemListElement":[{"@type":"ListItem","position":1,"name":"Home","item":"https:\/\/biopark.ee\/avaleht\/"},{"@type":"ListItem","position":2,"name":"BioMed inkubaator","item":"https:\/\/biopark.ee\/biomed-sa\/"},{"@type":"ListItem","position":3,"name":"Inkubantide nimekiri","item":"https:\/\/biopark.ee\/biomed-sa\/inkubantide-nimekiri\/"},{"@type":"ListItem","position":4,"name":"Digitervis, laboratoorne meditsiin, diagnostika"}]},{"@type":"WebSite","@id":"https:\/\/biopark.ee\/#website","url":"https:\/\/biopark.ee\/","name":"BioPark","description":"","potentialAction":[{"@type":"SearchAction","target":{"@type":"EntryPoint","urlTemplate":"https:\/\/biopark.ee\/?s={search_term_string}"},"query-input":"required name=search_term_string"}],"inLanguage":"et"}]}},"_links":{"self":[{"href":"https:\/\/biopark.ee\/et\/wp-json\/wp\/v2\/pages\/347","targetHints":{"allow":["GET"]}}],"collection":[{"href":"https:\/\/biopark.ee\/et\/wp-json\/wp\/v2\/pages"}],"about":[{"href":"https:\/\/biopark.ee\/et\/wp-json\/wp\/v2\/types\/page"}],"author":[{"embeddable":true,"href":"https:\/\/biopark.ee\/et\/wp-json\/wp\/v2\/users\/1"}],"replies":[{"embeddable":true,"href":"https:\/\/biopark.ee\/et\/wp-json\/wp\/v2\/comments?post=347"}],"version-history":[{"count":23,"href":"https:\/\/biopark.ee\/et\/wp-json\/wp\/v2\/pages\/347\/revisions"}],"predecessor-version":[{"id":6118,"href":"https:\/\/biopark.ee\/et\/wp-json\/wp\/v2\/pages\/347\/revisions\/6118"}],"up":[{"embeddable":true,"href":"https:\/\/biopark.ee\/et\/wp-json\/wp\/v2\/pages\/62"}],"wp:attachment":[{"href":"https:\/\/biopark.ee\/et\/wp-json\/wp\/v2\/media?parent=347"}],"curies":[{"name":"wp","href":"https:\/\/api.w.org\/{rel}","templated":true}]}}