{"id":3393,"date":"2020-01-30T16:20:03","date_gmt":"2020-01-30T14:20:03","guid":{"rendered":"https:\/\/biopark.ee\/?page_id=3393"},"modified":"2023-12-04T17:20:05","modified_gmt":"2023-12-04T15:20:05","slug":"eit-health","status":"publish","type":"page","link":"https:\/\/biopark.ee\/et\/projects-old\/eit-health\/","title":{"rendered":"EIT Health"},"content":{"rendered":"<style type=\"text\/css\" data-created_by=\"avia_inline_auto\" id=\"style-css-av-ljk0wmsi-69f01b8eff89636b6c1df8b844cae76a\">\n#top .av_textblock_section.av-ljk0wmsi-69f01b8eff89636b6c1df8b844cae76a .avia_textblock{\nfont-size:30px;\ncolor:#3ca2d1;\n}\n<\/style>\n<section  class='av_textblock_section av-ljk0wmsi-69f01b8eff89636b6c1df8b844cae76a'   itemscope=\"itemscope\" itemtype=\"https:\/\/schema.org\/CreativeWork\" ><div class='avia_textblock av_inherit_color'  itemprop=\"text\" ><p><strong>EIT Health<\/strong><\/p>\n<\/div><\/section>\n\n<style type=\"text\/css\" data-created_by=\"avia_inline_auto\" id=\"style-css-av-ljk0wzbc-5aff45e9236844be9046331c9d910ff4\">\n#top .hr.av-ljk0wzbc-5aff45e9236844be9046331c9d910ff4{\nmargin-top:30px;\nmargin-bottom:30px;\n}\n.hr.av-ljk0wzbc-5aff45e9236844be9046331c9d910ff4 .hr-inner{\nwidth:100%;\nborder-color:#3ca2d1;\n}\n<\/style>\n<div  class='hr av-ljk0wzbc-5aff45e9236844be9046331c9d910ff4 hr-custom  avia-builder-el-1  el_after_av_textblock  el_before_av_one_fifth  hr-center hr-icon-no'><span class='hr-inner inner-border-av-border-thin'><span class=\"hr-inner-style\"><\/span><\/span><\/div>\n<div  class='flex_column av-6c73cx-63f01f895e948fdb7ec4d088e6870058 av_one_fifth  avia-builder-el-2  el_after_av_hr  el_before_av_four_fifth  first flex_column_div'     ><style type=\"text\/css\" data-created_by=\"avia_inline_auto\" id=\"style-css-av-ljpibv4j-eb771c61c3280a19ae5c95a7f0b1c67e\">\n.avia-image-container.av-ljpibv4j-eb771c61c3280a19ae5c95a7f0b1c67e img.avia_image{\nbox-shadow:none;\n}\n.avia-image-container.av-ljpibv4j-eb771c61c3280a19ae5c95a7f0b1c67e .av-image-caption-overlay-center{\ncolor:#ffffff;\n}\n<\/style>\n<div  class='avia-image-container av-ljpibv4j-eb771c61c3280a19ae5c95a7f0b1c67e av-styling- avia-align-center  avia-builder-el-3  avia-builder-el-no-sibling'   itemprop=\"image\" itemscope=\"itemscope\" itemtype=\"https:\/\/schema.org\/ImageObject\" ><div class=\"avia-image-container-inner\"><div class=\"avia-image-overlay-wrap\"><a href=\"https:\/\/eithealth.eu\/\" class='avia_image' ><img decoding=\"async\" class='wp-image-6779 avia-img-lazy-loading-not-6779 avia_image' src=\"https:\/\/biopark.ee\/wp-content\/uploads\/2023\/07\/eit-Health-300x211.jpg\" alt='' title='eit Health'  height=\"211\" width=\"300\"  itemprop=\"thumbnailUrl\" srcset=\"https:\/\/biopark.ee\/wp-content\/uploads\/2023\/07\/eit-Health-300x211.jpg 300w, https:\/\/biopark.ee\/wp-content\/uploads\/2023\/07\/eit-Health-768x541.jpg 768w, https:\/\/biopark.ee\/wp-content\/uploads\/2023\/07\/eit-Health-705x496.jpg 705w, https:\/\/biopark.ee\/wp-content\/uploads\/2023\/07\/eit-Health.jpg 1024w\" sizes=\"(max-width: 300px) 100vw, 300px\" \/><\/a><\/div><\/div><\/div><\/div>\n<div  class='flex_column av-4xaykh-9ebb56fb86867f9adda1e384c57e27f8 av_four_fifth  avia-builder-el-4  el_after_av_one_fifth  el_before_av_one_full  flex_column_div'     ><section  class='av_textblock_section av-ljpi9ft1-3f71539496b662004d9fff11895b294f'   itemscope=\"itemscope\" itemtype=\"https:\/\/schema.org\/CreativeWork\" ><div class='avia_textblock'  itemprop=\"text\" ><p class=\" translation-block\">Euroopa Innovatsiooni- ja Tehnoloogiainstituut (EIT) on Euroopa Liidu asutus, mille Euroopa Liit asutas 2008. aastal, et t\u00f5hustada Euroopa innovatsioonisuutlikkust. Instituut on Euroopa Liidu ainulaadne algatus, mis soodustab innovatsiooni kogu Euroopas, l\u00f5imides ettev\u00f5tlust, haridust ja teadust, et leida lahendusi kiireloomulistele \u00fclemaailmsetele probleemidele.<\/p>\n<p class=\" translation-block\">Toetatakse d\u00fcnaamiliste pikaajaliste \u00fcleeuroopaliste partnerluste arendamist juhtivate ettev\u00f5tete, teaduslaborite ja -ettev\u00f5tete seas. Neid partnerlusi nimetatakse innovaatikakogukondadeks ja iga\u00fcks neist tegeleb lahenduste otsimisega konkreetsele \u00fclemaailmsele probleemile, alates kliimamuutustest ja kestlikust energiast kuni tervislike eluviiside ja toiduni.\n\nEIT Health on \u00fcks EIT innovaatikakogukondadest ja \u00fchtlasi parimate tervishoiuvaldkonna asutuste v\u00f5rgustik Euroopas, mis toetab k\u00f5ige paljut\u00f5otavamate iduettev\u00f5tete ja \u00e4rikontseptsioonide arendamist. Selle k\u00e4igus kujundatakse ka \u00fcmber, kuidas paljusid vananemisest tingitud haigusi k\u00e4sitletakse. 2019. aastal toetas EIT Health rohkem kui 50 m\u00f5\u00f5duka- ja tagasihoidliku uuendusv\u00f5imega piirkondadest p\u00e4rit paljut\u00f5otavat iduettev\u00f5tet ja meeskonda ning pakkus neile v\u00f5imalusi mentorlusele, koolitustele ja rahastusele, aga ka ligip\u00e4\u00e4su juhtivate tervishoiuvaldkonna tegijate ja innovaatorite tohutule v\u00f5rgustikule.<\/p>\n<\/div><\/section><\/div>\n<div  class='flex_column av-2ioe1t-562c2033044a20a4627460b80d3bf80c av_one_full  avia-builder-el-6  el_after_av_four_fifth  avia-builder-el-last  first flex_column_div'     ><section  class='av_textblock_section av-ljpi9wlm-99d8ecf757d510f8790cbcbbcbd010a3'   itemscope=\"itemscope\" itemtype=\"https:\/\/schema.org\/CreativeWork\" ><div class='avia_textblock'  itemprop=\"text\" ><p class=\" translation-block\">-<\/p>\n<p class=\" translation-block\">-<\/p>\n<p class=\" translation-block\">-<\/p>\n<h4>Tartu Biotehnoloogia Park on EIT Healthi keskus Eestis<\/h4>\n<p><strong>EIT Healthi keskusena on meie eesm\u00e4rk kohalike tervishoiualaste uuenduste potentsiaali avaldumist kiirendada ning aidata headel ideedel muutuda t\u00f6\u00f6tavateks lahendusteks ja eluj\u00f5ulisteks ettev\u00f5teteks. Koost\u00f6\u00f6 on teadus- ja arendustegevuses peamine ning oleme oma piirkonnas \u00e4ritegevuse ja akadeemiliste ringkondade \u00fchendamiseks ideaalsel positsioonil. Oleme uhkusega Eestis olulised tegijad kohalike talentide kaasamisel ja meeskondade leidmisel, kes arendavad ideid ja tehnoloogiaid, mis \u00fchel p\u00e4eval parandavad k\u00f5igi Euroopa elanike elusid.<\/strong><\/p>\n<p>-<\/p>\n<h4><strong>\u00dcleskutsed:<\/strong><\/h4>\n<h6>Hetkel on kandideerimiseks avatud j\u00e4rgmised programmid:<\/h6>\n<section id=\"content\" class=\"with-sidebar\">\n<article id=\"post-5393\" class=\"post-5393 events type-events status-publish hentry\">\n<div class=\"entry-content\">\n<p><em><a href=\"https:\/\/eithealth.eu\/programmes\/mentoring-and-coaching-network\/\" target=\"_blank\" rel=\"noopener\">Mentoring &amp; Coaching Network<\/a> <\/em><\/p>\n<p class=\" translation-block\">Tervise tehnoloogia teadmiste pagas \u00fchest kohast! K\u00f5ik avaldused vaadatakse \u00fcle kord kuus, seega kandideeri juba t\u00e4na!<\/p>\n<p><em><strong>Loe rohkem k\u00f5igi EIT Health rahastamisv\u00f5imaluste kohta: <a href=\"https:\/\/eithealth.eu\/get-involved\/events-and-opportunities\/\" target=\"_blank\" rel=\"noopener\">https:\/\/eithealth.eu\/get-involved\/events-and-opportunities\/<\/a><\/strong><\/em><strong><em><br \/>\nLoe rohkem EIT Health Innostars v\u00f5imaluste kohta: <a href=\"https:\/\/innostarter.eithealth.eu\" target=\"_blank\" rel=\"noopener\">https:\/\/innostarter.eithealth.eu<\/a><\/em><\/strong><\/p>\n<\/div>\n<\/article>\n<\/section>\n<h6><strong>Rohkem infot EIT Health programmide kohta leiad:<\/strong><\/h6>\n<p><strong>-&gt; on <u><a href=\"https:\/\/bit.ly\/3oNRVOm\" target=\"_blank\" rel=\"noopener\">-&gt; EIT Health kodulehelt<\/a><\/u><\/strong><br \/>\n<strong>-&gt; on <a href=\"https:\/\/innostarter.eithealth.eu\" target=\"_blank\" rel=\"noopener\"><u>-&gt; InnoStarter kodulehelt<\/u><\/a><\/strong><\/p>\n<h6 class=\" translation-block\">-<\/h6>\n<h4><strong>Ametlikud dokumendid<\/strong><\/h4>\n<p><strong>EIT Health Flagships 2024 \u00fclevaade<\/strong><\/p>\n<p>Otsid oma ideede teostamiseks rahastust, koost\u00f6\u00f6partnereid v\u00f5i tuge?<\/p>\n<p>Meil on hea meel teatada, et EIT Flagships 2024 \u00fclevaade on n\u00fc\u00fcd avalik! \u00dchine soov nihutada tervisetehnoloogia innovatsiooni piire on j\u00f5udnud haripunkti ning me ootame sinuga koost\u00f6\u00f6 tegemist!<\/p>\n<p><a href=\"https:\/\/eithealth.eu\/wp-content\/uploads\/2023\/11\/EIT-Health-Call-Outline-2023-Nov-2024-1.pdf\">\u00dclevaate leiad siit<\/a> kus on kirjas avalduse esitamise n\u00f5uded.<\/p>\n<p><strong>L\u00f5plik dokument avaldatakse kolmap\u00e4eval 10. jaanuaril 2024.<\/strong><\/p>\n<h4><strong>Lisainfo:<\/strong><\/h4>\n<p>EIT koduleht <a href=\"https:\/\/eit.europa.eu\" target=\"_blank\" rel=\"noopener\">https:\/\/eit.europa.eu<\/a><br \/>\nEIT koduleht eesti keeles <a href=\"https:\/\/eit.europa.eu\/et\/in-your-language\" target=\"_blank\" rel=\"noopener\">https:\/\/eit.europa.eu\/et\/in-your-language<\/a><br \/>\nEIT RIS koduleht: <a href=\"https:\/\/eit.europa.eu\/our-activities\/outreach\/eit-regional-innovation-scheme-ris\" target=\"_blank\" rel=\"noopener\">https:\/\/eit.europa.eu\/our-activities\/outreach\/eit-regional-innovation-scheme-ris<\/a><br \/>\nEIT Health koduleht <a href=\"https:\/\/eithealth.eu\/\" target=\"_blank\" rel=\"noopener\">https:\/\/eithealth.eu\/<\/a><\/p>\n<p>K\u00fcsimuste korral olete oodatud p\u00f6\u00f6rduma meie poole aadressil <a href=\"mailto:eithealth@biopark.ee\" target=\"_blank\" rel=\"noopener\">eithealth@biopark.ee<\/a> or <a href=\"mailto:sven@biopark.ee\" target=\"_blank\" rel=\"noopener\">sven@biopark.ee<\/a><\/p>\n<\/div><\/section><\/div>","protected":false},"excerpt":{"rendered":"","protected":false},"author":1,"featured_media":0,"parent":419,"menu_order":0,"comment_status":"closed","ping_status":"closed","template":"","meta":{"_acf_changed":false,"om_disable_all_campaigns":false,"_monsterinsights_skip_tracking":false,"_monsterinsights_sitenote_active":false,"_monsterinsights_sitenote_note":"","_monsterinsights_sitenote_category":0,"_uf_show_specific_survey":0,"_uf_disable_surveys":false,"ngg_post_thumbnail":0,"_themeisle_gutenberg_block_has_review":false,"footnotes":"","_links_to":"","_links_to_target":""},"class_list":["post-3393","page","type-page","status-publish","hentry"],"acf":[],"yoast_head":"<!-- This site is optimized with the Yoast SEO plugin v22.3 - https:\/\/yoast.com\/wordpress\/plugins\/seo\/ -->\n<title>EIT Health - BioPark<\/title>\n<meta name=\"robots\" content=\"index, follow, max-snippet:-1, max-image-preview:large, max-video-preview:-1\" \/>\n<link rel=\"canonical\" href=\"https:\/\/biopark.ee\/et\/projects-old\/eit-health\/\" \/>\n<meta property=\"og:locale\" content=\"et_EE\" \/>\n<meta property=\"og:type\" content=\"article\" \/>\n<meta property=\"og:title\" content=\"EIT Health - BioPark\" \/>\n<meta property=\"og:url\" content=\"https:\/\/biopark.ee\/et\/projects-old\/eit-health\/\" \/>\n<meta property=\"og:site_name\" content=\"BioPark\" \/>\n<meta property=\"article:modified_time\" content=\"2023-12-04T15:20:05+00:00\" \/>\n<meta name=\"twitter:label1\" content=\"Est. reading time\" \/>\n\t<meta name=\"twitter:data1\" content=\"6 minutit\" \/>\n<script type=\"application\/ld+json\" class=\"yoast-schema-graph\">{\"@context\":\"https:\/\/schema.org\",\"@graph\":[{\"@type\":\"WebPage\",\"@id\":\"https:\/\/biopark.ee\/projects-old\/eit-health\/\",\"url\":\"https:\/\/biopark.ee\/projects-old\/eit-health\/\",\"name\":\"EIT Health - BioPark\",\"isPartOf\":{\"@id\":\"https:\/\/biopark.ee\/#website\"},\"datePublished\":\"2020-01-30T14:20:03+00:00\",\"dateModified\":\"2023-12-04T15:20:05+00:00\",\"breadcrumb\":{\"@id\":\"https:\/\/biopark.ee\/projects-old\/eit-health\/#breadcrumb\"},\"inLanguage\":\"et\",\"potentialAction\":[{\"@type\":\"ReadAction\",\"target\":[\"https:\/\/biopark.ee\/projects-old\/eit-health\/\"]}]},{\"@type\":\"BreadcrumbList\",\"@id\":\"https:\/\/biopark.ee\/projects-old\/eit-health\/#breadcrumb\",\"itemListElement\":[{\"@type\":\"ListItem\",\"position\":1,\"name\":\"Home\",\"item\":\"https:\/\/biopark.ee\/avaleht\/\"},{\"@type\":\"ListItem\",\"position\":2,\"name\":\"Projects\",\"item\":\"https:\/\/biopark.ee\/projects-old\/\"},{\"@type\":\"ListItem\",\"position\":3,\"name\":\"EIT Health\"}]},{\"@type\":\"WebSite\",\"@id\":\"https:\/\/biopark.ee\/#website\",\"url\":\"https:\/\/biopark.ee\/\",\"name\":\"BioPark\",\"description\":\"\",\"potentialAction\":[{\"@type\":\"SearchAction\",\"target\":{\"@type\":\"EntryPoint\",\"urlTemplate\":\"https:\/\/biopark.ee\/?s={search_term_string}\"},\"query-input\":\"required name=search_term_string\"}],\"inLanguage\":\"et\"}]}<\/script>\n<!-- \/ Yoast SEO plugin. -->","yoast_head_json":{"title":"EIT Health - BioPark","robots":{"index":"index","follow":"follow","max-snippet":"max-snippet:-1","max-image-preview":"max-image-preview:large","max-video-preview":"max-video-preview:-1"},"canonical":"https:\/\/biopark.ee\/et\/projects-old\/eit-health\/","og_locale":"et_EE","og_type":"article","og_title":"EIT Health - BioPark","og_url":"https:\/\/biopark.ee\/et\/projects-old\/eit-health\/","og_site_name":"BioPark","article_modified_time":"2023-12-04T15:20:05+00:00","twitter_misc":{"Est. reading time":"6 minutit"},"schema":{"@context":"https:\/\/schema.org","@graph":[{"@type":"WebPage","@id":"https:\/\/biopark.ee\/projects-old\/eit-health\/","url":"https:\/\/biopark.ee\/projects-old\/eit-health\/","name":"EIT Health - BioPark","isPartOf":{"@id":"https:\/\/biopark.ee\/#website"},"datePublished":"2020-01-30T14:20:03+00:00","dateModified":"2023-12-04T15:20:05+00:00","breadcrumb":{"@id":"https:\/\/biopark.ee\/projects-old\/eit-health\/#breadcrumb"},"inLanguage":"et","potentialAction":[{"@type":"ReadAction","target":["https:\/\/biopark.ee\/projects-old\/eit-health\/"]}]},{"@type":"BreadcrumbList","@id":"https:\/\/biopark.ee\/projects-old\/eit-health\/#breadcrumb","itemListElement":[{"@type":"ListItem","position":1,"name":"Home","item":"https:\/\/biopark.ee\/avaleht\/"},{"@type":"ListItem","position":2,"name":"Projects","item":"https:\/\/biopark.ee\/projects-old\/"},{"@type":"ListItem","position":3,"name":"EIT Health"}]},{"@type":"WebSite","@id":"https:\/\/biopark.ee\/#website","url":"https:\/\/biopark.ee\/","name":"BioPark","description":"","potentialAction":[{"@type":"SearchAction","target":{"@type":"EntryPoint","urlTemplate":"https:\/\/biopark.ee\/?s={search_term_string}"},"query-input":"required name=search_term_string"}],"inLanguage":"et"}]}},"_links":{"self":[{"href":"https:\/\/biopark.ee\/et\/wp-json\/wp\/v2\/pages\/3393","targetHints":{"allow":["GET"]}}],"collection":[{"href":"https:\/\/biopark.ee\/et\/wp-json\/wp\/v2\/pages"}],"about":[{"href":"https:\/\/biopark.ee\/et\/wp-json\/wp\/v2\/types\/page"}],"author":[{"embeddable":true,"href":"https:\/\/biopark.ee\/et\/wp-json\/wp\/v2\/users\/1"}],"replies":[{"embeddable":true,"href":"https:\/\/biopark.ee\/et\/wp-json\/wp\/v2\/comments?post=3393"}],"version-history":[{"count":34,"href":"https:\/\/biopark.ee\/et\/wp-json\/wp\/v2\/pages\/3393\/revisions"}],"predecessor-version":[{"id":8500,"href":"https:\/\/biopark.ee\/et\/wp-json\/wp\/v2\/pages\/3393\/revisions\/8500"}],"up":[{"embeddable":true,"href":"https:\/\/biopark.ee\/et\/wp-json\/wp\/v2\/pages\/419"}],"wp:attachment":[{"href":"https:\/\/biopark.ee\/et\/wp-json\/wp\/v2\/media?parent=3393"}],"curies":[{"name":"wp","href":"https:\/\/api.w.org\/{rel}","templated":true}]}}