{"id":302,"date":"2014-08-13T10:08:06","date_gmt":"2014-08-13T07:08:06","guid":{"rendered":"https:\/\/biopark.ee\/?page_id=302"},"modified":"2020-12-15T12:03:58","modified_gmt":"2020-12-15T10:03:58","slug":"virtuaalse-kontori-teenus","status":"publish","type":"page","link":"https:\/\/biopark.ee\/et\/teenused\/virtuaalse-kontori-teenus\/","title":{"rendered":"Virtuaalse kontori teenus"},"content":{"rendered":"<p><strong>Tartu Biotehnoloogia Park pakub virtuaalse kontori teenust. Virtuaalse kontori idee on kogunud populaarsust nii L\u00e4\u00e4ne-Euroopas kui ka Ameerika \u00dchendriikides, kus v\u00e4\u00e4rtustatakse k\u00f5rgelt ettev\u00f5tte reputatsiooni ja usaldusv\u00e4\u00e4rsust.<\/strong><\/p>\n<p>Virtuaalse kontori teenus on m\u00f5eldud v\u00e4ikestele ettev\u00f5tetele, kelle p\u00f5hiline tegevus toimub kodus. Kodukontoril on eeliste k\u00f5rval ka mitmeid puudusi \u2013 korteriaadressi kandev ettev\u00f5te ei pruugi m\u00f5juda kliendile usaldusv\u00e4\u00e4rselt; klientide vastuv\u00f5tt rikub kodu privaatsust ning kodus v\u00f5ib olla raske leida mugavat ja neutraalset pinda kliendikohtumisteks. Lisaks pole kodus tegutsevatel ettev\u00f5tjatel enamasti personali, kes viibiks t\u00f6\u00f6aegadel pidevalt t\u00f6\u00f6postil.<\/p>\n<p>Tartu Biotehnoloogia Park pakub Teie ettev\u00f5ttele aadressi, mida kannavad mitmed mainekad ettev\u00f5tted ja organisatsioonid ning kaasaegseid ruume kliendikohtumisteks.<\/p>\n<p><strong>Teenus sisaldab:<\/strong><\/p>\n<ul>\n<li>Aadress Tiigi 61b, 50410 Tartu;<\/li>\n<li>T\u00e4hitud kirjade vastuv\u00f5tt t\u00f6\u00f6p\u00e4evadel 8:30-16:30;<\/li>\n<li>Kirjade sorteerimine ja edastamine kontaktisikule;<\/li>\n<li>N\u00f5upidamiste ruumi kasutamine (2h kuus tasuta);<\/li>\n<li>Lisatasu eest pakume pakkide vastuv\u00f5tmise ja hoiustamise teenust<\/li>\n<\/ul>\n<h6>Teenuse hind al.&nbsp;32 \u20ac&nbsp;kuus<\/h6>\n<p><span style=\"color: #000000;\">T\u00e4psem info:<\/span><br style=\"color: #000000;\"><span style=\"color: #000000;\">e-post: <\/span><a href=\"mailto:kvara@biopark.ee\">kvara@biopark.ee<\/a><\/p>","protected":false},"excerpt":{"rendered":"<p>Tartu Biotehnoloogia Park pakub virtuaalse kontori teenust. Virtuaalse kontori idee on kogunud populaarsust nii L\u00e4\u00e4ne-Euroopas kui ka Ameerika \u00dchendriikides, kus v\u00e4\u00e4rtustatakse k\u00f5rgelt ettev\u00f5tte reputatsiooni ja usaldusv\u00e4\u00e4rsust. Virtuaalse kontori teenus on m\u00f5eldud v\u00e4ikestele ettev\u00f5tetele, kelle p\u00f5hiline tegevus toimub kodus. Kodukontoril on eeliste k\u00f5rval ka mitmeid puudusi \u2013 korteriaadressi kandev ettev\u00f5te ei pruugi m\u00f5juda kliendile usaldusv\u00e4\u00e4rselt; klientide [&hellip;]<\/p>","protected":false},"author":1,"featured_media":0,"parent":11,"menu_order":40,"comment_status":"closed","ping_status":"closed","template":"","meta":{"_acf_changed":false,"om_disable_all_campaigns":false,"_monsterinsights_skip_tracking":false,"_monsterinsights_sitenote_active":false,"_monsterinsights_sitenote_note":"","_monsterinsights_sitenote_category":0,"_uf_show_specific_survey":0,"_uf_disable_surveys":false,"ngg_post_thumbnail":0,"_themeisle_gutenberg_block_has_review":false,"footnotes":"","_links_to":"","_links_to_target":""},"class_list":["post-302","page","type-page","status-publish","hentry"],"acf":[],"yoast_head":"<!-- This site is optimized with the Yoast SEO plugin v22.3 - https:\/\/yoast.com\/wordpress\/plugins\/seo\/ -->\n<title>Virtuaalse kontori teenus - BioPark<\/title>\n<meta name=\"robots\" content=\"index, follow, max-snippet:-1, max-image-preview:large, max-video-preview:-1\" \/>\n<link rel=\"canonical\" href=\"https:\/\/biopark.ee\/et\/teenused\/virtuaalse-kontori-teenus\/\" \/>\n<meta property=\"og:locale\" content=\"et_EE\" \/>\n<meta property=\"og:type\" content=\"article\" \/>\n<meta property=\"og:title\" content=\"Virtuaalse kontori teenus - BioPark\" \/>\n<meta property=\"og:description\" content=\"Tartu Biotehnoloogia Park pakub virtuaalse kontori teenust. Virtuaalse kontori idee on kogunud populaarsust nii L\u00e4\u00e4ne-Euroopas kui ka Ameerika \u00dchendriikides, kus v\u00e4\u00e4rtustatakse k\u00f5rgelt ettev\u00f5tte reputatsiooni ja usaldusv\u00e4\u00e4rsust. Virtuaalse kontori teenus on m\u00f5eldud v\u00e4ikestele ettev\u00f5tetele, kelle p\u00f5hiline tegevus toimub kodus. Kodukontoril on eeliste k\u00f5rval ka mitmeid puudusi \u2013 korteriaadressi kandev ettev\u00f5te ei pruugi m\u00f5juda kliendile usaldusv\u00e4\u00e4rselt; klientide [&hellip;]\" \/>\n<meta property=\"og:url\" content=\"https:\/\/biopark.ee\/et\/teenused\/virtuaalse-kontori-teenus\/\" \/>\n<meta property=\"og:site_name\" content=\"BioPark\" \/>\n<meta property=\"article:modified_time\" content=\"2020-12-15T10:03:58+00:00\" \/>\n<meta name=\"twitter:label1\" content=\"Est. reading time\" \/>\n\t<meta name=\"twitter:data1\" content=\"1 minut\" \/>\n<script type=\"application\/ld+json\" class=\"yoast-schema-graph\">{\"@context\":\"https:\/\/schema.org\",\"@graph\":[{\"@type\":\"WebPage\",\"@id\":\"https:\/\/biopark.ee\/teenused\/virtuaalse-kontori-teenus\/\",\"url\":\"https:\/\/biopark.ee\/teenused\/virtuaalse-kontori-teenus\/\",\"name\":\"Virtuaalse kontori teenus - BioPark\",\"isPartOf\":{\"@id\":\"https:\/\/biopark.ee\/#website\"},\"datePublished\":\"2014-08-13T07:08:06+00:00\",\"dateModified\":\"2020-12-15T10:03:58+00:00\",\"breadcrumb\":{\"@id\":\"https:\/\/biopark.ee\/teenused\/virtuaalse-kontori-teenus\/#breadcrumb\"},\"inLanguage\":\"et\",\"potentialAction\":[{\"@type\":\"ReadAction\",\"target\":[\"https:\/\/biopark.ee\/teenused\/virtuaalse-kontori-teenus\/\"]}]},{\"@type\":\"BreadcrumbList\",\"@id\":\"https:\/\/biopark.ee\/teenused\/virtuaalse-kontori-teenus\/#breadcrumb\",\"itemListElement\":[{\"@type\":\"ListItem\",\"position\":1,\"name\":\"Home\",\"item\":\"https:\/\/biopark.ee\/avaleht\/\"},{\"@type\":\"ListItem\",\"position\":2,\"name\":\"Teenused\",\"item\":\"https:\/\/biopark.ee\/teenused\/\"},{\"@type\":\"ListItem\",\"position\":3,\"name\":\"Virtuaalse kontori teenus\"}]},{\"@type\":\"WebSite\",\"@id\":\"https:\/\/biopark.ee\/#website\",\"url\":\"https:\/\/biopark.ee\/\",\"name\":\"BioPark\",\"description\":\"\",\"potentialAction\":[{\"@type\":\"SearchAction\",\"target\":{\"@type\":\"EntryPoint\",\"urlTemplate\":\"https:\/\/biopark.ee\/?s={search_term_string}\"},\"query-input\":\"required name=search_term_string\"}],\"inLanguage\":\"et\"}]}<\/script>\n<!-- \/ Yoast SEO plugin. -->","yoast_head_json":{"title":"Virtuaalse kontori teenus - BioPark","robots":{"index":"index","follow":"follow","max-snippet":"max-snippet:-1","max-image-preview":"max-image-preview:large","max-video-preview":"max-video-preview:-1"},"canonical":"https:\/\/biopark.ee\/et\/teenused\/virtuaalse-kontori-teenus\/","og_locale":"et_EE","og_type":"article","og_title":"Virtuaalse kontori teenus - BioPark","og_description":"Tartu Biotehnoloogia Park pakub virtuaalse kontori teenust. Virtuaalse kontori idee on kogunud populaarsust nii L\u00e4\u00e4ne-Euroopas kui ka Ameerika \u00dchendriikides, kus v\u00e4\u00e4rtustatakse k\u00f5rgelt ettev\u00f5tte reputatsiooni ja usaldusv\u00e4\u00e4rsust. Virtuaalse kontori teenus on m\u00f5eldud v\u00e4ikestele ettev\u00f5tetele, kelle p\u00f5hiline tegevus toimub kodus. Kodukontoril on eeliste k\u00f5rval ka mitmeid puudusi \u2013 korteriaadressi kandev ettev\u00f5te ei pruugi m\u00f5juda kliendile usaldusv\u00e4\u00e4rselt; klientide [&hellip;]","og_url":"https:\/\/biopark.ee\/et\/teenused\/virtuaalse-kontori-teenus\/","og_site_name":"BioPark","article_modified_time":"2020-12-15T10:03:58+00:00","twitter_misc":{"Est. reading time":"1 minut"},"schema":{"@context":"https:\/\/schema.org","@graph":[{"@type":"WebPage","@id":"https:\/\/biopark.ee\/teenused\/virtuaalse-kontori-teenus\/","url":"https:\/\/biopark.ee\/teenused\/virtuaalse-kontori-teenus\/","name":"Virtuaalse kontori teenus - BioPark","isPartOf":{"@id":"https:\/\/biopark.ee\/#website"},"datePublished":"2014-08-13T07:08:06+00:00","dateModified":"2020-12-15T10:03:58+00:00","breadcrumb":{"@id":"https:\/\/biopark.ee\/teenused\/virtuaalse-kontori-teenus\/#breadcrumb"},"inLanguage":"et","potentialAction":[{"@type":"ReadAction","target":["https:\/\/biopark.ee\/teenused\/virtuaalse-kontori-teenus\/"]}]},{"@type":"BreadcrumbList","@id":"https:\/\/biopark.ee\/teenused\/virtuaalse-kontori-teenus\/#breadcrumb","itemListElement":[{"@type":"ListItem","position":1,"name":"Home","item":"https:\/\/biopark.ee\/avaleht\/"},{"@type":"ListItem","position":2,"name":"Teenused","item":"https:\/\/biopark.ee\/teenused\/"},{"@type":"ListItem","position":3,"name":"Virtuaalse kontori teenus"}]},{"@type":"WebSite","@id":"https:\/\/biopark.ee\/#website","url":"https:\/\/biopark.ee\/","name":"BioPark","description":"","potentialAction":[{"@type":"SearchAction","target":{"@type":"EntryPoint","urlTemplate":"https:\/\/biopark.ee\/?s={search_term_string}"},"query-input":"required name=search_term_string"}],"inLanguage":"et"}]}},"_links":{"self":[{"href":"https:\/\/biopark.ee\/et\/wp-json\/wp\/v2\/pages\/302","targetHints":{"allow":["GET"]}}],"collection":[{"href":"https:\/\/biopark.ee\/et\/wp-json\/wp\/v2\/pages"}],"about":[{"href":"https:\/\/biopark.ee\/et\/wp-json\/wp\/v2\/types\/page"}],"author":[{"embeddable":true,"href":"https:\/\/biopark.ee\/et\/wp-json\/wp\/v2\/users\/1"}],"replies":[{"embeddable":true,"href":"https:\/\/biopark.ee\/et\/wp-json\/wp\/v2\/comments?post=302"}],"version-history":[{"count":6,"href":"https:\/\/biopark.ee\/et\/wp-json\/wp\/v2\/pages\/302\/revisions"}],"predecessor-version":[{"id":4116,"href":"https:\/\/biopark.ee\/et\/wp-json\/wp\/v2\/pages\/302\/revisions\/4116"}],"up":[{"embeddable":true,"href":"https:\/\/biopark.ee\/et\/wp-json\/wp\/v2\/pages\/11"}],"wp:attachment":[{"href":"https:\/\/biopark.ee\/et\/wp-json\/wp\/v2\/media?parent=302"}],"curies":[{"name":"wp","href":"https:\/\/api.w.org\/{rel}","templated":true}]}}