{"id":300,"date":"2014-08-13T10:05:39","date_gmt":"2014-08-13T07:05:39","guid":{"rendered":"https:\/\/biopark.ee\/?page_id=300"},"modified":"2014-09-12T15:27:30","modified_gmt":"2014-09-12T12:27:30","slug":"arendus-ja-konsultatsiooniteenused","status":"publish","type":"page","link":"https:\/\/biopark.ee\/et\/teenused\/arendus-ja-konsultatsiooniteenused\/","title":{"rendered":"Arendus- ja konsultatsiooniteenused"},"content":{"rendered":"<p><strong>Tartu Biotehnoloogia Park pakub klientidele abi projektitaotluste koostamisel ja esitamisel, konsulatatsiooniteenuseid \u00e4riplaani koostamiseks, turu- ja riskianal\u00fc\u00fcsiks ja tehnoloogiasiirdeks. Aitame leida koost\u00f6\u00f6partnereid ja investoreid kasutades rahvusvahelist kontaktv\u00f5rgustikku. Korraldame valdkonnaspetsiifilisi seminare ja koolitusi.<\/strong><\/p>\n<ul>\n<li>projektitaotluste koostamine ja esitamine EL struktuurifondidesse ja Eesti finantseerimisasutustele;<\/li>\n<li>projektide konsultatsiooni- ja n\u00f5ustamisteenus, finatsjuhtimine;<\/li>\n<li>ettev\u00f5tete ja teadusasutuste koost\u00f6\u00f6 korraldamine;<\/li>\n<li>tehnoloogiasiire;<\/li>\n<li>koost\u00f6\u00f6partnerite leidmine;<\/li>\n<li>\u00e4riplaani koostamine, turu- ja riskianal\u00fc\u00fcs;<\/li>\n<li>\u00e4ripartnerite leidmine ja kaasamine;<\/li>\n<li>\u00fcrituste, seminaride, koolituste korraldamine.<\/li>\n<\/ul>\n<p><strong style=\"color: #000000;\">T\u00e4psem info:<\/strong><br style=\"color: #000000;\" \/><span style=\"color: #000000;\">e-post:\u00a0<\/span><a style=\"color: #73b843;\" href=\"mailto: biopark@biopark.ee\">biopark@biopark.ee<\/a><\/p>","protected":false},"excerpt":{"rendered":"<p>Tartu Biotehnoloogia Park pakub klientidele abi projektitaotluste koostamisel ja esitamisel, konsulatatsiooniteenuseid \u00e4riplaani koostamiseks, turu- ja riskianal\u00fc\u00fcsiks ja tehnoloogiasiirdeks. Aitame leida koost\u00f6\u00f6partnereid ja investoreid kasutades rahvusvahelist kontaktv\u00f5rgustikku. Korraldame valdkonnaspetsiifilisi seminare ja koolitusi. projektitaotluste koostamine ja esitamine EL struktuurifondidesse ja Eesti finantseerimisasutustele; projektide konsultatsiooni- ja n\u00f5ustamisteenus, finatsjuhtimine; ettev\u00f5tete ja teadusasutuste koost\u00f6\u00f6 korraldamine; tehnoloogiasiire; koost\u00f6\u00f6partnerite leidmine; \u00e4riplaani koostamine, [&hellip;]<\/p>","protected":false},"author":1,"featured_media":0,"parent":11,"menu_order":20,"comment_status":"closed","ping_status":"closed","template":"","meta":{"_acf_changed":false,"om_disable_all_campaigns":false,"_monsterinsights_skip_tracking":false,"_monsterinsights_sitenote_active":false,"_monsterinsights_sitenote_note":"","_monsterinsights_sitenote_category":0,"_uf_show_specific_survey":0,"_uf_disable_surveys":false,"ngg_post_thumbnail":0,"_themeisle_gutenberg_block_has_review":false,"footnotes":"","_links_to":"","_links_to_target":""},"class_list":["post-300","page","type-page","status-publish","hentry"],"acf":[],"yoast_head":"<!-- This site is optimized with the Yoast SEO plugin v22.3 - https:\/\/yoast.com\/wordpress\/plugins\/seo\/ -->\n<title>Arendus- ja konsultatsiooniteenused - BioPark<\/title>\n<meta name=\"robots\" content=\"index, follow, max-snippet:-1, max-image-preview:large, max-video-preview:-1\" \/>\n<link rel=\"canonical\" href=\"https:\/\/biopark.ee\/et\/teenused\/arendus-ja-konsultatsiooniteenused\/\" \/>\n<meta property=\"og:locale\" content=\"et_EE\" \/>\n<meta property=\"og:type\" content=\"article\" \/>\n<meta property=\"og:title\" content=\"Arendus- ja konsultatsiooniteenused - BioPark\" \/>\n<meta property=\"og:description\" content=\"Tartu Biotehnoloogia Park pakub klientidele abi projektitaotluste koostamisel ja esitamisel, konsulatatsiooniteenuseid \u00e4riplaani koostamiseks, turu- ja riskianal\u00fc\u00fcsiks ja tehnoloogiasiirdeks. Aitame leida koost\u00f6\u00f6partnereid ja investoreid kasutades rahvusvahelist kontaktv\u00f5rgustikku. Korraldame valdkonnaspetsiifilisi seminare ja koolitusi. projektitaotluste koostamine ja esitamine EL struktuurifondidesse ja Eesti finantseerimisasutustele; projektide konsultatsiooni- ja n\u00f5ustamisteenus, finatsjuhtimine; ettev\u00f5tete ja teadusasutuste koost\u00f6\u00f6 korraldamine; tehnoloogiasiire; koost\u00f6\u00f6partnerite leidmine; \u00e4riplaani koostamine, [&hellip;]\" \/>\n<meta property=\"og:url\" content=\"https:\/\/biopark.ee\/et\/teenused\/arendus-ja-konsultatsiooniteenused\/\" \/>\n<meta property=\"og:site_name\" content=\"BioPark\" \/>\n<meta property=\"article:modified_time\" content=\"2014-09-12T12:27:30+00:00\" \/>\n<script type=\"application\/ld+json\" class=\"yoast-schema-graph\">{\"@context\":\"https:\/\/schema.org\",\"@graph\":[{\"@type\":\"WebPage\",\"@id\":\"https:\/\/biopark.ee\/teenused\/arendus-ja-konsultatsiooniteenused\/\",\"url\":\"https:\/\/biopark.ee\/teenused\/arendus-ja-konsultatsiooniteenused\/\",\"name\":\"Arendus- ja konsultatsiooniteenused - BioPark\",\"isPartOf\":{\"@id\":\"https:\/\/biopark.ee\/#website\"},\"datePublished\":\"2014-08-13T07:05:39+00:00\",\"dateModified\":\"2014-09-12T12:27:30+00:00\",\"breadcrumb\":{\"@id\":\"https:\/\/biopark.ee\/teenused\/arendus-ja-konsultatsiooniteenused\/#breadcrumb\"},\"inLanguage\":\"et\",\"potentialAction\":[{\"@type\":\"ReadAction\",\"target\":[\"https:\/\/biopark.ee\/teenused\/arendus-ja-konsultatsiooniteenused\/\"]}]},{\"@type\":\"BreadcrumbList\",\"@id\":\"https:\/\/biopark.ee\/teenused\/arendus-ja-konsultatsiooniteenused\/#breadcrumb\",\"itemListElement\":[{\"@type\":\"ListItem\",\"position\":1,\"name\":\"Home\",\"item\":\"https:\/\/biopark.ee\/avaleht\/\"},{\"@type\":\"ListItem\",\"position\":2,\"name\":\"Teenused\",\"item\":\"https:\/\/biopark.ee\/teenused\/\"},{\"@type\":\"ListItem\",\"position\":3,\"name\":\"Arendus- ja konsultatsiooniteenused\"}]},{\"@type\":\"WebSite\",\"@id\":\"https:\/\/biopark.ee\/#website\",\"url\":\"https:\/\/biopark.ee\/\",\"name\":\"BioPark\",\"description\":\"\",\"potentialAction\":[{\"@type\":\"SearchAction\",\"target\":{\"@type\":\"EntryPoint\",\"urlTemplate\":\"https:\/\/biopark.ee\/?s={search_term_string}\"},\"query-input\":\"required name=search_term_string\"}],\"inLanguage\":\"et\"}]}<\/script>\n<!-- \/ Yoast SEO plugin. -->","yoast_head_json":{"title":"Arendus- ja konsultatsiooniteenused - BioPark","robots":{"index":"index","follow":"follow","max-snippet":"max-snippet:-1","max-image-preview":"max-image-preview:large","max-video-preview":"max-video-preview:-1"},"canonical":"https:\/\/biopark.ee\/et\/teenused\/arendus-ja-konsultatsiooniteenused\/","og_locale":"et_EE","og_type":"article","og_title":"Arendus- ja konsultatsiooniteenused - BioPark","og_description":"Tartu Biotehnoloogia Park pakub klientidele abi projektitaotluste koostamisel ja esitamisel, konsulatatsiooniteenuseid \u00e4riplaani koostamiseks, turu- ja riskianal\u00fc\u00fcsiks ja tehnoloogiasiirdeks. Aitame leida koost\u00f6\u00f6partnereid ja investoreid kasutades rahvusvahelist kontaktv\u00f5rgustikku. Korraldame valdkonnaspetsiifilisi seminare ja koolitusi. projektitaotluste koostamine ja esitamine EL struktuurifondidesse ja Eesti finantseerimisasutustele; projektide konsultatsiooni- ja n\u00f5ustamisteenus, finatsjuhtimine; ettev\u00f5tete ja teadusasutuste koost\u00f6\u00f6 korraldamine; tehnoloogiasiire; koost\u00f6\u00f6partnerite leidmine; \u00e4riplaani koostamine, [&hellip;]","og_url":"https:\/\/biopark.ee\/et\/teenused\/arendus-ja-konsultatsiooniteenused\/","og_site_name":"BioPark","article_modified_time":"2014-09-12T12:27:30+00:00","schema":{"@context":"https:\/\/schema.org","@graph":[{"@type":"WebPage","@id":"https:\/\/biopark.ee\/teenused\/arendus-ja-konsultatsiooniteenused\/","url":"https:\/\/biopark.ee\/teenused\/arendus-ja-konsultatsiooniteenused\/","name":"Arendus- ja konsultatsiooniteenused - BioPark","isPartOf":{"@id":"https:\/\/biopark.ee\/#website"},"datePublished":"2014-08-13T07:05:39+00:00","dateModified":"2014-09-12T12:27:30+00:00","breadcrumb":{"@id":"https:\/\/biopark.ee\/teenused\/arendus-ja-konsultatsiooniteenused\/#breadcrumb"},"inLanguage":"et","potentialAction":[{"@type":"ReadAction","target":["https:\/\/biopark.ee\/teenused\/arendus-ja-konsultatsiooniteenused\/"]}]},{"@type":"BreadcrumbList","@id":"https:\/\/biopark.ee\/teenused\/arendus-ja-konsultatsiooniteenused\/#breadcrumb","itemListElement":[{"@type":"ListItem","position":1,"name":"Home","item":"https:\/\/biopark.ee\/avaleht\/"},{"@type":"ListItem","position":2,"name":"Teenused","item":"https:\/\/biopark.ee\/teenused\/"},{"@type":"ListItem","position":3,"name":"Arendus- ja konsultatsiooniteenused"}]},{"@type":"WebSite","@id":"https:\/\/biopark.ee\/#website","url":"https:\/\/biopark.ee\/","name":"BioPark","description":"","potentialAction":[{"@type":"SearchAction","target":{"@type":"EntryPoint","urlTemplate":"https:\/\/biopark.ee\/?s={search_term_string}"},"query-input":"required name=search_term_string"}],"inLanguage":"et"}]}},"_links":{"self":[{"href":"https:\/\/biopark.ee\/et\/wp-json\/wp\/v2\/pages\/300","targetHints":{"allow":["GET"]}}],"collection":[{"href":"https:\/\/biopark.ee\/et\/wp-json\/wp\/v2\/pages"}],"about":[{"href":"https:\/\/biopark.ee\/et\/wp-json\/wp\/v2\/types\/page"}],"author":[{"embeddable":true,"href":"https:\/\/biopark.ee\/et\/wp-json\/wp\/v2\/users\/1"}],"replies":[{"embeddable":true,"href":"https:\/\/biopark.ee\/et\/wp-json\/wp\/v2\/comments?post=300"}],"version-history":[{"count":3,"href":"https:\/\/biopark.ee\/et\/wp-json\/wp\/v2\/pages\/300\/revisions"}],"predecessor-version":[{"id":655,"href":"https:\/\/biopark.ee\/et\/wp-json\/wp\/v2\/pages\/300\/revisions\/655"}],"up":[{"embeddable":true,"href":"https:\/\/biopark.ee\/et\/wp-json\/wp\/v2\/pages\/11"}],"wp:attachment":[{"href":"https:\/\/biopark.ee\/et\/wp-json\/wp\/v2\/media?parent=300"}],"curies":[{"name":"wp","href":"https:\/\/api.w.org\/{rel}","templated":true}]}}