{"id":297,"date":"2014-08-13T10:03:32","date_gmt":"2014-08-13T07:03:32","guid":{"rendered":"https:\/\/biopark.ee\/?page_id=297"},"modified":"2022-12-02T15:12:04","modified_gmt":"2022-12-02T13:12:04","slug":"infrastruktuuriteenused-labori-ja-buroopindade-rent","status":"publish","type":"page","link":"https:\/\/biopark.ee\/et\/teenused\/infrastruktuuriteenused-labori-ja-buroopindade-rent\/","title":{"rendered":"Infrastruktuuriteenused &#8211; labori- ja b\u00fcroopindade rent"},"content":{"rendered":"<p><strong>Tartu Biotehnoloogia Park pakub klientidele kvaliteetseid, kaasaegselt renoveeritud ja biotehnoloogia- ning meditsiiniettev\u00f5tete vajadustele vastavaid ruume Tartus, aadressil Tiigi 61b. 2007. aasta juunis alustati Tiigi 61b hoonele juurdeehituse rajamist ning olemasolevale 1000 m2&nbsp;lisandus kolmekorruseline juurdeehitus mahuga 1800 m2, mis valmis 2008. a. juunis.&nbsp;<\/strong><\/p>\n<p>Uue hoone valmimist toetas Ettev\u00f5tluse Arendamise Sihtasutus koost\u00f6\u00f6s Euroopa Liidu Struktuurifondidega.<\/p>\n<p><img decoding=\"async\" class=\"alignnone wp-image-298 size-full\" src=\"https:\/\/biopark.ee\/wp-content\/uploads\/2014\/08\/rak.jpg\" alt=\"rak\" width=\"330\" height=\"167\" srcset=\"https:\/\/biopark.ee\/wp-content\/uploads\/2014\/08\/rak.jpg 330w, https:\/\/biopark.ee\/wp-content\/uploads\/2014\/08\/rak-300x152.jpg 300w, https:\/\/biopark.ee\/wp-content\/uploads\/2014\/08\/rak-168x85.jpg 168w, https:\/\/biopark.ee\/wp-content\/uploads\/2014\/08\/rak-99x50.jpg 99w\" sizes=\"(max-width: 330px) 100vw, 330px\" \/><\/p>\n<h6>Pakume j\u00e4rgmisi ruumide \u00fc\u00fcrimisega seotud teenuseid:<\/h6>\n<ul>\n<li>Kontori-, labori-, tootmis- ja arenduspindasid<\/li>\n<li>ruumide, vara ja territooriumi korrashoidu ja haldust<\/li>\n<li>kvaliteetseid side-, kommunaal- ja valveteenuseid<\/li>\n<li>mugavat lubadega parkimist territooriumil<\/li>\n<\/ul>\n<p>Tartu Biotehnoloogia Pargis ruume \u00fc\u00fcrides on lisandv\u00e4\u00e4rtuseks&nbsp;nii kogenud kui alustavatest&nbsp;biotehnoloogia ja meditsiiniettev\u00f5tetest tekkinud&nbsp;kogukond, kus omavahel m\u00f5tteid vahetada ja koost\u00f6\u00f6sidemeid arendada. T\u00e4na on Tartu Biotehnoloogia Pargis \u00fc\u00fcrnikeks n\u00e4iteks <a href=\"https:\/\/tbdpharmatech.com\/\" target=\"_blank\" rel=\"noopener\">TBD Pharmatech<\/a>, <a href=\"http:\/\/ortopeediakeskus.ee\/\" target=\"_blank\" rel=\"noopener\">Ortopeediakeskus<\/a> ning mitmed teised valdkonda toetavad ettev\u00f5tted.<\/p>\n<p><strong>T\u00e4psem info Tartu Biotehnoloogia Pargi infrastruktuuriteenustest koos hindadega asub <a href=\"https:\/\/biopark.ee\/wp-content\/uploads\/2019\/10\/Hinnakiri_TBP_teenused-ja-infra_september-2019.pdf\">SIIN<\/a><\/strong><\/p>\n<p>Lisak\u00fcsimustes v\u00f5tke \u00fchendust e-posti aadressil: <a href=\"mailto: biopark@biopark.ee\">biopark@biopark.ee<\/a><\/p>","protected":false},"excerpt":{"rendered":"<p>Tartu Biotehnoloogia Park pakub klientidele kvaliteetseid, kaasaegselt renoveeritud ja biotehnoloogia- ning meditsiiniettev\u00f5tete vajadustele vastavaid ruume Tartus, aadressil Tiigi 61b. 2007. aasta juunis alustati Tiigi 61b hoonele juurdeehituse rajamist ning olemasolevale 1000 m2&nbsp;lisandus kolmekorruseline juurdeehitus mahuga 1800 m2, mis valmis 2008. a. juunis.&nbsp; Uue hoone valmimist toetas Ettev\u00f5tluse Arendamise Sihtasutus koost\u00f6\u00f6s Euroopa Liidu Struktuurifondidega. Pakume j\u00e4rgmisi [&hellip;]<\/p>","protected":false},"author":1,"featured_media":0,"parent":11,"menu_order":10,"comment_status":"closed","ping_status":"closed","template":"","meta":{"_acf_changed":false,"om_disable_all_campaigns":false,"_monsterinsights_skip_tracking":false,"_monsterinsights_sitenote_active":false,"_monsterinsights_sitenote_note":"","_monsterinsights_sitenote_category":0,"_uf_show_specific_survey":0,"_uf_disable_surveys":false,"ngg_post_thumbnail":0,"_themeisle_gutenberg_block_has_review":false,"footnotes":"","_links_to":"","_links_to_target":""},"class_list":["post-297","page","type-page","status-publish","hentry"],"acf":[],"yoast_head":"<!-- This site is optimized with the Yoast SEO plugin v22.3 - https:\/\/yoast.com\/wordpress\/plugins\/seo\/ -->\n<title>Infrastruktuuriteenused - labori- ja b\u00fcroopindade rent - BioPark<\/title>\n<meta name=\"robots\" content=\"index, follow, max-snippet:-1, max-image-preview:large, max-video-preview:-1\" \/>\n<link rel=\"canonical\" href=\"https:\/\/biopark.ee\/et\/teenused\/infrastruktuuriteenused-labori-ja-buroopindade-rent\/\" \/>\n<meta property=\"og:locale\" content=\"et_EE\" \/>\n<meta property=\"og:type\" content=\"article\" \/>\n<meta property=\"og:title\" content=\"Infrastruktuuriteenused - labori- ja b\u00fcroopindade rent - BioPark\" \/>\n<meta property=\"og:description\" content=\"Tartu Biotehnoloogia Park pakub klientidele kvaliteetseid, kaasaegselt renoveeritud ja biotehnoloogia- ning meditsiiniettev\u00f5tete vajadustele vastavaid ruume Tartus, aadressil Tiigi 61b. 2007. aasta juunis alustati Tiigi 61b hoonele juurdeehituse rajamist ning olemasolevale 1000 m2&nbsp;lisandus kolmekorruseline juurdeehitus mahuga 1800 m2, mis valmis 2008. a. juunis.&nbsp; Uue hoone valmimist toetas Ettev\u00f5tluse Arendamise Sihtasutus koost\u00f6\u00f6s Euroopa Liidu Struktuurifondidega. Pakume j\u00e4rgmisi [&hellip;]\" \/>\n<meta property=\"og:url\" content=\"https:\/\/biopark.ee\/et\/teenused\/infrastruktuuriteenused-labori-ja-buroopindade-rent\/\" \/>\n<meta property=\"og:site_name\" content=\"BioPark\" \/>\n<meta property=\"article:modified_time\" content=\"2022-12-02T13:12:04+00:00\" \/>\n<meta property=\"og:image\" content=\"https:\/\/biopark.ee\/wp-content\/uploads\/2014\/08\/rak.jpg\" \/>\n<meta name=\"twitter:label1\" content=\"Est. reading time\" \/>\n\t<meta name=\"twitter:data1\" content=\"1 minut\" \/>\n<script type=\"application\/ld+json\" class=\"yoast-schema-graph\">{\"@context\":\"https:\/\/schema.org\",\"@graph\":[{\"@type\":\"WebPage\",\"@id\":\"https:\/\/biopark.ee\/teenused\/infrastruktuuriteenused-labori-ja-buroopindade-rent\/\",\"url\":\"https:\/\/biopark.ee\/teenused\/infrastruktuuriteenused-labori-ja-buroopindade-rent\/\",\"name\":\"Infrastruktuuriteenused - labori- ja b\u00fcroopindade rent - BioPark\",\"isPartOf\":{\"@id\":\"https:\/\/biopark.ee\/#website\"},\"primaryImageOfPage\":{\"@id\":\"https:\/\/biopark.ee\/teenused\/infrastruktuuriteenused-labori-ja-buroopindade-rent\/#primaryimage\"},\"image\":{\"@id\":\"https:\/\/biopark.ee\/teenused\/infrastruktuuriteenused-labori-ja-buroopindade-rent\/#primaryimage\"},\"thumbnailUrl\":\"https:\/\/biopark.ee\/wp-content\/uploads\/2014\/08\/rak.jpg\",\"datePublished\":\"2014-08-13T07:03:32+00:00\",\"dateModified\":\"2022-12-02T13:12:04+00:00\",\"breadcrumb\":{\"@id\":\"https:\/\/biopark.ee\/teenused\/infrastruktuuriteenused-labori-ja-buroopindade-rent\/#breadcrumb\"},\"inLanguage\":\"et\",\"potentialAction\":[{\"@type\":\"ReadAction\",\"target\":[\"https:\/\/biopark.ee\/teenused\/infrastruktuuriteenused-labori-ja-buroopindade-rent\/\"]}]},{\"@type\":\"ImageObject\",\"inLanguage\":\"et\",\"@id\":\"https:\/\/biopark.ee\/teenused\/infrastruktuuriteenused-labori-ja-buroopindade-rent\/#primaryimage\",\"url\":\"https:\/\/biopark.ee\/wp-content\/uploads\/2014\/08\/rak.jpg\",\"contentUrl\":\"https:\/\/biopark.ee\/wp-content\/uploads\/2014\/08\/rak.jpg\",\"width\":330,\"height\":167},{\"@type\":\"BreadcrumbList\",\"@id\":\"https:\/\/biopark.ee\/teenused\/infrastruktuuriteenused-labori-ja-buroopindade-rent\/#breadcrumb\",\"itemListElement\":[{\"@type\":\"ListItem\",\"position\":1,\"name\":\"Home\",\"item\":\"https:\/\/biopark.ee\/avaleht\/\"},{\"@type\":\"ListItem\",\"position\":2,\"name\":\"Teenused\",\"item\":\"https:\/\/biopark.ee\/teenused\/\"},{\"@type\":\"ListItem\",\"position\":3,\"name\":\"Infrastruktuuriteenused &#8211; labori- ja b\u00fcroopindade rent\"}]},{\"@type\":\"WebSite\",\"@id\":\"https:\/\/biopark.ee\/#website\",\"url\":\"https:\/\/biopark.ee\/\",\"name\":\"BioPark\",\"description\":\"\",\"potentialAction\":[{\"@type\":\"SearchAction\",\"target\":{\"@type\":\"EntryPoint\",\"urlTemplate\":\"https:\/\/biopark.ee\/?s={search_term_string}\"},\"query-input\":\"required name=search_term_string\"}],\"inLanguage\":\"et\"}]}<\/script>\n<!-- \/ Yoast SEO plugin. -->","yoast_head_json":{"title":"Infrastruktuuriteenused - labori- ja b\u00fcroopindade rent - BioPark","robots":{"index":"index","follow":"follow","max-snippet":"max-snippet:-1","max-image-preview":"max-image-preview:large","max-video-preview":"max-video-preview:-1"},"canonical":"https:\/\/biopark.ee\/et\/teenused\/infrastruktuuriteenused-labori-ja-buroopindade-rent\/","og_locale":"et_EE","og_type":"article","og_title":"Infrastruktuuriteenused - labori- ja b\u00fcroopindade rent - BioPark","og_description":"Tartu Biotehnoloogia Park pakub klientidele kvaliteetseid, kaasaegselt renoveeritud ja biotehnoloogia- ning meditsiiniettev\u00f5tete vajadustele vastavaid ruume Tartus, aadressil Tiigi 61b. 2007. aasta juunis alustati Tiigi 61b hoonele juurdeehituse rajamist ning olemasolevale 1000 m2&nbsp;lisandus kolmekorruseline juurdeehitus mahuga 1800 m2, mis valmis 2008. a. juunis.&nbsp; Uue hoone valmimist toetas Ettev\u00f5tluse Arendamise Sihtasutus koost\u00f6\u00f6s Euroopa Liidu Struktuurifondidega. Pakume j\u00e4rgmisi [&hellip;]","og_url":"https:\/\/biopark.ee\/et\/teenused\/infrastruktuuriteenused-labori-ja-buroopindade-rent\/","og_site_name":"BioPark","article_modified_time":"2022-12-02T13:12:04+00:00","og_image":[{"url":"https:\/\/biopark.ee\/wp-content\/uploads\/2014\/08\/rak.jpg"}],"twitter_misc":{"Est. reading time":"1 minut"},"schema":{"@context":"https:\/\/schema.org","@graph":[{"@type":"WebPage","@id":"https:\/\/biopark.ee\/teenused\/infrastruktuuriteenused-labori-ja-buroopindade-rent\/","url":"https:\/\/biopark.ee\/teenused\/infrastruktuuriteenused-labori-ja-buroopindade-rent\/","name":"Infrastruktuuriteenused - labori- ja b\u00fcroopindade rent - BioPark","isPartOf":{"@id":"https:\/\/biopark.ee\/#website"},"primaryImageOfPage":{"@id":"https:\/\/biopark.ee\/teenused\/infrastruktuuriteenused-labori-ja-buroopindade-rent\/#primaryimage"},"image":{"@id":"https:\/\/biopark.ee\/teenused\/infrastruktuuriteenused-labori-ja-buroopindade-rent\/#primaryimage"},"thumbnailUrl":"https:\/\/biopark.ee\/wp-content\/uploads\/2014\/08\/rak.jpg","datePublished":"2014-08-13T07:03:32+00:00","dateModified":"2022-12-02T13:12:04+00:00","breadcrumb":{"@id":"https:\/\/biopark.ee\/teenused\/infrastruktuuriteenused-labori-ja-buroopindade-rent\/#breadcrumb"},"inLanguage":"et","potentialAction":[{"@type":"ReadAction","target":["https:\/\/biopark.ee\/teenused\/infrastruktuuriteenused-labori-ja-buroopindade-rent\/"]}]},{"@type":"ImageObject","inLanguage":"et","@id":"https:\/\/biopark.ee\/teenused\/infrastruktuuriteenused-labori-ja-buroopindade-rent\/#primaryimage","url":"https:\/\/biopark.ee\/wp-content\/uploads\/2014\/08\/rak.jpg","contentUrl":"https:\/\/biopark.ee\/wp-content\/uploads\/2014\/08\/rak.jpg","width":330,"height":167},{"@type":"BreadcrumbList","@id":"https:\/\/biopark.ee\/teenused\/infrastruktuuriteenused-labori-ja-buroopindade-rent\/#breadcrumb","itemListElement":[{"@type":"ListItem","position":1,"name":"Home","item":"https:\/\/biopark.ee\/avaleht\/"},{"@type":"ListItem","position":2,"name":"Teenused","item":"https:\/\/biopark.ee\/teenused\/"},{"@type":"ListItem","position":3,"name":"Infrastruktuuriteenused &#8211; labori- ja b\u00fcroopindade rent"}]},{"@type":"WebSite","@id":"https:\/\/biopark.ee\/#website","url":"https:\/\/biopark.ee\/","name":"BioPark","description":"","potentialAction":[{"@type":"SearchAction","target":{"@type":"EntryPoint","urlTemplate":"https:\/\/biopark.ee\/?s={search_term_string}"},"query-input":"required name=search_term_string"}],"inLanguage":"et"}]}},"_links":{"self":[{"href":"https:\/\/biopark.ee\/et\/wp-json\/wp\/v2\/pages\/297","targetHints":{"allow":["GET"]}}],"collection":[{"href":"https:\/\/biopark.ee\/et\/wp-json\/wp\/v2\/pages"}],"about":[{"href":"https:\/\/biopark.ee\/et\/wp-json\/wp\/v2\/types\/page"}],"author":[{"embeddable":true,"href":"https:\/\/biopark.ee\/et\/wp-json\/wp\/v2\/users\/1"}],"replies":[{"embeddable":true,"href":"https:\/\/biopark.ee\/et\/wp-json\/wp\/v2\/comments?post=297"}],"version-history":[{"count":21,"href":"https:\/\/biopark.ee\/et\/wp-json\/wp\/v2\/pages\/297\/revisions"}],"predecessor-version":[{"id":6002,"href":"https:\/\/biopark.ee\/et\/wp-json\/wp\/v2\/pages\/297\/revisions\/6002"}],"up":[{"embeddable":true,"href":"https:\/\/biopark.ee\/et\/wp-json\/wp\/v2\/pages\/11"}],"wp:attachment":[{"href":"https:\/\/biopark.ee\/et\/wp-json\/wp\/v2\/media?parent=297"}],"curies":[{"name":"wp","href":"https:\/\/api.w.org\/{rel}","templated":true}]}}