{"id":23,"date":"2014-07-30T10:23:29","date_gmt":"2014-07-30T07:23:29","guid":{"rendered":"https:\/\/biopark.ee\/?page_id=23"},"modified":"2023-01-06T12:17:52","modified_gmt":"2023-01-06T10:17:52","slug":"kasulik-info","status":"publish","type":"page","link":"https:\/\/biopark.ee\/et\/kasulik-info\/","title":{"rendered":"Kasulik info"},"content":{"rendered":"<h3>Materjalid<\/h3>\n<ul>\n<li><a href=\"https:\/\/biopark.ee\/et\/projektid\/eit-food\/\">EIT Food<\/a> <a href=\"https:\/\/biopark.ee\/wp-content\/uploads\/2021\/11\/Challenges-Toidutootmise-innovatsiooni-valjakutsed-aruanne.pdf\"><strong>Toiduinnovatsiooni v\u00e4ljakutsete aruanne 2021<\/strong><\/a> &#8211; kitsaskohad toiduinnovatsiooni valdkonnas kogutud k\u00fcmnelt Eesti toidutootmise valdkonna eksperdilt, lisaks tarbija esindajalt s\u00fcgis 2021 <a href=\"https:\/\/biopark.ee\/et\/sundmused\/challenge-labs-19-21-nov\/\">Challenge Labs disainm\u00f5tlemise \u00fcrituseks<\/a>.<\/li>\n<li><a href=\"https:\/\/www.health-axis.eu\/celis\" target=\"_blank\" rel=\"noopener\">CELIS<\/a> turu-uuring <strong><a href=\"https:\/\/drive.google.com\/file\/d\/17PZL1ybh27QE4TtzNJvd8fV6zutCD4G2\/view\" target=\"_blank\" rel=\"noopener\">Report on Joint Marketing Opportunities &#8211; Digitalisation of Healthcare<\/a><\/strong> tervishoiu valdkonna turu olukorra iseloomustamiseks Eestis, Austraalias ning Indias.<\/li>\n<\/ul>\n<h3>Kontaktid<\/h3>\n<h5>Biotehnoloogia<\/h5>\n<ul>\n<li><a href=\"https:\/\/geenidoonor.ee\/geenivaramu\" target=\"_blank\" rel=\"noopener noreferrer\">T\u00dc Eesti Geenivaramu<\/a><\/li>\n<li><a href=\"https:\/\/genomics.ut.ee\/et\/eesti-biokeskus\" target=\"_blank\" rel=\"noopener noreferrer\">Eesti Biokeskus<\/a><\/li>\n<li><a href=\"http:\/\/www.scanbalt.org\/\" target=\"_blank\" rel=\"noopener noreferrer\">ScanBalt<\/a><\/li>\n<li><a href=\"http:\/\/www.europabio.org\/\" target=\"_blank\" rel=\"noopener noreferrer\">EuropaBio<\/a><a href=\"http:\/\/www.europabio.org\/\">&nbsp;<\/a><\/li>\n<li><a href=\"http:\/\/www.efbiotechnology.org\/\" target=\"_blank\" rel=\"noopener\">European Federation of Biotechnology<\/a><\/li>\n<li><a href=\"http:\/\/www.european-biotechnology.org\/\" target=\"_blank\" rel=\"noopener noreferrer\">European Biotechnology Network<\/a><\/li>\n<\/ul>\n<h4>Teaduspargid, inkubaatorid<\/h4>\n<ul>\n<li><a href=\"http:\/\/www.gate2growth.com\/\" target=\"_blank\" rel=\"noopener noreferrer\">Gate2Growth<\/a><\/li>\n<li><a href=\"https:\/\/ebn.eu\/\" target=\"_blank\" rel=\"noopener\">European Business and Innovation Centre Network<\/a><\/li>\n<li><a href=\"http:\/\/www.tekel.fi\/\" target=\"_blank\" rel=\"noopener noreferrer\">TEKEL<\/a>&nbsp;\u2013 Finnish Science Park Association<\/li>\n<li><a href=\"http:\/\/www.adt-online.de\/\" target=\"_blank\" rel=\"noopener noreferrer\">ADT<\/a> \u2013 Association of German Technology and Business Incubation Centres<\/li>\n<li><a href=\"http:\/\/www.inna.at\/\" target=\"_blank\" rel=\"noopener noreferrer\">Austrian Technology Centres<\/a><\/li>\n<li><a href=\"http:\/\/www.area.trieste.it\/\" target=\"_blank\" rel=\"noopener noreferrer\">The AREA Science Park<\/a>, Itaalia<\/li>\n<li><a href=\"http:\/\/www.innovation.dk\/\" target=\"_blank\" rel=\"noopener noreferrer\">Science Park Scion-DTU<\/a>, Taani<\/li>\n<\/ul>\n<h4>Projektidele finantseeringu taotlemine<\/h4>\n<ul>\n<li><a href=\"https:\/\/harno.ee\/\" target=\"_blank\" rel=\"noopener\">Haridus- ja Noorteamet<\/a><\/li>\n<li><a href=\"http:\/\/www.etag.ee\/\" target=\"_blank\" rel=\"noopener noreferrer\">SA Eesti Teadusagentuur<\/a><\/li>\n<li><a href=\"http:\/\/www.eas.ee\/\" target=\"_blank\" rel=\"noopener noreferrer\">Ettev\u00f5tluse Arendamise Sihtasutus<\/a><a href=\"http:\/\/www.eas.ee\/\">&nbsp;<\/a><\/li>\n<li><a href=\"https:\/\/rtk.ee\/toetusfondid-ja-programmid\/euroopa-liidu-valisvahendid\/2021-2027-toetusperiood\" target=\"_blank\" rel=\"noopener noreferrer\">Euroopa Liidu Struktuurifondid<\/a><\/li>\n<li><a href=\"https:\/\/prototron.ee\/\" target=\"_blank\" rel=\"noopener noreferrer\">Prototron<\/a><\/li>\n<li><a href=\"http:\/\/estban.ee\/\" target=\"_blank\" rel=\"noopener noreferrer\">Estonian Business Angels Network<\/a><\/li>\n<li>Grants, Funds and Programmes by EU Policy:<br \/>\n&#8211;&nbsp;<a href=\"http:\/\/ec.europa.eu\/health\/index_en.htm\" target=\"_blank\" rel=\"noopener noreferrer\">Public Health<br \/>\n<\/a>&#8211;&nbsp;<a href=\"https:\/\/ec.europa.eu\/info\/funding-tenders\/opportunities\/portal\/screen\/home\" target=\"_blank\" rel=\"noopener noreferrer\">Research and Development<\/a><a href=\"https:\/\/ec.europa.eu\/info\/funding-tenders\/opportunities\/portal\/screen\/home\" target=\"_blank\" rel=\"noopener noreferrer\"><br \/>\n<\/a>&#8211;&nbsp;<a href=\"https:\/\/single-market-economy.ec.europa.eu\/access-finance\/investeu\/investeu-fund-sme-window_en\" target=\"_blank\" rel=\"noopener\">Access to Finance for European Small and Medium-Sized Enterprises<\/a>&nbsp;(SMEs)<\/li>\n<\/ul>\n<h4>Muu<\/h4>\n<ul>\n<li><a href=\"http:\/\/www.koda.ee\/\" target=\"_blank\" rel=\"noopener noreferrer\">Eesti Kaubandus-T\u00f6\u00f6stuskoda ettev\u00f5tjate esindusorganisatsioon<\/a><\/li>\n<\/ul>\n<h5>Eluteaduste valdkonna t\u00f6\u00f6keskkonnad<\/h5>\n<ul>\n<li><a href=\"https:\/\/sire-search.com\/\" target=\"_blank\" rel=\"noopener noreferrer\">JOBS in Life Siences<\/a><\/li>\n<li><a href=\"https:\/\/www.amsterdambiomed.nl\/\" target=\"_blank\" rel=\"noopener noreferrer\">Amsterdam BioMed Cluster<\/a><\/li>\n<\/ul>","protected":false},"excerpt":{"rendered":"<p>Materjalid EIT Food Toiduinnovatsiooni v\u00e4ljakutsete aruanne 2021 &#8211; kitsaskohad toiduinnovatsiooni valdkonnas kogutud k\u00fcmnelt Eesti toidutootmise valdkonna eksperdilt, lisaks tarbija esindajalt s\u00fcgis 2021 Challenge Labs disainm\u00f5tlemise \u00fcrituseks. CELIS turu-uuring Report on Joint Marketing Opportunities &#8211; Digitalisation of Healthcare tervishoiu valdkonna turu olukorra iseloomustamiseks Eestis, Austraalias ning Indias. Kontaktid Biotehnoloogia T\u00dc Eesti Geenivaramu Eesti Biokeskus ScanBalt EuropaBio&nbsp; [&hellip;]<\/p>","protected":false},"author":1,"featured_media":0,"parent":0,"menu_order":35,"comment_status":"closed","ping_status":"closed","template":"","meta":{"_acf_changed":false,"om_disable_all_campaigns":false,"_monsterinsights_skip_tracking":false,"_monsterinsights_sitenote_active":false,"_monsterinsights_sitenote_note":"","_monsterinsights_sitenote_category":0,"_uf_show_specific_survey":0,"_uf_disable_surveys":false,"ngg_post_thumbnail":0,"_themeisle_gutenberg_block_has_review":false,"footnotes":"","_links_to":"","_links_to_target":""},"class_list":["post-23","page","type-page","status-publish","hentry"],"acf":[],"yoast_head":"<!-- This site is optimized with the Yoast SEO plugin v22.3 - https:\/\/yoast.com\/wordpress\/plugins\/seo\/ -->\n<title>Kasulik info - BioPark<\/title>\n<meta name=\"robots\" content=\"index, follow, max-snippet:-1, max-image-preview:large, max-video-preview:-1\" \/>\n<link rel=\"canonical\" href=\"https:\/\/biopark.ee\/et\/kasulik-info\/\" \/>\n<meta property=\"og:locale\" content=\"et_EE\" \/>\n<meta property=\"og:type\" content=\"article\" \/>\n<meta property=\"og:title\" content=\"Kasulik info - BioPark\" \/>\n<meta property=\"og:description\" content=\"Materjalid EIT Food Toiduinnovatsiooni v\u00e4ljakutsete aruanne 2021 &#8211; kitsaskohad toiduinnovatsiooni valdkonnas kogutud k\u00fcmnelt Eesti toidutootmise valdkonna eksperdilt, lisaks tarbija esindajalt s\u00fcgis 2021 Challenge Labs disainm\u00f5tlemise \u00fcrituseks. CELIS turu-uuring Report on Joint Marketing Opportunities &#8211; Digitalisation of Healthcare tervishoiu valdkonna turu olukorra iseloomustamiseks Eestis, Austraalias ning Indias. Kontaktid Biotehnoloogia T\u00dc Eesti Geenivaramu Eesti Biokeskus ScanBalt EuropaBio&nbsp; [&hellip;]\" \/>\n<meta property=\"og:url\" content=\"https:\/\/biopark.ee\/et\/kasulik-info\/\" \/>\n<meta property=\"og:site_name\" content=\"BioPark\" \/>\n<meta property=\"article:modified_time\" content=\"2023-01-06T10:17:52+00:00\" \/>\n<meta name=\"twitter:label1\" content=\"Est. reading time\" \/>\n\t<meta name=\"twitter:data1\" content=\"1 minut\" \/>\n<script type=\"application\/ld+json\" class=\"yoast-schema-graph\">{\"@context\":\"https:\/\/schema.org\",\"@graph\":[{\"@type\":\"WebPage\",\"@id\":\"https:\/\/biopark.ee\/kasulik-info\/\",\"url\":\"https:\/\/biopark.ee\/kasulik-info\/\",\"name\":\"Kasulik info - BioPark\",\"isPartOf\":{\"@id\":\"https:\/\/biopark.ee\/#website\"},\"datePublished\":\"2014-07-30T07:23:29+00:00\",\"dateModified\":\"2023-01-06T10:17:52+00:00\",\"breadcrumb\":{\"@id\":\"https:\/\/biopark.ee\/kasulik-info\/#breadcrumb\"},\"inLanguage\":\"et\",\"potentialAction\":[{\"@type\":\"ReadAction\",\"target\":[\"https:\/\/biopark.ee\/kasulik-info\/\"]}]},{\"@type\":\"BreadcrumbList\",\"@id\":\"https:\/\/biopark.ee\/kasulik-info\/#breadcrumb\",\"itemListElement\":[{\"@type\":\"ListItem\",\"position\":1,\"name\":\"Home\",\"item\":\"https:\/\/biopark.ee\/avaleht\/\"},{\"@type\":\"ListItem\",\"position\":2,\"name\":\"Kasulik info\"}]},{\"@type\":\"WebSite\",\"@id\":\"https:\/\/biopark.ee\/#website\",\"url\":\"https:\/\/biopark.ee\/\",\"name\":\"BioPark\",\"description\":\"\",\"potentialAction\":[{\"@type\":\"SearchAction\",\"target\":{\"@type\":\"EntryPoint\",\"urlTemplate\":\"https:\/\/biopark.ee\/?s={search_term_string}\"},\"query-input\":\"required name=search_term_string\"}],\"inLanguage\":\"et\"}]}<\/script>\n<!-- \/ Yoast SEO plugin. -->","yoast_head_json":{"title":"Kasulik info - BioPark","robots":{"index":"index","follow":"follow","max-snippet":"max-snippet:-1","max-image-preview":"max-image-preview:large","max-video-preview":"max-video-preview:-1"},"canonical":"https:\/\/biopark.ee\/et\/kasulik-info\/","og_locale":"et_EE","og_type":"article","og_title":"Kasulik info - BioPark","og_description":"Materjalid EIT Food Toiduinnovatsiooni v\u00e4ljakutsete aruanne 2021 &#8211; kitsaskohad toiduinnovatsiooni valdkonnas kogutud k\u00fcmnelt Eesti toidutootmise valdkonna eksperdilt, lisaks tarbija esindajalt s\u00fcgis 2021 Challenge Labs disainm\u00f5tlemise \u00fcrituseks. CELIS turu-uuring Report on Joint Marketing Opportunities &#8211; Digitalisation of Healthcare tervishoiu valdkonna turu olukorra iseloomustamiseks Eestis, Austraalias ning Indias. Kontaktid Biotehnoloogia T\u00dc Eesti Geenivaramu Eesti Biokeskus ScanBalt EuropaBio&nbsp; [&hellip;]","og_url":"https:\/\/biopark.ee\/et\/kasulik-info\/","og_site_name":"BioPark","article_modified_time":"2023-01-06T10:17:52+00:00","twitter_misc":{"Est. reading time":"1 minut"},"schema":{"@context":"https:\/\/schema.org","@graph":[{"@type":"WebPage","@id":"https:\/\/biopark.ee\/kasulik-info\/","url":"https:\/\/biopark.ee\/kasulik-info\/","name":"Kasulik info - BioPark","isPartOf":{"@id":"https:\/\/biopark.ee\/#website"},"datePublished":"2014-07-30T07:23:29+00:00","dateModified":"2023-01-06T10:17:52+00:00","breadcrumb":{"@id":"https:\/\/biopark.ee\/kasulik-info\/#breadcrumb"},"inLanguage":"et","potentialAction":[{"@type":"ReadAction","target":["https:\/\/biopark.ee\/kasulik-info\/"]}]},{"@type":"BreadcrumbList","@id":"https:\/\/biopark.ee\/kasulik-info\/#breadcrumb","itemListElement":[{"@type":"ListItem","position":1,"name":"Home","item":"https:\/\/biopark.ee\/avaleht\/"},{"@type":"ListItem","position":2,"name":"Kasulik info"}]},{"@type":"WebSite","@id":"https:\/\/biopark.ee\/#website","url":"https:\/\/biopark.ee\/","name":"BioPark","description":"","potentialAction":[{"@type":"SearchAction","target":{"@type":"EntryPoint","urlTemplate":"https:\/\/biopark.ee\/?s={search_term_string}"},"query-input":"required name=search_term_string"}],"inLanguage":"et"}]}},"_links":{"self":[{"href":"https:\/\/biopark.ee\/et\/wp-json\/wp\/v2\/pages\/23","targetHints":{"allow":["GET"]}}],"collection":[{"href":"https:\/\/biopark.ee\/et\/wp-json\/wp\/v2\/pages"}],"about":[{"href":"https:\/\/biopark.ee\/et\/wp-json\/wp\/v2\/types\/page"}],"author":[{"embeddable":true,"href":"https:\/\/biopark.ee\/et\/wp-json\/wp\/v2\/users\/1"}],"replies":[{"embeddable":true,"href":"https:\/\/biopark.ee\/et\/wp-json\/wp\/v2\/comments?post=23"}],"version-history":[{"count":23,"href":"https:\/\/biopark.ee\/et\/wp-json\/wp\/v2\/pages\/23\/revisions"}],"predecessor-version":[{"id":6012,"href":"https:\/\/biopark.ee\/et\/wp-json\/wp\/v2\/pages\/23\/revisions\/6012"}],"wp:attachment":[{"href":"https:\/\/biopark.ee\/et\/wp-json\/wp\/v2\/media?parent=23"}],"curies":[{"name":"wp","href":"https:\/\/api.w.org\/{rel}","templated":true}]}}