{"id":19,"date":"2014-07-30T10:22:40","date_gmt":"2014-07-30T07:22:40","guid":{"rendered":"https:\/\/biopark.ee\/?page_id=19"},"modified":"2023-01-06T13:53:39","modified_gmt":"2023-01-06T11:53:39","slug":"koostoopartnerid","status":"publish","type":"page","link":"https:\/\/biopark.ee\/et\/koostoopartnerid\/","title":{"rendered":"Koost\u00f6\u00f6partnerid"},"content":{"rendered":"<p>Tartu Biotehnoloogia Park teeb koost\u00f6\u00f6d Eesti ja v\u00e4lismaa biotehnoloogia ning meditsiini valdkonna arengust huvitatud ja seda toetavate organisatsioonide ning ettev\u00f5tetega, teadus- ja arendusasutustega, avaliku sektori esindajate ning sihtasutustega.<\/p>\n<p>Oleme&nbsp;j\u00e4tkuvalt avatud erinevatele koost\u00f6\u00f6pakkumistele. Kui oled huvitatud koost\u00f6\u00f6st Tartu Biotehnoloogia Pargiga, siis v\u00f5ta palun meiega \u00fchendust:<\/p>\n<p>Sven Parkel<br \/>\ntegevjuht<br \/>\ne-mail: sven@biopark.ee<\/p>\n<p>Koost\u00f6\u00f6partnerid:<\/p>\n<ul>\n<li><a href=\"https:\/\/genomics.ut.ee\/et\/eesti-biokeskus\" target=\"_blank\" rel=\"noopener noreferrer\">Eesti Biokeskus<\/a><\/li>\n<li><a href=\"http:\/\/www.ut.ee\/\" target=\"_blank\" rel=\"noopener noreferrer\">Tartu \u00dclikool<\/a><\/li>\n<li><a href=\"http:\/\/www.ttu.ee\/\" target=\"_blank\" rel=\"noopener noreferrer\">Tallinna Tehnika\u00fclikool<\/a><\/li>\n<li><a href=\"http:\/\/www.emu.ee\/\" target=\"_blank\" rel=\"noopener noreferrer\">Eesti Maa\u00fclikool<\/a><\/li>\n<li>Eesti Biotehnoloogia Liit<\/li>\n<li><a href=\"https:\/\/geenidoonor.ee\/geenivaramu\" target=\"_blank\" rel=\"noopener noreferrer\">T\u00dc Eesti Geenivaramu<\/a><\/li>\n<li><a href=\"http:\/\/www.teaduspark.ee\/\" target=\"_blank\" rel=\"noopener noreferrer\">SA Tartu Teaduspark<\/a><\/li>\n<li><a href=\"http:\/\/www.kbfi.ee\/\" target=\"_blank\" rel=\"noopener noreferrer\">Keemilise ja Bioloogilise F\u00fc\u00fcsika Instituut<\/a><\/li>\n<li><a href=\"https:\/\/taltech.ee\/keemia-ja-biotehnoloogia-instituut\" target=\"_blank\" rel=\"noopener\">Tallinna Tehnika\u00fclikooli Keemia ja biotehnoloogia instituut<\/a><\/li>\n<li><a href=\"http:\/\/www.tymri.ut.ee\/\" target=\"_blank\" rel=\"noopener noreferrer\">Tartu \u00dclikooli Molekulaar- ja Rakubioloogia Instituut<\/a><\/li>\n<li><a href=\"http:\/\/www.tuit.ut.ee\/\" target=\"_blank\" rel=\"noopener noreferrer\">Tartu \u00dclikooli Tehnoloogia Instituut<\/a><\/li>\n<li><a href=\"http:\/\/www.tehnopol.ee\/\" target=\"_blank\" rel=\"noopener\">SA Tallinna Teaduspark Tehnopol <\/a>&nbsp;<a href=\"http:\/\/tehnopol.ee\"><img decoding=\"async\" class=\"alignnone wp-image-1486\" src=\"https:\/\/biopark.ee\/wp-content\/uploads\/2016\/01\/Tehnopol_logoRGB_NEW2-300x174.jpg\" alt=\"Tehnopol_logoRGB_NEW2\" width=\"36\" height=\"21\"><\/a><\/li>\n<li><a href=\"http:\/\/www.eas.ee\/\" target=\"_blank\" rel=\"noopener noreferrer\">Ettev\u00f5tluse Arendamise Sihtasutus<\/a><\/li>\n<li><a href=\"http:\/\/www.mkm.ee\/\" target=\"_blank\" rel=\"noopener noreferrer\">EV Majandus- ja Kommunikatsiooniministeerium<\/a><\/li>\n<li><a href=\"http:\/\/www.tartu.ee\/\" target=\"_blank\" rel=\"noopener noreferrer\">Tartu Linnavalitsus<\/a><\/li>\n<li><a href=\"http:\/\/www.submariner-network.eu\/\" target=\"_blank\" rel=\"noopener\">SUBMARINER Network<\/a><\/li>\n<li><a href=\"http:\/\/www.scanbalt.org\/\" target=\"_blank\" rel=\"noopener noreferrer\">ScanBalt<\/a><\/li>\n<li><a href=\"http:\/\/ec.europa.eu\/\" target=\"_blank\" rel=\"noopener noreferrer\">Euroopa Komisjon<\/a><\/li>\n<li><a href=\"http:\/\/www.mediconvalley.com\/\" target=\"_blank\" rel=\"noopener noreferrer\">Medicon Valley<\/a>&nbsp;(Taani)<\/li>\n<li><a href=\"http:\/\/www.turkusciencepark.com\/TSP\/www_fi.nsf\/%28MainMenu%29\/60B4A3CC7E36EA94C2256E2B00328CF4?OpenDocument\" target=\"_blank\" rel=\"noopener noreferrer\">Turku Bio Valley Ltd.<\/a>&nbsp;(Soome)<\/li>\n<li><a href=\"http:\/\/www.bcv.org\/\" target=\"_blank\" rel=\"noopener noreferrer\">BioCon Valley Ltd.<\/a>&nbsp;(Saksamaa)<\/li>\n<li><a href=\"http:\/\/www.stw.de\/\" target=\"_blank\" rel=\"noopener noreferrer\">Steinbeis Foundation<\/a>&nbsp;(Saksamaa)<\/li>\n<li><a href=\"http:\/\/www.mpmcapital.com\/\" target=\"_blank\" rel=\"noopener noreferrer\">MPM Capital<\/a>&nbsp;(USA)<\/li>\n<\/ul>","protected":false},"excerpt":{"rendered":"<p>Tartu Biotehnoloogia Park teeb koost\u00f6\u00f6d Eesti ja v\u00e4lismaa biotehnoloogia ning meditsiini valdkonna arengust huvitatud ja seda toetavate organisatsioonide ning ettev\u00f5tetega, teadus- ja arendusasutustega, avaliku sektori esindajate ning sihtasutustega. Oleme&nbsp;j\u00e4tkuvalt avatud erinevatele koost\u00f6\u00f6pakkumistele. Kui oled huvitatud koost\u00f6\u00f6st Tartu Biotehnoloogia Pargiga, siis v\u00f5ta palun meiega \u00fchendust: Sven Parkel tegevjuht e-mail: sven@biopark.ee Koost\u00f6\u00f6partnerid: Eesti Biokeskus Tartu \u00dclikool Tallinna [&hellip;]<\/p>","protected":false},"author":1,"featured_media":0,"parent":0,"menu_order":25,"comment_status":"closed","ping_status":"closed","template":"","meta":{"_acf_changed":false,"om_disable_all_campaigns":false,"_monsterinsights_skip_tracking":false,"_monsterinsights_sitenote_active":false,"_monsterinsights_sitenote_note":"","_monsterinsights_sitenote_category":0,"_uf_show_specific_survey":0,"_uf_disable_surveys":false,"ngg_post_thumbnail":0,"_themeisle_gutenberg_block_has_review":false,"footnotes":"","_links_to":"","_links_to_target":""},"class_list":["post-19","page","type-page","status-publish","hentry"],"acf":[],"yoast_head":"<!-- This site is optimized with the Yoast SEO plugin v22.3 - https:\/\/yoast.com\/wordpress\/plugins\/seo\/ -->\n<title>Koost\u00f6\u00f6partnerid - BioPark<\/title>\n<meta name=\"robots\" content=\"index, follow, max-snippet:-1, max-image-preview:large, max-video-preview:-1\" \/>\n<link rel=\"canonical\" href=\"https:\/\/biopark.ee\/et\/koostoopartnerid\/\" \/>\n<meta property=\"og:locale\" content=\"et_EE\" \/>\n<meta property=\"og:type\" content=\"article\" \/>\n<meta property=\"og:title\" content=\"Koost\u00f6\u00f6partnerid - BioPark\" \/>\n<meta property=\"og:description\" content=\"Tartu Biotehnoloogia Park teeb koost\u00f6\u00f6d Eesti ja v\u00e4lismaa biotehnoloogia ning meditsiini valdkonna arengust huvitatud ja seda toetavate organisatsioonide ning ettev\u00f5tetega, teadus- ja arendusasutustega, avaliku sektori esindajate ning sihtasutustega. Oleme&nbsp;j\u00e4tkuvalt avatud erinevatele koost\u00f6\u00f6pakkumistele. Kui oled huvitatud koost\u00f6\u00f6st Tartu Biotehnoloogia Pargiga, siis v\u00f5ta palun meiega \u00fchendust: Sven Parkel tegevjuht e-mail: sven@biopark.ee Koost\u00f6\u00f6partnerid: Eesti Biokeskus Tartu \u00dclikool Tallinna [&hellip;]\" \/>\n<meta property=\"og:url\" content=\"https:\/\/biopark.ee\/et\/koostoopartnerid\/\" \/>\n<meta property=\"og:site_name\" content=\"BioPark\" \/>\n<meta property=\"article:modified_time\" content=\"2023-01-06T11:53:39+00:00\" \/>\n<meta property=\"og:image\" content=\"https:\/\/biopark.ee\/wp-content\/uploads\/2016\/01\/Tehnopol_logoRGB_NEW2-300x174.jpg\" \/>\n<meta name=\"twitter:label1\" content=\"Est. reading time\" \/>\n\t<meta name=\"twitter:data1\" content=\"1 minut\" \/>\n<script type=\"application\/ld+json\" class=\"yoast-schema-graph\">{\"@context\":\"https:\/\/schema.org\",\"@graph\":[{\"@type\":\"WebPage\",\"@id\":\"https:\/\/biopark.ee\/koostoopartnerid\/\",\"url\":\"https:\/\/biopark.ee\/koostoopartnerid\/\",\"name\":\"Koost\u00f6\u00f6partnerid - BioPark\",\"isPartOf\":{\"@id\":\"https:\/\/biopark.ee\/#website\"},\"primaryImageOfPage\":{\"@id\":\"https:\/\/biopark.ee\/koostoopartnerid\/#primaryimage\"},\"image\":{\"@id\":\"https:\/\/biopark.ee\/koostoopartnerid\/#primaryimage\"},\"thumbnailUrl\":\"https:\/\/biopark.ee\/wp-content\/uploads\/2016\/01\/Tehnopol_logoRGB_NEW2-300x174.jpg\",\"datePublished\":\"2014-07-30T07:22:40+00:00\",\"dateModified\":\"2023-01-06T11:53:39+00:00\",\"breadcrumb\":{\"@id\":\"https:\/\/biopark.ee\/koostoopartnerid\/#breadcrumb\"},\"inLanguage\":\"et\",\"potentialAction\":[{\"@type\":\"ReadAction\",\"target\":[\"https:\/\/biopark.ee\/koostoopartnerid\/\"]}]},{\"@type\":\"ImageObject\",\"inLanguage\":\"et\",\"@id\":\"https:\/\/biopark.ee\/koostoopartnerid\/#primaryimage\",\"url\":\"https:\/\/biopark.ee\/wp-content\/uploads\/2016\/01\/Tehnopol_logoRGB_NEW2-300x174.jpg\",\"contentUrl\":\"https:\/\/biopark.ee\/wp-content\/uploads\/2016\/01\/Tehnopol_logoRGB_NEW2-300x174.jpg\"},{\"@type\":\"BreadcrumbList\",\"@id\":\"https:\/\/biopark.ee\/koostoopartnerid\/#breadcrumb\",\"itemListElement\":[{\"@type\":\"ListItem\",\"position\":1,\"name\":\"Home\",\"item\":\"https:\/\/biopark.ee\/avaleht\/\"},{\"@type\":\"ListItem\",\"position\":2,\"name\":\"Koost\u00f6\u00f6partnerid\"}]},{\"@type\":\"WebSite\",\"@id\":\"https:\/\/biopark.ee\/#website\",\"url\":\"https:\/\/biopark.ee\/\",\"name\":\"BioPark\",\"description\":\"\",\"potentialAction\":[{\"@type\":\"SearchAction\",\"target\":{\"@type\":\"EntryPoint\",\"urlTemplate\":\"https:\/\/biopark.ee\/?s={search_term_string}\"},\"query-input\":\"required name=search_term_string\"}],\"inLanguage\":\"et\"}]}<\/script>\n<!-- \/ Yoast SEO plugin. -->","yoast_head_json":{"title":"Koost\u00f6\u00f6partnerid - BioPark","robots":{"index":"index","follow":"follow","max-snippet":"max-snippet:-1","max-image-preview":"max-image-preview:large","max-video-preview":"max-video-preview:-1"},"canonical":"https:\/\/biopark.ee\/et\/koostoopartnerid\/","og_locale":"et_EE","og_type":"article","og_title":"Koost\u00f6\u00f6partnerid - BioPark","og_description":"Tartu Biotehnoloogia Park teeb koost\u00f6\u00f6d Eesti ja v\u00e4lismaa biotehnoloogia ning meditsiini valdkonna arengust huvitatud ja seda toetavate organisatsioonide ning ettev\u00f5tetega, teadus- ja arendusasutustega, avaliku sektori esindajate ning sihtasutustega. Oleme&nbsp;j\u00e4tkuvalt avatud erinevatele koost\u00f6\u00f6pakkumistele. Kui oled huvitatud koost\u00f6\u00f6st Tartu Biotehnoloogia Pargiga, siis v\u00f5ta palun meiega \u00fchendust: Sven Parkel tegevjuht e-mail: sven@biopark.ee Koost\u00f6\u00f6partnerid: Eesti Biokeskus Tartu \u00dclikool Tallinna [&hellip;]","og_url":"https:\/\/biopark.ee\/et\/koostoopartnerid\/","og_site_name":"BioPark","article_modified_time":"2023-01-06T11:53:39+00:00","og_image":[{"url":"https:\/\/biopark.ee\/wp-content\/uploads\/2016\/01\/Tehnopol_logoRGB_NEW2-300x174.jpg"}],"twitter_misc":{"Est. reading time":"1 minut"},"schema":{"@context":"https:\/\/schema.org","@graph":[{"@type":"WebPage","@id":"https:\/\/biopark.ee\/koostoopartnerid\/","url":"https:\/\/biopark.ee\/koostoopartnerid\/","name":"Koost\u00f6\u00f6partnerid - BioPark","isPartOf":{"@id":"https:\/\/biopark.ee\/#website"},"primaryImageOfPage":{"@id":"https:\/\/biopark.ee\/koostoopartnerid\/#primaryimage"},"image":{"@id":"https:\/\/biopark.ee\/koostoopartnerid\/#primaryimage"},"thumbnailUrl":"https:\/\/biopark.ee\/wp-content\/uploads\/2016\/01\/Tehnopol_logoRGB_NEW2-300x174.jpg","datePublished":"2014-07-30T07:22:40+00:00","dateModified":"2023-01-06T11:53:39+00:00","breadcrumb":{"@id":"https:\/\/biopark.ee\/koostoopartnerid\/#breadcrumb"},"inLanguage":"et","potentialAction":[{"@type":"ReadAction","target":["https:\/\/biopark.ee\/koostoopartnerid\/"]}]},{"@type":"ImageObject","inLanguage":"et","@id":"https:\/\/biopark.ee\/koostoopartnerid\/#primaryimage","url":"https:\/\/biopark.ee\/wp-content\/uploads\/2016\/01\/Tehnopol_logoRGB_NEW2-300x174.jpg","contentUrl":"https:\/\/biopark.ee\/wp-content\/uploads\/2016\/01\/Tehnopol_logoRGB_NEW2-300x174.jpg"},{"@type":"BreadcrumbList","@id":"https:\/\/biopark.ee\/koostoopartnerid\/#breadcrumb","itemListElement":[{"@type":"ListItem","position":1,"name":"Home","item":"https:\/\/biopark.ee\/avaleht\/"},{"@type":"ListItem","position":2,"name":"Koost\u00f6\u00f6partnerid"}]},{"@type":"WebSite","@id":"https:\/\/biopark.ee\/#website","url":"https:\/\/biopark.ee\/","name":"BioPark","description":"","potentialAction":[{"@type":"SearchAction","target":{"@type":"EntryPoint","urlTemplate":"https:\/\/biopark.ee\/?s={search_term_string}"},"query-input":"required name=search_term_string"}],"inLanguage":"et"}]}},"_links":{"self":[{"href":"https:\/\/biopark.ee\/et\/wp-json\/wp\/v2\/pages\/19","targetHints":{"allow":["GET"]}}],"collection":[{"href":"https:\/\/biopark.ee\/et\/wp-json\/wp\/v2\/pages"}],"about":[{"href":"https:\/\/biopark.ee\/et\/wp-json\/wp\/v2\/types\/page"}],"author":[{"embeddable":true,"href":"https:\/\/biopark.ee\/et\/wp-json\/wp\/v2\/users\/1"}],"replies":[{"embeddable":true,"href":"https:\/\/biopark.ee\/et\/wp-json\/wp\/v2\/comments?post=19"}],"version-history":[{"count":25,"href":"https:\/\/biopark.ee\/et\/wp-json\/wp\/v2\/pages\/19\/revisions"}],"predecessor-version":[{"id":6641,"href":"https:\/\/biopark.ee\/et\/wp-json\/wp\/v2\/pages\/19\/revisions\/6641"}],"wp:attachment":[{"href":"https:\/\/biopark.ee\/et\/wp-json\/wp\/v2\/media?parent=19"}],"curies":[{"name":"wp","href":"https:\/\/api.w.org\/{rel}","templated":true}]}}