{"id":152,"date":"2014-07-31T14:02:29","date_gmt":"2014-07-31T11:02:29","guid":{"rendered":"https:\/\/biopark.ee\/?page_id=152"},"modified":"2020-03-25T13:00:40","modified_gmt":"2020-03-25T11:00:40","slug":"tutvustus","status":"publish","type":"page","link":"https:\/\/biopark.ee\/et\/tutvustus\/","title":{"rendered":"Tutvustus"},"content":{"rendered":"<p><strong>Tartu Biotehnoloogia Park (TBP) pakub arendus- ja konsultatsiooniteenuseid biotehnoloogia, meditsiini ja veterinaarmeditsiini ettev\u00f5tetele ning teadusasutustele, rendib tegevuseks ruume, toetab koost\u00f6\u00f6sidemete s\u00f5lmimisel ning on aktiivselt tegev uute ettev\u00f5tete asutamisel.<\/strong><\/p>\n<h6>TBP tegevuse alustalad on kvaliteet, koost\u00f6\u00f6, kompetents ning informatsioon ja innovatsioon.<\/h6>\n<p>TBP eesm\u00e4rgiks on soodsa ja&nbsp;areneva keskkonna loomine biotehnoloogia alase ettev\u00f5tluse edendamiseks Eestis. TBP rendib klientidele ruume Tartus aadressil Tiigi 61b. 2008. aasta juunist alates on pargi k\u00e4sutuses kokku 2800 m2 pinda.<br \/>\nPakkumaks klientidele paremaid teenuseid osaleb TBP Euroopa Liidu ning Eesti riigi poolt finantseeritavates programmides ja projektides. Projektide raames arendatakse koost\u00f6\u00f6d Eesti ja v\u00e4lismaa biotehnoloogia ettev\u00f5tete, teadus- ja arendusasutuste, sihtasutuste ning teiste organisatsioonidega, sh riigistruktuuride ja kohalike omavalitsustega.<br \/>\n2005.a. septembris avati TBP-s BioMed inkubaator, mis toetab biotehnoloogia-, meditsiini- ja veterinaarmeditsiini valdkonna alustavaid ettev\u00f5tteid.<br \/>\nAlates 2005.a. kuulub TBP Balti mere \u00e4\u00e4rseid riike \u00fchendavasse organisatsiooni&nbsp;<a href=\"http:\/\/www.scanbalt.org\/\" target=\"_blank\" rel=\"noopener noreferrer\">ScanBalt <\/a>ning on nimetatud organisatsiooni kontaktpunktiks Eestis.<\/p>","protected":false},"excerpt":{"rendered":"<p>Tartu Biotehnoloogia Park (TBP) pakub arendus- ja konsultatsiooniteenuseid biotehnoloogia, meditsiini ja veterinaarmeditsiini ettev\u00f5tetele ning teadusasutustele, rendib tegevuseks ruume, toetab koost\u00f6\u00f6sidemete s\u00f5lmimisel ning on aktiivselt tegev uute ettev\u00f5tete asutamisel. TBP tegevuse alustalad on kvaliteet, koost\u00f6\u00f6, kompetents ning informatsioon ja innovatsioon. TBP eesm\u00e4rgiks on soodsa ja&nbsp;areneva keskkonna loomine biotehnoloogia alase ettev\u00f5tluse edendamiseks Eestis. TBP rendib klientidele ruume [&hellip;]<\/p>","protected":false},"author":1,"featured_media":36,"parent":0,"menu_order":1,"comment_status":"closed","ping_status":"closed","template":"","meta":{"_acf_changed":false,"om_disable_all_campaigns":false,"_monsterinsights_skip_tracking":false,"_monsterinsights_sitenote_active":false,"_monsterinsights_sitenote_note":"","_monsterinsights_sitenote_category":0,"_uf_show_specific_survey":0,"_uf_disable_surveys":false,"ngg_post_thumbnail":0,"_themeisle_gutenberg_block_has_review":false,"footnotes":"","_links_to":"","_links_to_target":""},"class_list":["post-152","page","type-page","status-publish","has-post-thumbnail","hentry"],"acf":[],"yoast_head":"<!-- This site is optimized with the Yoast SEO plugin v22.3 - https:\/\/yoast.com\/wordpress\/plugins\/seo\/ -->\n<title>Tutvustus - BioPark<\/title>\n<meta name=\"robots\" content=\"index, follow, max-snippet:-1, max-image-preview:large, max-video-preview:-1\" \/>\n<link rel=\"canonical\" href=\"https:\/\/biopark.ee\/et\/tutvustus\/\" \/>\n<meta property=\"og:locale\" content=\"et_EE\" \/>\n<meta property=\"og:type\" content=\"article\" \/>\n<meta property=\"og:title\" content=\"Tutvustus - BioPark\" \/>\n<meta property=\"og:description\" content=\"Tartu Biotehnoloogia Park (TBP) pakub arendus- ja konsultatsiooniteenuseid biotehnoloogia, meditsiini ja veterinaarmeditsiini ettev\u00f5tetele ning teadusasutustele, rendib tegevuseks ruume, toetab koost\u00f6\u00f6sidemete s\u00f5lmimisel ning on aktiivselt tegev uute ettev\u00f5tete asutamisel. TBP tegevuse alustalad on kvaliteet, koost\u00f6\u00f6, kompetents ning informatsioon ja innovatsioon. TBP eesm\u00e4rgiks on soodsa ja&nbsp;areneva keskkonna loomine biotehnoloogia alase ettev\u00f5tluse edendamiseks Eestis. TBP rendib klientidele ruume [&hellip;]\" \/>\n<meta property=\"og:url\" content=\"https:\/\/biopark.ee\/et\/tutvustus\/\" \/>\n<meta property=\"og:site_name\" content=\"BioPark\" \/>\n<meta property=\"article:modified_time\" content=\"2020-03-25T11:00:40+00:00\" \/>\n<meta property=\"og:image\" content=\"https:\/\/biopark.ee\/wp-content\/uploads\/2014\/07\/featured-img.jpg\" \/>\n\t<meta property=\"og:image:width\" content=\"300\" \/>\n\t<meta property=\"og:image:height\" content=\"450\" \/>\n\t<meta property=\"og:image:type\" content=\"image\/jpeg\" \/>\n<meta name=\"twitter:label1\" content=\"Est. reading time\" \/>\n\t<meta name=\"twitter:data1\" content=\"1 minut\" \/>\n<script type=\"application\/ld+json\" class=\"yoast-schema-graph\">{\"@context\":\"https:\/\/schema.org\",\"@graph\":[{\"@type\":\"WebPage\",\"@id\":\"https:\/\/biopark.ee\/tutvustus\/\",\"url\":\"https:\/\/biopark.ee\/tutvustus\/\",\"name\":\"Tutvustus - BioPark\",\"isPartOf\":{\"@id\":\"https:\/\/biopark.ee\/#website\"},\"primaryImageOfPage\":{\"@id\":\"https:\/\/biopark.ee\/tutvustus\/#primaryimage\"},\"image\":{\"@id\":\"https:\/\/biopark.ee\/tutvustus\/#primaryimage\"},\"thumbnailUrl\":\"https:\/\/biopark.ee\/wp-content\/uploads\/2014\/07\/featured-img.jpg\",\"datePublished\":\"2014-07-31T11:02:29+00:00\",\"dateModified\":\"2020-03-25T11:00:40+00:00\",\"breadcrumb\":{\"@id\":\"https:\/\/biopark.ee\/tutvustus\/#breadcrumb\"},\"inLanguage\":\"et\",\"potentialAction\":[{\"@type\":\"ReadAction\",\"target\":[\"https:\/\/biopark.ee\/tutvustus\/\"]}]},{\"@type\":\"ImageObject\",\"inLanguage\":\"et\",\"@id\":\"https:\/\/biopark.ee\/tutvustus\/#primaryimage\",\"url\":\"https:\/\/biopark.ee\/wp-content\/uploads\/2014\/07\/featured-img.jpg\",\"contentUrl\":\"https:\/\/biopark.ee\/wp-content\/uploads\/2014\/07\/featured-img.jpg\",\"width\":300,\"height\":450},{\"@type\":\"BreadcrumbList\",\"@id\":\"https:\/\/biopark.ee\/tutvustus\/#breadcrumb\",\"itemListElement\":[{\"@type\":\"ListItem\",\"position\":1,\"name\":\"Home\",\"item\":\"https:\/\/biopark.ee\/avaleht\/\"},{\"@type\":\"ListItem\",\"position\":2,\"name\":\"Tutvustus\"}]},{\"@type\":\"WebSite\",\"@id\":\"https:\/\/biopark.ee\/#website\",\"url\":\"https:\/\/biopark.ee\/\",\"name\":\"BioPark\",\"description\":\"\",\"potentialAction\":[{\"@type\":\"SearchAction\",\"target\":{\"@type\":\"EntryPoint\",\"urlTemplate\":\"https:\/\/biopark.ee\/?s={search_term_string}\"},\"query-input\":\"required name=search_term_string\"}],\"inLanguage\":\"et\"}]}<\/script>\n<!-- \/ Yoast SEO plugin. -->","yoast_head_json":{"title":"Tutvustus - BioPark","robots":{"index":"index","follow":"follow","max-snippet":"max-snippet:-1","max-image-preview":"max-image-preview:large","max-video-preview":"max-video-preview:-1"},"canonical":"https:\/\/biopark.ee\/et\/tutvustus\/","og_locale":"et_EE","og_type":"article","og_title":"Tutvustus - BioPark","og_description":"Tartu Biotehnoloogia Park (TBP) pakub arendus- ja konsultatsiooniteenuseid biotehnoloogia, meditsiini ja veterinaarmeditsiini ettev\u00f5tetele ning teadusasutustele, rendib tegevuseks ruume, toetab koost\u00f6\u00f6sidemete s\u00f5lmimisel ning on aktiivselt tegev uute ettev\u00f5tete asutamisel. TBP tegevuse alustalad on kvaliteet, koost\u00f6\u00f6, kompetents ning informatsioon ja innovatsioon. TBP eesm\u00e4rgiks on soodsa ja&nbsp;areneva keskkonna loomine biotehnoloogia alase ettev\u00f5tluse edendamiseks Eestis. TBP rendib klientidele ruume [&hellip;]","og_url":"https:\/\/biopark.ee\/et\/tutvustus\/","og_site_name":"BioPark","article_modified_time":"2020-03-25T11:00:40+00:00","og_image":[{"width":300,"height":450,"url":"https:\/\/biopark.ee\/wp-content\/uploads\/2014\/07\/featured-img.jpg","type":"image\/jpeg"}],"twitter_misc":{"Est. reading time":"1 minut"},"schema":{"@context":"https:\/\/schema.org","@graph":[{"@type":"WebPage","@id":"https:\/\/biopark.ee\/tutvustus\/","url":"https:\/\/biopark.ee\/tutvustus\/","name":"Tutvustus - BioPark","isPartOf":{"@id":"https:\/\/biopark.ee\/#website"},"primaryImageOfPage":{"@id":"https:\/\/biopark.ee\/tutvustus\/#primaryimage"},"image":{"@id":"https:\/\/biopark.ee\/tutvustus\/#primaryimage"},"thumbnailUrl":"https:\/\/biopark.ee\/wp-content\/uploads\/2014\/07\/featured-img.jpg","datePublished":"2014-07-31T11:02:29+00:00","dateModified":"2020-03-25T11:00:40+00:00","breadcrumb":{"@id":"https:\/\/biopark.ee\/tutvustus\/#breadcrumb"},"inLanguage":"et","potentialAction":[{"@type":"ReadAction","target":["https:\/\/biopark.ee\/tutvustus\/"]}]},{"@type":"ImageObject","inLanguage":"et","@id":"https:\/\/biopark.ee\/tutvustus\/#primaryimage","url":"https:\/\/biopark.ee\/wp-content\/uploads\/2014\/07\/featured-img.jpg","contentUrl":"https:\/\/biopark.ee\/wp-content\/uploads\/2014\/07\/featured-img.jpg","width":300,"height":450},{"@type":"BreadcrumbList","@id":"https:\/\/biopark.ee\/tutvustus\/#breadcrumb","itemListElement":[{"@type":"ListItem","position":1,"name":"Home","item":"https:\/\/biopark.ee\/avaleht\/"},{"@type":"ListItem","position":2,"name":"Tutvustus"}]},{"@type":"WebSite","@id":"https:\/\/biopark.ee\/#website","url":"https:\/\/biopark.ee\/","name":"BioPark","description":"","potentialAction":[{"@type":"SearchAction","target":{"@type":"EntryPoint","urlTemplate":"https:\/\/biopark.ee\/?s={search_term_string}"},"query-input":"required name=search_term_string"}],"inLanguage":"et"}]}},"_links":{"self":[{"href":"https:\/\/biopark.ee\/et\/wp-json\/wp\/v2\/pages\/152","targetHints":{"allow":["GET"]}}],"collection":[{"href":"https:\/\/biopark.ee\/et\/wp-json\/wp\/v2\/pages"}],"about":[{"href":"https:\/\/biopark.ee\/et\/wp-json\/wp\/v2\/types\/page"}],"author":[{"embeddable":true,"href":"https:\/\/biopark.ee\/et\/wp-json\/wp\/v2\/users\/1"}],"replies":[{"embeddable":true,"href":"https:\/\/biopark.ee\/et\/wp-json\/wp\/v2\/comments?post=152"}],"version-history":[{"count":10,"href":"https:\/\/biopark.ee\/et\/wp-json\/wp\/v2\/pages\/152\/revisions"}],"predecessor-version":[{"id":6547,"href":"https:\/\/biopark.ee\/et\/wp-json\/wp\/v2\/pages\/152\/revisions\/6547"}],"wp:featuredmedia":[{"embeddable":true,"href":"https:\/\/biopark.ee\/et\/wp-json\/wp\/v2\/media\/36"}],"wp:attachment":[{"href":"https:\/\/biopark.ee\/et\/wp-json\/wp\/v2\/media?parent=152"}],"curies":[{"name":"wp","href":"https:\/\/api.w.org\/{rel}","templated":true}]}}