{"id":15,"date":"2014-07-30T10:22:05","date_gmt":"2014-07-30T07:22:05","guid":{"rendered":"https:\/\/biopark.ee\/?page_id=15"},"modified":"2022-11-17T14:09:22","modified_gmt":"2022-11-17T12:09:22","slug":"uurnikud","status":"publish","type":"page","link":"https:\/\/biopark.ee\/et\/uurnikud\/","title":{"rendered":"Ettev\u00f5tted"},"content":{"rendered":"<p>Ettev\u00f5tted Tartu Biotehnoloogia Pargis:<\/p>\n<ul>\n<li><a href=\"https:\/\/tbdpharmatech.com\/\" target=\"_blank\" rel=\"noopener noreferrer\">O\u00dc TBD-Pharmatech<\/a><\/li>\n<li><a href=\"http:\/\/www.koneteraapiakeskus.ee\/\" target=\"_blank\" rel=\"noopener noreferrer\">K\u00f5neteraapiakeskus O\u00dc<\/a><\/li>\n<li><a href=\"http:\/\/www.estigen.com\/\" target=\"_blank\" rel=\"noopener noreferrer\">Estigen O\u00dc<\/a><\/li>\n<li><a href=\"http:\/\/est.probiotech.org\/\" target=\"_blank\" rel=\"noopener noreferrer\">Probiotech O\u00dc<\/a><\/li>\n<li><a href=\"http:\/\/ortopeediakeskus.ee\/\" target=\"_blank\" rel=\"noopener noreferrer\">Ortopeediakeskus O\u00dc<\/a><\/li>\n<li><a href=\"http:\/\/www.toxinvent.eu\/\" target=\"_blank\" rel=\"noopener noreferrer\">ToxInvent O\u00dc<\/a><\/li>\n<li><a href=\"https:\/\/jako.ee\/\" target=\"_blank\" rel=\"noopener\">Jako Koolitus O\u00dc<\/a><\/li>\n<li><a href=\"https:\/\/gpe.ee\/\" target=\"_blank\" rel=\"noopener\">GPE GlobalPharma O\u00dc<\/a><\/li>\n<li><a href=\"https:\/\/ikera.ee\/\" target=\"_blank\" rel=\"noopener\">Ikera O\u00dc<\/a><\/li>\n<\/ul>","protected":false},"excerpt":{"rendered":"<p>Ettev\u00f5tted Tartu Biotehnoloogia Pargis: O\u00dc TBD-Pharmatech K\u00f5neteraapiakeskus O\u00dc Estigen O\u00dc Probiotech O\u00dc Ortopeediakeskus O\u00dc ToxInvent O\u00dc Jako Koolitus O\u00dc GPE GlobalPharma O\u00dc Ikera O\u00dc<\/p>","protected":false},"author":1,"featured_media":0,"parent":0,"menu_order":15,"comment_status":"closed","ping_status":"closed","template":"","meta":{"_acf_changed":false,"om_disable_all_campaigns":false,"_monsterinsights_skip_tracking":false,"_monsterinsights_sitenote_active":false,"_monsterinsights_sitenote_note":"","_monsterinsights_sitenote_category":0,"_uf_show_specific_survey":0,"_uf_disable_surveys":false,"ngg_post_thumbnail":0,"_themeisle_gutenberg_block_has_review":false,"footnotes":"","_links_to":"","_links_to_target":""},"class_list":["post-15","page","type-page","status-publish","hentry"],"acf":[],"yoast_head":"<!-- This site is optimized with the Yoast SEO plugin v22.3 - https:\/\/yoast.com\/wordpress\/plugins\/seo\/ -->\n<title>Ettev\u00f5tted - BioPark<\/title>\n<meta name=\"robots\" content=\"index, follow, max-snippet:-1, max-image-preview:large, max-video-preview:-1\" \/>\n<link rel=\"canonical\" href=\"https:\/\/biopark.ee\/et\/uurnikud\/\" \/>\n<meta property=\"og:locale\" content=\"et_EE\" \/>\n<meta property=\"og:type\" content=\"article\" \/>\n<meta property=\"og:title\" content=\"Ettev\u00f5tted - BioPark\" \/>\n<meta property=\"og:description\" content=\"Ettev\u00f5tted Tartu Biotehnoloogia Pargis: O\u00dc TBD-Pharmatech K\u00f5neteraapiakeskus O\u00dc Estigen O\u00dc Probiotech O\u00dc Ortopeediakeskus O\u00dc ToxInvent O\u00dc Jako Koolitus O\u00dc GPE GlobalPharma O\u00dc Ikera O\u00dc\" \/>\n<meta property=\"og:url\" content=\"https:\/\/biopark.ee\/et\/uurnikud\/\" \/>\n<meta property=\"og:site_name\" content=\"BioPark\" \/>\n<meta property=\"article:modified_time\" content=\"2022-11-17T12:09:22+00:00\" \/>\n<meta name=\"twitter:label1\" content=\"Est. reading time\" \/>\n\t<meta name=\"twitter:data1\" content=\"1 minut\" \/>\n<script type=\"application\/ld+json\" class=\"yoast-schema-graph\">{\"@context\":\"https:\/\/schema.org\",\"@graph\":[{\"@type\":\"WebPage\",\"@id\":\"https:\/\/biopark.ee\/uurnikud\/\",\"url\":\"https:\/\/biopark.ee\/uurnikud\/\",\"name\":\"Ettev\u00f5tted - BioPark\",\"isPartOf\":{\"@id\":\"https:\/\/biopark.ee\/#website\"},\"datePublished\":\"2014-07-30T07:22:05+00:00\",\"dateModified\":\"2022-11-17T12:09:22+00:00\",\"breadcrumb\":{\"@id\":\"https:\/\/biopark.ee\/uurnikud\/#breadcrumb\"},\"inLanguage\":\"et\",\"potentialAction\":[{\"@type\":\"ReadAction\",\"target\":[\"https:\/\/biopark.ee\/uurnikud\/\"]}]},{\"@type\":\"BreadcrumbList\",\"@id\":\"https:\/\/biopark.ee\/uurnikud\/#breadcrumb\",\"itemListElement\":[{\"@type\":\"ListItem\",\"position\":1,\"name\":\"Home\",\"item\":\"https:\/\/biopark.ee\/avaleht\/\"},{\"@type\":\"ListItem\",\"position\":2,\"name\":\"Ettev\u00f5tted\"}]},{\"@type\":\"WebSite\",\"@id\":\"https:\/\/biopark.ee\/#website\",\"url\":\"https:\/\/biopark.ee\/\",\"name\":\"BioPark\",\"description\":\"\",\"potentialAction\":[{\"@type\":\"SearchAction\",\"target\":{\"@type\":\"EntryPoint\",\"urlTemplate\":\"https:\/\/biopark.ee\/?s={search_term_string}\"},\"query-input\":\"required name=search_term_string\"}],\"inLanguage\":\"et\"}]}<\/script>\n<!-- \/ Yoast SEO plugin. -->","yoast_head_json":{"title":"Ettev\u00f5tted - BioPark","robots":{"index":"index","follow":"follow","max-snippet":"max-snippet:-1","max-image-preview":"max-image-preview:large","max-video-preview":"max-video-preview:-1"},"canonical":"https:\/\/biopark.ee\/et\/uurnikud\/","og_locale":"et_EE","og_type":"article","og_title":"Ettev\u00f5tted - BioPark","og_description":"Ettev\u00f5tted Tartu Biotehnoloogia Pargis: O\u00dc TBD-Pharmatech K\u00f5neteraapiakeskus O\u00dc Estigen O\u00dc Probiotech O\u00dc Ortopeediakeskus O\u00dc ToxInvent O\u00dc Jako Koolitus O\u00dc GPE GlobalPharma O\u00dc Ikera O\u00dc","og_url":"https:\/\/biopark.ee\/et\/uurnikud\/","og_site_name":"BioPark","article_modified_time":"2022-11-17T12:09:22+00:00","twitter_misc":{"Est. reading time":"1 minut"},"schema":{"@context":"https:\/\/schema.org","@graph":[{"@type":"WebPage","@id":"https:\/\/biopark.ee\/uurnikud\/","url":"https:\/\/biopark.ee\/uurnikud\/","name":"Ettev\u00f5tted - BioPark","isPartOf":{"@id":"https:\/\/biopark.ee\/#website"},"datePublished":"2014-07-30T07:22:05+00:00","dateModified":"2022-11-17T12:09:22+00:00","breadcrumb":{"@id":"https:\/\/biopark.ee\/uurnikud\/#breadcrumb"},"inLanguage":"et","potentialAction":[{"@type":"ReadAction","target":["https:\/\/biopark.ee\/uurnikud\/"]}]},{"@type":"BreadcrumbList","@id":"https:\/\/biopark.ee\/uurnikud\/#breadcrumb","itemListElement":[{"@type":"ListItem","position":1,"name":"Home","item":"https:\/\/biopark.ee\/avaleht\/"},{"@type":"ListItem","position":2,"name":"Ettev\u00f5tted"}]},{"@type":"WebSite","@id":"https:\/\/biopark.ee\/#website","url":"https:\/\/biopark.ee\/","name":"BioPark","description":"","potentialAction":[{"@type":"SearchAction","target":{"@type":"EntryPoint","urlTemplate":"https:\/\/biopark.ee\/?s={search_term_string}"},"query-input":"required name=search_term_string"}],"inLanguage":"et"}]}},"_links":{"self":[{"href":"https:\/\/biopark.ee\/et\/wp-json\/wp\/v2\/pages\/15","targetHints":{"allow":["GET"]}}],"collection":[{"href":"https:\/\/biopark.ee\/et\/wp-json\/wp\/v2\/pages"}],"about":[{"href":"https:\/\/biopark.ee\/et\/wp-json\/wp\/v2\/types\/page"}],"author":[{"embeddable":true,"href":"https:\/\/biopark.ee\/et\/wp-json\/wp\/v2\/users\/1"}],"replies":[{"embeddable":true,"href":"https:\/\/biopark.ee\/et\/wp-json\/wp\/v2\/comments?post=15"}],"version-history":[{"count":23,"href":"https:\/\/biopark.ee\/et\/wp-json\/wp\/v2\/pages\/15\/revisions"}],"predecessor-version":[{"id":5882,"href":"https:\/\/biopark.ee\/et\/wp-json\/wp\/v2\/pages\/15\/revisions\/5882"}],"wp:attachment":[{"href":"https:\/\/biopark.ee\/et\/wp-json\/wp\/v2\/media?parent=15"}],"curies":[{"name":"wp","href":"https:\/\/api.w.org\/{rel}","templated":true}]}}