{"id":11,"date":"2014-07-30T10:21:19","date_gmt":"2014-07-30T07:21:19","guid":{"rendered":"https:\/\/biopark.ee\/?page_id=11"},"modified":"2021-08-30T11:57:58","modified_gmt":"2021-08-30T08:57:58","slug":"teenused","status":"publish","type":"page","link":"https:\/\/biopark.ee\/et\/teenused\/","title":{"rendered":"Teenused"},"content":{"rendered":"<h5>Infrastruktuuriteenused &#8211; labori- ja b\u00fcroopindade rent<\/h5>\n<p>Tartu Biotehnoloogia Park pakub klientidele kvaliteetseid, kaasaegselt renoveeritud ja biotehnoloogia- ning meditsiiniettev\u00f5tete vajadustele vastavaid ruume Tartus, aadressil Tiigi 61b. 2007. aasta juunis alustati Tiigi 61b hoonele juurdeehituse rajamist ning olemasolevale 1000 m2&nbsp;lisandus kolmekorruseline juurdeehitus mahuga 1800m2, mis valmis 2008. a. juunis.<br \/>\n<a title=\"Infrastruktuuriteenused \u2013 labori- ja b\u00fcroopindade rent\" href=\"https:\/\/biopark.ee\/et\/teenused\/infrastruktuuriteenused-labori-ja-buroopindade-rent\/\">Loe l\u00e4hemalt&#8230;<\/a><\/p>\n<h5>Tartu Biotechnology Cluster<\/h5>\n<p>Tartu Biotechnology Cluster on m\u00f5eldud eluteaduste ja biotehnoloogia valdkonna ettev\u00f5tetele Tartu linna, L\u00f5una-eesti ja Eesti tasandil.<\/p>\n<p><a href=\"https:\/\/biopark.ee\/et\/tartu-biotechnology-cluster\/\">Loe l\u00e4hemalt&#8230;<\/a><\/p>\n<h5>Arendus- ja konsultatsiooniteenused<\/h5>\n<p>Tartu Biotehnoloogia Park pakub klientidele abi projektitaotluste koostamisel ja esitamisel, konsulatatsiooniteenuseid \u00e4riplaani koostamiseks, turu- ja riskianal\u00fc\u00fcsiks ja tehnoloogiasiirdeks. Aitame leida koost\u00f6\u00f6partnereid ja investoreid kasutades rahvusvahelist kontaktv\u00f5rgustikku. Korraldame valdkonnaspetsiifilisi seminare ja koolitusi.<br \/>\n<a title=\"Arendus- ja konsultatsiooniteenused\" href=\"https:\/\/biopark.ee\/et\/teenused\/arendus-ja-konsultatsiooniteenused\/\">Loe l\u00e4hemalt&#8230;<\/a><\/p>\n<h5>Teenused v\u00e4lisettev\u00f5tetele Eestisse asumisel<\/h5>\n<p>V\u00e4lisettev\u00f5tte Eestise asumisel aitame sobiva rendipinna leidmisel, dokumentatsiooni ja asjaajamise korraldamisel, t\u00f6\u00f6tajate ja uute koost\u00f6\u00f6partnerite leidmisel.<br \/>\n<a title=\"Teenused v\u00e4lisettev\u00f5tetele Eestisse asumisel\" href=\"https:\/\/biopark.ee\/et\/teenused\/teenused-valisettevotetele-eestisse-asumisel\/\">Loe l\u00e4hemalt&#8230;<\/a><\/p>\n<h5>Virtuaalse kontori teenus<\/h5>\n<p>Tartu Biotehnoloogia Park pakub virtuaalse kontori teenust. Virtuaalse kontori idee on kogunud populaarsust nii L\u00e4\u00e4ne-Euroopas kui ka Ameerika \u00dchendriikides, kus v\u00e4\u00e4rtustatakse k\u00f5rgelt ettev\u00f5tte reputatsiooni ja usaldusv\u00e4\u00e4rsust.<br \/>\n<a title=\"Virtuaalse kontori teenus\" href=\"https:\/\/biopark.ee\/et\/teenused\/virtuaalse-kontori-teenus\/\">Loe l\u00e4hemalt&#8230;<\/a><\/p>","protected":false},"excerpt":{"rendered":"<p>Infrastruktuuriteenused &#8211; labori- ja b\u00fcroopindade rent Tartu Biotehnoloogia Park pakub klientidele kvaliteetseid, kaasaegselt renoveeritud ja biotehnoloogia- ning meditsiiniettev\u00f5tete vajadustele vastavaid ruume Tartus, aadressil Tiigi 61b. 2007. aasta juunis alustati Tiigi 61b hoonele juurdeehituse rajamist ning olemasolevale 1000 m2&nbsp;lisandus kolmekorruseline juurdeehitus mahuga 1800m2, mis valmis 2008. a. juunis. Loe l\u00e4hemalt&#8230; Tartu Biotechnology Cluster Tartu Biotechnology Cluster [&hellip;]<\/p>","protected":false},"author":1,"featured_media":0,"parent":0,"menu_order":5,"comment_status":"closed","ping_status":"closed","template":"","meta":{"_acf_changed":false,"om_disable_all_campaigns":false,"_monsterinsights_skip_tracking":false,"_monsterinsights_sitenote_active":false,"_monsterinsights_sitenote_note":"","_monsterinsights_sitenote_category":0,"_uf_show_specific_survey":0,"_uf_disable_surveys":false,"ngg_post_thumbnail":0,"_themeisle_gutenberg_block_has_review":false,"footnotes":"","_links_to":"","_links_to_target":""},"class_list":["post-11","page","type-page","status-publish","hentry"],"acf":[],"yoast_head":"<!-- This site is optimized with the Yoast SEO plugin v22.3 - https:\/\/yoast.com\/wordpress\/plugins\/seo\/ -->\n<title>Teenused - BioPark<\/title>\n<meta name=\"robots\" content=\"index, follow, max-snippet:-1, max-image-preview:large, max-video-preview:-1\" \/>\n<link rel=\"canonical\" href=\"https:\/\/biopark.ee\/et\/teenused\/\" \/>\n<meta property=\"og:locale\" content=\"et_EE\" \/>\n<meta property=\"og:type\" content=\"article\" \/>\n<meta property=\"og:title\" content=\"Teenused - BioPark\" \/>\n<meta property=\"og:description\" content=\"Infrastruktuuriteenused &#8211; labori- ja b\u00fcroopindade rent Tartu Biotehnoloogia Park pakub klientidele kvaliteetseid, kaasaegselt renoveeritud ja biotehnoloogia- ning meditsiiniettev\u00f5tete vajadustele vastavaid ruume Tartus, aadressil Tiigi 61b. 2007. aasta juunis alustati Tiigi 61b hoonele juurdeehituse rajamist ning olemasolevale 1000 m2&nbsp;lisandus kolmekorruseline juurdeehitus mahuga 1800m2, mis valmis 2008. a. juunis. Loe l\u00e4hemalt&#8230; Tartu Biotechnology Cluster Tartu Biotechnology Cluster [&hellip;]\" \/>\n<meta property=\"og:url\" content=\"https:\/\/biopark.ee\/et\/teenused\/\" \/>\n<meta property=\"og:site_name\" content=\"BioPark\" \/>\n<meta property=\"article:modified_time\" content=\"2021-08-30T08:57:58+00:00\" \/>\n<meta name=\"twitter:label1\" content=\"Est. reading time\" \/>\n\t<meta name=\"twitter:data1\" content=\"1 minut\" \/>\n<script type=\"application\/ld+json\" class=\"yoast-schema-graph\">{\"@context\":\"https:\/\/schema.org\",\"@graph\":[{\"@type\":\"WebPage\",\"@id\":\"https:\/\/biopark.ee\/teenused\/\",\"url\":\"https:\/\/biopark.ee\/teenused\/\",\"name\":\"Teenused - BioPark\",\"isPartOf\":{\"@id\":\"https:\/\/biopark.ee\/#website\"},\"datePublished\":\"2014-07-30T07:21:19+00:00\",\"dateModified\":\"2021-08-30T08:57:58+00:00\",\"breadcrumb\":{\"@id\":\"https:\/\/biopark.ee\/teenused\/#breadcrumb\"},\"inLanguage\":\"et\",\"potentialAction\":[{\"@type\":\"ReadAction\",\"target\":[\"https:\/\/biopark.ee\/teenused\/\"]}]},{\"@type\":\"BreadcrumbList\",\"@id\":\"https:\/\/biopark.ee\/teenused\/#breadcrumb\",\"itemListElement\":[{\"@type\":\"ListItem\",\"position\":1,\"name\":\"Home\",\"item\":\"https:\/\/biopark.ee\/avaleht\/\"},{\"@type\":\"ListItem\",\"position\":2,\"name\":\"Teenused\"}]},{\"@type\":\"WebSite\",\"@id\":\"https:\/\/biopark.ee\/#website\",\"url\":\"https:\/\/biopark.ee\/\",\"name\":\"BioPark\",\"description\":\"\",\"potentialAction\":[{\"@type\":\"SearchAction\",\"target\":{\"@type\":\"EntryPoint\",\"urlTemplate\":\"https:\/\/biopark.ee\/?s={search_term_string}\"},\"query-input\":\"required name=search_term_string\"}],\"inLanguage\":\"et\"}]}<\/script>\n<!-- \/ Yoast SEO plugin. -->","yoast_head_json":{"title":"Teenused - BioPark","robots":{"index":"index","follow":"follow","max-snippet":"max-snippet:-1","max-image-preview":"max-image-preview:large","max-video-preview":"max-video-preview:-1"},"canonical":"https:\/\/biopark.ee\/et\/teenused\/","og_locale":"et_EE","og_type":"article","og_title":"Teenused - BioPark","og_description":"Infrastruktuuriteenused &#8211; labori- ja b\u00fcroopindade rent Tartu Biotehnoloogia Park pakub klientidele kvaliteetseid, kaasaegselt renoveeritud ja biotehnoloogia- ning meditsiiniettev\u00f5tete vajadustele vastavaid ruume Tartus, aadressil Tiigi 61b. 2007. aasta juunis alustati Tiigi 61b hoonele juurdeehituse rajamist ning olemasolevale 1000 m2&nbsp;lisandus kolmekorruseline juurdeehitus mahuga 1800m2, mis valmis 2008. a. juunis. Loe l\u00e4hemalt&#8230; Tartu Biotechnology Cluster Tartu Biotechnology Cluster [&hellip;]","og_url":"https:\/\/biopark.ee\/et\/teenused\/","og_site_name":"BioPark","article_modified_time":"2021-08-30T08:57:58+00:00","twitter_misc":{"Est. reading time":"1 minut"},"schema":{"@context":"https:\/\/schema.org","@graph":[{"@type":"WebPage","@id":"https:\/\/biopark.ee\/teenused\/","url":"https:\/\/biopark.ee\/teenused\/","name":"Teenused - BioPark","isPartOf":{"@id":"https:\/\/biopark.ee\/#website"},"datePublished":"2014-07-30T07:21:19+00:00","dateModified":"2021-08-30T08:57:58+00:00","breadcrumb":{"@id":"https:\/\/biopark.ee\/teenused\/#breadcrumb"},"inLanguage":"et","potentialAction":[{"@type":"ReadAction","target":["https:\/\/biopark.ee\/teenused\/"]}]},{"@type":"BreadcrumbList","@id":"https:\/\/biopark.ee\/teenused\/#breadcrumb","itemListElement":[{"@type":"ListItem","position":1,"name":"Home","item":"https:\/\/biopark.ee\/avaleht\/"},{"@type":"ListItem","position":2,"name":"Teenused"}]},{"@type":"WebSite","@id":"https:\/\/biopark.ee\/#website","url":"https:\/\/biopark.ee\/","name":"BioPark","description":"","potentialAction":[{"@type":"SearchAction","target":{"@type":"EntryPoint","urlTemplate":"https:\/\/biopark.ee\/?s={search_term_string}"},"query-input":"required name=search_term_string"}],"inLanguage":"et"}]}},"_links":{"self":[{"href":"https:\/\/biopark.ee\/et\/wp-json\/wp\/v2\/pages\/11","targetHints":{"allow":["GET"]}}],"collection":[{"href":"https:\/\/biopark.ee\/et\/wp-json\/wp\/v2\/pages"}],"about":[{"href":"https:\/\/biopark.ee\/et\/wp-json\/wp\/v2\/types\/page"}],"author":[{"embeddable":true,"href":"https:\/\/biopark.ee\/et\/wp-json\/wp\/v2\/users\/1"}],"replies":[{"embeddable":true,"href":"https:\/\/biopark.ee\/et\/wp-json\/wp\/v2\/comments?post=11"}],"version-history":[{"count":12,"href":"https:\/\/biopark.ee\/et\/wp-json\/wp\/v2\/pages\/11\/revisions"}],"predecessor-version":[{"id":4810,"href":"https:\/\/biopark.ee\/et\/wp-json\/wp\/v2\/pages\/11\/revisions\/4810"}],"wp:attachment":[{"href":"https:\/\/biopark.ee\/et\/wp-json\/wp\/v2\/media?parent=11"}],"curies":[{"name":"wp","href":"https:\/\/api.w.org\/{rel}","templated":true}]}}